{"id":5248,"date":"2020-05-08T11:58:49","date_gmt":"2020-05-08T10:58:49","guid":{"rendered":"http:\/\/welcomehome-london.com\/?page_id=5248"},"modified":"2025-08-18T16:46:42","modified_gmt":"2025-08-18T15:46:42","slug":"relocation-a-londres","status":"publish","type":"page","link":"https:\/\/welcomehome-london.com\/fr\/services\/relocation-a-londres\/","title":{"rendered":"RELOCATION A LONDRES"},"content":{"rendered":"<div class=\"wpb-content-wrapper\"><p>[vc_row][vc_column][vc_column_text]<\/p>\n<h3 style=\"margin-top: 0px; text-align: center;\"><span style=\"color: #993366;\">Nos services Relocation \u00e0 Londres<\/span><\/h3>\n<p><strong>D\u00e9couvrez la gamme compl\u00e8te de nos services Relocation \u00e0 Londres : <a href=\"http:\/\/welcomehome-london.com\/fr\/services\/reherche-logement-a-londres\/\">recherche d&rsquo;appartement<\/a> ou de maison, <a href=\"http:\/\/welcomehome-london.com\/fr\/services\/recherche-ecoles-a-londres\/\">recherche d&rsquo;\u00e9cole<\/a> bilingue, fran\u00e7aise ou locale et formalit\u00e9s d&rsquo;inscription, <a href=\"http:\/\/welcomehome-london.com\/fr\/services\/pack-installation-a-londres\/\">Pack Installation<\/a> et <a href=\"http:\/\/welcomehome-london.com\/fr\/services\/pack-depart-londres\/\">Pack D\u00e9part<\/a>, <a href=\"http:\/\/welcomehome-london.com\/fr\/services\/orientation-trip\/\">Voyage d&rsquo;orientation<\/a> avant votre expatriation, services d&rsquo;<a href=\"http:\/\/welcomehome-london.com\/fr\/services\/accompagnement-conjoint-expatrie\/\">accompagnement du conjoint<\/a> expatri\u00e9, offre sp\u00e9cifique \u00e9tudiants.<\/strong><\/p>\n<p><strong>Entreprises, vous d\u00e9placez vos collaborateurs \u00e0 Londres? Cliquez <a href=\"http:\/\/welcomehome-london.com\/fr\/services\/relocation-collaborateurs\/\">ici<\/a> pour d\u00e9couvrir notre <a href=\"http:\/\/welcomehome-london.com\/fr\/services\/relocation-collaborateurs\/\">offre Corporate<\/a> d\u00e9di\u00e9e.<\/strong>[\/vc_column_text][\/vc_column][\/vc_row][vc_row][vc_column][vc_empty_space][\/vc_column][\/vc_row][vc_row full_width=\u00a0\u00bbstretch_row\u00a0\u00bb css=\u00a0\u00bb.vc_custom_1451227901321{margin-top: -50px !important;padding-top: 50px !important;padding-bottom: 50px !important;background-color: #f2f2f2 !important;}\u00a0\u00bb][vc_column width=\u00a0\u00bb1\/3&Prime;]\n<!-- BEGIN .imagebox -->\n<div class=\"imagebox  \">\n\t<div class=\"box-wrapper\">\n\t\t\t\t\t\n\t\t\t<div class=\"box-image\">\n\t\t\t\t<div class=\"box-header\">\n\t\t\t\t\t<h3 class=\"box-title\">\n\t\t\t\t\t\t<a href=\"http:\/\/welcomehome-london.com\/fr\/services\/reherche-logement-a-londres\/\" target=\"_self\">\n\t\t\t\t\t\t\tRECHERCHE LOGEMENT\t\t\t\t\t\t<\/a>\t\n\t\t\t\t\t<\/h3>\n\n\t\t\t\t\t\t\t\t\t<\/div>\n\n\t\t\t\t<img loading=\"lazy\" decoding=\"async\" width=\"1021\" height=\"678\" src=\"https:\/\/welcomehome-london.com\/wp-content\/uploads\/2020\/05\/belsize_park_conversion_welcome_home_london_site.jpg\" class=\"attachment-full\" alt=\"services relocation \u00e0 londres loft \u00e0 louer belsize park\" title=\"belsize_park_conversion_welcome_home_london_site\" srcset=\"https:\/\/welcomehome-london.com\/wp-content\/uploads\/2020\/05\/belsize_park_conversion_welcome_home_london_site.jpg 1021w, https:\/\/welcomehome-london.com\/wp-content\/uploads\/2020\/05\/belsize_park_conversion_welcome_home_london_site-300x199.jpg 300w, https:\/\/welcomehome-london.com\/wp-content\/uploads\/2020\/05\/belsize_park_conversion_welcome_home_london_site-768x510.jpg 768w, https:\/\/welcomehome-london.com\/wp-content\/uploads\/2020\/05\/belsize_park_conversion_welcome_home_london_site-555x369.jpg 555w\" sizes=\"auto, (max-width: 1021px) 100vw, 1021px\" \/>\t\t\t<\/div>\n\n\t\t\n\t\t<div class=\"box-content\">\n\t\t\t\t\t\t\t<div class=\"box-desc\">\n\t\t\t\t\tChoix des quartiers, rep\u00e9rages terrain, pr\u00e9-visites syst\u00e9matiques, n\u00e9gociation du bail et \u00e9tat des lieux, profitez d&rsquo;une qualit\u00e9 de service in\u00e9gal\u00e9e.\t\t\t\t<\/div>\n\t\t\t\t\t\t\n\t\t\t\t\t\t\t\n\t\t\t\t<div class=\"box-button\">\n\t\t\t\t\t<a href=\"http:\/\/welcomehome-london.com\/fr\/services\/reherche-logement-a-londres\/\" target=\"_self\">\n\t\t\t\t\t\tEn savoir plus\t\t\t\t\t<\/a>\n\t\t\t\t<\/div>\n\n\t\t\t\t\t<\/div>\n\t<\/div>\n<\/div>\n<!-- End .imagebox -->\n[vc_empty_space height=\u00a0\u00bb30px\u00a0\u00bb]\n<!-- BEGIN .imagebox -->\n<div class=\"imagebox  \">\n\t<div class=\"box-wrapper\">\n\t\t\t\t\t\n\t\t\t<div class=\"box-image\">\n\t\t\t\t<div class=\"box-header\">\n\t\t\t\t\t<h3 class=\"box-title\">\n\t\t\t\t\t\t<a href=\"http:\/\/welcomehome-london.com\/fr\/services\/orientation-trip\/\" target=\"_self\">\n\t\t\t\t\t\t\tORIENTATION TRIP\t\t\t\t\t\t<\/a>\t\n\t\t\t\t\t<\/h3>\n\n\t\t\t\t\t\t\t\t\t<\/div>\n\n\t\t\t\t<img decoding=\"async\" class=\"\" src=\"https:\/\/welcomehome-london.com\/wp-content\/uploads\/2020\/05\/spouse_support_welcome_home_london_5-700x495.jpg\" width=\"700\" height=\"495\" alt=\"relocation to london spouse support\" title=\"spouse_support_welcome_home_london_5\" loading=\"lazy\" \/>\t\t\t<\/div>\n\n\t\t\n\t\t<div class=\"box-content\">\n\t\t\t\t\t\t\t<div class=\"box-desc\">\n\t\t\t\t\tBesoin d\u2019une session de rep\u00e9rage avant d\u2019am\u00e9nager \u00e0 Londres en famille? Optez pour notre Orientation Trip sur une journ\u00e9e et d\u00e9couvrez le quartier r\u00e9sidentiel qui vous convient.\t\t\t\t<\/div>\n\t\t\t\t\t\t\n\t\t\t\t\t\t\t\n\t\t\t\t<div class=\"box-button\">\n\t\t\t\t\t<a href=\"http:\/\/welcomehome-london.com\/fr\/services\/orientation-trip\/\" target=\"_self\">\n\t\t\t\t\t\tEn savoir plus\t\t\t\t\t<\/a>\n\t\t\t\t<\/div>\n\n\t\t\t\t\t<\/div>\n\t<\/div>\n<\/div>\n<!-- End .imagebox -->\n[\/vc_column][vc_column width=\u00a0\u00bb1\/3&Prime;]\n<!-- BEGIN .imagebox -->\n<div class=\"imagebox  \">\n\t<div class=\"box-wrapper\">\n\t\t\t\t\t\n\t\t\t<div class=\"box-image\">\n\t\t\t\t<div class=\"box-header\">\n\t\t\t\t\t<h3 class=\"box-title\">\n\t\t\t\t\t\t<a href=\"http:\/\/welcomehome-london.com\/fr\/services\/school-search-in-london\/\" target=\"_self\">\n\t\t\t\t\t\t\tRECHERCHE D\u2019ECOLES\t\t\t\t\t\t<\/a>\t\n\t\t\t\t\t<\/h3>\n\n\t\t\t\t\t\t\t\t\t<\/div>\n\n\t\t\t\t<img loading=\"lazy\" decoding=\"async\" width=\"767\" height=\"501\" src=\"https:\/\/welcomehome-london.com\/wp-content\/uploads\/2020\/05\/primary_school_leavers_welcome_home_london.jpg\" class=\"attachment-full\" alt=\"Relocation \u00e0 Londres recherche \u00e9coles fin de year 6\" title=\"primary_school_leavers_welcome_home_london\" srcset=\"https:\/\/welcomehome-london.com\/wp-content\/uploads\/2020\/05\/primary_school_leavers_welcome_home_london.jpg 767w, https:\/\/welcomehome-london.com\/wp-content\/uploads\/2020\/05\/primary_school_leavers_welcome_home_london-300x196.jpg 300w, https:\/\/welcomehome-london.com\/wp-content\/uploads\/2020\/05\/primary_school_leavers_welcome_home_london-555x363.jpg 555w\" sizes=\"auto, (max-width: 767px) 100vw, 767px\" \/>\t\t\t<\/div>\n\n\t\t\n\t\t<div class=\"box-content\">\n\t\t\t\t\t\t\t<div class=\"box-desc\">\n\t\t\t\t\tCursus anglais, IB ou programme bilingue, nous s\u00e9lectionnons avec vous les \u00e9coles adapt\u00e9es et nous suivons les dossiers jusqu&rsquo;\u00e0 l&rsquo;admission.\t\t\t\t<\/div>\n\t\t\t\t\t\t\n\t\t\t\t\t\t\t\n\t\t\t\t<div class=\"box-button\">\n\t\t\t\t\t<a href=\"http:\/\/welcomehome-london.com\/fr\/services\/school-search-in-london\/\" target=\"_self\">\n\t\t\t\t\t\tEn savoir plus\t\t\t\t\t<\/a>\n\t\t\t\t<\/div>\n\n\t\t\t\t\t<\/div>\n\t<\/div>\n<\/div>\n<!-- End .imagebox -->\n[vc_empty_space height=\u00a0\u00bb30px\u00a0\u00bb][\/vc_column][vc_column width=\u00a0\u00bb1\/3&Prime;]\n<!-- BEGIN .imagebox -->\n<div class=\"imagebox  \">\n\t<div class=\"box-wrapper\">\n\t\t\t\t\t\n\t\t\t<div class=\"box-image\">\n\t\t\t\t<div class=\"box-header\">\n\t\t\t\t\t<h3 class=\"box-title\">\n\t\t\t\t\t\t<a href=\"http:\/\/welcomehome-london.com\/fr\/services\/settling-in-package\/\" target=\"_self\">\n\t\t\t\t\t\t\tPACK INSTALLATION\t\t\t\t\t\t<\/a>\t\n\t\t\t\t\t<\/h3>\n\n\t\t\t\t\t\t\t\t\t<\/div>\n\n\t\t\t\t<img loading=\"lazy\" decoding=\"async\" width=\"655\" height=\"350\" src=\"https:\/\/welcomehome-london.com\/wp-content\/uploads\/2020\/04\/1_bed_to_let_ealing_welcome_home_london-e1591278168152.jpg\" class=\"attachment-full\" alt=\"\" title=\"1_bed_to_let_ealing_welcome_home_london\" srcset=\"https:\/\/welcomehome-london.com\/wp-content\/uploads\/2020\/04\/1_bed_to_let_ealing_welcome_home_london-e1591278168152.jpg 655w, https:\/\/welcomehome-london.com\/wp-content\/uploads\/2020\/04\/1_bed_to_let_ealing_welcome_home_london-e1591278168152-300x160.jpg 300w, https:\/\/welcomehome-london.com\/wp-content\/uploads\/2020\/04\/1_bed_to_let_ealing_welcome_home_london-e1591278168152-555x297.jpg 555w\" sizes=\"auto, (max-width: 655px) 100vw, 655px\" \/>\t\t\t<\/div>\n\n\t\t\n\t\t<div class=\"box-content\">\n\t\t\t\t\t\t\t<div class=\"box-desc\">\n\t\t\t\t\tAll\u00e9gez les contraintes administratives de l&#8217;emm\u00e9nagement, soyez assur\u00e9s d&rsquo;une connexion Internet le jour de votre arriv\u00e9e : notre Pack Installation vous simplifie la vie. \t\t\t\t<\/div>\n\t\t\t\t\t\t\n\t\t\t\t\t\t\t\n\t\t\t\t<div class=\"box-button\">\n\t\t\t\t\t<a href=\"http:\/\/welcomehome-london.com\/fr\/services\/settling-in-package\/\" target=\"_self\">\n\t\t\t\t\t\tEn savoir plus\t\t\t\t\t<\/a>\n\t\t\t\t<\/div>\n\n\t\t\t\t\t<\/div>\n\t<\/div>\n<\/div>\n<!-- End .imagebox -->\n[vc_empty_space height=\u00a0\u00bb30px\u00a0\u00bb][\/vc_column][\/vc_row]<\/p>\n<\/div>","protected":false},"excerpt":{"rendered":"<p>[vc_row][vc_column][vc_column_text] Nos services Relocation \u00e0 Londres D\u00e9couvrez la gamme compl\u00e8te de nos services Relocation \u00e0 Londres : recherche d&rsquo;appartement ou de maison, recherche d&rsquo;\u00e9cole bilingue, fran\u00e7aise ou locale et formalit\u00e9s d&rsquo;inscription, Pack Installation et Pack D\u00e9part, Voyage d&rsquo;orientation avant votre expatriation, services d&rsquo;accompagnement du conjoint expatri\u00e9, offre sp\u00e9cifique \u00e9tudiants. Entreprises, vous d\u00e9placez vos collaborateurs \u00e0 [&hellip;]<\/p>\n","protected":false},"author":2,"featured_media":0,"parent":1714,"menu_order":0,"comment_status":"closed","ping_status":"closed","template":"","meta":{"_acf_changed":false,"footnotes":""},"class_list":["post-5248","page","type-page","status-publish","hentry","no-post-thumbnail"],"acf":[],"yoast_head":"<!-- This site is optimized with the Yoast SEO plugin v26.6 - https:\/\/yoast.com\/wordpress\/plugins\/seo\/ -->\n<title>Relocation \u00e0 Londres - Nos services - Welcome Home London<\/title>\n<meta name=\"description\" content=\"Relocation \u00e0 Londres. Nous vous proposons une gamme de services compl\u00e8te: recherche de logement et d&#039;\u00e9cole, Orientation Trip, Accompagnement conjoint.\" \/>\n<meta name=\"robots\" content=\"index, follow, max-snippet:-1, max-image-preview:large, max-video-preview:-1\" \/>\n<link rel=\"canonical\" href=\"https:\/\/welcomehome-london.com\/fr\/services\/relocation-a-londres\/\" \/>\n<meta property=\"og:locale\" content=\"fr_FR\" \/>\n<meta property=\"og:type\" content=\"article\" \/>\n<meta property=\"og:title\" content=\"Relocation \u00e0 Londres - Nos services - Welcome Home London\" \/>\n<meta property=\"og:description\" content=\"Relocation \u00e0 Londres. Nous vous proposons une gamme de services compl\u00e8te: recherche de logement et d&#039;\u00e9cole, Orientation Trip, Accompagnement conjoint.\" \/>\n<meta property=\"og:url\" content=\"https:\/\/welcomehome-london.com\/fr\/services\/relocation-a-londres\/\" \/>\n<meta property=\"og:site_name\" content=\"Welcome Home London\" \/>\n<meta property=\"article:modified_time\" content=\"2025-08-18T15:46:42+00:00\" \/>\n<meta name=\"twitter:card\" content=\"summary_large_image\" \/>\n<meta name=\"twitter:label1\" content=\"Dur\u00e9e de lecture estim\u00e9e\" \/>\n\t<meta name=\"twitter:data1\" content=\"2 minutes\" \/>\n<script type=\"application\/ld+json\" class=\"yoast-schema-graph\">{\"@context\":\"https:\/\/schema.org\",\"@graph\":[{\"@type\":\"WebPage\",\"@id\":\"https:\/\/welcomehome-london.com\/fr\/services\/relocation-a-londres\/\",\"url\":\"https:\/\/welcomehome-london.com\/fr\/services\/relocation-a-londres\/\",\"name\":\"Relocation \u00e0 Londres - Nos services - Welcome Home London\",\"isPartOf\":{\"@id\":\"https:\/\/welcomehome-london.com\/#website\"},\"datePublished\":\"2020-05-08T10:58:49+00:00\",\"dateModified\":\"2025-08-18T15:46:42+00:00\",\"description\":\"Relocation \u00e0 Londres. Nous vous proposons une gamme de services compl\u00e8te: recherche de logement et d'\u00e9cole, Orientation Trip, Accompagnement conjoint.\",\"breadcrumb\":{\"@id\":\"https:\/\/welcomehome-london.com\/fr\/services\/relocation-a-londres\/#breadcrumb\"},\"inLanguage\":\"fr-FR\",\"potentialAction\":[{\"@type\":\"ReadAction\",\"target\":[\"https:\/\/welcomehome-london.com\/fr\/services\/relocation-a-londres\/\"]}]},{\"@type\":\"BreadcrumbList\",\"@id\":\"https:\/\/welcomehome-london.com\/fr\/services\/relocation-a-londres\/#breadcrumb\",\"itemListElement\":[{\"@type\":\"ListItem\",\"position\":1,\"name\":\"Home\",\"item\":\"https:\/\/welcomehome-london.com\/fr\/\"},{\"@type\":\"ListItem\",\"position\":2,\"name\":\"RELOCATION ET ACHAT IMMOBILIER\",\"item\":\"https:\/\/welcomehome-london.com\/fr\/services\/\"},{\"@type\":\"ListItem\",\"position\":3,\"name\":\"RELOCATION A LONDRES\"}]},{\"@type\":\"WebSite\",\"@id\":\"https:\/\/welcomehome-london.com\/#website\",\"url\":\"https:\/\/welcomehome-london.com\/\",\"name\":\"Welcome Home London\",\"description\":\"Estate Agent\",\"publisher\":{\"@id\":\"https:\/\/welcomehome-london.com\/#organization\"},\"potentialAction\":[{\"@type\":\"SearchAction\",\"target\":{\"@type\":\"EntryPoint\",\"urlTemplate\":\"https:\/\/welcomehome-london.com\/?s={search_term_string}\"},\"query-input\":{\"@type\":\"PropertyValueSpecification\",\"valueRequired\":true,\"valueName\":\"search_term_string\"}}],\"inLanguage\":\"fr-FR\"},{\"@type\":\"Organization\",\"@id\":\"https:\/\/welcomehome-london.com\/#organization\",\"name\":\"Welcome Home London\",\"url\":\"https:\/\/welcomehome-london.com\/\",\"logo\":{\"@type\":\"ImageObject\",\"inLanguage\":\"fr-FR\",\"@id\":\"https:\/\/welcomehome-london.com\/#\/schema\/logo\/image\/\",\"url\":\"https:\/\/welcomehome-london.com\/wp-content\/uploads\/2020\/05\/logo3.png\",\"contentUrl\":\"https:\/\/welcomehome-london.com\/wp-content\/uploads\/2020\/05\/logo3.png\",\"width\":330,\"height\":94,\"caption\":\"Welcome Home London\"},\"image\":{\"@id\":\"https:\/\/welcomehome-london.com\/#\/schema\/logo\/image\/\"}}]}<\/script>\n<!-- \/ Yoast SEO plugin. -->","yoast_head_json":{"title":"Relocation \u00e0 Londres - Nos services - Welcome Home London","description":"Relocation \u00e0 Londres. Nous vous proposons une gamme de services compl\u00e8te: recherche de logement et d'\u00e9cole, Orientation Trip, Accompagnement conjoint.","robots":{"index":"index","follow":"follow","max-snippet":"max-snippet:-1","max-image-preview":"max-image-preview:large","max-video-preview":"max-video-preview:-1"},"canonical":"https:\/\/welcomehome-london.com\/fr\/services\/relocation-a-londres\/","og_locale":"fr_FR","og_type":"article","og_title":"Relocation \u00e0 Londres - Nos services - Welcome Home London","og_description":"Relocation \u00e0 Londres. Nous vous proposons une gamme de services compl\u00e8te: recherche de logement et d'\u00e9cole, Orientation Trip, Accompagnement conjoint.","og_url":"https:\/\/welcomehome-london.com\/fr\/services\/relocation-a-londres\/","og_site_name":"Welcome Home London","article_modified_time":"2025-08-18T15:46:42+00:00","twitter_card":"summary_large_image","twitter_misc":{"Dur\u00e9e de lecture estim\u00e9e":"2 minutes"},"schema":{"@context":"https:\/\/schema.org","@graph":[{"@type":"WebPage","@id":"https:\/\/welcomehome-london.com\/fr\/services\/relocation-a-londres\/","url":"https:\/\/welcomehome-london.com\/fr\/services\/relocation-a-londres\/","name":"Relocation \u00e0 Londres - Nos services - Welcome Home London","isPartOf":{"@id":"https:\/\/welcomehome-london.com\/#website"},"datePublished":"2020-05-08T10:58:49+00:00","dateModified":"2025-08-18T15:46:42+00:00","description":"Relocation \u00e0 Londres. Nous vous proposons une gamme de services compl\u00e8te: recherche de logement et d'\u00e9cole, Orientation Trip, Accompagnement conjoint.","breadcrumb":{"@id":"https:\/\/welcomehome-london.com\/fr\/services\/relocation-a-londres\/#breadcrumb"},"inLanguage":"fr-FR","potentialAction":[{"@type":"ReadAction","target":["https:\/\/welcomehome-london.com\/fr\/services\/relocation-a-londres\/"]}]},{"@type":"BreadcrumbList","@id":"https:\/\/welcomehome-london.com\/fr\/services\/relocation-a-londres\/#breadcrumb","itemListElement":[{"@type":"ListItem","position":1,"name":"Home","item":"https:\/\/welcomehome-london.com\/fr\/"},{"@type":"ListItem","position":2,"name":"RELOCATION ET ACHAT IMMOBILIER","item":"https:\/\/welcomehome-london.com\/fr\/services\/"},{"@type":"ListItem","position":3,"name":"RELOCATION A LONDRES"}]},{"@type":"WebSite","@id":"https:\/\/welcomehome-london.com\/#website","url":"https:\/\/welcomehome-london.com\/","name":"Welcome Home London","description":"Estate Agent","publisher":{"@id":"https:\/\/welcomehome-london.com\/#organization"},"potentialAction":[{"@type":"SearchAction","target":{"@type":"EntryPoint","urlTemplate":"https:\/\/welcomehome-london.com\/?s={search_term_string}"},"query-input":{"@type":"PropertyValueSpecification","valueRequired":true,"valueName":"search_term_string"}}],"inLanguage":"fr-FR"},{"@type":"Organization","@id":"https:\/\/welcomehome-london.com\/#organization","name":"Welcome Home London","url":"https:\/\/welcomehome-london.com\/","logo":{"@type":"ImageObject","inLanguage":"fr-FR","@id":"https:\/\/welcomehome-london.com\/#\/schema\/logo\/image\/","url":"https:\/\/welcomehome-london.com\/wp-content\/uploads\/2020\/05\/logo3.png","contentUrl":"https:\/\/welcomehome-london.com\/wp-content\/uploads\/2020\/05\/logo3.png","width":330,"height":94,"caption":"Welcome Home London"},"image":{"@id":"https:\/\/welcomehome-london.com\/#\/schema\/logo\/image\/"}}]}},"_links":{"self":[{"href":"https:\/\/welcomehome-london.com\/fr\/wp-json\/wp\/v2\/pages\/5248","targetHints":{"allow":["GET"]}}],"collection":[{"href":"https:\/\/welcomehome-london.com\/fr\/wp-json\/wp\/v2\/pages"}],"about":[{"href":"https:\/\/welcomehome-london.com\/fr\/wp-json\/wp\/v2\/types\/page"}],"author":[{"embeddable":true,"href":"https:\/\/welcomehome-london.com\/fr\/wp-json\/wp\/v2\/users\/2"}],"replies":[{"embeddable":true,"href":"https:\/\/welcomehome-london.com\/fr\/wp-json\/wp\/v2\/comments?post=5248"}],"version-history":[{"count":26,"href":"https:\/\/welcomehome-london.com\/fr\/wp-json\/wp\/v2\/pages\/5248\/revisions"}],"predecessor-version":[{"id":5254,"href":"https:\/\/welcomehome-london.com\/fr\/wp-json\/wp\/v2\/pages\/5248\/revisions\/5254"}],"up":[{"embeddable":true,"href":"https:\/\/welcomehome-london.com\/fr\/wp-json\/wp\/v2\/pages\/1714"}],"wp:attachment":[{"href":"https:\/\/welcomehome-london.com\/fr\/wp-json\/wp\/v2\/media?parent=5248"}],"curies":[{"name":"wp","href":"https:\/\/api.w.org\/{rel}","templated":true}]}}