{"id":4949,"date":"2020-05-05T14:52:18","date_gmt":"2020-05-05T13:52:18","guid":{"rendered":"http:\/\/welcomehome-london.com\/?page_id=4949"},"modified":"2024-12-12T18:01:47","modified_gmt":"2024-12-12T17:01:47","slug":"nos-partenaires","status":"publish","type":"page","link":"https:\/\/welcomehome-london.com\/fr\/nos-partenaires\/","title":{"rendered":"NOS PARTENAIRES"},"content":{"rendered":"<div class=\"wpb-content-wrapper\"><p>[vc_row][vc_column][vc_column_text]<\/p>\n<h3 class=\"scheme\" style=\"text-align: center;\"><span style=\"color: #993366;\">Nos partenaires de confiance<\/span><\/h3>\n<p><span style=\"color: #808080;\">Pour votre relocation \u00e0 Londres, nous vous offrons une\u00a0<a style=\"color: #808080;\" href=\"http:\/\/welcomehome-london.com\/fr\/services\/\">gamme de services compl\u00e8te<\/a> gr\u00e2ce \u00e0 l&rsquo;appui de nos partenaires.<\/span><\/p>\n<p><span style=\"color: #808080;\"><strong>D\u00e9m\u00e9nagement<\/strong>, <strong>Transfert de devises<\/strong>, <strong>Accompagnement fiscal <\/strong>et <strong>comptable<\/strong>, <a style=\"color: #808080;\" href=\"https:\/\/altyxfp.com\/?lang=fr\" target=\"_blank\" rel=\"noopener noreferrer\"><strong>Planning financier<\/strong><\/a> et conseils patrimoniaux, <a style=\"color: #808080;\" href=\"http:\/\/welcomehome-london.com\/fr\/services\/accompagnement-conjoint\/\"><strong>Cours d&rsquo;anglais<\/strong><\/a>\u00a0individuels ou en petits groupes, D\u00e9couverte de la <strong>culture Britannique<\/strong>,<a style=\"color: #808080;\" href=\"http:\/\/welcomehome-london.com\/fr\/services\/accompagnement-conjoint\/\"><strong> Coaching Accent<\/strong><\/a> et prise de parole en anglais, <strong>Transition de carri\u00e8re<\/strong> ou <a style=\"color: #808080;\" href=\"http:\/\/welcomehome-london.com\/fr\/services\/accompagnement-conjoint\/\"><strong>Coaching<\/strong> <strong>recherche d&#8217;emploi<\/strong><\/a>, <strong>Broker<\/strong>, <strong>Solicitor<\/strong>, <strong>R\u00e9seaux d&rsquo;expatri\u00e9s<\/strong> et d&rsquo;<strong>entrepreneurs francophones<\/strong>, vous pouvez compter sur nos partenaires pour vous faire b\u00e9n\u00e9ficier du meilleur accompagnement possible pour une expatriation r\u00e9ussie.<\/span>[\/vc_column_text][\/vc_column][\/vc_row][vc_row][vc_column][vc_empty_space][vc_column_text]<\/p>\n<h4><span style=\"color: #993366;\"><strong>DEMENAGEMENT &amp; INSTALLATION<\/strong><\/span><\/h4>\n<p>[\/vc_column_text][vc_empty_space][\/vc_column][\/vc_row][vc_row gap=\u00a0\u00bb15&Prime;][vc_column width=\u00a0\u00bb1\/4&Prime;][vc_single_image image=\u00a0\u00bb4988&Prime; img_size=\u00a0\u00bbfull\u00a0\u00bb onclick=\u00a0\u00bbcustom_link\u00a0\u00bb img_link_target=\u00a0\u00bb_blank\u00a0\u00bb link=\u00a0\u00bbhttps:\/\/mytrucktoshare.com\/\u00a0\u00bb][\/vc_column][vc_column width=\u00a0\u00bb1\/4&Prime;][vc_single_image image=\u00a0\u00bb5034&Prime; img_size=\u00a0\u00bbfull\u00a0\u00bb onclick=\u00a0\u00bbcustom_link\u00a0\u00bb img_link_target=\u00a0\u00bb_blank\u00a0\u00bb link=\u00a0\u00bbhttp:\/\/www.gbliners.com\/\u00a0\u00bb][\/vc_column][vc_column width=\u00a0\u00bb1\/4&Prime;][vc_single_image image=\u00a0\u00bb7559&Prime; css=\u00a0\u00bb\u00a0\u00bb][vc_single_image image=\u00a0\u00bb7567&Prime; img_size=\u00a0\u00bbfull\u00a0\u00bb onclick=\u00a0\u00bbcustom_link\u00a0\u00bb img_link_target=\u00a0\u00bb_blank\u00a0\u00bb css=\u00a0\u00bb\u00a0\u00bb link=\u00a0\u00bbhttps:\/\/www.ideaforyourspace.com\/\u00a0\u00bb][\/vc_column][vc_column width=\u00a0\u00bb1\/4&Prime;][\/vc_column][\/vc_row][vc_row][vc_column][vc_empty_space height=\u00a0\u00bb50px\u00a0\u00bb][vc_column_text]<\/p>\n<h4><span style=\"color: #993366;\"><strong>TRANSFERT DE DEVISES<\/strong><\/span><\/h4>\n<p>[\/vc_column_text][vc_empty_space][\/vc_column][\/vc_row][vc_row gap=\u00a0\u00bb15&Prime;][vc_column width=\u00a0\u00bb1\/4&Prime;][vc_single_image image=\u00a0\u00bb7518&Prime; img_size=\u00a0\u00bbfull\u00a0\u00bb onclick=\u00a0\u00bbcustom_link\u00a0\u00bb img_link_target=\u00a0\u00bb_blank\u00a0\u00bb css=\u00a0\u00bb\u00a0\u00bb link=\u00a0\u00bbhttps:\/\/www.ibanista.com\/\u00a0\u00bb][\/vc_column][vc_column width=\u00a0\u00bb1\/4&Prime;][vc_single_image image=\u00a0\u00bb7520&Prime; img_size=\u00a0\u00bbfull\u00a0\u00bb onclick=\u00a0\u00bbcustom_link\u00a0\u00bb img_link_target=\u00a0\u00bb_blank\u00a0\u00bb css=\u00a0\u00bb\u00a0\u00bb link=\u00a0\u00bbhttps:\/\/www.ibanista.com\/about-ibanista\/\u00a0\u00bb][\/vc_column][vc_column width=\u00a0\u00bb1\/4&Prime;][vc_column_text css=\u00a0\u00bb\u00a0\u00bb]<em>Ibanista a \u00e9t\u00e9 fond\u00e9e par Benjamin, \u00e9lev\u00e9 en France et install\u00e9 \u00e0 Londres depuis 8 ans. Fort de son exp\u00e9rience personnelle, il se positionne comme un partenaire de confiance pour les francophones et autres expatri\u00e9s s\u2019installant au Royaume-Uni. Ibanista simplifie les \u00e9changes de devises et offre un accompagnement continu pour aider ses clients \u00e0 vivre leur expatriation en toute s\u00e9r\u00e9nit\u00e9.<\/em>[\/vc_column_text][\/vc_column][vc_column width=\u00a0\u00bb1\/4&Prime;][\/vc_column][\/vc_row][vc_row][vc_column][vc_empty_space height=\u00a0\u00bb50px\u00a0\u00bb][vc_column_text css=\u00a0\u00bb\u00a0\u00bb]<\/p>\n<h4><span style=\"color: #993366;\"><strong>RECHERCHE DE NANNIES<\/strong><\/span><\/h4>\n<p>[\/vc_column_text][vc_empty_space][\/vc_column][\/vc_row][vc_row gap=\u00a0\u00bb15&Prime;][vc_column width=\u00a0\u00bb1\/4&Prime;][vc_empty_space][vc_single_image image=\u00a0\u00bb7614&Prime; img_size=\u00a0\u00bbfull\u00a0\u00bb onclick=\u00a0\u00bbcustom_link\u00a0\u00bb img_link_target=\u00a0\u00bb_blank\u00a0\u00bb css=\u00a0\u00bb\u00a0\u00bb link=\u00a0\u00bbhttps:\/\/french-nanny-london.co.uk\/\u00a0\u00bb][\/vc_column][vc_column width=\u00a0\u00bb1\/4&Prime;][vc_empty_space][vc_single_image image=\u00a0\u00bb7563&Prime; img_size=\u00a0\u00bbfull\u00a0\u00bb onclick=\u00a0\u00bbcustom_link\u00a0\u00bb img_link_target=\u00a0\u00bb_blank\u00a0\u00bb css=\u00a0\u00bb\u00a0\u00bb link=\u00a0\u00bbhttps:\/\/french-nanny-london.co.uk\/meet-our-team\u00a0\u00bb][\/vc_column][vc_column width=\u00a0\u00bb1\/4&Prime;][vc_empty_space][vc_column_text css=\u00a0\u00bb\u00a0\u00bb]<em>French Nanny London est le partenaire des familles londoniennes \u2013 fran\u00e7aises, multilingues ou anglophones \u2013 dans leur recherche de personnel qualifi\u00e9 et de confiance. Avec plus de 12 ans d\u2019exp\u00e9rience, l\u2019agence allie expertise et bienveillance et r\u00e9pond aux besoins sp\u00e9cifiques de chaque famille. Sp\u00e9cialis\u00e9e dans les profils multilingues, elle promeut les avantages du bilinguisme et du multiculturalisme pour enrichir le d\u00e9veloppement des enfants. Nounou, gouvernante ou aide-m\u00e9nag\u00e8re, temps plein ou partiel, chaque profil est soigneusement s\u00e9lectionn\u00e9 pour correspondre aux attentes uniques de chaque foyer et allier bien-\u00eatre des enfants et s\u00e9r\u00e9nit\u00e9 des parents<\/em>[\/vc_column_text][\/vc_column][vc_column width=\u00a0\u00bb1\/4&Prime;][\/vc_column][\/vc_row][vc_row][vc_column][vc_empty_space height=\u00a0\u00bb50px\u00a0\u00bb][vc_column_text css=\u00a0\u00bb\u00a0\u00bb]<\/p>\n<h4><span style=\"color: #993366;\"><strong>COACHING POUR CANDIDATURES BOARDING SCHOOLS AND INDEPENDANT SCHOOLS<\/strong><\/span><\/h4>\n<p>[\/vc_column_text][vc_empty_space][\/vc_column][\/vc_row][vc_row gap=\u00a0\u00bb15&Prime;][vc_column width=\u00a0\u00bb1\/4&Prime;][vc_empty_space][vc_single_image image=\u00a0\u00bb7610&Prime; img_size=\u00a0\u00bbfull\u00a0\u00bb onclick=\u00a0\u00bbcustom_link\u00a0\u00bb img_link_target=\u00a0\u00bb_blank\u00a0\u00bb css=\u00a0\u00bb\u00a0\u00bb link=\u00a0\u00bbhttps:\/\/clarendontutors.com\/\u00a0\u00bb][\/vc_column][vc_column width=\u00a0\u00bb1\/4&Prime;][vc_empty_space][vc_single_image image=\u00a0\u00bb7588&Prime; img_size=\u00a0\u00bbfull\u00a0\u00bb onclick=\u00a0\u00bbcustom_link\u00a0\u00bb img_link_target=\u00a0\u00bb_blank\u00a0\u00bb css=\u00a0\u00bb\u00a0\u00bb link=\u00a0\u00bbhttps:\/\/clarendontutors.com\/about\/\u00a0\u00bb][\/vc_column][vc_column width=\u00a0\u00bb1\/4&Prime;][vc_empty_space][vc_column_text css=\u00a0\u00bb\u00a0\u00bb]Clarendon Tutors est une des principales agences sur le march\u00e9 du mentorat et du conseil en orientation. Aoife est responsable du p\u00f4le orientation, elle a d\u00e9but\u00e9 sa carri\u00e8re au sein de Boarding schools prestigieuses, en charge de la pastorale, et a \u00e9t\u00e9 Deputy Housemistress chez Roedean School. Son expertise unique en pastorale et en orientation lui permettent de guider au mieux les familles vers une orientation adapt\u00e9e au bien-\u00eatre de leur enfant.[\/vc_column_text][\/vc_column][vc_column width=\u00a0\u00bb1\/4&Prime;][\/vc_column][\/vc_row][vc_row][vc_column][vc_empty_space height=\u00a0\u00bb50px\u00a0\u00bb][vc_column_text css=\u00a0\u00bb\u00a0\u00bb]<\/p>\n<h4><span style=\"color: #993366;\"><strong>CONSEILS EN IMMIGRATION<\/strong><\/span><\/h4>\n<p>[\/vc_column_text][vc_empty_space][\/vc_column][\/vc_row][vc_row gap=\u00a0\u00bb15&Prime;][vc_column width=\u00a0\u00bb1\/4&Prime;][vc_empty_space][vc_single_image image=\u00a0\u00bb7599&Prime; img_size=\u00a0\u00bbfull\u00a0\u00bb onclick=\u00a0\u00bbcustom_link\u00a0\u00bb img_link_target=\u00a0\u00bb_blank\u00a0\u00bb css=\u00a0\u00bb\u00a0\u00bb link=\u00a0\u00bbhttps:\/\/www.kingsleynapley.co.uk\/\u00a0\u00bb][\/vc_column][vc_column width=\u00a0\u00bb1\/4&Prime;][vc_empty_space][vc_single_image image=\u00a0\u00bb7597&Prime; img_size=\u00a0\u00bbfull\u00a0\u00bb onclick=\u00a0\u00bbcustom_link\u00a0\u00bb img_link_target=\u00a0\u00bb_blank\u00a0\u00bb css=\u00a0\u00bb\u00a0\u00bb link=\u00a0\u00bbhttps:\/\/www.kingsleynapley.co.uk\/our-people\/emma-dauriac\u00a0\u00bb][\/vc_column][vc_column width=\u00a0\u00bb1\/4&Prime;][vc_empty_space][vc_column_text css=\u00a0\u00bb\u00a0\u00bb]<\/p>\n<p style=\"font-weight: 400;\">Emma est avocate sp\u00e9cialis\u00e9e en immigration et demande de nationalit\u00e9 britannique chez Kingsley Napley LLP. Bas\u00e9e \u00e0 Londres, Emma est fran\u00e7aise. Elle assiste les clients Welcome Home London pour leurs demandes de visa, permis de travail ou visa familial pour le UK. Emma fournit aussi bien aux particuliers qu\u2019aux entreprises britanniques qui embauchent des citoyens non britanniques, des conseils strat\u00e9giques, juridiques et proc\u00e9duraux en mati\u00e8re d&rsquo;immigration.<\/p>\n<p>[\/vc_column_text][\/vc_column][vc_column width=\u00a0\u00bb1\/4&Prime;][\/vc_column][\/vc_row][vc_row][vc_column][vc_empty_space height=\u00a0\u00bb50px\u00a0\u00bb][vc_column_text]<\/p>\n<h4><span style=\"color: #993366;\"><strong>PLANNING FINANCIER\/FISCALITE\/ACHAT IMMOBILIER<\/strong><\/span><\/h4>\n<p>[\/vc_column_text][vc_empty_space height=\u00a0\u00bb50px\u00a0\u00bb][\/vc_column][\/vc_row][vc_row gap=\u00a0\u00bb15&Prime;][vc_column width=\u00a0\u00bb1\/4&Prime;][vc_single_image image=\u00a0\u00bb5105&Prime; img_size=\u00a0\u00bbfull\u00a0\u00bb onclick=\u00a0\u00bbcustom_link\u00a0\u00bb img_link_target=\u00a0\u00bb_blank\u00a0\u00bb link=\u00a0\u00bbhttps:\/\/altyxfp.com\/\u00a0\u00bb][\/vc_column][vc_column width=\u00a0\u00bb1\/4&Prime;][vc_single_image image=\u00a0\u00bb7526&Prime; img_size=\u00a0\u00bbfull\u00a0\u00bb onclick=\u00a0\u00bbcustom_link\u00a0\u00bb img_link_target=\u00a0\u00bb_blank\u00a0\u00bb css=\u00a0\u00bb\u00a0\u00bb link=\u00a0\u00bbhttps:\/\/atlantic-partners-accounting.com\/\u00a0\u00bb][vc_single_image image=\u00a0\u00bb7524&Prime; onclick=\u00a0\u00bbcustom_link\u00a0\u00bb css=\u00a0\u00bb\u00a0\u00bb link=\u00a0\u00bbhttps:\/\/atlantic-partners-accounting.com\/qui-sommes-nous\/l-equipe\/\u00a0\u00bb][\/vc_column][vc_column width=\u00a0\u00bb1\/4&Prime;][vc_column_text css=\u00a0\u00bb\u00a0\u00bb]ATLANTIC PARTNERS est un groupe d\u2019experts-comptables locaux et internationaux, reconnus pour leur comp\u00e9tence en audit, conseil et comptabilit\u00e9. Ils sont implantes a Paris, Londres, Montr\u00e9al et Lisbonne et ont un r\u00e9seau de partenaires dans plusieurs pays, notamment les US, ce qui leur permet de faire la diff\u00e9rence et d\u2019offrir une qualit\u00e9 de service in\u00e9gal\u00e9e \u00e0 leur clients. Ils accompagnent des petites et moyennes entreprises sur le long terme, les aidant \u00e0 mettre en \u0153uvre leurs projets nationaux et internationaux gr\u00e2ce \u00e0 des solutions sur mesure.[\/vc_column_text][\/vc_column][\/vc_row][vc_row][vc_column][vc_empty_space height=\u00a0\u00bb50px\u00a0\u00bb][vc_column_text css=\u00a0\u00bb\u00a0\u00bb]<\/p>\n<h4><span style=\"color: #993366;\"><strong>D<\/strong><strong>EVELOPPEMENT PERSONNEL \/ ACCOMPAGNEMENT CONJOINT \/ <\/strong><\/span><span style=\"color: #993366;\"><strong>RECHERCHE D&rsquo;EMPLOI \/ COACHING<\/strong><\/span><\/h4>\n<p>[\/vc_column_text][vc_empty_space][\/vc_column][\/vc_row][vc_row gap=\u00a0\u00bb15&Prime;][vc_column width=\u00a0\u00bb1\/4&Prime;][vc_single_image image=\u00a0\u00bb4957&Prime; img_size=\u00a0\u00bbfull\u00a0\u00bb onclick=\u00a0\u00bbcustom_link\u00a0\u00bb img_link_target=\u00a0\u00bb_blank\u00a0\u00bb css=\u00a0\u00bb\u00a0\u00bb link=\u00a0\u00bbhttps:\/\/www.focus-info.org\/about\/our-team\/\u00a0\u00bb][\/vc_column][vc_column width=\u00a0\u00bb1\/4&Prime;][vc_single_image image=\u00a0\u00bb5116&Prime; img_size=\u00a0\u00bbfull\u00a0\u00bb onclick=\u00a0\u00bbcustom_link\u00a0\u00bb img_link_target=\u00a0\u00bb_blank\u00a0\u00bb css=\u00a0\u00bb\u00a0\u00bb link=\u00a0\u00bbhttps:\/\/harmonymobility.com\/\u00a0\u00bb][\/vc_column][vc_column width=\u00a0\u00bb1\/4&Prime;][\/vc_column][vc_column width=\u00a0\u00bb1\/4&Prime;][\/vc_column][\/vc_row][vc_row][vc_column][vc_empty_space height=\u00a0\u00bb50px\u00a0\u00bb][vc_column_text css=\u00a0\u00bb\u00a0\u00bb]<\/p>\n<h4><span style=\"color: #993366;\"><strong>ARCHITECTE<\/strong><\/span><\/h4>\n<p>[\/vc_column_text][vc_empty_space][\/vc_column][\/vc_row][vc_row gap=\u00a0\u00bb15&Prime;][vc_column width=\u00a0\u00bb1\/4&Prime;][vc_single_image image=\u00a0\u00bb7541&Prime; img_size=\u00a0\u00bbfull\u00a0\u00bb onclick=\u00a0\u00bbcustom_link\u00a0\u00bb img_link_target=\u00a0\u00bb_blank\u00a0\u00bb css=\u00a0\u00bb\u00a0\u00bb link=\u00a0\u00bbhttps:\/\/www.busilis.co.uk\/\u00a0\u00bb][\/vc_column][vc_column width=\u00a0\u00bb1\/4&Prime;][vc_single_image image=\u00a0\u00bb7539&Prime; img_size=\u00a0\u00bbfull\u00a0\u00bb onclick=\u00a0\u00bbcustom_link\u00a0\u00bb img_link_target=\u00a0\u00bb_blank\u00a0\u00bb css=\u00a0\u00bb\u00a0\u00bb link=\u00a0\u00bbhttps:\/\/www.busilis.co.uk\/about.html\u00a0\u00bb][\/vc_column][vc_column width=\u00a0\u00bb1\/4&Prime;][vc_column_text css=\u00a0\u00bb\u00a0\u00bb]Charlotte accompagne les clients de Welcome Home London dans leurs projets de construction, r\u00e9novation et int\u00e9rieurs. Son atelier s\u2019occupe de tout\u00a0: le concept, l\u2019agencement des pi\u00e8ces, les dessins techniques, le permis de b\u00e2tir, le choix et l\u2019achat des mat\u00e9riaux et des couleurs, l\u2019accompagnement de chantier, les meubles, les luminaires et accessoires\u2026et plus encore. Le service sur mesure est tr\u00e8s complet, faisant de Busilis le partenaire id\u00e9al pour la r\u00e9alisation de vos travaux a Londres.[\/vc_column_text][\/vc_column][vc_column width=\u00a0\u00bb1\/4&Prime;][\/vc_column][\/vc_row][vc_row][vc_column][vc_empty_space height=\u00a0\u00bb50px\u00a0\u00bb][vc_column_text]<\/p>\n<h4><strong><span style=\"color: #993366;\">RESEAUX PROFESSIONELS ET RESEAUX D&rsquo;EXPATRIES<\/span><\/strong><\/h4>\n<p>[\/vc_column_text][vc_empty_space][\/vc_column][\/vc_row][vc_row gap=\u00a0\u00bb15&Prime;][vc_column width=\u00a0\u00bb1\/4&Prime;][vc_single_image image=\u00a0\u00bb5143&Prime; img_size=\u00a0\u00bbfull\u00a0\u00bb onclick=\u00a0\u00bbcustom_link\u00a0\u00bb img_link_target=\u00a0\u00bb_blank\u00a0\u00bb link=\u00a0\u00bbhttps:\/\/www.facebook.com\/PIFLs\/\u00a0\u00bb][\/vc_column][vc_column width=\u00a0\u00bb1\/4&Prime;][vc_single_image image=\u00a0\u00bb5110&Prime; img_size=\u00a0\u00bbfull\u00a0\u00bb onclick=\u00a0\u00bbcustom_link\u00a0\u00bb img_link_target=\u00a0\u00bb_blank\u00a0\u00bb link=\u00a0\u00bbhttps:\/\/www.facebook.com\/PIFLs\/\u00a0\u00bb][\/vc_column][vc_column width=\u00a0\u00bb1\/4&Prime;][\/vc_column][\/vc_row][vc_row][vc_column][vc_empty_space][\/vc_column][\/vc_row]<\/p>\n<\/div>","protected":false},"excerpt":{"rendered":"<p>[vc_row][vc_column][vc_column_text] Nos partenaires de confiance Pour votre relocation \u00e0 Londres, nous vous offrons une\u00a0gamme de services compl\u00e8te gr\u00e2ce \u00e0 l&rsquo;appui de nos partenaires. D\u00e9m\u00e9nagement, Transfert de devises, Accompagnement fiscal et comptable, Planning financier et conseils patrimoniaux, Cours d&rsquo;anglais\u00a0individuels ou en petits groupes, D\u00e9couverte de la culture Britannique, Coaching Accent et prise de parole en anglais, [&hellip;]<\/p>\n","protected":false},"author":2,"featured_media":0,"parent":0,"menu_order":0,"comment_status":"closed","ping_status":"closed","template":"","meta":{"_acf_changed":false,"footnotes":""},"class_list":["post-4949","page","type-page","status-publish","hentry","no-post-thumbnail"],"acf":[],"yoast_head":"<!-- This site is optimized with the Yoast SEO plugin v26.6 - https:\/\/yoast.com\/wordpress\/plugins\/seo\/ -->\n<title>Nos partenaires - Relocation \u00e0 Londres - Welcome Home London<\/title>\n<meta name=\"description\" content=\"D\u00e9m\u00e9nagement, devises, fiscalit\u00e9, anglais, coaching, nos partenaires s\u00e9lectionn\u00e9s vous accompagne \u00e0 chaque \u00e9tape de votre relocation \u00e0 Londres\" \/>\n<meta name=\"robots\" content=\"index, follow, max-snippet:-1, max-image-preview:large, max-video-preview:-1\" \/>\n<link rel=\"canonical\" href=\"https:\/\/welcomehome-london.com\/fr\/nos-partenaires\/\" \/>\n<meta property=\"og:locale\" content=\"fr_FR\" \/>\n<meta property=\"og:type\" content=\"article\" \/>\n<meta property=\"og:title\" content=\"Nos partenaires - Relocation \u00e0 Londres - Welcome Home London\" \/>\n<meta property=\"og:description\" content=\"D\u00e9m\u00e9nagement, devises, fiscalit\u00e9, anglais, coaching, nos partenaires s\u00e9lectionn\u00e9s vous accompagne \u00e0 chaque \u00e9tape de votre relocation \u00e0 Londres\" \/>\n<meta property=\"og:url\" content=\"https:\/\/welcomehome-london.com\/fr\/nos-partenaires\/\" \/>\n<meta property=\"og:site_name\" content=\"Welcome Home London\" \/>\n<meta property=\"article:modified_time\" content=\"2024-12-12T17:01:47+00:00\" \/>\n<meta name=\"twitter:card\" content=\"summary_large_image\" \/>\n<meta name=\"twitter:label1\" content=\"Dur\u00e9e de lecture estim\u00e9e\" \/>\n\t<meta name=\"twitter:data1\" content=\"9 minutes\" \/>\n<script type=\"application\/ld+json\" class=\"yoast-schema-graph\">{\"@context\":\"https:\/\/schema.org\",\"@graph\":[{\"@type\":\"WebPage\",\"@id\":\"https:\/\/welcomehome-london.com\/fr\/nos-partenaires\/\",\"url\":\"https:\/\/welcomehome-london.com\/fr\/nos-partenaires\/\",\"name\":\"Nos partenaires - Relocation \u00e0 Londres - Welcome Home London\",\"isPartOf\":{\"@id\":\"https:\/\/welcomehome-london.com\/#website\"},\"datePublished\":\"2020-05-05T13:52:18+00:00\",\"dateModified\":\"2024-12-12T17:01:47+00:00\",\"description\":\"D\u00e9m\u00e9nagement, devises, fiscalit\u00e9, anglais, coaching, nos partenaires s\u00e9lectionn\u00e9s vous accompagne \u00e0 chaque \u00e9tape de votre relocation \u00e0 Londres\",\"breadcrumb\":{\"@id\":\"https:\/\/welcomehome-london.com\/fr\/nos-partenaires\/#breadcrumb\"},\"inLanguage\":\"fr-FR\",\"potentialAction\":[{\"@type\":\"ReadAction\",\"target\":[\"https:\/\/welcomehome-london.com\/fr\/nos-partenaires\/\"]}]},{\"@type\":\"BreadcrumbList\",\"@id\":\"https:\/\/welcomehome-london.com\/fr\/nos-partenaires\/#breadcrumb\",\"itemListElement\":[{\"@type\":\"ListItem\",\"position\":1,\"name\":\"Home\",\"item\":\"https:\/\/welcomehome-london.com\/fr\/\"},{\"@type\":\"ListItem\",\"position\":2,\"name\":\"NOS PARTENAIRES\"}]},{\"@type\":\"WebSite\",\"@id\":\"https:\/\/welcomehome-london.com\/#website\",\"url\":\"https:\/\/welcomehome-london.com\/\",\"name\":\"Welcome Home London\",\"description\":\"Estate Agent\",\"publisher\":{\"@id\":\"https:\/\/welcomehome-london.com\/#organization\"},\"potentialAction\":[{\"@type\":\"SearchAction\",\"target\":{\"@type\":\"EntryPoint\",\"urlTemplate\":\"https:\/\/welcomehome-london.com\/?s={search_term_string}\"},\"query-input\":{\"@type\":\"PropertyValueSpecification\",\"valueRequired\":true,\"valueName\":\"search_term_string\"}}],\"inLanguage\":\"fr-FR\"},{\"@type\":\"Organization\",\"@id\":\"https:\/\/welcomehome-london.com\/#organization\",\"name\":\"Welcome Home London\",\"url\":\"https:\/\/welcomehome-london.com\/\",\"logo\":{\"@type\":\"ImageObject\",\"inLanguage\":\"fr-FR\",\"@id\":\"https:\/\/welcomehome-london.com\/#\/schema\/logo\/image\/\",\"url\":\"https:\/\/welcomehome-london.com\/wp-content\/uploads\/2020\/05\/logo3.png\",\"contentUrl\":\"https:\/\/welcomehome-london.com\/wp-content\/uploads\/2020\/05\/logo3.png\",\"width\":330,\"height\":94,\"caption\":\"Welcome Home London\"},\"image\":{\"@id\":\"https:\/\/welcomehome-london.com\/#\/schema\/logo\/image\/\"}}]}<\/script>\n<!-- \/ Yoast SEO plugin. -->","yoast_head_json":{"title":"Nos partenaires - Relocation \u00e0 Londres - Welcome Home London","description":"D\u00e9m\u00e9nagement, devises, fiscalit\u00e9, anglais, coaching, nos partenaires s\u00e9lectionn\u00e9s vous accompagne \u00e0 chaque \u00e9tape de votre relocation \u00e0 Londres","robots":{"index":"index","follow":"follow","max-snippet":"max-snippet:-1","max-image-preview":"max-image-preview:large","max-video-preview":"max-video-preview:-1"},"canonical":"https:\/\/welcomehome-london.com\/fr\/nos-partenaires\/","og_locale":"fr_FR","og_type":"article","og_title":"Nos partenaires - Relocation \u00e0 Londres - Welcome Home London","og_description":"D\u00e9m\u00e9nagement, devises, fiscalit\u00e9, anglais, coaching, nos partenaires s\u00e9lectionn\u00e9s vous accompagne \u00e0 chaque \u00e9tape de votre relocation \u00e0 Londres","og_url":"https:\/\/welcomehome-london.com\/fr\/nos-partenaires\/","og_site_name":"Welcome Home London","article_modified_time":"2024-12-12T17:01:47+00:00","twitter_card":"summary_large_image","twitter_misc":{"Dur\u00e9e de lecture estim\u00e9e":"9 minutes"},"schema":{"@context":"https:\/\/schema.org","@graph":[{"@type":"WebPage","@id":"https:\/\/welcomehome-london.com\/fr\/nos-partenaires\/","url":"https:\/\/welcomehome-london.com\/fr\/nos-partenaires\/","name":"Nos partenaires - Relocation \u00e0 Londres - Welcome Home London","isPartOf":{"@id":"https:\/\/welcomehome-london.com\/#website"},"datePublished":"2020-05-05T13:52:18+00:00","dateModified":"2024-12-12T17:01:47+00:00","description":"D\u00e9m\u00e9nagement, devises, fiscalit\u00e9, anglais, coaching, nos partenaires s\u00e9lectionn\u00e9s vous accompagne \u00e0 chaque \u00e9tape de votre relocation \u00e0 Londres","breadcrumb":{"@id":"https:\/\/welcomehome-london.com\/fr\/nos-partenaires\/#breadcrumb"},"inLanguage":"fr-FR","potentialAction":[{"@type":"ReadAction","target":["https:\/\/welcomehome-london.com\/fr\/nos-partenaires\/"]}]},{"@type":"BreadcrumbList","@id":"https:\/\/welcomehome-london.com\/fr\/nos-partenaires\/#breadcrumb","itemListElement":[{"@type":"ListItem","position":1,"name":"Home","item":"https:\/\/welcomehome-london.com\/fr\/"},{"@type":"ListItem","position":2,"name":"NOS PARTENAIRES"}]},{"@type":"WebSite","@id":"https:\/\/welcomehome-london.com\/#website","url":"https:\/\/welcomehome-london.com\/","name":"Welcome Home London","description":"Estate Agent","publisher":{"@id":"https:\/\/welcomehome-london.com\/#organization"},"potentialAction":[{"@type":"SearchAction","target":{"@type":"EntryPoint","urlTemplate":"https:\/\/welcomehome-london.com\/?s={search_term_string}"},"query-input":{"@type":"PropertyValueSpecification","valueRequired":true,"valueName":"search_term_string"}}],"inLanguage":"fr-FR"},{"@type":"Organization","@id":"https:\/\/welcomehome-london.com\/#organization","name":"Welcome Home London","url":"https:\/\/welcomehome-london.com\/","logo":{"@type":"ImageObject","inLanguage":"fr-FR","@id":"https:\/\/welcomehome-london.com\/#\/schema\/logo\/image\/","url":"https:\/\/welcomehome-london.com\/wp-content\/uploads\/2020\/05\/logo3.png","contentUrl":"https:\/\/welcomehome-london.com\/wp-content\/uploads\/2020\/05\/logo3.png","width":330,"height":94,"caption":"Welcome Home London"},"image":{"@id":"https:\/\/welcomehome-london.com\/#\/schema\/logo\/image\/"}}]}},"_links":{"self":[{"href":"https:\/\/welcomehome-london.com\/fr\/wp-json\/wp\/v2\/pages\/4949","targetHints":{"allow":["GET"]}}],"collection":[{"href":"https:\/\/welcomehome-london.com\/fr\/wp-json\/wp\/v2\/pages"}],"about":[{"href":"https:\/\/welcomehome-london.com\/fr\/wp-json\/wp\/v2\/types\/page"}],"author":[{"embeddable":true,"href":"https:\/\/welcomehome-london.com\/fr\/wp-json\/wp\/v2\/users\/2"}],"replies":[{"embeddable":true,"href":"https:\/\/welcomehome-london.com\/fr\/wp-json\/wp\/v2\/comments?post=4949"}],"version-history":[{"count":82,"href":"https:\/\/welcomehome-london.com\/fr\/wp-json\/wp\/v2\/pages\/4949\/revisions"}],"predecessor-version":[{"id":7631,"href":"https:\/\/welcomehome-london.com\/fr\/wp-json\/wp\/v2\/pages\/4949\/revisions\/7631"}],"wp:attachment":[{"href":"https:\/\/welcomehome-london.com\/fr\/wp-json\/wp\/v2\/media?parent=4949"}],"curies":[{"name":"wp","href":"https:\/\/api.w.org\/{rel}","templated":true}]}}