{"id":4895,"date":"2020-05-04T18:28:17","date_gmt":"2020-05-04T17:28:17","guid":{"rendered":"http:\/\/welcomehome-london.com\/?page_id=4895"},"modified":"2025-09-12T15:36:03","modified_gmt":"2025-09-12T14:36:03","slug":"relocation-collaborateurs","status":"publish","type":"page","link":"https:\/\/welcomehome-london.com\/fr\/services\/relocation-collaborateurs\/","title":{"rendered":"RELOCATION COLLABORATEURS : OFFRE CORPORATE"},"content":{"rendered":"<div class=\"wpb-content-wrapper\"><p>[vc_row][vc_column width=\u00a0\u00bb1\/2&Prime;][vc_single_image image=\u00a0\u00bb4861&Prime; img_size=\u00a0\u00bbfull\u00a0\u00bb onclick=\u00a0\u00bblink_image\u00a0\u00bb][vc_empty_space height=\u00a0\u00bb30px\u00a0\u00bb][vc_single_image image=\u00a0\u00bb4865&Prime; img_size=\u00a0\u00bbfull\u00a0\u00bb onclick=\u00a0\u00bblink_image\u00a0\u00bb][vc_empty_space height=\u00a0\u00bb30px\u00a0\u00bb][vc_single_image image=\u00a0\u00bb7262&Prime; img_size=\u00a0\u00bbfull\u00a0\u00bb onclick=\u00a0\u00bblink_image\u00a0\u00bb css=\u00a0\u00bb\u00a0\u00bb][vc_empty_space height=\u00a0\u00bb30px\u00a0\u00bb][vc_single_image image=\u00a0\u00bb4822&Prime; img_size=\u00a0\u00bbfull\u00a0\u00bb onclick=\u00a0\u00bblink_image\u00a0\u00bb css=\u00a0\u00bb\u00a0\u00bb][\/vc_column][vc_column width=\u00a0\u00bb1\/2&Prime;][vc_column_text css=\u00a0\u00bb\u00a0\u00bb]<\/p>\n<h4 style=\"margin-top: 0px;\">Entreprises, vous expatriez vos collaborateurs \u00e0 Londres?<\/h4>\n<p><strong>Nous avons accompagn\u00e9 la relocation de collaborateurs de grands groupes<\/strong>. D\u00e9couvrez nos services exclusifs de relocation collaborateurs : pr\u00e9visites film\u00e9es, application d\u00e9di\u00e9e, suivi personnalis\u00e9. Notre gamme de forfaits Corporate r\u00e9pond aux besoins de toutes les entreprises.<\/p>\n<h4 style=\"margin-top: 0px;\"><a href=\"http:\/\/welcomehome-london.com\/fr\/our-difference\/\">Notre diff\u00e9rence<\/a><\/h4>\n<p>[\/vc_column_text][vc_empty_space height=\u00a0\u00bb20px\u00a0\u00bb]<ul class=\"iconlist iconlist \"><li ><i class=\"fa fa-check-circle\"><\/i> <span style=\"font-size: 120%;\">Entretien individuel d&rsquo;une heure<\/span><br \/>\npour <b>d\u00e9finir pr\u00e9cis\u00e9ment les besoins<\/b> et les attentes.<\/li><li ><i class=\"fa fa-check-circle\"><\/i> <span style=\"font-size: 120%;\">Pr\u00e9-visites syst\u00e9matiques<\/span><br \/>\nNous <b>pr\u00e9visitons<\/b> les biens avant de les s\u00e9lectionner; <b>nous sommes les seuls \u00e0 le faire.<\/b><\/li><li ><i class=\"fa fa-check-circle\"><\/i> <span style=\"font-size: 120%;\">App client exclusive<\/span><br \/>\n<b>Acc\u00e8s simple aux vid\u00e9os, photos et CR<\/b> de pr\u00e9-visites pour vous et votre collaborateur. <b>50% de nos clients choisissent de r\u00e9server leur bien \u00e0 distance<\/b> sur la base des vid\u00e9os, sans se d\u00e9placer.<\/li><li ><i class=\"fa fa-check-circle\"><\/i> <span style=\"font-size: 120%;\">Partenaires s\u00e9lectionn\u00e9s<\/span><br \/>\nAccompagnement Conjoint, D\u00e9m\u00e9nagement, Formalit\u00e9s administratives&#8230; , nous avons s\u00e9lectionn\u00e9 un <b><a href=\"http:\/\/welcomehome-london.com\/fr\/nos-partenaires\/\">r\u00e9seau de partenaires<\/a><\/b> d&rsquo;exception pour une <b>prise en charge globale<\/b>. S\u00e9lectionnez les options qui vous conviennent, nous g\u00e9rons le reste.<\/li><\/ul>[vc_empty_space height=\u00a0\u00bb20px\u00a0\u00bb][vc_column_text]<strong><a href=\"http:\/\/welcomehome-london.com\/fr\/contact\/\">Offres Corporate, contactez-nous pour un devis personnalis\u00e9<\/a><\/strong>[\/vc_column_text][vc_empty_space height=\u00a0\u00bb20px\u00a0\u00bb][vc_column_text]<\/p>\n<h4>Une gamme de services compl\u00e8te<\/h4>\n<p>[\/vc_column_text][vc_empty_space height=\u00a0\u00bb20px\u00a0\u00bb]<ul class=\"iconlist iconlist \"><li ><i class=\"fa fa-check-circle\"><\/i> <a href=\"http:\/\/welcomehome-london.com\/fr\/services\/reherche-logement-a-londres\/\"><span style=\"font-size: 120%;\">Pack Relocation<\/span><\/a><br \/>\n&#8211; <b>pr\u00e9-visites<\/b> film\u00e9es <b>syst\u00e9matiques<\/b><br \/>\n&#8211; <b>vid\u00e9os<\/b>, photos et CR sur notre <b>application d\u00e9di\u00e9e<\/b><br \/>\n&#8211; <b>1 journ\u00e9e de visites<\/b> client<br \/>\n&#8211; <b>n\u00e9gociation<\/b>, \u00e9tat des lieux, <b>pack installation<\/b><\/li><li ><i class=\"fa fa-check-circle\"><\/i> <a href=\"http:\/\/welcomehome-london.com\/fr\/services\/orientation-trip\/\"><span style=\"font-size: 120%;\">Orientation Trip<\/span><\/a><br \/>\n&#8211; <b>Visite de 2 \u00e0 3 quartiers sur 1 journ\u00e9e<\/b><\/li><li ><i class=\"fa fa-check-circle\"><\/i> <a href=\"http:\/\/welcomehome-london.com\/fr\/services\/school-search-in-london\/\"><span style=\"font-size: 120%;\">Recherche d&rsquo;\u00e9coles<\/span><\/a><br \/>\n&#8211; <b>s\u00e9lection<\/b> des meilleures options<br \/>\n&#8211; d\u00e9p\u00f4t et <b>suivi des dossiers d&rsquo;inscription jusqu&rsquo;\u00e0 l&rsquo;admission d\u00e9finitive<\/b>.<\/li><\/ul>[\/vc_column][\/vc_row][vc_row][vc_column][vc_empty_space height=\u00a0\u00bb20px\u00a0\u00bb][vc_row_inner][vc_column_inner][vc_column_text]<\/p>\n<h4 style=\"margin-top: 0;\">Vous d\u00e9placez des collaborateurs \u00e0 Londres?<\/h4>\n<p><a href=\"http:\/\/welcomehome-london.com\/fr\/contact\/\">Contactez-nous<\/a> pour des conseils et un devis personnalis\u00e9[\/vc_column_text][\/vc_column_inner][\/vc_row_inner][\/vc_column][\/vc_row]<\/p>\n<\/div>","protected":false},"excerpt":{"rendered":"<p>[vc_row][vc_column width=\u00a0\u00bb1\/2&Prime;][vc_single_image image=\u00a0\u00bb4861&Prime; img_size=\u00a0\u00bbfull\u00a0\u00bb onclick=\u00a0\u00bblink_image\u00a0\u00bb][vc_empty_space height=\u00a0\u00bb30px\u00a0\u00bb][vc_single_image image=\u00a0\u00bb4865&Prime; img_size=\u00a0\u00bbfull\u00a0\u00bb onclick=\u00a0\u00bblink_image\u00a0\u00bb][vc_empty_space height=\u00a0\u00bb30px\u00a0\u00bb][vc_single_image image=\u00a0\u00bb7262&Prime; img_size=\u00a0\u00bbfull\u00a0\u00bb onclick=\u00a0\u00bblink_image\u00a0\u00bb css=\u00a0\u00bb\u00a0\u00bb][vc_empty_space height=\u00a0\u00bb30px\u00a0\u00bb][vc_single_image image=\u00a0\u00bb4822&Prime; img_size=\u00a0\u00bbfull\u00a0\u00bb onclick=\u00a0\u00bblink_image\u00a0\u00bb css=\u00a0\u00bb\u00a0\u00bb][\/vc_column][vc_column width=\u00a0\u00bb1\/2&Prime;][vc_column_text css=\u00a0\u00bb\u00a0\u00bb] Entreprises, vous expatriez vos collaborateurs \u00e0 Londres? Nous avons accompagn\u00e9 la relocation de collaborateurs de grands groupes. D\u00e9couvrez nos services exclusifs de relocation collaborateurs : pr\u00e9visites film\u00e9es, application d\u00e9di\u00e9e, suivi personnalis\u00e9. Notre gamme de [&hellip;]<\/p>\n","protected":false},"author":2,"featured_media":0,"parent":1714,"menu_order":0,"comment_status":"closed","ping_status":"closed","template":"","meta":{"_acf_changed":false,"footnotes":""},"class_list":["post-4895","page","type-page","status-publish","hentry","no-post-thumbnail"],"acf":[],"yoast_head":"<!-- This site is optimized with the Yoast SEO plugin v26.6 - https:\/\/yoast.com\/wordpress\/plugins\/seo\/ -->\n<title>Relocation Collaborateurs - Offre Corporate - Welcome Home London<\/title>\n<meta name=\"description\" content=\"Entreprises, nous accompagnons la relocation collaborateurs de grands groupes \u00e0 Londres : d\u00e9couvrez nos offres exclusives: pr\u00e9visites film\u00e9es, app d\u00e9di\u00e9e\" \/>\n<meta name=\"robots\" content=\"index, follow, max-snippet:-1, max-image-preview:large, max-video-preview:-1\" \/>\n<link rel=\"canonical\" href=\"https:\/\/welcomehome-london.com\/fr\/services\/relocation-collaborateurs\/\" \/>\n<meta property=\"og:locale\" content=\"fr_FR\" \/>\n<meta property=\"og:type\" content=\"article\" \/>\n<meta property=\"og:title\" content=\"Relocation Collaborateurs - Offre Corporate - Welcome Home London\" \/>\n<meta property=\"og:description\" content=\"Entreprises, nous accompagnons la relocation collaborateurs de grands groupes \u00e0 Londres : d\u00e9couvrez nos offres exclusives: pr\u00e9visites film\u00e9es, app d\u00e9di\u00e9e\" \/>\n<meta property=\"og:url\" content=\"https:\/\/welcomehome-london.com\/fr\/services\/relocation-collaborateurs\/\" \/>\n<meta property=\"og:site_name\" content=\"Welcome Home London\" \/>\n<meta property=\"article:modified_time\" content=\"2025-09-12T14:36:03+00:00\" \/>\n<meta name=\"twitter:card\" content=\"summary_large_image\" \/>\n<meta name=\"twitter:label1\" content=\"Dur\u00e9e de lecture estim\u00e9e\" \/>\n\t<meta name=\"twitter:data1\" content=\"2 minutes\" \/>\n<script type=\"application\/ld+json\" class=\"yoast-schema-graph\">{\"@context\":\"https:\/\/schema.org\",\"@graph\":[{\"@type\":\"WebPage\",\"@id\":\"https:\/\/welcomehome-london.com\/fr\/services\/relocation-collaborateurs\/\",\"url\":\"https:\/\/welcomehome-london.com\/fr\/services\/relocation-collaborateurs\/\",\"name\":\"Relocation Collaborateurs - Offre Corporate - Welcome Home London\",\"isPartOf\":{\"@id\":\"https:\/\/welcomehome-london.com\/#website\"},\"datePublished\":\"2020-05-04T17:28:17+00:00\",\"dateModified\":\"2025-09-12T14:36:03+00:00\",\"description\":\"Entreprises, nous accompagnons la relocation collaborateurs de grands groupes \u00e0 Londres : d\u00e9couvrez nos offres exclusives: pr\u00e9visites film\u00e9es, app d\u00e9di\u00e9e\",\"breadcrumb\":{\"@id\":\"https:\/\/welcomehome-london.com\/fr\/services\/relocation-collaborateurs\/#breadcrumb\"},\"inLanguage\":\"fr-FR\",\"potentialAction\":[{\"@type\":\"ReadAction\",\"target\":[\"https:\/\/welcomehome-london.com\/fr\/services\/relocation-collaborateurs\/\"]}]},{\"@type\":\"BreadcrumbList\",\"@id\":\"https:\/\/welcomehome-london.com\/fr\/services\/relocation-collaborateurs\/#breadcrumb\",\"itemListElement\":[{\"@type\":\"ListItem\",\"position\":1,\"name\":\"Home\",\"item\":\"https:\/\/welcomehome-london.com\/fr\/\"},{\"@type\":\"ListItem\",\"position\":2,\"name\":\"RELOCATION ET ACHAT IMMOBILIER\",\"item\":\"https:\/\/welcomehome-london.com\/fr\/services\/\"},{\"@type\":\"ListItem\",\"position\":3,\"name\":\"RELOCATION COLLABORATEURS : OFFRE CORPORATE\"}]},{\"@type\":\"WebSite\",\"@id\":\"https:\/\/welcomehome-london.com\/#website\",\"url\":\"https:\/\/welcomehome-london.com\/\",\"name\":\"Welcome Home London\",\"description\":\"Estate Agent\",\"publisher\":{\"@id\":\"https:\/\/welcomehome-london.com\/#organization\"},\"potentialAction\":[{\"@type\":\"SearchAction\",\"target\":{\"@type\":\"EntryPoint\",\"urlTemplate\":\"https:\/\/welcomehome-london.com\/?s={search_term_string}\"},\"query-input\":{\"@type\":\"PropertyValueSpecification\",\"valueRequired\":true,\"valueName\":\"search_term_string\"}}],\"inLanguage\":\"fr-FR\"},{\"@type\":\"Organization\",\"@id\":\"https:\/\/welcomehome-london.com\/#organization\",\"name\":\"Welcome Home London\",\"url\":\"https:\/\/welcomehome-london.com\/\",\"logo\":{\"@type\":\"ImageObject\",\"inLanguage\":\"fr-FR\",\"@id\":\"https:\/\/welcomehome-london.com\/#\/schema\/logo\/image\/\",\"url\":\"https:\/\/welcomehome-london.com\/wp-content\/uploads\/2020\/05\/logo3.png\",\"contentUrl\":\"https:\/\/welcomehome-london.com\/wp-content\/uploads\/2020\/05\/logo3.png\",\"width\":330,\"height\":94,\"caption\":\"Welcome Home London\"},\"image\":{\"@id\":\"https:\/\/welcomehome-london.com\/#\/schema\/logo\/image\/\"}}]}<\/script>\n<!-- \/ Yoast SEO plugin. -->","yoast_head_json":{"title":"Relocation Collaborateurs - Offre Corporate - Welcome Home London","description":"Entreprises, nous accompagnons la relocation collaborateurs de grands groupes \u00e0 Londres : d\u00e9couvrez nos offres exclusives: pr\u00e9visites film\u00e9es, app d\u00e9di\u00e9e","robots":{"index":"index","follow":"follow","max-snippet":"max-snippet:-1","max-image-preview":"max-image-preview:large","max-video-preview":"max-video-preview:-1"},"canonical":"https:\/\/welcomehome-london.com\/fr\/services\/relocation-collaborateurs\/","og_locale":"fr_FR","og_type":"article","og_title":"Relocation Collaborateurs - Offre Corporate - Welcome Home London","og_description":"Entreprises, nous accompagnons la relocation collaborateurs de grands groupes \u00e0 Londres : d\u00e9couvrez nos offres exclusives: pr\u00e9visites film\u00e9es, app d\u00e9di\u00e9e","og_url":"https:\/\/welcomehome-london.com\/fr\/services\/relocation-collaborateurs\/","og_site_name":"Welcome Home London","article_modified_time":"2025-09-12T14:36:03+00:00","twitter_card":"summary_large_image","twitter_misc":{"Dur\u00e9e de lecture estim\u00e9e":"2 minutes"},"schema":{"@context":"https:\/\/schema.org","@graph":[{"@type":"WebPage","@id":"https:\/\/welcomehome-london.com\/fr\/services\/relocation-collaborateurs\/","url":"https:\/\/welcomehome-london.com\/fr\/services\/relocation-collaborateurs\/","name":"Relocation Collaborateurs - Offre Corporate - Welcome Home London","isPartOf":{"@id":"https:\/\/welcomehome-london.com\/#website"},"datePublished":"2020-05-04T17:28:17+00:00","dateModified":"2025-09-12T14:36:03+00:00","description":"Entreprises, nous accompagnons la relocation collaborateurs de grands groupes \u00e0 Londres : d\u00e9couvrez nos offres exclusives: pr\u00e9visites film\u00e9es, app d\u00e9di\u00e9e","breadcrumb":{"@id":"https:\/\/welcomehome-london.com\/fr\/services\/relocation-collaborateurs\/#breadcrumb"},"inLanguage":"fr-FR","potentialAction":[{"@type":"ReadAction","target":["https:\/\/welcomehome-london.com\/fr\/services\/relocation-collaborateurs\/"]}]},{"@type":"BreadcrumbList","@id":"https:\/\/welcomehome-london.com\/fr\/services\/relocation-collaborateurs\/#breadcrumb","itemListElement":[{"@type":"ListItem","position":1,"name":"Home","item":"https:\/\/welcomehome-london.com\/fr\/"},{"@type":"ListItem","position":2,"name":"RELOCATION ET ACHAT IMMOBILIER","item":"https:\/\/welcomehome-london.com\/fr\/services\/"},{"@type":"ListItem","position":3,"name":"RELOCATION COLLABORATEURS : OFFRE CORPORATE"}]},{"@type":"WebSite","@id":"https:\/\/welcomehome-london.com\/#website","url":"https:\/\/welcomehome-london.com\/","name":"Welcome Home London","description":"Estate Agent","publisher":{"@id":"https:\/\/welcomehome-london.com\/#organization"},"potentialAction":[{"@type":"SearchAction","target":{"@type":"EntryPoint","urlTemplate":"https:\/\/welcomehome-london.com\/?s={search_term_string}"},"query-input":{"@type":"PropertyValueSpecification","valueRequired":true,"valueName":"search_term_string"}}],"inLanguage":"fr-FR"},{"@type":"Organization","@id":"https:\/\/welcomehome-london.com\/#organization","name":"Welcome Home London","url":"https:\/\/welcomehome-london.com\/","logo":{"@type":"ImageObject","inLanguage":"fr-FR","@id":"https:\/\/welcomehome-london.com\/#\/schema\/logo\/image\/","url":"https:\/\/welcomehome-london.com\/wp-content\/uploads\/2020\/05\/logo3.png","contentUrl":"https:\/\/welcomehome-london.com\/wp-content\/uploads\/2020\/05\/logo3.png","width":330,"height":94,"caption":"Welcome Home London"},"image":{"@id":"https:\/\/welcomehome-london.com\/#\/schema\/logo\/image\/"}}]}},"_links":{"self":[{"href":"https:\/\/welcomehome-london.com\/fr\/wp-json\/wp\/v2\/pages\/4895","targetHints":{"allow":["GET"]}}],"collection":[{"href":"https:\/\/welcomehome-london.com\/fr\/wp-json\/wp\/v2\/pages"}],"about":[{"href":"https:\/\/welcomehome-london.com\/fr\/wp-json\/wp\/v2\/types\/page"}],"author":[{"embeddable":true,"href":"https:\/\/welcomehome-london.com\/fr\/wp-json\/wp\/v2\/users\/2"}],"replies":[{"embeddable":true,"href":"https:\/\/welcomehome-london.com\/fr\/wp-json\/wp\/v2\/comments?post=4895"}],"version-history":[{"count":55,"href":"https:\/\/welcomehome-london.com\/fr\/wp-json\/wp\/v2\/pages\/4895\/revisions"}],"predecessor-version":[{"id":7703,"href":"https:\/\/welcomehome-london.com\/fr\/wp-json\/wp\/v2\/pages\/4895\/revisions\/7703"}],"up":[{"embeddable":true,"href":"https:\/\/welcomehome-london.com\/fr\/wp-json\/wp\/v2\/pages\/1714"}],"wp:attachment":[{"href":"https:\/\/welcomehome-london.com\/fr\/wp-json\/wp\/v2\/media?parent=4895"}],"curies":[{"name":"wp","href":"https:\/\/api.w.org\/{rel}","templated":true}]}}