{"id":4746,"date":"2020-05-02T15:14:07","date_gmt":"2020-05-02T14:14:07","guid":{"rendered":"http:\/\/welcomehome-london.com\/?page_id=4746"},"modified":"2020-07-24T09:28:21","modified_gmt":"2020-07-24T08:28:21","slug":"orientation-trip","status":"publish","type":"page","link":"https:\/\/welcomehome-london.com\/fr\/services\/orientation-trip\/","title":{"rendered":"ORIENTATION TRIP A LONDRES"},"content":{"rendered":"<div class=\"wpb-content-wrapper\"><p>[vc_row][vc_column width=\u00a0\u00bb1\/2&Prime;][vc_single_image image=\u00a0\u00bb3285&Prime; img_size=\u00a0\u00bbfull\u00a0\u00bb onclick=\u00a0\u00bblink_image\u00a0\u00bb][vc_empty_space height=\u00a0\u00bb30px\u00a0\u00bb][vc_single_image image=\u00a0\u00bb4681&Prime; img_size=\u00a0\u00bbfull\u00a0\u00bb onclick=\u00a0\u00bblink_image\u00a0\u00bb][vc_empty_space height=\u00a0\u00bb30px\u00a0\u00bb][vc_single_image image=\u00a0\u00bb4616&Prime; img_size=\u00a0\u00bbfull\u00a0\u00bb onclick=\u00a0\u00bblink_image\u00a0\u00bb][vc_empty_space height=\u00a0\u00bb30px\u00a0\u00bb][vc_single_image image=\u00a0\u00bb4376&Prime; img_size=\u00a0\u00bbfull\u00a0\u00bb onclick=\u00a0\u00bblink_image\u00a0\u00bb][\/vc_column][vc_column width=\u00a0\u00bb1\/2&Prime;][vc_column_text]<\/p>\n<h4 style=\"margin-top: 0;\">Notre service Orientation Trip<\/h4>\n<p>Si vous ne connaissez pas Londres et souhaitez une <strong>premi\u00e8re session de rep\u00e9rage<\/strong> avant de lancer votre recherche de logement, optez pour notre service Orientation Trip. Nous vous pr\u00e9sentons <strong>sur une journ\u00e9e<\/strong> (ou deux demi-journ\u00e9es) <strong>jusqu&rsquo;\u00e0 3<a href=\"http:\/\/welcomehome-london.com\/fr\/select-your-borough\/\"> quartiers<\/a> diff\u00e9rents correspondant \u00e0 vos crit\u00e8res<\/strong>.<\/p>\n<p>Pour <strong>chaque <a href=\"http:\/\/welcomehome-london.com\/fr\/select-your-borough\/\">quartier<\/a><\/strong>, nous s\u00e9lectionnons <strong>un \u00e0 deux <a href=\"http:\/\/welcomehome-london.com\/fr\/photo-gallery\/\">biens types<\/a><\/strong> et <strong>une \u00e9cole<\/strong> (si n\u00e9cessaire) correspondants \u00e0 votre recherche. Nous les visitons en votre compagnie.<\/p>\n<p><strong>Cette journ\u00e9e d\u2019orientation permet de concentrer votre recherche d\u00e9finitive sur le quartier qui vous aura plus particuli\u00e8rement s\u00e9duit et de gagner en efficacit\u00e9.<\/strong><\/p>\n<p><strong><a href=\"http:\/\/welcomehome-london.com\/fr\/photo-gallery\/\">Galerie photos de biens trouv\u00e9s pour nos clients<\/a><\/strong>[\/vc_column_text][vc_empty_space height=\u00a0\u00bb10px\u00a0\u00bb][vc_empty_space height=\u00a0\u00bb10px\u00a0\u00bb][vc_empty_space height=\u00a0\u00bb10px\u00a0\u00bb][vc_empty_space height=\u00a0\u00bb10px\u00a0\u00bb][vc_column_text]<\/p>\n<h4 style=\"margin-top: 0;\">D\u00e9couvrez la diversit\u00e9 des quartiers londoniens<\/h4>\n<p>Wimbledon ou Richmond pour leur ambiance village et leurs maisons de ma\u00eetre noy\u00e9es dans la verdure ? <a href=\"http:\/\/welcomehome-london.com\/fr\/non-classifiee\/vivre-a-marylebone\/\">Marylebone<\/a> pour ses petits commerces, sa localisation centrale et son chic europ\u00e9en ? <a href=\"http:\/\/welcomehome-london.com\/fr\/borough-fr\/vivre-a-fulham\/\">Fulham<\/a> ou <a href=\"http:\/\/welcomehome-london.com\/fr\/borough-fr\/vivre-a-clapham\/\"><strong>Clapham<\/strong><\/a> pour leur ambiance familiale et leurs parcs ? Hampstead ou <a href=\"http:\/\/welcomehome-london.com\/fr\/borough-fr\/vivre-a-st-johns-wood\/\">St Johns Wood<\/a> pour leur charme et leur atmosph\u00e8re bourgeoise ? <a href=\"http:\/\/welcomehome-london.com\/fr\/borough-fr\/vivre-a-ealing\/\"><strong>Ealing<\/strong><\/a> pour sa proximit\u00e9 avec Heathrow , sa qualit\u00e9 de vie et la qualit\u00e9 de ses \u00e9coles?<\/p>\n<p><strong>L&rsquo;Orientation Trip permet en une seule journ\u00e9e de mieux vous rep\u00e9rer et de choisir le quartier de Londres qui vous correspond<\/strong>. Il est un excellent pr\u00e9ambule \u00e0 votre recherche immobili\u00e8re \u00e0 Londres.<\/p>\n<p><a href=\"http:\/\/welcomehome-london.com\/fr\/select-your-borough\/\"><strong>Guide des meilleurs quartiers de Londres<\/strong><\/a><\/p>\n<p>&nbsp;<\/p>\n<p><strong><a href=\"http:\/\/welcomehome-london.com\/fr\/select-your-own-style\/\">Guide des styles de maisons \u00e0 Londres<\/a><\/strong>[\/vc_column_text][vc_empty_space height=\u00a0\u00bb20px\u00a0\u00bb][vc_column_text]<\/p>\n<h4 style=\"margin-top: 0;\">Vous d\u00e9m\u00e9nagez bient\u00f4t \u00e0 Londres?<\/h4>\n<p><a href=\"http:\/\/welcomehome-london.com\/contact\/\">Contactez-nous<\/a>\u00a0 pour un premier entretien et des conseils gratuits[\/vc_column_text]<ul class=\"iconlist iconlist \"><\/ul>[\/vc_column][\/vc_row]<\/p>\n<\/div>","protected":false},"excerpt":{"rendered":"<p>[vc_row][vc_column width=\u00a0\u00bb1\/2&Prime;][vc_single_image image=\u00a0\u00bb3285&Prime; img_size=\u00a0\u00bbfull\u00a0\u00bb onclick=\u00a0\u00bblink_image\u00a0\u00bb][vc_empty_space height=\u00a0\u00bb30px\u00a0\u00bb][vc_single_image image=\u00a0\u00bb4681&Prime; img_size=\u00a0\u00bbfull\u00a0\u00bb onclick=\u00a0\u00bblink_image\u00a0\u00bb][vc_empty_space height=\u00a0\u00bb30px\u00a0\u00bb][vc_single_image image=\u00a0\u00bb4616&Prime; img_size=\u00a0\u00bbfull\u00a0\u00bb onclick=\u00a0\u00bblink_image\u00a0\u00bb][vc_empty_space height=\u00a0\u00bb30px\u00a0\u00bb][vc_single_image image=\u00a0\u00bb4376&Prime; img_size=\u00a0\u00bbfull\u00a0\u00bb onclick=\u00a0\u00bblink_image\u00a0\u00bb][\/vc_column][vc_column width=\u00a0\u00bb1\/2&Prime;][vc_column_text] Notre service Orientation Trip Si vous ne connaissez pas Londres et souhaitez une premi\u00e8re session de rep\u00e9rage avant de lancer votre recherche de logement, optez pour notre service Orientation Trip. Nous vous pr\u00e9sentons sur une journ\u00e9e (ou [&hellip;]<\/p>\n","protected":false},"author":2,"featured_media":0,"parent":1714,"menu_order":0,"comment_status":"closed","ping_status":"closed","template":"","meta":{"_acf_changed":false,"footnotes":""},"class_list":["post-4746","page","type-page","status-publish","hentry","no-post-thumbnail"],"acf":[],"yoast_head":"<!-- This site is optimized with the Yoast SEO plugin v26.6 - https:\/\/yoast.com\/wordpress\/plugins\/seo\/ -->\n<title>Journ\u00e9e Orientation Trip - Relocation \u00e0 Londres - Welcome Home London<\/title>\n<meta name=\"description\" content=\"Choisissez votre futur quartier \u00e0 Londres gr\u00e2ce \u00e0 notre journ\u00e9e Orientation trip et d\u00e9couvrez en un jour jusqu&#039;\u00e0 3 quartiers r\u00e9sidentiels londoniens.\" \/>\n<meta name=\"robots\" content=\"index, follow, max-snippet:-1, max-image-preview:large, max-video-preview:-1\" \/>\n<link rel=\"canonical\" href=\"https:\/\/welcomehome-london.com\/fr\/services\/orientation-trip\/\" \/>\n<meta property=\"og:locale\" content=\"fr_FR\" \/>\n<meta property=\"og:type\" content=\"article\" \/>\n<meta property=\"og:title\" content=\"Journ\u00e9e Orientation Trip - Relocation \u00e0 Londres - Welcome Home London\" \/>\n<meta property=\"og:description\" content=\"Choisissez votre futur quartier \u00e0 Londres gr\u00e2ce \u00e0 notre journ\u00e9e Orientation trip et d\u00e9couvrez en un jour jusqu&#039;\u00e0 3 quartiers r\u00e9sidentiels londoniens.\" \/>\n<meta property=\"og:url\" content=\"https:\/\/welcomehome-london.com\/fr\/services\/orientation-trip\/\" \/>\n<meta property=\"og:site_name\" content=\"Welcome Home London\" \/>\n<meta property=\"article:modified_time\" content=\"2020-07-24T08:28:21+00:00\" \/>\n<meta name=\"twitter:card\" content=\"summary_large_image\" \/>\n<meta name=\"twitter:label1\" content=\"Dur\u00e9e de lecture estim\u00e9e\" \/>\n\t<meta name=\"twitter:data1\" content=\"2 minutes\" \/>\n<script type=\"application\/ld+json\" class=\"yoast-schema-graph\">{\"@context\":\"https:\/\/schema.org\",\"@graph\":[{\"@type\":\"WebPage\",\"@id\":\"https:\/\/welcomehome-london.com\/fr\/services\/orientation-trip\/\",\"url\":\"https:\/\/welcomehome-london.com\/fr\/services\/orientation-trip\/\",\"name\":\"Journ\u00e9e Orientation Trip - Relocation \u00e0 Londres - Welcome Home London\",\"isPartOf\":{\"@id\":\"https:\/\/welcomehome-london.com\/#website\"},\"datePublished\":\"2020-05-02T14:14:07+00:00\",\"dateModified\":\"2020-07-24T08:28:21+00:00\",\"description\":\"Choisissez votre futur quartier \u00e0 Londres gr\u00e2ce \u00e0 notre journ\u00e9e Orientation trip et d\u00e9couvrez en un jour jusqu'\u00e0 3 quartiers r\u00e9sidentiels londoniens.\",\"breadcrumb\":{\"@id\":\"https:\/\/welcomehome-london.com\/fr\/services\/orientation-trip\/#breadcrumb\"},\"inLanguage\":\"fr-FR\",\"potentialAction\":[{\"@type\":\"ReadAction\",\"target\":[\"https:\/\/welcomehome-london.com\/fr\/services\/orientation-trip\/\"]}]},{\"@type\":\"BreadcrumbList\",\"@id\":\"https:\/\/welcomehome-london.com\/fr\/services\/orientation-trip\/#breadcrumb\",\"itemListElement\":[{\"@type\":\"ListItem\",\"position\":1,\"name\":\"Home\",\"item\":\"https:\/\/welcomehome-london.com\/fr\/\"},{\"@type\":\"ListItem\",\"position\":2,\"name\":\"RELOCATION ET ACHAT IMMOBILIER\",\"item\":\"https:\/\/welcomehome-london.com\/fr\/services\/\"},{\"@type\":\"ListItem\",\"position\":3,\"name\":\"ORIENTATION TRIP A LONDRES\"}]},{\"@type\":\"WebSite\",\"@id\":\"https:\/\/welcomehome-london.com\/#website\",\"url\":\"https:\/\/welcomehome-london.com\/\",\"name\":\"Welcome Home London\",\"description\":\"Estate Agent\",\"publisher\":{\"@id\":\"https:\/\/welcomehome-london.com\/#organization\"},\"potentialAction\":[{\"@type\":\"SearchAction\",\"target\":{\"@type\":\"EntryPoint\",\"urlTemplate\":\"https:\/\/welcomehome-london.com\/?s={search_term_string}\"},\"query-input\":{\"@type\":\"PropertyValueSpecification\",\"valueRequired\":true,\"valueName\":\"search_term_string\"}}],\"inLanguage\":\"fr-FR\"},{\"@type\":\"Organization\",\"@id\":\"https:\/\/welcomehome-london.com\/#organization\",\"name\":\"Welcome Home London\",\"url\":\"https:\/\/welcomehome-london.com\/\",\"logo\":{\"@type\":\"ImageObject\",\"inLanguage\":\"fr-FR\",\"@id\":\"https:\/\/welcomehome-london.com\/#\/schema\/logo\/image\/\",\"url\":\"https:\/\/welcomehome-london.com\/wp-content\/uploads\/2020\/05\/logo3.png\",\"contentUrl\":\"https:\/\/welcomehome-london.com\/wp-content\/uploads\/2020\/05\/logo3.png\",\"width\":330,\"height\":94,\"caption\":\"Welcome Home London\"},\"image\":{\"@id\":\"https:\/\/welcomehome-london.com\/#\/schema\/logo\/image\/\"}}]}<\/script>\n<!-- \/ Yoast SEO plugin. -->","yoast_head_json":{"title":"Journ\u00e9e Orientation Trip - Relocation \u00e0 Londres - Welcome Home London","description":"Choisissez votre futur quartier \u00e0 Londres gr\u00e2ce \u00e0 notre journ\u00e9e Orientation trip et d\u00e9couvrez en un jour jusqu'\u00e0 3 quartiers r\u00e9sidentiels londoniens.","robots":{"index":"index","follow":"follow","max-snippet":"max-snippet:-1","max-image-preview":"max-image-preview:large","max-video-preview":"max-video-preview:-1"},"canonical":"https:\/\/welcomehome-london.com\/fr\/services\/orientation-trip\/","og_locale":"fr_FR","og_type":"article","og_title":"Journ\u00e9e Orientation Trip - Relocation \u00e0 Londres - Welcome Home London","og_description":"Choisissez votre futur quartier \u00e0 Londres gr\u00e2ce \u00e0 notre journ\u00e9e Orientation trip et d\u00e9couvrez en un jour jusqu'\u00e0 3 quartiers r\u00e9sidentiels londoniens.","og_url":"https:\/\/welcomehome-london.com\/fr\/services\/orientation-trip\/","og_site_name":"Welcome Home London","article_modified_time":"2020-07-24T08:28:21+00:00","twitter_card":"summary_large_image","twitter_misc":{"Dur\u00e9e de lecture estim\u00e9e":"2 minutes"},"schema":{"@context":"https:\/\/schema.org","@graph":[{"@type":"WebPage","@id":"https:\/\/welcomehome-london.com\/fr\/services\/orientation-trip\/","url":"https:\/\/welcomehome-london.com\/fr\/services\/orientation-trip\/","name":"Journ\u00e9e Orientation Trip - Relocation \u00e0 Londres - Welcome Home London","isPartOf":{"@id":"https:\/\/welcomehome-london.com\/#website"},"datePublished":"2020-05-02T14:14:07+00:00","dateModified":"2020-07-24T08:28:21+00:00","description":"Choisissez votre futur quartier \u00e0 Londres gr\u00e2ce \u00e0 notre journ\u00e9e Orientation trip et d\u00e9couvrez en un jour jusqu'\u00e0 3 quartiers r\u00e9sidentiels londoniens.","breadcrumb":{"@id":"https:\/\/welcomehome-london.com\/fr\/services\/orientation-trip\/#breadcrumb"},"inLanguage":"fr-FR","potentialAction":[{"@type":"ReadAction","target":["https:\/\/welcomehome-london.com\/fr\/services\/orientation-trip\/"]}]},{"@type":"BreadcrumbList","@id":"https:\/\/welcomehome-london.com\/fr\/services\/orientation-trip\/#breadcrumb","itemListElement":[{"@type":"ListItem","position":1,"name":"Home","item":"https:\/\/welcomehome-london.com\/fr\/"},{"@type":"ListItem","position":2,"name":"RELOCATION ET ACHAT IMMOBILIER","item":"https:\/\/welcomehome-london.com\/fr\/services\/"},{"@type":"ListItem","position":3,"name":"ORIENTATION TRIP A LONDRES"}]},{"@type":"WebSite","@id":"https:\/\/welcomehome-london.com\/#website","url":"https:\/\/welcomehome-london.com\/","name":"Welcome Home London","description":"Estate Agent","publisher":{"@id":"https:\/\/welcomehome-london.com\/#organization"},"potentialAction":[{"@type":"SearchAction","target":{"@type":"EntryPoint","urlTemplate":"https:\/\/welcomehome-london.com\/?s={search_term_string}"},"query-input":{"@type":"PropertyValueSpecification","valueRequired":true,"valueName":"search_term_string"}}],"inLanguage":"fr-FR"},{"@type":"Organization","@id":"https:\/\/welcomehome-london.com\/#organization","name":"Welcome Home London","url":"https:\/\/welcomehome-london.com\/","logo":{"@type":"ImageObject","inLanguage":"fr-FR","@id":"https:\/\/welcomehome-london.com\/#\/schema\/logo\/image\/","url":"https:\/\/welcomehome-london.com\/wp-content\/uploads\/2020\/05\/logo3.png","contentUrl":"https:\/\/welcomehome-london.com\/wp-content\/uploads\/2020\/05\/logo3.png","width":330,"height":94,"caption":"Welcome Home London"},"image":{"@id":"https:\/\/welcomehome-london.com\/#\/schema\/logo\/image\/"}}]}},"_links":{"self":[{"href":"https:\/\/welcomehome-london.com\/fr\/wp-json\/wp\/v2\/pages\/4746","targetHints":{"allow":["GET"]}}],"collection":[{"href":"https:\/\/welcomehome-london.com\/fr\/wp-json\/wp\/v2\/pages"}],"about":[{"href":"https:\/\/welcomehome-london.com\/fr\/wp-json\/wp\/v2\/types\/page"}],"author":[{"embeddable":true,"href":"https:\/\/welcomehome-london.com\/fr\/wp-json\/wp\/v2\/users\/2"}],"replies":[{"embeddable":true,"href":"https:\/\/welcomehome-london.com\/fr\/wp-json\/wp\/v2\/comments?post=4746"}],"version-history":[{"count":24,"href":"https:\/\/welcomehome-london.com\/fr\/wp-json\/wp\/v2\/pages\/4746\/revisions"}],"predecessor-version":[{"id":6644,"href":"https:\/\/welcomehome-london.com\/fr\/wp-json\/wp\/v2\/pages\/4746\/revisions\/6644"}],"up":[{"embeddable":true,"href":"https:\/\/welcomehome-london.com\/fr\/wp-json\/wp\/v2\/pages\/1714"}],"wp:attachment":[{"href":"https:\/\/welcomehome-london.com\/fr\/wp-json\/wp\/v2\/media?parent=4746"}],"curies":[{"name":"wp","href":"https:\/\/api.w.org\/{rel}","templated":true}]}}