{"id":4410,"date":"2020-04-29T20:18:07","date_gmt":"2020-04-29T19:18:07","guid":{"rendered":"http:\/\/welcomehome-london.com\/?page_id=4410"},"modified":"2023-02-21T18:39:57","modified_gmt":"2023-02-21T17:39:57","slug":"meilleure-agence-de-relocation-a-londres","status":"publish","type":"page","link":"https:\/\/welcomehome-london.com\/fr\/meilleure-agence-de-relocation-a-londres\/","title":{"rendered":"UNE AGENCE \u00ab\u00a0BOUTIQUE\u00a0\u00bb"},"content":{"rendered":"<div class=\"wpb-content-wrapper\"><p>[vc_row][vc_column][vc_row_inner][vc_column_inner][vc_column_text]<\/p>\n<h3><span style=\"color: #993366;\">Meilleure agence de relocation \u00e0 Londres&#8230;<\/span><\/h3>\n<p><strong>&#8230;pour les recommandations clients et la qualit\u00e9 de service, Welcome Home London propose \u00e0 ses clients particuliers ou entreprises une prestation personnalis\u00e9e. Pour vos recherches de logement, boutique ou bureau \u00e0 Londres, nous d\u00e9nichons le bien id\u00e9al. Notre service unique de pr\u00e9-visites vid\u00e9os et notre app d\u00e9di\u00e9e font de nous la meilleure agence de relocation \u00e0 Londres pour la <a href=\"http:\/\/welcomehome-london.com\/fr\/temoignages-clients\/\">relation client<\/a>.\u00a0<\/strong>[\/vc_column_text][\/vc_column_inner][\/vc_row_inner][vc_empty_space height=\u00a0\u00bb50px\u00a0\u00bb][\/vc_column][\/vc_row][vc_row][vc_column width=\u00a0\u00bb1\/2&Prime;][vc_single_image image=\u00a0\u00bb2793&Prime; img_size=\u00a0\u00bb500&#215;465&Prime;][\/vc_column][vc_column width=\u00a0\u00bb1\/2&Prime;][vc_column_text css=\u00a0\u00bb.vc_custom_1589542392116{padding-top: 50px !important;padding-right: 50px !important;padding-bottom: 50px !important;padding-left: 50px !important;background-color: #f2f2f2 !important;}\u00a0\u00bb]<\/p>\n<h6 style=\"margin-top: 0; line-height: 1.8;\">\u00ab<em>J\u2019ai crois\u00e9 \u00e0 Londres tant d\u2019expatri\u00e9s frustr\u00e9s par leur relocation. Ils avaient encha\u00een\u00e9 les visites inutiles de propri\u00e9t\u00e9s que leur agence n\u2019avait pas pris la peine de pr\u00e9-visiter. Parce que le march\u00e9 immobilier londonien est tendu, on conditionne les gens \u00e0 accepter le premier bien d\u00e9cent par peur de ne pas trouver mieux. Une expatriation \u00e0 Londres est un projet qui m\u00e9rite mieux qu\u2019un choix par d\u00e9faut. J&rsquo;ai souhait\u00e9 apporter de la valeur ajout\u00e9e aux services de relocation. <strong>Nous sommes la seule agence \u00e0 Londres \u00e0 pr\u00e9-visiter syst\u00e9matiquement les biens s\u00e9lectionn\u00e9s. <\/strong>Cela \u00e9vite \u00e0 nos clients perte de temps et frustration. Le<strong> client re\u00e7oit les vid\u00e9os de <\/strong><\/em><em><strong>chaque bien visit\u00e9 <\/strong><\/em><em><strong>sur <\/strong><\/em><em><strong>notre application d\u00e9di\u00e9e et <\/strong><\/em><em><strong>effectue sa pr\u00e9-s\u00e9lection<\/strong>. Gr\u00e2ce \u00e0 ce service cl\u00e9 en main, de plus en plus de clients choisissent leur logement sans se d\u00e9placer. Et <strong>100% de nos clients recommandent nos services<\/strong>.\u00bb<\/em><\/h6>\n<h6><i><a href=\"https:\/\/www.linkedin.com\/in\/steph-baroin-welcomehomelondon\/\">St\u00e9phanie Baroin<\/a>, fondatrice de Welcome Home London<\/i><\/h6>\n<p>[\/vc_column_text][\/vc_column][\/vc_row][vc_row][vc_column][vc_empty_space height=\u00a0\u00bb80px\u00a0\u00bb][\/vc_column][\/vc_row][vc_row][vc_column width=\u00a0\u00bb1\/2&Prime;][vc_single_image image=\u00a0\u00bb7285&Prime; img_size=\u00a0\u00bb500&#215;465&Prime;][\/vc_column][vc_column width=\u00a0\u00bb1\/2&Prime;][vc_column_text css=\u00a0\u00bb.vc_custom_1677001195021{padding-top: 50px !important;padding-right: 50px !important;padding-bottom: 50px !important;padding-left: 50px !important;background-color: #f2f2f2 !important;}\u00a0\u00bb]<\/p>\n<h6 style=\"margin-top: 0; line-height: 1.8;\">Louisa est une Canadienne qui a v\u00e9cu \u00e0 Londres depuis plus de 20 ans. Forte d\u2019un parcours professionnel riche, elle a travaill\u00e9 \u00e0 Londres au sein de grandes banques internationales comme la Soci\u00e9t\u00e9 G\u00e9n\u00e9rale et Citigroup, puis \u00e0 Toronto en tant qu\u2019agent immobilier. C\u2019est une n\u00e9gociatrice exp\u00e9riment\u00e9e qui cherche toujours \u00e0 obtenir le meilleur pour ses clients. Louisa a une parfaite connaissance des quartiers de Londres, et partage ses conseils \u00e9clair\u00e9s aussi bien pour la vie de quartier que pour les meilleurs bars et restaurants de la nuit londonienne.<\/h6>\n<p>[\/vc_column_text][\/vc_column][\/vc_row][vc_row][vc_column][vc_empty_space height=\u00a0\u00bb80px\u00a0\u00bb][\/vc_column][\/vc_row][vc_row][vc_column][vc_column_text]<\/p>\n<h3 class=\"scheme\">A l\u2019origine<\/h3>\n<p>St\u00e9phanie Baroin est passionn\u00e9e d\u2019immobilier depuis plus de 20 ans. Apr\u00e8s une carri\u00e8re internationale consacr\u00e9e \u00e0 am\u00e9liorer l\u2019exp\u00e9rience client pour de grands groupes internationaux, St\u00e9phanie s\u2019est install\u00e9e \u00e0 Londres en 2014. Elle associe enfin sa passion pour l\u2019immobilier et son expertise de la satisfaction client en cr\u00e9ant Welcome Home London. Ses talents de n\u00e9gociatrice et son <strong><a href=\"http:\/\/welcomehome-london.com\/fr\/nos-partenaires\/\">r\u00e9seau de partenaires qualifi\u00e9s<\/a><\/strong> sont ses meilleurs atouts pour garantir la satisfaction de ses clients.[\/vc_column_text][\/vc_column][\/vc_row][vc_row][vc_column][vc_row_inner][vc_column_inner][vc_column_text]<\/p>\n<h3 class=\"scheme\">Vision<\/h3>\n<p>Etre la meilleure agence de relocation \u00e0 Londres en terme de <a href=\"http:\/\/welcomehome-london.com\/fr\/temoignages-clients\/\"><strong>qualit\u00e9 de service<\/strong><\/a> et de recommandation clients. Satisfaire nos clients en leur offrant \u00e9coute, conseil et empathie lors de leur arriv\u00e9e \u00e0 Londres.<\/p>\n<h3 class=\"scheme\">Valeurs<\/h3>\n<p>Pour nous l\u2019accompagnement et le conseil, c\u2019est avant tout une relation humaine. C\u2019est pourquoi toutes nos missions sont effectu\u00e9es en privil\u00e9giant l\u2019\u00e9coute et la compr\u00e9hension de nos clients, et en nous engageant totalement \u00e0 leur service.[\/vc_column_text][\/vc_column_inner][\/vc_row_inner][vc_empty_space height=\u00a0\u00bb50px\u00a0\u00bb][\/vc_column][\/vc_row][vc_row][vc_column][vc_widget_sidebar][\/vc_column][\/vc_row]<\/p>\n<\/div>","protected":false},"excerpt":{"rendered":"<p>[vc_row][vc_column][vc_row_inner][vc_column_inner][vc_column_text] Meilleure agence de relocation \u00e0 Londres&#8230; &#8230;pour les recommandations clients et la qualit\u00e9 de service, Welcome Home London propose \u00e0 ses clients particuliers ou entreprises une prestation personnalis\u00e9e. Pour vos recherches de logement, boutique ou bureau \u00e0 Londres, nous d\u00e9nichons le bien id\u00e9al. Notre service unique de pr\u00e9-visites vid\u00e9os et notre app d\u00e9di\u00e9e font [&hellip;]<\/p>\n","protected":false},"author":4,"featured_media":0,"parent":0,"menu_order":0,"comment_status":"closed","ping_status":"closed","template":"","meta":{"_acf_changed":false,"footnotes":""},"class_list":["post-4410","page","type-page","status-publish","hentry","no-post-thumbnail"],"acf":[],"yoast_head":"<!-- This site is optimized with the Yoast SEO plugin v26.6 - https:\/\/yoast.com\/wordpress\/plugins\/seo\/ -->\n<title>Meilleure agence de relocation \u00e0 Londres - Welcome Home London<\/title>\n<meta name=\"description\" content=\"Meilleure agence de relocation \u00e0 Londres pour la recommandation clients et la qualit\u00e9 de service, nous offrons un service exclusif de pr\u00e9-visites film\u00e9es.\" \/>\n<meta name=\"robots\" content=\"index, follow, max-snippet:-1, max-image-preview:large, max-video-preview:-1\" \/>\n<link rel=\"canonical\" href=\"https:\/\/welcomehome-london.com\/fr\/meilleure-agence-de-relocation-a-londres\/\" \/>\n<meta property=\"og:locale\" content=\"fr_FR\" \/>\n<meta property=\"og:type\" content=\"article\" \/>\n<meta property=\"og:title\" content=\"Meilleure agence de relocation \u00e0 Londres - Welcome Home London\" \/>\n<meta property=\"og:description\" content=\"Meilleure agence de relocation \u00e0 Londres pour la recommandation clients et la qualit\u00e9 de service, nous offrons un service exclusif de pr\u00e9-visites film\u00e9es.\" \/>\n<meta property=\"og:url\" content=\"https:\/\/welcomehome-london.com\/fr\/meilleure-agence-de-relocation-a-londres\/\" \/>\n<meta property=\"og:site_name\" content=\"Welcome Home London\" \/>\n<meta property=\"article:modified_time\" content=\"2023-02-21T17:39:57+00:00\" \/>\n<meta name=\"twitter:card\" content=\"summary_large_image\" \/>\n<meta name=\"twitter:label1\" content=\"Dur\u00e9e de lecture estim\u00e9e\" \/>\n\t<meta name=\"twitter:data1\" content=\"3 minutes\" \/>\n<script type=\"application\/ld+json\" class=\"yoast-schema-graph\">{\"@context\":\"https:\/\/schema.org\",\"@graph\":[{\"@type\":\"WebPage\",\"@id\":\"https:\/\/welcomehome-london.com\/fr\/meilleure-agence-de-relocation-a-londres\/\",\"url\":\"https:\/\/welcomehome-london.com\/fr\/meilleure-agence-de-relocation-a-londres\/\",\"name\":\"Meilleure agence de relocation \u00e0 Londres - Welcome Home London\",\"isPartOf\":{\"@id\":\"https:\/\/welcomehome-london.com\/#website\"},\"datePublished\":\"2020-04-29T19:18:07+00:00\",\"dateModified\":\"2023-02-21T17:39:57+00:00\",\"description\":\"Meilleure agence de relocation \u00e0 Londres pour la recommandation clients et la qualit\u00e9 de service, nous offrons un service exclusif de pr\u00e9-visites film\u00e9es.\",\"breadcrumb\":{\"@id\":\"https:\/\/welcomehome-london.com\/fr\/meilleure-agence-de-relocation-a-londres\/#breadcrumb\"},\"inLanguage\":\"fr-FR\",\"potentialAction\":[{\"@type\":\"ReadAction\",\"target\":[\"https:\/\/welcomehome-london.com\/fr\/meilleure-agence-de-relocation-a-londres\/\"]}]},{\"@type\":\"BreadcrumbList\",\"@id\":\"https:\/\/welcomehome-london.com\/fr\/meilleure-agence-de-relocation-a-londres\/#breadcrumb\",\"itemListElement\":[{\"@type\":\"ListItem\",\"position\":1,\"name\":\"Home\",\"item\":\"https:\/\/welcomehome-london.com\/fr\/\"},{\"@type\":\"ListItem\",\"position\":2,\"name\":\"UNE AGENCE \u00ab\u00a0BOUTIQUE\u00a0\u00bb\"}]},{\"@type\":\"WebSite\",\"@id\":\"https:\/\/welcomehome-london.com\/#website\",\"url\":\"https:\/\/welcomehome-london.com\/\",\"name\":\"Welcome Home London\",\"description\":\"Estate Agent\",\"publisher\":{\"@id\":\"https:\/\/welcomehome-london.com\/#organization\"},\"potentialAction\":[{\"@type\":\"SearchAction\",\"target\":{\"@type\":\"EntryPoint\",\"urlTemplate\":\"https:\/\/welcomehome-london.com\/?s={search_term_string}\"},\"query-input\":{\"@type\":\"PropertyValueSpecification\",\"valueRequired\":true,\"valueName\":\"search_term_string\"}}],\"inLanguage\":\"fr-FR\"},{\"@type\":\"Organization\",\"@id\":\"https:\/\/welcomehome-london.com\/#organization\",\"name\":\"Welcome Home London\",\"url\":\"https:\/\/welcomehome-london.com\/\",\"logo\":{\"@type\":\"ImageObject\",\"inLanguage\":\"fr-FR\",\"@id\":\"https:\/\/welcomehome-london.com\/#\/schema\/logo\/image\/\",\"url\":\"https:\/\/welcomehome-london.com\/wp-content\/uploads\/2020\/05\/logo3.png\",\"contentUrl\":\"https:\/\/welcomehome-london.com\/wp-content\/uploads\/2020\/05\/logo3.png\",\"width\":330,\"height\":94,\"caption\":\"Welcome Home London\"},\"image\":{\"@id\":\"https:\/\/welcomehome-london.com\/#\/schema\/logo\/image\/\"}}]}<\/script>\n<!-- \/ Yoast SEO plugin. -->","yoast_head_json":{"title":"Meilleure agence de relocation \u00e0 Londres - Welcome Home London","description":"Meilleure agence de relocation \u00e0 Londres pour la recommandation clients et la qualit\u00e9 de service, nous offrons un service exclusif de pr\u00e9-visites film\u00e9es.","robots":{"index":"index","follow":"follow","max-snippet":"max-snippet:-1","max-image-preview":"max-image-preview:large","max-video-preview":"max-video-preview:-1"},"canonical":"https:\/\/welcomehome-london.com\/fr\/meilleure-agence-de-relocation-a-londres\/","og_locale":"fr_FR","og_type":"article","og_title":"Meilleure agence de relocation \u00e0 Londres - Welcome Home London","og_description":"Meilleure agence de relocation \u00e0 Londres pour la recommandation clients et la qualit\u00e9 de service, nous offrons un service exclusif de pr\u00e9-visites film\u00e9es.","og_url":"https:\/\/welcomehome-london.com\/fr\/meilleure-agence-de-relocation-a-londres\/","og_site_name":"Welcome Home London","article_modified_time":"2023-02-21T17:39:57+00:00","twitter_card":"summary_large_image","twitter_misc":{"Dur\u00e9e de lecture estim\u00e9e":"3 minutes"},"schema":{"@context":"https:\/\/schema.org","@graph":[{"@type":"WebPage","@id":"https:\/\/welcomehome-london.com\/fr\/meilleure-agence-de-relocation-a-londres\/","url":"https:\/\/welcomehome-london.com\/fr\/meilleure-agence-de-relocation-a-londres\/","name":"Meilleure agence de relocation \u00e0 Londres - Welcome Home London","isPartOf":{"@id":"https:\/\/welcomehome-london.com\/#website"},"datePublished":"2020-04-29T19:18:07+00:00","dateModified":"2023-02-21T17:39:57+00:00","description":"Meilleure agence de relocation \u00e0 Londres pour la recommandation clients et la qualit\u00e9 de service, nous offrons un service exclusif de pr\u00e9-visites film\u00e9es.","breadcrumb":{"@id":"https:\/\/welcomehome-london.com\/fr\/meilleure-agence-de-relocation-a-londres\/#breadcrumb"},"inLanguage":"fr-FR","potentialAction":[{"@type":"ReadAction","target":["https:\/\/welcomehome-london.com\/fr\/meilleure-agence-de-relocation-a-londres\/"]}]},{"@type":"BreadcrumbList","@id":"https:\/\/welcomehome-london.com\/fr\/meilleure-agence-de-relocation-a-londres\/#breadcrumb","itemListElement":[{"@type":"ListItem","position":1,"name":"Home","item":"https:\/\/welcomehome-london.com\/fr\/"},{"@type":"ListItem","position":2,"name":"UNE AGENCE \u00ab\u00a0BOUTIQUE\u00a0\u00bb"}]},{"@type":"WebSite","@id":"https:\/\/welcomehome-london.com\/#website","url":"https:\/\/welcomehome-london.com\/","name":"Welcome Home London","description":"Estate Agent","publisher":{"@id":"https:\/\/welcomehome-london.com\/#organization"},"potentialAction":[{"@type":"SearchAction","target":{"@type":"EntryPoint","urlTemplate":"https:\/\/welcomehome-london.com\/?s={search_term_string}"},"query-input":{"@type":"PropertyValueSpecification","valueRequired":true,"valueName":"search_term_string"}}],"inLanguage":"fr-FR"},{"@type":"Organization","@id":"https:\/\/welcomehome-london.com\/#organization","name":"Welcome Home London","url":"https:\/\/welcomehome-london.com\/","logo":{"@type":"ImageObject","inLanguage":"fr-FR","@id":"https:\/\/welcomehome-london.com\/#\/schema\/logo\/image\/","url":"https:\/\/welcomehome-london.com\/wp-content\/uploads\/2020\/05\/logo3.png","contentUrl":"https:\/\/welcomehome-london.com\/wp-content\/uploads\/2020\/05\/logo3.png","width":330,"height":94,"caption":"Welcome Home London"},"image":{"@id":"https:\/\/welcomehome-london.com\/#\/schema\/logo\/image\/"}}]}},"_links":{"self":[{"href":"https:\/\/welcomehome-london.com\/fr\/wp-json\/wp\/v2\/pages\/4410","targetHints":{"allow":["GET"]}}],"collection":[{"href":"https:\/\/welcomehome-london.com\/fr\/wp-json\/wp\/v2\/pages"}],"about":[{"href":"https:\/\/welcomehome-london.com\/fr\/wp-json\/wp\/v2\/types\/page"}],"author":[{"embeddable":true,"href":"https:\/\/welcomehome-london.com\/fr\/wp-json\/wp\/v2\/users\/4"}],"replies":[{"embeddable":true,"href":"https:\/\/welcomehome-london.com\/fr\/wp-json\/wp\/v2\/comments?post=4410"}],"version-history":[{"count":52,"href":"https:\/\/welcomehome-london.com\/fr\/wp-json\/wp\/v2\/pages\/4410\/revisions"}],"predecessor-version":[{"id":7298,"href":"https:\/\/welcomehome-london.com\/fr\/wp-json\/wp\/v2\/pages\/4410\/revisions\/7298"}],"wp:attachment":[{"href":"https:\/\/welcomehome-london.com\/fr\/wp-json\/wp\/v2\/media?parent=4410"}],"curies":[{"name":"wp","href":"https:\/\/api.w.org\/{rel}","templated":true}]}}