{"id":4336,"date":"2020-04-29T17:56:39","date_gmt":"2020-04-29T16:56:39","guid":{"rendered":"http:\/\/welcomehome-london.com\/?page_id=4336"},"modified":"2022-03-30T13:25:48","modified_gmt":"2022-03-30T12:25:48","slug":"notre-difference","status":"publish","type":"page","link":"https:\/\/welcomehome-london.com\/fr\/notre-difference\/","title":{"rendered":"NOTRE DIFFERENCE"},"content":{"rendered":"<div class=\"wpb-content-wrapper\"><p>[vc_row css=\u00a0\u00bb.vc_custom_1588186473439{margin-top: -15px !important;margin-bottom: 20px !important;}\u00a0\u00bb][vc_column][vc_column_text]<\/p>\r\n<h3 class=\"scheme\" style=\"text-align: center;\">Notre diff\u00e9rence&#8230; gain de temps et service personnalis\u00e9<\/h3>\r\n<p class=\"scheme\" style=\"text-align: center;\"><span style=\"color: #333333;\"><strong><em>D\u00e9couvrez notre diff\u00e9rence et notre niveau de service in\u00e9gal\u00e9<\/em><\/strong><\/span><\/p>\r\n<p>[\/vc_column_text][\/vc_column][\/vc_row][vc_row full_width=\u00a0\u00bbstretch_row\u00a0\u00bb css=\u00a0\u00bb.vc_custom_1588186844977{margin-top: 25px !important;margin-bottom: -55px !important;padding-top: 50px !important;padding-bottom: 70px !important;background-color: #eeeeee !important;background-position: 0 0 !important;background-repeat: no-repeat !important;}\u00a0\u00bb][vc_column width=\u00a0\u00bb1\/4&Prime;][vc_column_text el_class=\u00a0\u00bbbox-services\u00a0\u00bb]<\/p>\r\n<h3 class=\"divider\" style=\"margin-top: 8px; margin-bottom: 30px;\">Une s\u00e9lection sur mesure<\/h3>\r\n<p><strong><u>Nous prenons le temps de d\u00e9couvrir nos clients et de d\u00e9finir pr\u00e9cis\u00e9ment leurs besoins et leurs attentes lors d\u2019un entretien individuel<\/u><\/strong><\/p>\r\n<p>Aucune perte de temps : la garantie que tous les biens que nous vous proposons r\u00e9pondent \u00e0 tous vos crit\u00e8res<\/p>\r\n<p>[\/vc_column_text][\/vc_column][vc_column width=\u00a0\u00bb1\/4&Prime;][vc_column_text el_class=\u00a0\u00bbbox-services\u00a0\u00bb]<\/p>\r\n<h3 class=\"divider\" style=\"margin-top: 8px; margin-bottom: 30px;\">L&rsquo;acc\u00e8s aux meilleurs biens<\/h3>\r\n<p><a class=\"btn btn-primary hover-popup\" data-fancybox=\"\" data-src=\"#selectableModal\"><strong><u>Nous n\u2019acceptons aucune commission des agents immobiliers<\/u><\/strong><\/a><\/p>\r\n<p>Nous garantissons \u00e0 nos clients l\u2019acc\u00e8s \u00e0 100% du march\u00e9 et leur offrons le choix le plus large possible.<\/p>\r\n<p>Notre statut d\u2019ind\u00e9pendant nous permet de n\u00e9gocier aupr\u00e8s des agences et des propri\u00e9taires les meilleures conditions pour nos clients (loyer, d\u00e9marrage et dur\u00e9e du bail, travaux, break clause, requ\u00eates sp\u00e9cifiques)<\/p>\r\n<p>[\/vc_column_text][\/vc_column][vc_column width=\u00a0\u00bb1\/4&Prime;][vc_column_text el_class=\u00a0\u00bbbox-services\u00a0\u00bb]<\/p>\r\n<h3 class=\"divider\" style=\"margin-top: 8px; margin-bottom: 30px;\">Pr\u00e9-visites syst\u00e9matiques<\/h3>\r\n<p><strong><u>Nous pr\u00e9-visitons syst\u00e9matiquement tous les biens s\u00e9lectionn\u00e9s<\/u><\/strong><\/p>\r\n<p>Nos clients ne perdent pas de temps en visites inutiles.<\/p>\r\n<p>Nous sommes les seuls \u00e0 Londres \u00e0 offrir la pr\u00e9-visite syst\u00e9matique des biens s\u00e9lectionn\u00e9s<\/p>\r\n<p>[\/vc_column_text][\/vc_column][vc_column width=\u00a0\u00bb1\/4&Prime;][vc_column_text el_class=\u00a0\u00bbbox-services\u00a0\u00bb]<\/p>\r\n<h3 class=\"divider\" style=\"margin-top: 8px; margin-bottom: 30px;\">Vid\u00e9os et app client d\u00e9di\u00e9e<\/h3>\r\n<p><strong><u>Nous communiquons syst\u00e9matiquement une vid\u00e9o et un rapport d\u00e9taill\u00e9 suite aux pr\u00e9-visites, via l&rsquo;app Welcome Home London<\/u><\/strong><\/p>\r\n<p>Un nombre croissant de nos clients prennent leur d\u00e9cision \u00e0 distance, sur la base de nos vid\u00e9os, sans m\u00eame faire le d\u00e9placement \u00e0 Londres. Ils se d\u00e9clarent tous ravis de ce choix.<\/p>\r\n<p>Une recherche efficace depuis le confort de leur canap\u00e9, synonyme de gain de temps, d\u2019argent et de stress.<\/p>\r\n<p>[\/vc_column_text][\/vc_column][\/vc_row][vc_row][vc_column][vc_gutenberg]<\/p>\r\n<p>&nbsp;<\/p>\r\n\n\n        <div style=\"display: none;max-width:700px;\" id=\"selectableModal\">\n          <h2 data-selectable=\"true\" style=\"color:rgb(180, 192, 201);\">En quoi est-ce important de ne pas accepter de partage de commission?<\/h2>\n          <p data-selectable=\"true\" style=\"color:#fff;\">Les agents de relocation travaillant \u00e0 la commission agence n\u2019ont pas acc\u00e8s \u00e0 tout le march\u00e9, mais uniquement aux biens pour lesquels les agences immobili\u00e8res leur offrent une commission. La s\u00e9lection qu\u2019ils proposent est donc r\u00e9duite, elle exclut les biens exclusifs hors commission (les meilleures options) et les biens off-market. Chez Welcome Home London, nous refusons toute commission et ne nous r\u00e9mun\u00e9rons qu\u2019aupr\u00e8s de notre client, qui est notre seul donneur d\u2019ordre. Notre ind\u00e9pendance nous permet de garantir \u00e0 nos clients l\u2019acc\u00e8s \u00e0 100% du march\u00e9 et la meilleure n\u00e9gociation.<\/p>\n        <\/div>\n        \r\n<div style=\"display: none;max-width:700px;\" id=\"selectableModal\">\n          <h2 data-selectable=\"true\" style=\"color:rgb(180, 192, 201);\">En quoi est-ce important de ne pas accepter de partage de commission?<\/h2>\n          <p data-selectable=\"true\" style=\"color:#fff;\">Les agents de relocation qui travaillent \u00e0 la commission agence (\u201csplit commission\u201d) n\u2019ont acc\u00e8s qu\u2019\u00e0 une petite partie du march\u00e9. Ils ne peuvent faire visiter que des biens pour lesquels les agences immobili\u00e8res proposent une commission \u00e0 toute personne leur amenant un locataire. Les propri\u00e9t\u00e9s sur lesquelles les agences acceptent de partager leur commission sont bien \u00e9videmment les moins attractives du march\u00e9. Les clients d\u2019agents de relocation travaillant \u00e0 la commission n\u2019auront donc pas acc\u00e8s aux biens exclusifs, aux meilleures propri\u00e9t\u00e9s du march\u00e9 ou aux biens off market. Chez Welcome Home London, nous refusons toute commission et ne nous r\u00e9mun\u00e9rons qu\u2019aupr\u00e8s de notre client, qui est notre seul donneur d\u2019ordre. Nous garantissons \u00e0 nos clients l\u2019acc\u00e8s \u00e0 100% du march\u00e9 et lui offrons le choix le plus large possible.<\/p>\n        <\/div>\n        [\/vc_gutenberg][\/vc_column][\/vc_row][vc_row][vc_column][vc_empty_space][\/vc_column][\/vc_row][vc_row][vc_column][vc_column_text]<\/p>\r\n<h3 style=\"margin-top: 0px; text-align: center;\"><span style=\"color: #993366;\">Notre diff\u00e9rence&#8230; l&rsquo;acc\u00e8s aux meilleurs biens du march\u00e9<\/span><\/h3>\r\n<p><img loading=\"lazy\" decoding=\"async\" class=\"alignnone size-large wp-image-6225\" src=\"https:\/\/welcomehome-london.com\/wp-content\/uploads\/2020\/05\/Victorian_conversion_welcome_home_london-1024x255.jpg\" alt=\"notre diff\u00e9rence - des biens exceptionnels\" width=\"1024\" height=\"255\" srcset=\"https:\/\/welcomehome-london.com\/wp-content\/uploads\/2020\/05\/Victorian_conversion_welcome_home_london-1024x255.jpg 1024w, https:\/\/welcomehome-london.com\/wp-content\/uploads\/2020\/05\/Victorian_conversion_welcome_home_london-300x75.jpg 300w, https:\/\/welcomehome-london.com\/wp-content\/uploads\/2020\/05\/Victorian_conversion_welcome_home_london-768x191.jpg 768w, https:\/\/welcomehome-london.com\/wp-content\/uploads\/2020\/05\/Victorian_conversion_welcome_home_london-555x138.jpg 555w, https:\/\/welcomehome-london.com\/wp-content\/uploads\/2020\/05\/Victorian_conversion_welcome_home_london.jpg 1049w\" sizes=\"auto, (max-width: 1024px) 100vw, 1024px\" \/><\/p>\r\n<p>[\/vc_column_text][\/vc_column][\/vc_row]<\/p><\/div>","protected":false},"excerpt":{"rendered":"<p>[vc_row css=\u00a0\u00bb.vc_custom_1588186473439{margin-top: -15px !important;margin-bottom: 20px !important;}\u00a0\u00bb][vc_column][vc_column_text] Notre diff\u00e9rence&#8230; gain de temps et service personnalis\u00e9 D\u00e9couvrez notre diff\u00e9rence et notre niveau de service in\u00e9gal\u00e9 [\/vc_column_text][\/vc_column][\/vc_row][vc_row full_width=\u00a0\u00bbstretch_row\u00a0\u00bb css=\u00a0\u00bb.vc_custom_1588186844977{margin-top: 25px !important;margin-bottom: -55px !important;padding-top: 50px !important;padding-bottom: 70px !important;background-color: #eeeeee !important;background-position: 0 0 !important;background-repeat: no-repeat !important;}\u00a0\u00bb][vc_column width=\u00a0\u00bb1\/4&Prime;][vc_column_text el_class=\u00a0\u00bbbox-services\u00a0\u00bb] Une s\u00e9lection sur mesure Nous prenons le temps de d\u00e9couvrir nos clients [&hellip;]<\/p>\n","protected":false},"author":4,"featured_media":0,"parent":0,"menu_order":0,"comment_status":"closed","ping_status":"closed","template":"","meta":{"_acf_changed":false,"footnotes":""},"class_list":["post-4336","page","type-page","status-publish","hentry","no-post-thumbnail"],"acf":[],"yoast_head":"<!-- This site is optimized with the Yoast SEO plugin v26.6 - https:\/\/yoast.com\/wordpress\/plugins\/seo\/ -->\n<title>Notre diff\u00e9rence - Relocation \u00e0 Londres - Welcome Home London<\/title>\n<meta name=\"description\" content=\"Notre diff\u00e9rence? S\u00e9lection sur-mesure, pr\u00e9-visites videos syst\u00e9matiques, app d\u00e9di\u00e9e. Seule agence de relocation \u00e0 Londres \u00e0 offrir cette qualit\u00e9 de service\" \/>\n<meta name=\"robots\" content=\"index, follow, max-snippet:-1, max-image-preview:large, max-video-preview:-1\" \/>\n<link rel=\"canonical\" href=\"https:\/\/welcomehome-london.com\/fr\/notre-difference\/\" \/>\n<meta property=\"og:locale\" content=\"fr_FR\" \/>\n<meta property=\"og:type\" content=\"article\" \/>\n<meta property=\"og:title\" content=\"Notre diff\u00e9rence - Relocation \u00e0 Londres - Welcome Home London\" \/>\n<meta property=\"og:description\" content=\"Notre diff\u00e9rence? S\u00e9lection sur-mesure, pr\u00e9-visites videos syst\u00e9matiques, app d\u00e9di\u00e9e. Seule agence de relocation \u00e0 Londres \u00e0 offrir cette qualit\u00e9 de service\" \/>\n<meta property=\"og:url\" content=\"https:\/\/welcomehome-london.com\/fr\/notre-difference\/\" \/>\n<meta property=\"og:site_name\" content=\"Welcome Home London\" \/>\n<meta property=\"article:modified_time\" content=\"2022-03-30T12:25:48+00:00\" \/>\n<meta property=\"og:image\" content=\"https:\/\/welcomehome-london.com\/wp-content\/uploads\/2020\/05\/Victorian_conversion_welcome_home_london-1024x255.jpg\" \/>\n<meta name=\"twitter:card\" content=\"summary_large_image\" \/>\n<meta name=\"twitter:label1\" content=\"Dur\u00e9e de lecture estim\u00e9e\" \/>\n\t<meta name=\"twitter:data1\" content=\"2 minutes\" \/>\n<script type=\"application\/ld+json\" class=\"yoast-schema-graph\">{\"@context\":\"https:\/\/schema.org\",\"@graph\":[{\"@type\":\"WebPage\",\"@id\":\"https:\/\/welcomehome-london.com\/fr\/notre-difference\/\",\"url\":\"https:\/\/welcomehome-london.com\/fr\/notre-difference\/\",\"name\":\"Notre diff\u00e9rence - Relocation \u00e0 Londres - Welcome Home London\",\"isPartOf\":{\"@id\":\"https:\/\/welcomehome-london.com\/#website\"},\"primaryImageOfPage\":{\"@id\":\"https:\/\/welcomehome-london.com\/fr\/notre-difference\/#primaryimage\"},\"image\":{\"@id\":\"https:\/\/welcomehome-london.com\/fr\/notre-difference\/#primaryimage\"},\"thumbnailUrl\":\"https:\/\/welcomehome-london.com\/wp-content\/uploads\/2020\/05\/Victorian_conversion_welcome_home_london-1024x255.jpg\",\"datePublished\":\"2020-04-29T16:56:39+00:00\",\"dateModified\":\"2022-03-30T12:25:48+00:00\",\"description\":\"Notre diff\u00e9rence? S\u00e9lection sur-mesure, pr\u00e9-visites videos syst\u00e9matiques, app d\u00e9di\u00e9e. Seule agence de relocation \u00e0 Londres \u00e0 offrir cette qualit\u00e9 de service\",\"breadcrumb\":{\"@id\":\"https:\/\/welcomehome-london.com\/fr\/notre-difference\/#breadcrumb\"},\"inLanguage\":\"fr-FR\",\"potentialAction\":[{\"@type\":\"ReadAction\",\"target\":[\"https:\/\/welcomehome-london.com\/fr\/notre-difference\/\"]}]},{\"@type\":\"ImageObject\",\"inLanguage\":\"fr-FR\",\"@id\":\"https:\/\/welcomehome-london.com\/fr\/notre-difference\/#primaryimage\",\"url\":\"https:\/\/welcomehome-london.com\/wp-content\/uploads\/2020\/05\/Victorian_conversion_welcome_home_london-1024x255.jpg\",\"contentUrl\":\"https:\/\/welcomehome-london.com\/wp-content\/uploads\/2020\/05\/Victorian_conversion_welcome_home_london-1024x255.jpg\"},{\"@type\":\"BreadcrumbList\",\"@id\":\"https:\/\/welcomehome-london.com\/fr\/notre-difference\/#breadcrumb\",\"itemListElement\":[{\"@type\":\"ListItem\",\"position\":1,\"name\":\"Home\",\"item\":\"https:\/\/welcomehome-london.com\/fr\/\"},{\"@type\":\"ListItem\",\"position\":2,\"name\":\"NOTRE DIFFERENCE\"}]},{\"@type\":\"WebSite\",\"@id\":\"https:\/\/welcomehome-london.com\/#website\",\"url\":\"https:\/\/welcomehome-london.com\/\",\"name\":\"Welcome Home London\",\"description\":\"Estate Agent\",\"publisher\":{\"@id\":\"https:\/\/welcomehome-london.com\/#organization\"},\"potentialAction\":[{\"@type\":\"SearchAction\",\"target\":{\"@type\":\"EntryPoint\",\"urlTemplate\":\"https:\/\/welcomehome-london.com\/?s={search_term_string}\"},\"query-input\":{\"@type\":\"PropertyValueSpecification\",\"valueRequired\":true,\"valueName\":\"search_term_string\"}}],\"inLanguage\":\"fr-FR\"},{\"@type\":\"Organization\",\"@id\":\"https:\/\/welcomehome-london.com\/#organization\",\"name\":\"Welcome Home London\",\"url\":\"https:\/\/welcomehome-london.com\/\",\"logo\":{\"@type\":\"ImageObject\",\"inLanguage\":\"fr-FR\",\"@id\":\"https:\/\/welcomehome-london.com\/#\/schema\/logo\/image\/\",\"url\":\"https:\/\/welcomehome-london.com\/wp-content\/uploads\/2020\/05\/logo3.png\",\"contentUrl\":\"https:\/\/welcomehome-london.com\/wp-content\/uploads\/2020\/05\/logo3.png\",\"width\":330,\"height\":94,\"caption\":\"Welcome Home London\"},\"image\":{\"@id\":\"https:\/\/welcomehome-london.com\/#\/schema\/logo\/image\/\"}}]}<\/script>\n<!-- \/ Yoast SEO plugin. -->","yoast_head_json":{"title":"Notre diff\u00e9rence - Relocation \u00e0 Londres - Welcome Home London","description":"Notre diff\u00e9rence? S\u00e9lection sur-mesure, pr\u00e9-visites videos syst\u00e9matiques, app d\u00e9di\u00e9e. Seule agence de relocation \u00e0 Londres \u00e0 offrir cette qualit\u00e9 de service","robots":{"index":"index","follow":"follow","max-snippet":"max-snippet:-1","max-image-preview":"max-image-preview:large","max-video-preview":"max-video-preview:-1"},"canonical":"https:\/\/welcomehome-london.com\/fr\/notre-difference\/","og_locale":"fr_FR","og_type":"article","og_title":"Notre diff\u00e9rence - Relocation \u00e0 Londres - Welcome Home London","og_description":"Notre diff\u00e9rence? S\u00e9lection sur-mesure, pr\u00e9-visites videos syst\u00e9matiques, app d\u00e9di\u00e9e. Seule agence de relocation \u00e0 Londres \u00e0 offrir cette qualit\u00e9 de service","og_url":"https:\/\/welcomehome-london.com\/fr\/notre-difference\/","og_site_name":"Welcome Home London","article_modified_time":"2022-03-30T12:25:48+00:00","og_image":[{"url":"https:\/\/welcomehome-london.com\/wp-content\/uploads\/2020\/05\/Victorian_conversion_welcome_home_london-1024x255.jpg","type":"","width":"","height":""}],"twitter_card":"summary_large_image","twitter_misc":{"Dur\u00e9e de lecture estim\u00e9e":"2 minutes"},"schema":{"@context":"https:\/\/schema.org","@graph":[{"@type":"WebPage","@id":"https:\/\/welcomehome-london.com\/fr\/notre-difference\/","url":"https:\/\/welcomehome-london.com\/fr\/notre-difference\/","name":"Notre diff\u00e9rence - Relocation \u00e0 Londres - Welcome Home London","isPartOf":{"@id":"https:\/\/welcomehome-london.com\/#website"},"primaryImageOfPage":{"@id":"https:\/\/welcomehome-london.com\/fr\/notre-difference\/#primaryimage"},"image":{"@id":"https:\/\/welcomehome-london.com\/fr\/notre-difference\/#primaryimage"},"thumbnailUrl":"https:\/\/welcomehome-london.com\/wp-content\/uploads\/2020\/05\/Victorian_conversion_welcome_home_london-1024x255.jpg","datePublished":"2020-04-29T16:56:39+00:00","dateModified":"2022-03-30T12:25:48+00:00","description":"Notre diff\u00e9rence? S\u00e9lection sur-mesure, pr\u00e9-visites videos syst\u00e9matiques, app d\u00e9di\u00e9e. Seule agence de relocation \u00e0 Londres \u00e0 offrir cette qualit\u00e9 de service","breadcrumb":{"@id":"https:\/\/welcomehome-london.com\/fr\/notre-difference\/#breadcrumb"},"inLanguage":"fr-FR","potentialAction":[{"@type":"ReadAction","target":["https:\/\/welcomehome-london.com\/fr\/notre-difference\/"]}]},{"@type":"ImageObject","inLanguage":"fr-FR","@id":"https:\/\/welcomehome-london.com\/fr\/notre-difference\/#primaryimage","url":"https:\/\/welcomehome-london.com\/wp-content\/uploads\/2020\/05\/Victorian_conversion_welcome_home_london-1024x255.jpg","contentUrl":"https:\/\/welcomehome-london.com\/wp-content\/uploads\/2020\/05\/Victorian_conversion_welcome_home_london-1024x255.jpg"},{"@type":"BreadcrumbList","@id":"https:\/\/welcomehome-london.com\/fr\/notre-difference\/#breadcrumb","itemListElement":[{"@type":"ListItem","position":1,"name":"Home","item":"https:\/\/welcomehome-london.com\/fr\/"},{"@type":"ListItem","position":2,"name":"NOTRE DIFFERENCE"}]},{"@type":"WebSite","@id":"https:\/\/welcomehome-london.com\/#website","url":"https:\/\/welcomehome-london.com\/","name":"Welcome Home London","description":"Estate Agent","publisher":{"@id":"https:\/\/welcomehome-london.com\/#organization"},"potentialAction":[{"@type":"SearchAction","target":{"@type":"EntryPoint","urlTemplate":"https:\/\/welcomehome-london.com\/?s={search_term_string}"},"query-input":{"@type":"PropertyValueSpecification","valueRequired":true,"valueName":"search_term_string"}}],"inLanguage":"fr-FR"},{"@type":"Organization","@id":"https:\/\/welcomehome-london.com\/#organization","name":"Welcome Home London","url":"https:\/\/welcomehome-london.com\/","logo":{"@type":"ImageObject","inLanguage":"fr-FR","@id":"https:\/\/welcomehome-london.com\/#\/schema\/logo\/image\/","url":"https:\/\/welcomehome-london.com\/wp-content\/uploads\/2020\/05\/logo3.png","contentUrl":"https:\/\/welcomehome-london.com\/wp-content\/uploads\/2020\/05\/logo3.png","width":330,"height":94,"caption":"Welcome Home London"},"image":{"@id":"https:\/\/welcomehome-london.com\/#\/schema\/logo\/image\/"}}]}},"_links":{"self":[{"href":"https:\/\/welcomehome-london.com\/fr\/wp-json\/wp\/v2\/pages\/4336","targetHints":{"allow":["GET"]}}],"collection":[{"href":"https:\/\/welcomehome-london.com\/fr\/wp-json\/wp\/v2\/pages"}],"about":[{"href":"https:\/\/welcomehome-london.com\/fr\/wp-json\/wp\/v2\/types\/page"}],"author":[{"embeddable":true,"href":"https:\/\/welcomehome-london.com\/fr\/wp-json\/wp\/v2\/users\/4"}],"replies":[{"embeddable":true,"href":"https:\/\/welcomehome-london.com\/fr\/wp-json\/wp\/v2\/comments?post=4336"}],"version-history":[{"count":36,"href":"https:\/\/welcomehome-london.com\/fr\/wp-json\/wp\/v2\/pages\/4336\/revisions"}],"predecessor-version":[{"id":7162,"href":"https:\/\/welcomehome-london.com\/fr\/wp-json\/wp\/v2\/pages\/4336\/revisions\/7162"}],"wp:attachment":[{"href":"https:\/\/welcomehome-london.com\/fr\/wp-json\/wp\/v2\/media?parent=4336"}],"curies":[{"name":"wp","href":"https:\/\/api.w.org\/{rel}","templated":true}]}}