{"id":3960,"date":"2020-04-29T17:29:46","date_gmt":"2020-04-29T16:29:46","guid":{"rendered":"http:\/\/welcomehome-london.com\/?page_id=3960"},"modified":"2020-05-15T23:02:01","modified_gmt":"2020-05-15T22:02:01","slug":"accompagnement-conjoint-expatrie","status":"publish","type":"page","link":"https:\/\/welcomehome-london.com\/fr\/services\/accompagnement-conjoint-expatrie\/","title":{"rendered":"ACCOMPAGNEMENT CONJOINT EXPATRIE"},"content":{"rendered":"<div class=\"wpb-content-wrapper\"><p>[vc_row][vc_column width=\u00a0\u00bb1\/2&Prime;][vc_single_image image=\u00a0\u00bb2610&Prime; img_size=\u00a0\u00bbfull\u00a0\u00bb onclick=\u00a0\u00bblink_image\u00a0\u00bb][vc_empty_space height=\u00a0\u00bb30px\u00a0\u00bb][vc_single_image image=\u00a0\u00bb4633&Prime; img_size=\u00a0\u00bbfull\u00a0\u00bb onclick=\u00a0\u00bblink_image\u00a0\u00bb][vc_empty_space height=\u00a0\u00bb30px\u00a0\u00bb][vc_single_image image=\u00a0\u00bb4591&Prime; img_size=\u00a0\u00bbfull\u00a0\u00bb onclick=\u00a0\u00bblink_image\u00a0\u00bb][vc_empty_space height=\u00a0\u00bb30px\u00a0\u00bb][vc_single_image image=\u00a0\u00bb4631&Prime; img_size=\u00a0\u00bbfull\u00a0\u00bb onclick=\u00a0\u00bblink_image\u00a0\u00bb][\/vc_column][vc_column width=\u00a0\u00bb1\/2&Prime;][vc_column_text]<\/p>\n<h4 style=\"margin-top: 0;\">Offre Conjoint Expatri\u00e9<\/h4>\n<p style=\"margin: 0cm; margin-bottom: .0001pt; background: white;\"><span style=\"font-size: 11.5pt; font-family: 'Karla','serif'; color: #777777;\">Pour l&rsquo;accompagnement conjoint expatri\u00e9, nous avons s\u00e9lectionn\u00e9 un <strong><a href=\"http:\/\/welcomehome-london.com\/fr\/nos-partenaires\/\">r\u00e9seau de partenaires<\/a><\/strong> et offrons un service sur mesure. Nous simplifions le processus d\u2019installation et d\u2019adaptation \u00e0 Londres du conjoint pour faire de cette expatriation un projet familial r\u00e9ussi.<\/span><\/p>\n<h4>Corporate, vous expatriez vos collaborateurs \u00e0 Londres?<\/h4>\n<p><span style=\"font-size: 11.5pt; font-family: 'Karla','serif'; color: #777777;\"><strong>Cours d&rsquo;anglais<\/strong>, d\u00e9couverte de la <strong>culture britannique<\/strong>, <strong>recherche d\u2019emploi,<\/strong>\u00a0<strong>bilan de comp\u00e9tences<\/strong>, nous accompagnons le conjoint de votre collaborateur.<\/span><\/p>\n<p><b><a href=\"http:\/\/welcomehome-london.com\/fr\/services\/corporate-relocation\/\">D\u00e9couvrez notre Offre Corporate<\/a><\/b><\/p>\n<p><b><a href=\"http:\/\/welcomehome-london.com\/fr\/contact\/\">Infos Pack Accompagnement Conjoint Expatri\u00e9<\/a><\/b>[\/vc_column_text][vc_empty_space height=\u00a0\u00bb10px\u00a0\u00bb][vc_column_text]<\/p>\n<h4>Les services Accompagnement Conjoint Expatri\u00e9<\/h4>\n<p>[\/vc_column_text][vc_empty_space height=\u00a0\u00bb20px\u00a0\u00bb]<ul class=\"iconlist iconlist \"><li ><i class=\"fa fa-check-circle\"><\/i> <span style=\"font-size: 120%;\">Cours d\u2019anglais<\/span><br \/>\nSuite \u00e0 un premier bilan individuel, notre partenaire propose au choix un <b>accompagnement individuel<\/b> ou des cours de conversation en <b>mini-groupe de 3 \u00e0 5<\/b> dans des caf\u00e9s ou lieux publics londoniens. La possibilit\u00e9 de cr\u00e9er de nouveaux liens sociaux et de lever rapidement les blocages et appr\u00e9hensions li\u00e9s \u00e0 la barri\u00e8re de la langue.<\/li><li ><i class=\"fa fa-check-circle\"><\/i> <span style=\"font-size: 120%;\">Coach vocal<\/span><br \/>\n<b>Perfectionner son accent<\/b> British pour am\u00e9liorer la prise de parole en public, pr\u00e9parer des entretiens de recrutement ou travailler son pitch d&rsquo;entreprise, Val\u00e9rie, notre coach vocal, propose un accompagnement individualis\u00e9 pour gagner rapidement en assurance.<br \/><\/li><li ><i class=\"fa fa-check-circle\"><\/i> <span style=\"font-size: 120%;\">Coaching Interculturel<\/span><br \/>\nGuy accompagne toute la famille pour comprendre les codes sp\u00e9cifiques \u00e0 la culture britannique et partage quelques r\u00e8gles de conduite indispensables lorsqu&rsquo;on s&rsquo;installe \u00e0 Londres.<\/li><li ><i class=\"fa fa-check-circle\"><\/i> <span style=\"font-size: 120%;\">Bilan de comp\u00e9tences\/recherche d\u2019emploi<\/span><br \/>\n<b>Coaching individualis\u00e9, transition de carri\u00e8re<\/b>, d\u00e9couverte du march\u00e9 de l\u2019emploi \u00e0 Londres, notre partenaire Harmony Mobility est sp\u00e9cialis\u00e9 dans l\u2019accompagnement des expatri\u00e9s \u00e0 la recherche d\u2019un emploi ou en construction de projet personnel.<\/li><\/ul>[\/vc_column][\/vc_row][vc_row][vc_column][vc_row_inner][vc_column_inner][vc_column_text]<\/p>\n<h4 style=\"margin-top: 0;\">Vous arrivez bient\u00f4t \u00e0 Londres avec votre conjoint?<\/h4>\n<p><a href=\"http:\/\/welcomehome-london.com\/fr\/contact\/\">Contactez-nous<\/a> pour un premier entretien et l&rsquo;\u00e9valuation de vos besoins[\/vc_column_text][\/vc_column_inner][\/vc_row_inner][vc_empty_space height=\u00a0\u00bb50px\u00a0\u00bb][\/vc_column][\/vc_row]<\/p>\n<\/div>","protected":false},"excerpt":{"rendered":"<p>[vc_row][vc_column width=\u00a0\u00bb1\/2&Prime;][vc_single_image image=\u00a0\u00bb2610&Prime; img_size=\u00a0\u00bbfull\u00a0\u00bb onclick=\u00a0\u00bblink_image\u00a0\u00bb][vc_empty_space height=\u00a0\u00bb30px\u00a0\u00bb][vc_single_image image=\u00a0\u00bb4633&Prime; img_size=\u00a0\u00bbfull\u00a0\u00bb onclick=\u00a0\u00bblink_image\u00a0\u00bb][vc_empty_space height=\u00a0\u00bb30px\u00a0\u00bb][vc_single_image image=\u00a0\u00bb4591&Prime; img_size=\u00a0\u00bbfull\u00a0\u00bb onclick=\u00a0\u00bblink_image\u00a0\u00bb][vc_empty_space height=\u00a0\u00bb30px\u00a0\u00bb][vc_single_image image=\u00a0\u00bb4631&Prime; img_size=\u00a0\u00bbfull\u00a0\u00bb onclick=\u00a0\u00bblink_image\u00a0\u00bb][\/vc_column][vc_column width=\u00a0\u00bb1\/2&Prime;][vc_column_text] Offre Conjoint Expatri\u00e9 Pour l&rsquo;accompagnement conjoint expatri\u00e9, nous avons s\u00e9lectionn\u00e9 un r\u00e9seau de partenaires et offrons un service sur mesure. Nous simplifions le processus d\u2019installation et d\u2019adaptation \u00e0 Londres du conjoint pour faire de cette expatriation un [&hellip;]<\/p>\n","protected":false},"author":2,"featured_media":0,"parent":1714,"menu_order":0,"comment_status":"closed","ping_status":"closed","template":"","meta":{"_acf_changed":false,"footnotes":""},"class_list":["post-3960","page","type-page","status-publish","hentry","no-post-thumbnail"],"acf":[],"yoast_head":"<!-- This site is optimized with the Yoast SEO plugin v26.6 - https:\/\/yoast.com\/wordpress\/plugins\/seo\/ -->\n<title>Accompagnement Conjoint Expatri\u00e9 - Relocation - Welcome Home London<\/title>\n<meta name=\"description\" content=\"Cours d&#039;anglais, coaching, recherche d\u2019emploi, networking, d\u00e9couvrez notre offre accompagnement conjoint expatri\u00e9 pour votre expatriation \u00e0 Londres.\" \/>\n<meta name=\"robots\" content=\"index, follow, max-snippet:-1, max-image-preview:large, max-video-preview:-1\" \/>\n<link rel=\"canonical\" href=\"https:\/\/welcomehome-london.com\/fr\/services\/accompagnement-conjoint-expatrie\/\" \/>\n<meta property=\"og:locale\" content=\"fr_FR\" \/>\n<meta property=\"og:type\" content=\"article\" \/>\n<meta property=\"og:title\" content=\"Accompagnement Conjoint Expatri\u00e9 - Relocation - Welcome Home London\" \/>\n<meta property=\"og:description\" content=\"Cours d&#039;anglais, coaching, recherche d\u2019emploi, networking, d\u00e9couvrez notre offre accompagnement conjoint expatri\u00e9 pour votre expatriation \u00e0 Londres.\" \/>\n<meta property=\"og:url\" content=\"https:\/\/welcomehome-london.com\/fr\/services\/accompagnement-conjoint-expatrie\/\" \/>\n<meta property=\"og:site_name\" content=\"Welcome Home London\" \/>\n<meta property=\"article:modified_time\" content=\"2020-05-15T22:02:01+00:00\" \/>\n<meta name=\"twitter:card\" content=\"summary_large_image\" \/>\n<meta name=\"twitter:label1\" content=\"Dur\u00e9e de lecture estim\u00e9e\" \/>\n\t<meta name=\"twitter:data1\" content=\"2 minutes\" \/>\n<script type=\"application\/ld+json\" class=\"yoast-schema-graph\">{\"@context\":\"https:\/\/schema.org\",\"@graph\":[{\"@type\":\"WebPage\",\"@id\":\"https:\/\/welcomehome-london.com\/fr\/services\/accompagnement-conjoint-expatrie\/\",\"url\":\"https:\/\/welcomehome-london.com\/fr\/services\/accompagnement-conjoint-expatrie\/\",\"name\":\"Accompagnement Conjoint Expatri\u00e9 - Relocation - Welcome Home London\",\"isPartOf\":{\"@id\":\"https:\/\/welcomehome-london.com\/#website\"},\"datePublished\":\"2020-04-29T16:29:46+00:00\",\"dateModified\":\"2020-05-15T22:02:01+00:00\",\"description\":\"Cours d'anglais, coaching, recherche d\u2019emploi, networking, d\u00e9couvrez notre offre accompagnement conjoint expatri\u00e9 pour votre expatriation \u00e0 Londres.\",\"breadcrumb\":{\"@id\":\"https:\/\/welcomehome-london.com\/fr\/services\/accompagnement-conjoint-expatrie\/#breadcrumb\"},\"inLanguage\":\"fr-FR\",\"potentialAction\":[{\"@type\":\"ReadAction\",\"target\":[\"https:\/\/welcomehome-london.com\/fr\/services\/accompagnement-conjoint-expatrie\/\"]}]},{\"@type\":\"BreadcrumbList\",\"@id\":\"https:\/\/welcomehome-london.com\/fr\/services\/accompagnement-conjoint-expatrie\/#breadcrumb\",\"itemListElement\":[{\"@type\":\"ListItem\",\"position\":1,\"name\":\"Home\",\"item\":\"https:\/\/welcomehome-london.com\/fr\/\"},{\"@type\":\"ListItem\",\"position\":2,\"name\":\"RELOCATION ET ACHAT IMMOBILIER\",\"item\":\"https:\/\/welcomehome-london.com\/fr\/services\/\"},{\"@type\":\"ListItem\",\"position\":3,\"name\":\"ACCOMPAGNEMENT CONJOINT EXPATRIE\"}]},{\"@type\":\"WebSite\",\"@id\":\"https:\/\/welcomehome-london.com\/#website\",\"url\":\"https:\/\/welcomehome-london.com\/\",\"name\":\"Welcome Home London\",\"description\":\"Estate Agent\",\"publisher\":{\"@id\":\"https:\/\/welcomehome-london.com\/#organization\"},\"potentialAction\":[{\"@type\":\"SearchAction\",\"target\":{\"@type\":\"EntryPoint\",\"urlTemplate\":\"https:\/\/welcomehome-london.com\/?s={search_term_string}\"},\"query-input\":{\"@type\":\"PropertyValueSpecification\",\"valueRequired\":true,\"valueName\":\"search_term_string\"}}],\"inLanguage\":\"fr-FR\"},{\"@type\":\"Organization\",\"@id\":\"https:\/\/welcomehome-london.com\/#organization\",\"name\":\"Welcome Home London\",\"url\":\"https:\/\/welcomehome-london.com\/\",\"logo\":{\"@type\":\"ImageObject\",\"inLanguage\":\"fr-FR\",\"@id\":\"https:\/\/welcomehome-london.com\/#\/schema\/logo\/image\/\",\"url\":\"https:\/\/welcomehome-london.com\/wp-content\/uploads\/2020\/05\/logo3.png\",\"contentUrl\":\"https:\/\/welcomehome-london.com\/wp-content\/uploads\/2020\/05\/logo3.png\",\"width\":330,\"height\":94,\"caption\":\"Welcome Home London\"},\"image\":{\"@id\":\"https:\/\/welcomehome-london.com\/#\/schema\/logo\/image\/\"}}]}<\/script>\n<!-- \/ Yoast SEO plugin. -->","yoast_head_json":{"title":"Accompagnement Conjoint Expatri\u00e9 - Relocation - Welcome Home London","description":"Cours d'anglais, coaching, recherche d\u2019emploi, networking, d\u00e9couvrez notre offre accompagnement conjoint expatri\u00e9 pour votre expatriation \u00e0 Londres.","robots":{"index":"index","follow":"follow","max-snippet":"max-snippet:-1","max-image-preview":"max-image-preview:large","max-video-preview":"max-video-preview:-1"},"canonical":"https:\/\/welcomehome-london.com\/fr\/services\/accompagnement-conjoint-expatrie\/","og_locale":"fr_FR","og_type":"article","og_title":"Accompagnement Conjoint Expatri\u00e9 - Relocation - Welcome Home London","og_description":"Cours d'anglais, coaching, recherche d\u2019emploi, networking, d\u00e9couvrez notre offre accompagnement conjoint expatri\u00e9 pour votre expatriation \u00e0 Londres.","og_url":"https:\/\/welcomehome-london.com\/fr\/services\/accompagnement-conjoint-expatrie\/","og_site_name":"Welcome Home London","article_modified_time":"2020-05-15T22:02:01+00:00","twitter_card":"summary_large_image","twitter_misc":{"Dur\u00e9e de lecture estim\u00e9e":"2 minutes"},"schema":{"@context":"https:\/\/schema.org","@graph":[{"@type":"WebPage","@id":"https:\/\/welcomehome-london.com\/fr\/services\/accompagnement-conjoint-expatrie\/","url":"https:\/\/welcomehome-london.com\/fr\/services\/accompagnement-conjoint-expatrie\/","name":"Accompagnement Conjoint Expatri\u00e9 - Relocation - Welcome Home London","isPartOf":{"@id":"https:\/\/welcomehome-london.com\/#website"},"datePublished":"2020-04-29T16:29:46+00:00","dateModified":"2020-05-15T22:02:01+00:00","description":"Cours d'anglais, coaching, recherche d\u2019emploi, networking, d\u00e9couvrez notre offre accompagnement conjoint expatri\u00e9 pour votre expatriation \u00e0 Londres.","breadcrumb":{"@id":"https:\/\/welcomehome-london.com\/fr\/services\/accompagnement-conjoint-expatrie\/#breadcrumb"},"inLanguage":"fr-FR","potentialAction":[{"@type":"ReadAction","target":["https:\/\/welcomehome-london.com\/fr\/services\/accompagnement-conjoint-expatrie\/"]}]},{"@type":"BreadcrumbList","@id":"https:\/\/welcomehome-london.com\/fr\/services\/accompagnement-conjoint-expatrie\/#breadcrumb","itemListElement":[{"@type":"ListItem","position":1,"name":"Home","item":"https:\/\/welcomehome-london.com\/fr\/"},{"@type":"ListItem","position":2,"name":"RELOCATION ET ACHAT IMMOBILIER","item":"https:\/\/welcomehome-london.com\/fr\/services\/"},{"@type":"ListItem","position":3,"name":"ACCOMPAGNEMENT CONJOINT EXPATRIE"}]},{"@type":"WebSite","@id":"https:\/\/welcomehome-london.com\/#website","url":"https:\/\/welcomehome-london.com\/","name":"Welcome Home London","description":"Estate Agent","publisher":{"@id":"https:\/\/welcomehome-london.com\/#organization"},"potentialAction":[{"@type":"SearchAction","target":{"@type":"EntryPoint","urlTemplate":"https:\/\/welcomehome-london.com\/?s={search_term_string}"},"query-input":{"@type":"PropertyValueSpecification","valueRequired":true,"valueName":"search_term_string"}}],"inLanguage":"fr-FR"},{"@type":"Organization","@id":"https:\/\/welcomehome-london.com\/#organization","name":"Welcome Home London","url":"https:\/\/welcomehome-london.com\/","logo":{"@type":"ImageObject","inLanguage":"fr-FR","@id":"https:\/\/welcomehome-london.com\/#\/schema\/logo\/image\/","url":"https:\/\/welcomehome-london.com\/wp-content\/uploads\/2020\/05\/logo3.png","contentUrl":"https:\/\/welcomehome-london.com\/wp-content\/uploads\/2020\/05\/logo3.png","width":330,"height":94,"caption":"Welcome Home London"},"image":{"@id":"https:\/\/welcomehome-london.com\/#\/schema\/logo\/image\/"}}]}},"_links":{"self":[{"href":"https:\/\/welcomehome-london.com\/fr\/wp-json\/wp\/v2\/pages\/3960","targetHints":{"allow":["GET"]}}],"collection":[{"href":"https:\/\/welcomehome-london.com\/fr\/wp-json\/wp\/v2\/pages"}],"about":[{"href":"https:\/\/welcomehome-london.com\/fr\/wp-json\/wp\/v2\/types\/page"}],"author":[{"embeddable":true,"href":"https:\/\/welcomehome-london.com\/fr\/wp-json\/wp\/v2\/users\/2"}],"replies":[{"embeddable":true,"href":"https:\/\/welcomehome-london.com\/fr\/wp-json\/wp\/v2\/comments?post=3960"}],"version-history":[{"count":51,"href":"https:\/\/welcomehome-london.com\/fr\/wp-json\/wp\/v2\/pages\/3960\/revisions"}],"predecessor-version":[{"id":5793,"href":"https:\/\/welcomehome-london.com\/fr\/wp-json\/wp\/v2\/pages\/3960\/revisions\/5793"}],"up":[{"embeddable":true,"href":"https:\/\/welcomehome-london.com\/fr\/wp-json\/wp\/v2\/pages\/1714"}],"wp:attachment":[{"href":"https:\/\/welcomehome-london.com\/fr\/wp-json\/wp\/v2\/media?parent=3960"}],"curies":[{"name":"wp","href":"https:\/\/api.w.org\/{rel}","templated":true}]}}