{"id":2335,"date":"2018-03-23T15:37:39","date_gmt":"2018-03-23T14:37:39","guid":{"rendered":"http:\/\/welcomehome-london.com\/?page_id=2335\/"},"modified":"2018-03-23T15:37:47","modified_gmt":"2018-03-23T14:37:47","slug":"school-search-in-london-3","status":"publish","type":"page","link":"https:\/\/welcomehome-london.com\/fr\/services\/school-search-in-london-3\/","title":{"rendered":"RECHERCHE D\u2019ECOLE A LONDRES"},"content":{"rendered":"<div class=\"wpb-content-wrapper\"><p>[vc_row][vc_column width=\u00a0\u00bb1\/2&Prime;][vc_single_image image=\u00a0\u00bb846&Prime; img_size=\u00a0\u00bb390&#215;500&Prime; onclick=\u00a0\u00bblink_image\u00a0\u00bb][vc_empty_space height=\u00a0\u00bb30px\u00a0\u00bb][vc_single_image image=\u00a0\u00bb1109&Prime; img_size=\u00a0\u00bb390&#215;580&Prime; onclick=\u00a0\u00bblink_image\u00a0\u00bb][vc_empty_space height=\u00a0\u00bb30px\u00a0\u00bb][vc_single_image image=\u00a0\u00bb809&Prime; img_size=\u00a0\u00bb360&#215;279&Prime; onclick=\u00a0\u00bblink_image\u00a0\u00bb][vc_empty_space height=\u00a0\u00bb30px\u00a0\u00bb][vc_single_image image=\u00a0\u00bb1973&Prime; img_size=\u00a0\u00bb360&#215;279&Prime; onclick=\u00a0\u00bblink_image\u00a0\u00bb][\/vc_column][vc_column width=\u00a0\u00bb1\/2&Prime;][vc_column_text]<\/p>\n<h4 style=\"margin-top: 0;\">Notre prestation<\/h4>\n<p>Immersion en \u00e9tablissement anglais, approche internationale IB ou cursus bilingue, nous identifions, visitons et s\u00e9lectionnons pour vous les \u00e9coles adapt\u00e9es, nous soumettons et suivons les dossiers de candidature de vos enfants.<\/p>\n<p><strong><a href=\"http:\/\/welcomehome-london.com\/fr\/pricing-table\/\">Tarifs recherche d\u2019\u00e9coles, cliquez ici<\/a><\/strong>[\/vc_column_text][vc_empty_space height=\u00a0\u00bb10px\u00a0\u00bb][vc_column_text]<\/p>\n<h4>Pourquoi nous ?<\/h4>\n<p>Ecoles internationales, \u00e9coles anglaises priv\u00e9es ou State Schools, enseignement du programme fran\u00e7ais ou d\u2019autres pays europ\u00e9ens, nous avons recens\u00e9 puis visit\u00e9 de nombreux \u00e9tablissements \u00e0 Londres. Appuyez-vous sur notre exp\u00e9rience pour vous guider et s\u00e9lectionner l\u2019\u00e9tablissement le mieux adapt\u00e9 \u00e0 la personnalit\u00e9 de votre enfant, \u00e0 vos projets court et moyen terme et \u00e0 votre budget. Notre premier entretien par Skype est gratuit et sans engagement et vous permettra d\u2019avoir une description des diff\u00e9rentes options possibles pour vos enfants.<\/p>\n<h4>Notre recherche d\u2019\u00e9cole s\u2019effectue en 4 \u00e9tapes.<\/h4>\n<p>[\/vc_column_text][vc_empty_space height=\u00a0\u00bb20px\u00a0\u00bb]<ul class=\"iconlist iconlist \"><li ><i class=\"fa fa-check-circle\"><\/i> <span style=\"font-size: 120%;\">La d\u00e9finition des besoins<\/span><br \/>\nLors de ce premier entretien en face \u00e0 face ou par t\u00e9l\u00e9phone, nous examinons la personnalit\u00e9 de votre enfant, son parcours scolaire, vos ambitions, vos perspectives familiales \u00e0 court\/moyen terme (dur\u00e9e du s\u00e9jour sur Londres, etc\u2026) et vos contraintes g\u00e9ographiques et envisageons les diff\u00e9rentes options possibles.<\/li><li ><i class=\"fa fa-check-circle\"><\/i> <span style=\"font-size: 120%;\">La prospection et le ciblage<\/span><br \/>\nSur la base de ce cahier des charges, nous identifions la liste des \u00e9tablissements s\u00e9lectionn\u00e9s et nous les visitons pour vous. Nous vous envoyons un CR de visite complet.<\/li><li ><i class=\"fa fa-check-circle\"><\/i> <span style=\"font-size: 120%;\">L\u2019inscription<\/span><br \/>\nNous effectuons pour vous les demandes d\u2019inscription pour les \u00e9coles de votre choix (inscription en cours d\u2019ann\u00e9e ou pour l\u2019ann\u00e9e scolaire suivante) et suivons plusieurs dossiers en parall\u00e8le pour garantir une place \u00e0 votre enfant au moment de son arriv\u00e9e \u00e0 Londres.<\/li><li ><i class=\"fa fa-check-circle\"><\/i> <span style=\"font-size: 120%;\">La s\u00e9lection de l\u2019\u00e9tablissement final <\/span><br \/>\nNous organisons sur 1 ou 2 journ\u00e9es les visites des \u00e9coles s\u00e9lectionn\u00e9es ainsi que les Assessments (si inscription en cours d\u2019ann\u00e9e) pour valider le choix final.<\/li><\/ul>[\/vc_column][\/vc_row]<\/p>\n<\/div>","protected":false},"excerpt":{"rendered":"<p>[vc_row][vc_column width=\u00a0\u00bb1\/2&Prime;][vc_single_image image=\u00a0\u00bb846&Prime; img_size=\u00a0\u00bb390&#215;500&Prime; onclick=\u00a0\u00bblink_image\u00a0\u00bb][vc_empty_space height=\u00a0\u00bb30px\u00a0\u00bb][vc_single_image image=\u00a0\u00bb1109&Prime; img_size=\u00a0\u00bb390&#215;580&Prime; onclick=\u00a0\u00bblink_image\u00a0\u00bb][vc_empty_space height=\u00a0\u00bb30px\u00a0\u00bb][vc_single_image image=\u00a0\u00bb809&Prime; img_size=\u00a0\u00bb360&#215;279&Prime; onclick=\u00a0\u00bblink_image\u00a0\u00bb][vc_empty_space height=\u00a0\u00bb30px\u00a0\u00bb][vc_single_image image=\u00a0\u00bb1973&Prime; img_size=\u00a0\u00bb360&#215;279&Prime; onclick=\u00a0\u00bblink_image\u00a0\u00bb][\/vc_column][vc_column width=\u00a0\u00bb1\/2&Prime;][vc_column_text] Notre prestation Immersion en \u00e9tablissement anglais, approche internationale IB ou cursus bilingue, nous identifions, visitons et s\u00e9lectionnons pour vous les \u00e9coles adapt\u00e9es, nous soumettons et suivons les dossiers de candidature de vos enfants. Tarifs recherche d\u2019\u00e9coles, cliquez [&hellip;]<\/p>\n","protected":false},"author":2,"featured_media":0,"parent":1714,"menu_order":0,"comment_status":"closed","ping_status":"closed","template":"","meta":{"_acf_changed":false,"footnotes":""},"class_list":["post-2335","page","type-page","status-publish","hentry","no-post-thumbnail"],"acf":[],"yoast_head":"<!-- This site is optimized with the Yoast SEO plugin v26.6 - https:\/\/yoast.com\/wordpress\/plugins\/seo\/ -->\n<title>RECHERCHE D\u2019ECOLE A LONDRES - Welcome Home London<\/title>\n<meta name=\"description\" content=\"Choisir l&#039;\u00e9cole \u00e0 Londres adapt\u00e9e \u00e0 la personnalit\u00e9 et aux besoins de vos enfants. Toutes les \u00e9coles anglaises, bilingues, internationales, fran\u00e7aises\u2026\" \/>\n<meta name=\"robots\" content=\"index, follow, max-snippet:-1, max-image-preview:large, max-video-preview:-1\" \/>\n<link rel=\"canonical\" href=\"https:\/\/welcomehome-london.com\/fr\/services\/school-search-in-london-3\/\" \/>\n<meta property=\"og:locale\" content=\"fr_FR\" \/>\n<meta property=\"og:type\" content=\"article\" \/>\n<meta property=\"og:title\" content=\"RECHERCHE D\u2019ECOLE A LONDRES - Welcome Home London\" \/>\n<meta property=\"og:description\" content=\"Choisir l&#039;\u00e9cole \u00e0 Londres adapt\u00e9e \u00e0 la personnalit\u00e9 et aux besoins de vos enfants. Toutes les \u00e9coles anglaises, bilingues, internationales, fran\u00e7aises\u2026\" \/>\n<meta property=\"og:url\" content=\"https:\/\/welcomehome-london.com\/fr\/services\/school-search-in-london-3\/\" \/>\n<meta property=\"og:site_name\" content=\"Welcome Home London\" \/>\n<meta property=\"article:modified_time\" content=\"2018-03-23T14:37:47+00:00\" \/>\n<meta name=\"twitter:card\" content=\"summary_large_image\" \/>\n<meta name=\"twitter:label1\" content=\"Dur\u00e9e de lecture estim\u00e9e\" \/>\n\t<meta name=\"twitter:data1\" content=\"2 minutes\" \/>\n<script type=\"application\/ld+json\" class=\"yoast-schema-graph\">{\"@context\":\"https:\/\/schema.org\",\"@graph\":[{\"@type\":\"WebPage\",\"@id\":\"https:\/\/welcomehome-london.com\/fr\/services\/school-search-in-london-3\/\",\"url\":\"https:\/\/welcomehome-london.com\/fr\/services\/school-search-in-london-3\/\",\"name\":\"RECHERCHE D\u2019ECOLE A LONDRES - Welcome Home London\",\"isPartOf\":{\"@id\":\"https:\/\/welcomehome-london.com\/#website\"},\"datePublished\":\"2018-03-23T14:37:39+00:00\",\"dateModified\":\"2018-03-23T14:37:47+00:00\",\"description\":\"Choisir l'\u00e9cole \u00e0 Londres adapt\u00e9e \u00e0 la personnalit\u00e9 et aux besoins de vos enfants. Toutes les \u00e9coles anglaises, bilingues, internationales, fran\u00e7aises\u2026\",\"breadcrumb\":{\"@id\":\"https:\/\/welcomehome-london.com\/fr\/services\/school-search-in-london-3\/#breadcrumb\"},\"inLanguage\":\"fr-FR\",\"potentialAction\":[{\"@type\":\"ReadAction\",\"target\":[\"https:\/\/welcomehome-london.com\/fr\/services\/school-search-in-london-3\/\"]}]},{\"@type\":\"BreadcrumbList\",\"@id\":\"https:\/\/welcomehome-london.com\/fr\/services\/school-search-in-london-3\/#breadcrumb\",\"itemListElement\":[{\"@type\":\"ListItem\",\"position\":1,\"name\":\"Home\",\"item\":\"https:\/\/welcomehome-london.com\/fr\/\"},{\"@type\":\"ListItem\",\"position\":2,\"name\":\"RELOCATION ET ACHAT IMMOBILIER\",\"item\":\"https:\/\/welcomehome-london.com\/fr\/services\/\"},{\"@type\":\"ListItem\",\"position\":3,\"name\":\"RECHERCHE D\u2019ECOLE A LONDRES\"}]},{\"@type\":\"WebSite\",\"@id\":\"https:\/\/welcomehome-london.com\/#website\",\"url\":\"https:\/\/welcomehome-london.com\/\",\"name\":\"Welcome Home London\",\"description\":\"Estate Agent\",\"publisher\":{\"@id\":\"https:\/\/welcomehome-london.com\/#organization\"},\"potentialAction\":[{\"@type\":\"SearchAction\",\"target\":{\"@type\":\"EntryPoint\",\"urlTemplate\":\"https:\/\/welcomehome-london.com\/?s={search_term_string}\"},\"query-input\":{\"@type\":\"PropertyValueSpecification\",\"valueRequired\":true,\"valueName\":\"search_term_string\"}}],\"inLanguage\":\"fr-FR\"},{\"@type\":\"Organization\",\"@id\":\"https:\/\/welcomehome-london.com\/#organization\",\"name\":\"Welcome Home London\",\"url\":\"https:\/\/welcomehome-london.com\/\",\"logo\":{\"@type\":\"ImageObject\",\"inLanguage\":\"fr-FR\",\"@id\":\"https:\/\/welcomehome-london.com\/#\/schema\/logo\/image\/\",\"url\":\"https:\/\/welcomehome-london.com\/wp-content\/uploads\/2020\/05\/logo3.png\",\"contentUrl\":\"https:\/\/welcomehome-london.com\/wp-content\/uploads\/2020\/05\/logo3.png\",\"width\":330,\"height\":94,\"caption\":\"Welcome Home London\"},\"image\":{\"@id\":\"https:\/\/welcomehome-london.com\/#\/schema\/logo\/image\/\"}}]}<\/script>\n<!-- \/ Yoast SEO plugin. -->","yoast_head_json":{"title":"RECHERCHE D\u2019ECOLE A LONDRES - Welcome Home London","description":"Choisir l'\u00e9cole \u00e0 Londres adapt\u00e9e \u00e0 la personnalit\u00e9 et aux besoins de vos enfants. Toutes les \u00e9coles anglaises, bilingues, internationales, fran\u00e7aises\u2026","robots":{"index":"index","follow":"follow","max-snippet":"max-snippet:-1","max-image-preview":"max-image-preview:large","max-video-preview":"max-video-preview:-1"},"canonical":"https:\/\/welcomehome-london.com\/fr\/services\/school-search-in-london-3\/","og_locale":"fr_FR","og_type":"article","og_title":"RECHERCHE D\u2019ECOLE A LONDRES - Welcome Home London","og_description":"Choisir l'\u00e9cole \u00e0 Londres adapt\u00e9e \u00e0 la personnalit\u00e9 et aux besoins de vos enfants. Toutes les \u00e9coles anglaises, bilingues, internationales, fran\u00e7aises\u2026","og_url":"https:\/\/welcomehome-london.com\/fr\/services\/school-search-in-london-3\/","og_site_name":"Welcome Home London","article_modified_time":"2018-03-23T14:37:47+00:00","twitter_card":"summary_large_image","twitter_misc":{"Dur\u00e9e de lecture estim\u00e9e":"2 minutes"},"schema":{"@context":"https:\/\/schema.org","@graph":[{"@type":"WebPage","@id":"https:\/\/welcomehome-london.com\/fr\/services\/school-search-in-london-3\/","url":"https:\/\/welcomehome-london.com\/fr\/services\/school-search-in-london-3\/","name":"RECHERCHE D\u2019ECOLE A LONDRES - Welcome Home London","isPartOf":{"@id":"https:\/\/welcomehome-london.com\/#website"},"datePublished":"2018-03-23T14:37:39+00:00","dateModified":"2018-03-23T14:37:47+00:00","description":"Choisir l'\u00e9cole \u00e0 Londres adapt\u00e9e \u00e0 la personnalit\u00e9 et aux besoins de vos enfants. Toutes les \u00e9coles anglaises, bilingues, internationales, fran\u00e7aises\u2026","breadcrumb":{"@id":"https:\/\/welcomehome-london.com\/fr\/services\/school-search-in-london-3\/#breadcrumb"},"inLanguage":"fr-FR","potentialAction":[{"@type":"ReadAction","target":["https:\/\/welcomehome-london.com\/fr\/services\/school-search-in-london-3\/"]}]},{"@type":"BreadcrumbList","@id":"https:\/\/welcomehome-london.com\/fr\/services\/school-search-in-london-3\/#breadcrumb","itemListElement":[{"@type":"ListItem","position":1,"name":"Home","item":"https:\/\/welcomehome-london.com\/fr\/"},{"@type":"ListItem","position":2,"name":"RELOCATION ET ACHAT IMMOBILIER","item":"https:\/\/welcomehome-london.com\/fr\/services\/"},{"@type":"ListItem","position":3,"name":"RECHERCHE D\u2019ECOLE A LONDRES"}]},{"@type":"WebSite","@id":"https:\/\/welcomehome-london.com\/#website","url":"https:\/\/welcomehome-london.com\/","name":"Welcome Home London","description":"Estate Agent","publisher":{"@id":"https:\/\/welcomehome-london.com\/#organization"},"potentialAction":[{"@type":"SearchAction","target":{"@type":"EntryPoint","urlTemplate":"https:\/\/welcomehome-london.com\/?s={search_term_string}"},"query-input":{"@type":"PropertyValueSpecification","valueRequired":true,"valueName":"search_term_string"}}],"inLanguage":"fr-FR"},{"@type":"Organization","@id":"https:\/\/welcomehome-london.com\/#organization","name":"Welcome Home London","url":"https:\/\/welcomehome-london.com\/","logo":{"@type":"ImageObject","inLanguage":"fr-FR","@id":"https:\/\/welcomehome-london.com\/#\/schema\/logo\/image\/","url":"https:\/\/welcomehome-london.com\/wp-content\/uploads\/2020\/05\/logo3.png","contentUrl":"https:\/\/welcomehome-london.com\/wp-content\/uploads\/2020\/05\/logo3.png","width":330,"height":94,"caption":"Welcome Home London"},"image":{"@id":"https:\/\/welcomehome-london.com\/#\/schema\/logo\/image\/"}}]}},"_links":{"self":[{"href":"https:\/\/welcomehome-london.com\/fr\/wp-json\/wp\/v2\/pages\/2335","targetHints":{"allow":["GET"]}}],"collection":[{"href":"https:\/\/welcomehome-london.com\/fr\/wp-json\/wp\/v2\/pages"}],"about":[{"href":"https:\/\/welcomehome-london.com\/fr\/wp-json\/wp\/v2\/types\/page"}],"author":[{"embeddable":true,"href":"https:\/\/welcomehome-london.com\/fr\/wp-json\/wp\/v2\/users\/2"}],"replies":[{"embeddable":true,"href":"https:\/\/welcomehome-london.com\/fr\/wp-json\/wp\/v2\/comments?post=2335"}],"version-history":[{"count":1,"href":"https:\/\/welcomehome-london.com\/fr\/wp-json\/wp\/v2\/pages\/2335\/revisions"}],"predecessor-version":[{"id":2394,"href":"https:\/\/welcomehome-london.com\/fr\/wp-json\/wp\/v2\/pages\/2335\/revisions\/2394"}],"up":[{"embeddable":true,"href":"https:\/\/welcomehome-london.com\/fr\/wp-json\/wp\/v2\/pages\/1714"}],"wp:attachment":[{"href":"https:\/\/welcomehome-london.com\/fr\/wp-json\/wp\/v2\/media?parent=2335"}],"curies":[{"name":"wp","href":"https:\/\/api.w.org\/{rel}","templated":true}]}}