{"id":2316,"date":"2018-02-07T19:46:13","date_gmt":"2018-02-07T18:46:13","guid":{"rendered":"http:\/\/welcomehome-london.com\/?page_id=2316\/"},"modified":"2025-09-12T14:37:29","modified_gmt":"2025-09-12T13:37:29","slug":"pack-depart-londres","status":"publish","type":"page","link":"https:\/\/welcomehome-london.com\/fr\/services\/pack-depart-londres\/","title":{"rendered":"PACK DEPART LONDRES"},"content":{"rendered":"<div class=\"wpb-content-wrapper\"><p>[vc_row][vc_column width=\u00a0\u00bb1\/2&Prime;][vc_single_image image=\u00a0\u00bb2881&Prime; img_size=\u00a0\u00bbfull\u00a0\u00bb onclick=\u00a0\u00bblink_image\u00a0\u00bb][vc_empty_space height=\u00a0\u00bb30px\u00a0\u00bb][vc_single_image image=\u00a0\u00bb2889&Prime; img_size=\u00a0\u00bbfull\u00a0\u00bb onclick=\u00a0\u00bblink_image\u00a0\u00bb][vc_empty_space height=\u00a0\u00bb30px\u00a0\u00bb][vc_single_image image=\u00a0\u00bb2857&Prime; img_size=\u00a0\u00bbfull\u00a0\u00bb onclick=\u00a0\u00bblink_image\u00a0\u00bb][vc_empty_space height=\u00a0\u00bb30px\u00a0\u00bb][vc_single_image image=\u00a0\u00bb2605&Prime; img_size=\u00a0\u00bbfull\u00a0\u00bb onclick=\u00a0\u00bblink_image\u00a0\u00bb][vc_empty_space height=\u00a0\u00bb30px\u00a0\u00bb][\/vc_column][vc_column width=\u00a0\u00bb1\/2&Prime;][vc_column_text]<\/p>\n<h4 style=\"margin-top: 0;\">Service Pack D\u00e9part Londres<\/h4>\n<p>Quittez Londres et le Royaume-Uni en toute s\u00e9r\u00e9nit\u00e9 et l\u2019esprit tranquille, lib\u00e9rez-vous des formalit\u00e9s administratives. Avec notre Pack d\u00e9part Londres, nous g\u00e9rons toutes les d\u00e9marches en votre nom et vous b\u00e9n\u00e9ficiez de notre r\u00e9seau de partenaires internationaux pour accompagner votre installation dans votre nouvelle destination.<\/p>\n<p><strong><a href=\"http:\/\/welcomehome-london.com\/fr\/pricing-table\/\">Tarifs pack D\u00e9part Londres, cliquez ici<\/a><\/strong>[\/vc_column_text][vc_empty_space height=\u00a0\u00bb10px\u00a0\u00bb][vc_column_text css=\u00a0\u00bb\u00a0\u00bb]<\/p>\n<h4>Pourquoi nous ?<\/h4>\n<p>Lorsque vous quittez Londres, Welcome Home London vous aide \u00e0 r\u00e9duire la pression et le stress du d\u00e9part.<\/p>\n<ul>\n<li>Nous prenons en charge les formalit\u00e9s relatives \u00e0 la fin de bail, nous v\u00e9rifions l\u2019\u00e9tat de votre propri\u00e9t\u00e9 et nous vous conseillons et g\u00e9rons les retouches n\u00e9cessaires avant l\u2019Inventory Check Out.<\/li>\n<li>Nous prenons en charge pour vous la fermeture des contrats en cours (\u00e9nergie, eau, Internet, Council Tax\u2026).<\/li>\n<li>Enfin, nous vous recommandons des partenaires s\u00e9lectionn\u00e9s membres de notre r\u00e9seau de relocation partout dans le monde afin qu\u2019ils accompagnent votre future installation \u00e0 l&rsquo;\u00e9tranger.<\/li>\n<li>Notre r\u00e9seau de partenaires relocation vous accompagne (d\u00e9m\u00e9nagement&#8230;)<\/li>\n<\/ul>\n<p><a href=\"http:\/\/welcomehome-london.com\/fr\/contact\/\">Contactez-nous<\/a> pour quitter Londres sereinement.<\/p>\n<p>D\u00e9couvrez aussi notre <a href=\"http:\/\/welcomehome-london.com\/fr\/services\/pack-installation-a-londres\/\">Pack Installation<\/a> : pour g\u00e9rer votre am\u00e9nagement \u00e0 Londres en toute s\u00e9r\u00e9nit\u00e9.[\/vc_column_text][vc_empty_space height=\u00a0\u00bb20px\u00a0\u00bb]<ul class=\"iconlist iconlist \"><\/ul>[\/vc_column][\/vc_row]<\/p>\n<\/div>","protected":false},"excerpt":{"rendered":"<p>[vc_row][vc_column width=\u00a0\u00bb1\/2&Prime;][vc_single_image image=\u00a0\u00bb2881&Prime; img_size=\u00a0\u00bbfull\u00a0\u00bb onclick=\u00a0\u00bblink_image\u00a0\u00bb][vc_empty_space height=\u00a0\u00bb30px\u00a0\u00bb][vc_single_image image=\u00a0\u00bb2889&Prime; img_size=\u00a0\u00bbfull\u00a0\u00bb onclick=\u00a0\u00bblink_image\u00a0\u00bb][vc_empty_space height=\u00a0\u00bb30px\u00a0\u00bb][vc_single_image image=\u00a0\u00bb2857&Prime; img_size=\u00a0\u00bbfull\u00a0\u00bb onclick=\u00a0\u00bblink_image\u00a0\u00bb][vc_empty_space height=\u00a0\u00bb30px\u00a0\u00bb][vc_single_image image=\u00a0\u00bb2605&Prime; img_size=\u00a0\u00bbfull\u00a0\u00bb onclick=\u00a0\u00bblink_image\u00a0\u00bb][vc_empty_space height=\u00a0\u00bb30px\u00a0\u00bb][\/vc_column][vc_column width=\u00a0\u00bb1\/2&Prime;][vc_column_text] Service Pack D\u00e9part Londres Quittez Londres et le Royaume-Uni en toute s\u00e9r\u00e9nit\u00e9 et l\u2019esprit tranquille, lib\u00e9rez-vous des formalit\u00e9s administratives. Avec notre Pack d\u00e9part Londres, nous g\u00e9rons toutes les d\u00e9marches en votre nom et vous b\u00e9n\u00e9ficiez de [&hellip;]<\/p>\n","protected":false},"author":2,"featured_media":0,"parent":1714,"menu_order":0,"comment_status":"closed","ping_status":"closed","template":"","meta":{"_acf_changed":false,"footnotes":""},"class_list":["post-2316","page","type-page","status-publish","hentry","no-post-thumbnail"],"acf":[],"yoast_head":"<!-- This site is optimized with the Yoast SEO plugin v26.6 - https:\/\/yoast.com\/wordpress\/plugins\/seo\/ -->\n<title>Pack D\u00e9part Londres - Relocation - Welcome Home London<\/title>\n<meta name=\"description\" content=\"Simplifiez votre d\u00e9part de Londres. Notre Pack D\u00e9part Londres organise votre fin de bail, Inventory Check Out, cl\u00f4ture Utilities, coordination d\u00e9m\u00e9nagement.\" \/>\n<meta name=\"robots\" content=\"index, follow, max-snippet:-1, max-image-preview:large, max-video-preview:-1\" \/>\n<link rel=\"canonical\" href=\"https:\/\/welcomehome-london.com\/fr\/services\/pack-depart-londres\/\" \/>\n<meta property=\"og:locale\" content=\"fr_FR\" \/>\n<meta property=\"og:type\" content=\"article\" \/>\n<meta property=\"og:title\" content=\"Pack D\u00e9part Londres - Relocation - Welcome Home London\" \/>\n<meta property=\"og:description\" content=\"Simplifiez votre d\u00e9part de Londres. Notre Pack D\u00e9part Londres organise votre fin de bail, Inventory Check Out, cl\u00f4ture Utilities, coordination d\u00e9m\u00e9nagement.\" \/>\n<meta property=\"og:url\" content=\"https:\/\/welcomehome-london.com\/fr\/services\/pack-depart-londres\/\" \/>\n<meta property=\"og:site_name\" content=\"Welcome Home London\" \/>\n<meta property=\"article:modified_time\" content=\"2025-09-12T13:37:29+00:00\" \/>\n<meta name=\"twitter:card\" content=\"summary_large_image\" \/>\n<meta name=\"twitter:label1\" content=\"Dur\u00e9e de lecture estim\u00e9e\" \/>\n\t<meta name=\"twitter:data1\" content=\"2 minutes\" \/>\n<script type=\"application\/ld+json\" class=\"yoast-schema-graph\">{\"@context\":\"https:\/\/schema.org\",\"@graph\":[{\"@type\":\"WebPage\",\"@id\":\"https:\/\/welcomehome-london.com\/fr\/services\/pack-depart-londres\/\",\"url\":\"https:\/\/welcomehome-london.com\/fr\/services\/pack-depart-londres\/\",\"name\":\"Pack D\u00e9part Londres - Relocation - Welcome Home London\",\"isPartOf\":{\"@id\":\"https:\/\/welcomehome-london.com\/#website\"},\"datePublished\":\"2018-02-07T18:46:13+00:00\",\"dateModified\":\"2025-09-12T13:37:29+00:00\",\"description\":\"Simplifiez votre d\u00e9part de Londres. Notre Pack D\u00e9part Londres organise votre fin de bail, Inventory Check Out, cl\u00f4ture Utilities, coordination d\u00e9m\u00e9nagement.\",\"breadcrumb\":{\"@id\":\"https:\/\/welcomehome-london.com\/fr\/services\/pack-depart-londres\/#breadcrumb\"},\"inLanguage\":\"fr-FR\",\"potentialAction\":[{\"@type\":\"ReadAction\",\"target\":[\"https:\/\/welcomehome-london.com\/fr\/services\/pack-depart-londres\/\"]}]},{\"@type\":\"BreadcrumbList\",\"@id\":\"https:\/\/welcomehome-london.com\/fr\/services\/pack-depart-londres\/#breadcrumb\",\"itemListElement\":[{\"@type\":\"ListItem\",\"position\":1,\"name\":\"Home\",\"item\":\"https:\/\/welcomehome-london.com\/fr\/\"},{\"@type\":\"ListItem\",\"position\":2,\"name\":\"RELOCATION ET ACHAT IMMOBILIER\",\"item\":\"https:\/\/welcomehome-london.com\/fr\/services\/\"},{\"@type\":\"ListItem\",\"position\":3,\"name\":\"PACK DEPART LONDRES\"}]},{\"@type\":\"WebSite\",\"@id\":\"https:\/\/welcomehome-london.com\/#website\",\"url\":\"https:\/\/welcomehome-london.com\/\",\"name\":\"Welcome Home London\",\"description\":\"Estate Agent\",\"publisher\":{\"@id\":\"https:\/\/welcomehome-london.com\/#organization\"},\"potentialAction\":[{\"@type\":\"SearchAction\",\"target\":{\"@type\":\"EntryPoint\",\"urlTemplate\":\"https:\/\/welcomehome-london.com\/?s={search_term_string}\"},\"query-input\":{\"@type\":\"PropertyValueSpecification\",\"valueRequired\":true,\"valueName\":\"search_term_string\"}}],\"inLanguage\":\"fr-FR\"},{\"@type\":\"Organization\",\"@id\":\"https:\/\/welcomehome-london.com\/#organization\",\"name\":\"Welcome Home London\",\"url\":\"https:\/\/welcomehome-london.com\/\",\"logo\":{\"@type\":\"ImageObject\",\"inLanguage\":\"fr-FR\",\"@id\":\"https:\/\/welcomehome-london.com\/#\/schema\/logo\/image\/\",\"url\":\"https:\/\/welcomehome-london.com\/wp-content\/uploads\/2020\/05\/logo3.png\",\"contentUrl\":\"https:\/\/welcomehome-london.com\/wp-content\/uploads\/2020\/05\/logo3.png\",\"width\":330,\"height\":94,\"caption\":\"Welcome Home London\"},\"image\":{\"@id\":\"https:\/\/welcomehome-london.com\/#\/schema\/logo\/image\/\"}}]}<\/script>\n<!-- \/ Yoast SEO plugin. -->","yoast_head_json":{"title":"Pack D\u00e9part Londres - Relocation - Welcome Home London","description":"Simplifiez votre d\u00e9part de Londres. Notre Pack D\u00e9part Londres organise votre fin de bail, Inventory Check Out, cl\u00f4ture Utilities, coordination d\u00e9m\u00e9nagement.","robots":{"index":"index","follow":"follow","max-snippet":"max-snippet:-1","max-image-preview":"max-image-preview:large","max-video-preview":"max-video-preview:-1"},"canonical":"https:\/\/welcomehome-london.com\/fr\/services\/pack-depart-londres\/","og_locale":"fr_FR","og_type":"article","og_title":"Pack D\u00e9part Londres - Relocation - Welcome Home London","og_description":"Simplifiez votre d\u00e9part de Londres. Notre Pack D\u00e9part Londres organise votre fin de bail, Inventory Check Out, cl\u00f4ture Utilities, coordination d\u00e9m\u00e9nagement.","og_url":"https:\/\/welcomehome-london.com\/fr\/services\/pack-depart-londres\/","og_site_name":"Welcome Home London","article_modified_time":"2025-09-12T13:37:29+00:00","twitter_card":"summary_large_image","twitter_misc":{"Dur\u00e9e de lecture estim\u00e9e":"2 minutes"},"schema":{"@context":"https:\/\/schema.org","@graph":[{"@type":"WebPage","@id":"https:\/\/welcomehome-london.com\/fr\/services\/pack-depart-londres\/","url":"https:\/\/welcomehome-london.com\/fr\/services\/pack-depart-londres\/","name":"Pack D\u00e9part Londres - Relocation - Welcome Home London","isPartOf":{"@id":"https:\/\/welcomehome-london.com\/#website"},"datePublished":"2018-02-07T18:46:13+00:00","dateModified":"2025-09-12T13:37:29+00:00","description":"Simplifiez votre d\u00e9part de Londres. Notre Pack D\u00e9part Londres organise votre fin de bail, Inventory Check Out, cl\u00f4ture Utilities, coordination d\u00e9m\u00e9nagement.","breadcrumb":{"@id":"https:\/\/welcomehome-london.com\/fr\/services\/pack-depart-londres\/#breadcrumb"},"inLanguage":"fr-FR","potentialAction":[{"@type":"ReadAction","target":["https:\/\/welcomehome-london.com\/fr\/services\/pack-depart-londres\/"]}]},{"@type":"BreadcrumbList","@id":"https:\/\/welcomehome-london.com\/fr\/services\/pack-depart-londres\/#breadcrumb","itemListElement":[{"@type":"ListItem","position":1,"name":"Home","item":"https:\/\/welcomehome-london.com\/fr\/"},{"@type":"ListItem","position":2,"name":"RELOCATION ET ACHAT IMMOBILIER","item":"https:\/\/welcomehome-london.com\/fr\/services\/"},{"@type":"ListItem","position":3,"name":"PACK DEPART LONDRES"}]},{"@type":"WebSite","@id":"https:\/\/welcomehome-london.com\/#website","url":"https:\/\/welcomehome-london.com\/","name":"Welcome Home London","description":"Estate Agent","publisher":{"@id":"https:\/\/welcomehome-london.com\/#organization"},"potentialAction":[{"@type":"SearchAction","target":{"@type":"EntryPoint","urlTemplate":"https:\/\/welcomehome-london.com\/?s={search_term_string}"},"query-input":{"@type":"PropertyValueSpecification","valueRequired":true,"valueName":"search_term_string"}}],"inLanguage":"fr-FR"},{"@type":"Organization","@id":"https:\/\/welcomehome-london.com\/#organization","name":"Welcome Home London","url":"https:\/\/welcomehome-london.com\/","logo":{"@type":"ImageObject","inLanguage":"fr-FR","@id":"https:\/\/welcomehome-london.com\/#\/schema\/logo\/image\/","url":"https:\/\/welcomehome-london.com\/wp-content\/uploads\/2020\/05\/logo3.png","contentUrl":"https:\/\/welcomehome-london.com\/wp-content\/uploads\/2020\/05\/logo3.png","width":330,"height":94,"caption":"Welcome Home London"},"image":{"@id":"https:\/\/welcomehome-london.com\/#\/schema\/logo\/image\/"}}]}},"_links":{"self":[{"href":"https:\/\/welcomehome-london.com\/fr\/wp-json\/wp\/v2\/pages\/2316","targetHints":{"allow":["GET"]}}],"collection":[{"href":"https:\/\/welcomehome-london.com\/fr\/wp-json\/wp\/v2\/pages"}],"about":[{"href":"https:\/\/welcomehome-london.com\/fr\/wp-json\/wp\/v2\/types\/page"}],"author":[{"embeddable":true,"href":"https:\/\/welcomehome-london.com\/fr\/wp-json\/wp\/v2\/users\/2"}],"replies":[{"embeddable":true,"href":"https:\/\/welcomehome-london.com\/fr\/wp-json\/wp\/v2\/comments?post=2316"}],"version-history":[{"count":13,"href":"https:\/\/welcomehome-london.com\/fr\/wp-json\/wp\/v2\/pages\/2316\/revisions"}],"predecessor-version":[{"id":7698,"href":"https:\/\/welcomehome-london.com\/fr\/wp-json\/wp\/v2\/pages\/2316\/revisions\/7698"}],"up":[{"embeddable":true,"href":"https:\/\/welcomehome-london.com\/fr\/wp-json\/wp\/v2\/pages\/1714"}],"wp:attachment":[{"href":"https:\/\/welcomehome-london.com\/fr\/wp-json\/wp\/v2\/media?parent=2316"}],"curies":[{"name":"wp","href":"https:\/\/api.w.org\/{rel}","templated":true}]}}