{"id":2117,"date":"2015-12-28T09:55:00","date_gmt":"2015-12-28T08:55:00","guid":{"rendered":"http:\/\/welcomehome-london.com\/fr\/pricing-table\/"},"modified":"2016-10-10T10:52:41","modified_gmt":"2016-10-10T09:52:41","slug":"pricing-table","status":"publish","type":"page","link":"https:\/\/welcomehome-london.com\/fr\/pricing-table\/","title":{"rendered":"Nos tarifs"},"content":{"rendered":"<div class=\"wpb-content-wrapper\"><p>[vc_row][vc_column]<div class=\"pricing-table four-columns \">\n\t\t<div class=\"price-column \"><div class=\"column-container\"><div class=\"plan\">Recherche de Location<\/div> <div class=\"price\"><\/div><ul class=\"features\"><li>1\/2 mois de loyer + 20% de la baisse obtenue<\/li><li>Forfait minimum: \u00a32,000<\/li><\/ul><div class=\"cta\"><a class=\"button\" href=\"http:\/\/welcomehome-london.com\/fr\/contact\/\">Contactez-nous<\/a><\/div><\/div><\/div>\n\t\t<div class=\"price-column \"><div class=\"column-container\"><div class=\"plan\">Recherche d\u2019\u00e9coles<\/div> <div class=\"price\"><\/div><ul class=\"features\"><li>A partir de \u00a31,000 pour le premier enfant, puis<\/li><li>\u00a3800\/enfant. Devis personnalis\u00e9 pour British Boarding Schools application<\/li><\/ul><div class=\"cta\"><a class=\"button\" href=\"http:\/\/welcomehome-london.com\/fr\/contact\/\">Contactez-nous<\/a><\/div><\/div><\/div>\n\t\t<div class=\"price-column \"><div class=\"column-container\"><div class=\"plan\">Recherche \u00e0 l'Achat<\/div> <div class=\"price\"><\/div><ul class=\"features\"><li>A partir de \u00a38,000 + 15% de la baisse de prix n\u00e9goci\u00e9e si celle-ci exc\u00e8de le forfait<\/li><\/ul><div class=\"cta\"><a class=\"button\" href=\"http:\/\/welcomehome-london.com\/fr\/contact\/\">Contactez-nous<\/a><\/div><\/div><\/div>\n\t\t<div class=\"price-column \"><div class=\"column-container\"><div class=\"plan\">Pack Installation\/D\u00e9part<\/div> <div class=\"price\"><\/div><ul class=\"features\"><li>Forfait : \u00a3500<\/li><li>Check-In\/Out & Utilities<\/li><li class=\"spacer\"><\/li><li class=\"spacer\"><\/li><\/ul><div class=\"cta\"><a class=\"button\" href=\"http:\/\/welcomehome-london.com\/fr\/contact\/\">Contactez-nous<\/a><\/div><\/div><\/div><\/div>[vc_empty_space height=\u00a0\u00bb50px\u00a0\u00bb][\/vc_column][\/vc_row]<\/p>\n<\/div>","protected":false},"excerpt":{"rendered":"<p>[vc_row][vc_column][vc_empty_space height=\u00a0\u00bb50px\u00a0\u00bb][\/vc_column][\/vc_row]<\/p>\n","protected":false},"author":4,"featured_media":0,"parent":0,"menu_order":0,"comment_status":"closed","ping_status":"closed","template":"","meta":{"_acf_changed":false,"footnotes":""},"class_list":["post-2117","page","type-page","status-publish","hentry","no-post-thumbnail"],"acf":[],"yoast_head":"<!-- This site is optimized with the Yoast SEO plugin v26.6 - https:\/\/yoast.com\/wordpress\/plugins\/seo\/ -->\n<title>Tarifs relocation, recherche logement et \u00e9cole - Welcome Home London<\/title>\n<meta name=\"description\" content=\"Relocation, recherche d\u2019\u00e9cole, recherche d\u2019appartements ou de local commercial, pack installation, retrouvez la gamme compl\u00e8te de nos services et tarifs.\" \/>\n<meta name=\"robots\" content=\"index, follow, max-snippet:-1, max-image-preview:large, max-video-preview:-1\" \/>\n<link rel=\"canonical\" href=\"https:\/\/welcomehome-london.com\/fr\/pricing-table\/\" \/>\n<meta property=\"og:locale\" content=\"fr_FR\" \/>\n<meta property=\"og:type\" content=\"article\" \/>\n<meta property=\"og:title\" content=\"Tarifs relocation, recherche logement et \u00e9cole - Welcome Home London\" \/>\n<meta property=\"og:description\" content=\"Relocation, recherche d\u2019\u00e9cole, recherche d\u2019appartements ou de local commercial, pack installation, retrouvez la gamme compl\u00e8te de nos services et tarifs.\" \/>\n<meta property=\"og:url\" content=\"https:\/\/welcomehome-london.com\/fr\/pricing-table\/\" \/>\n<meta property=\"og:site_name\" content=\"Welcome Home London\" \/>\n<meta property=\"article:modified_time\" content=\"2016-10-10T09:52:41+00:00\" \/>\n<meta name=\"twitter:card\" content=\"summary_large_image\" \/>\n<script type=\"application\/ld+json\" class=\"yoast-schema-graph\">{\"@context\":\"https:\/\/schema.org\",\"@graph\":[{\"@type\":\"WebPage\",\"@id\":\"https:\/\/welcomehome-london.com\/fr\/pricing-table\/\",\"url\":\"https:\/\/welcomehome-london.com\/fr\/pricing-table\/\",\"name\":\"Tarifs relocation, recherche logement et \u00e9cole - Welcome Home London\",\"isPartOf\":{\"@id\":\"https:\/\/welcomehome-london.com\/#website\"},\"datePublished\":\"2015-12-28T08:55:00+00:00\",\"dateModified\":\"2016-10-10T09:52:41+00:00\",\"description\":\"Relocation, recherche d\u2019\u00e9cole, recherche d\u2019appartements ou de local commercial, pack installation, retrouvez la gamme compl\u00e8te de nos services et tarifs.\",\"breadcrumb\":{\"@id\":\"https:\/\/welcomehome-london.com\/fr\/pricing-table\/#breadcrumb\"},\"inLanguage\":\"fr-FR\",\"potentialAction\":[{\"@type\":\"ReadAction\",\"target\":[\"https:\/\/welcomehome-london.com\/fr\/pricing-table\/\"]}]},{\"@type\":\"BreadcrumbList\",\"@id\":\"https:\/\/welcomehome-london.com\/fr\/pricing-table\/#breadcrumb\",\"itemListElement\":[{\"@type\":\"ListItem\",\"position\":1,\"name\":\"Home\",\"item\":\"https:\/\/welcomehome-london.com\/fr\/\"},{\"@type\":\"ListItem\",\"position\":2,\"name\":\"Nos tarifs\"}]},{\"@type\":\"WebSite\",\"@id\":\"https:\/\/welcomehome-london.com\/#website\",\"url\":\"https:\/\/welcomehome-london.com\/\",\"name\":\"Welcome Home London\",\"description\":\"Estate Agent\",\"publisher\":{\"@id\":\"https:\/\/welcomehome-london.com\/#organization\"},\"potentialAction\":[{\"@type\":\"SearchAction\",\"target\":{\"@type\":\"EntryPoint\",\"urlTemplate\":\"https:\/\/welcomehome-london.com\/?s={search_term_string}\"},\"query-input\":{\"@type\":\"PropertyValueSpecification\",\"valueRequired\":true,\"valueName\":\"search_term_string\"}}],\"inLanguage\":\"fr-FR\"},{\"@type\":\"Organization\",\"@id\":\"https:\/\/welcomehome-london.com\/#organization\",\"name\":\"Welcome Home London\",\"url\":\"https:\/\/welcomehome-london.com\/\",\"logo\":{\"@type\":\"ImageObject\",\"inLanguage\":\"fr-FR\",\"@id\":\"https:\/\/welcomehome-london.com\/#\/schema\/logo\/image\/\",\"url\":\"https:\/\/welcomehome-london.com\/wp-content\/uploads\/2020\/05\/logo3.png\",\"contentUrl\":\"https:\/\/welcomehome-london.com\/wp-content\/uploads\/2020\/05\/logo3.png\",\"width\":330,\"height\":94,\"caption\":\"Welcome Home London\"},\"image\":{\"@id\":\"https:\/\/welcomehome-london.com\/#\/schema\/logo\/image\/\"}}]}<\/script>\n<!-- \/ Yoast SEO plugin. -->","yoast_head_json":{"title":"Tarifs relocation, recherche logement et \u00e9cole - Welcome Home London","description":"Relocation, recherche d\u2019\u00e9cole, recherche d\u2019appartements ou de local commercial, pack installation, retrouvez la gamme compl\u00e8te de nos services et tarifs.","robots":{"index":"index","follow":"follow","max-snippet":"max-snippet:-1","max-image-preview":"max-image-preview:large","max-video-preview":"max-video-preview:-1"},"canonical":"https:\/\/welcomehome-london.com\/fr\/pricing-table\/","og_locale":"fr_FR","og_type":"article","og_title":"Tarifs relocation, recherche logement et \u00e9cole - Welcome Home London","og_description":"Relocation, recherche d\u2019\u00e9cole, recherche d\u2019appartements ou de local commercial, pack installation, retrouvez la gamme compl\u00e8te de nos services et tarifs.","og_url":"https:\/\/welcomehome-london.com\/fr\/pricing-table\/","og_site_name":"Welcome Home London","article_modified_time":"2016-10-10T09:52:41+00:00","twitter_card":"summary_large_image","schema":{"@context":"https:\/\/schema.org","@graph":[{"@type":"WebPage","@id":"https:\/\/welcomehome-london.com\/fr\/pricing-table\/","url":"https:\/\/welcomehome-london.com\/fr\/pricing-table\/","name":"Tarifs relocation, recherche logement et \u00e9cole - Welcome Home London","isPartOf":{"@id":"https:\/\/welcomehome-london.com\/#website"},"datePublished":"2015-12-28T08:55:00+00:00","dateModified":"2016-10-10T09:52:41+00:00","description":"Relocation, recherche d\u2019\u00e9cole, recherche d\u2019appartements ou de local commercial, pack installation, retrouvez la gamme compl\u00e8te de nos services et tarifs.","breadcrumb":{"@id":"https:\/\/welcomehome-london.com\/fr\/pricing-table\/#breadcrumb"},"inLanguage":"fr-FR","potentialAction":[{"@type":"ReadAction","target":["https:\/\/welcomehome-london.com\/fr\/pricing-table\/"]}]},{"@type":"BreadcrumbList","@id":"https:\/\/welcomehome-london.com\/fr\/pricing-table\/#breadcrumb","itemListElement":[{"@type":"ListItem","position":1,"name":"Home","item":"https:\/\/welcomehome-london.com\/fr\/"},{"@type":"ListItem","position":2,"name":"Nos tarifs"}]},{"@type":"WebSite","@id":"https:\/\/welcomehome-london.com\/#website","url":"https:\/\/welcomehome-london.com\/","name":"Welcome Home London","description":"Estate Agent","publisher":{"@id":"https:\/\/welcomehome-london.com\/#organization"},"potentialAction":[{"@type":"SearchAction","target":{"@type":"EntryPoint","urlTemplate":"https:\/\/welcomehome-london.com\/?s={search_term_string}"},"query-input":{"@type":"PropertyValueSpecification","valueRequired":true,"valueName":"search_term_string"}}],"inLanguage":"fr-FR"},{"@type":"Organization","@id":"https:\/\/welcomehome-london.com\/#organization","name":"Welcome Home London","url":"https:\/\/welcomehome-london.com\/","logo":{"@type":"ImageObject","inLanguage":"fr-FR","@id":"https:\/\/welcomehome-london.com\/#\/schema\/logo\/image\/","url":"https:\/\/welcomehome-london.com\/wp-content\/uploads\/2020\/05\/logo3.png","contentUrl":"https:\/\/welcomehome-london.com\/wp-content\/uploads\/2020\/05\/logo3.png","width":330,"height":94,"caption":"Welcome Home London"},"image":{"@id":"https:\/\/welcomehome-london.com\/#\/schema\/logo\/image\/"}}]}},"_links":{"self":[{"href":"https:\/\/welcomehome-london.com\/fr\/wp-json\/wp\/v2\/pages\/2117","targetHints":{"allow":["GET"]}}],"collection":[{"href":"https:\/\/welcomehome-london.com\/fr\/wp-json\/wp\/v2\/pages"}],"about":[{"href":"https:\/\/welcomehome-london.com\/fr\/wp-json\/wp\/v2\/types\/page"}],"author":[{"embeddable":true,"href":"https:\/\/welcomehome-london.com\/fr\/wp-json\/wp\/v2\/users\/4"}],"replies":[{"embeddable":true,"href":"https:\/\/welcomehome-london.com\/fr\/wp-json\/wp\/v2\/comments?post=2117"}],"version-history":[{"count":3,"href":"https:\/\/welcomehome-london.com\/fr\/wp-json\/wp\/v2\/pages\/2117\/revisions"}],"predecessor-version":[{"id":2124,"href":"https:\/\/welcomehome-london.com\/fr\/wp-json\/wp\/v2\/pages\/2117\/revisions\/2124"}],"wp:attachment":[{"href":"https:\/\/welcomehome-london.com\/fr\/wp-json\/wp\/v2\/media?parent=2117"}],"curies":[{"name":"wp","href":"https:\/\/api.w.org\/{rel}","templated":true}]}}