{"id":1885,"date":"2015-12-16T03:20:38","date_gmt":"2015-12-16T03:20:38","guid":{"rendered":"http:\/\/welcomehome-london.com\/contact\/?lang=fr"},"modified":"2020-05-30T18:27:59","modified_gmt":"2020-05-30T17:27:59","slug":"contact","status":"publish","type":"page","link":"https:\/\/welcomehome-london.com\/fr\/contact\/","title":{"rendered":"Contact"},"content":{"rendered":"<div class=\"wpb-content-wrapper\"><p>[vc_row][vc_column width=\u00a0\u00bb1\/3&Prime;][vc_column_text]<\/p>\n<h3 style=\"margin-top: 0;\">Confiez-nous votre projet<\/h3>\n<p>Remplissez le formulaire de contact ou<br \/>\nenvoyez-nous un simple e-mail \u00e0<br \/>\n<a href=\"mailto:info@welcomehome-london.com\">info@welcomehome-london.com<\/a><\/p>\n<h3 style=\"margin-top: 0;\">Contact direct par t\u00e9l\u00e9phone ou What&rsquo;s App<\/h3>\n<p style=\"margin-top: 0;\">Contact UK : +44 7 982 642 994<\/p>\n<p style=\"margin-top: 0;\">Contact FR : +33 7 67 74 91 19<\/p>\n<h4 style=\"margin-top: 0;\">Londres<\/h4>\n<p>58 Cholmley Gardens NW6 1AJ LONDON<br \/>\nE-mail: <a href=\"mailto:info@welcomehome-london.com\">info@welcomehome-london.com<\/a><br \/>\nMon &#8211; Sat: 9:00 Am &#8211; 22:00 Pm<\/p>\n<h4 style=\"margin-top: 0;\"><\/h4>\n<p>[\/vc_column_text][vc_empty_space height=\u00a0\u00bb50px\u00a0\u00bb][\/vc_column][vc_column width=\u00a0\u00bb2\/3&Prime;][vc_raw_html]JTNDaWZyYW1lJTIwc3R5bGUlM0QlMjJ3aWR0aCUzQTEwMCUyNSUzQiUyMG1pbi1oZWlnaHQlM0EzNTBweCUzQiUyMiUyMHNyYyUzRCUyMmh0dHBzJTNBJTJGJTJGd3d3Lmdvb2dsZS5jb20lMkZtYXBzJTJGZW1iZWQlM0ZwYiUzRCUyMTFtMTglMjExbTEyJTIxMW0zJTIxMWQyNDgwLjgwNzQ4ODE5NDg4NDYlMjEyZC0wLjE5NzcxNjY4NDEyODkzMDE1JTIxM2Q1MS41NTM0Mjg5Nzk2NDI3MiUyMTJtMyUyMTFmMCUyMTJmMCUyMTNmMCUyMTNtMiUyMTFpMTAyNCUyMTJpNzY4JTIxNGYxMy4xJTIxM20zJTIxMW0yJTIxMXMweDQ4NzYwNDViMDg1M2Y1MzMlMjUzQTB4ZTJkMTJlN2FhOTkzNDA1MCUyMTJzV2VsY29tZSUyQkhvbWUlMkJMb25kb24lMjE1ZTAlMjEzbTIlMjExc2VuJTIxMnN1cyUyMTR2MTUzODIxMTQ4MjE5NiUyMiUyMHdpZHRoJTNEJTIyNjAwJTIyJTIwaGVpZ2h0JTNEJTIyNDUwJTIyJTIwZnJhbWVib3JkZXIlM0QlMjIwJTIyJTIwc3R5bGUlM0QlMjJib3JkZXIlM0EwJTIyJTIwYWxsb3dmdWxsc2NyZWVuJTNFJTNDJTJGaWZyYW1lJTNF[\/vc_raw_html][vc_empty_space height=\u00a0\u00bb50px\u00a0\u00bb]\n<div class=\"wpcf7 no-js\" id=\"wpcf7-f1711-o1\" lang=\"en-US\" dir=\"ltr\" data-wpcf7-id=\"1711\">\n<div class=\"screen-reader-response\"><p role=\"status\" aria-live=\"polite\" aria-atomic=\"true\"><\/p> <ul><\/ul><\/div>\n<form action=\"\/fr\/wp-json\/wp\/v2\/pages\/1885#wpcf7-f1711-o1\" method=\"post\" class=\"wpcf7-form init\" aria-label=\"Contact form\" novalidate=\"novalidate\" data-status=\"init\">\n<fieldset class=\"hidden-fields-container\"><input type=\"hidden\" name=\"_wpcf7\" value=\"1711\" \/><input type=\"hidden\" name=\"_wpcf7_version\" value=\"6.1.4\" \/><input type=\"hidden\" name=\"_wpcf7_locale\" value=\"en_US\" \/><input type=\"hidden\" name=\"_wpcf7_unit_tag\" value=\"wpcf7-f1711-o1\" \/><input type=\"hidden\" name=\"_wpcf7_container_post\" value=\"0\" \/><input type=\"hidden\" name=\"_wpcf7_posted_data_hash\" value=\"\" \/><input type=\"hidden\" name=\"_wpcf7_recaptcha_response\" value=\"\" \/>\n<\/fieldset>\n<div class=\"quick-form\">\n\t<h4>Formulaire de contact\n\t<\/h4>\n\t<p>PARLEZ-NOUS DE VOTRE PROJET.\n\t<\/p>\n\t<div class=\"row\">\n\t\t<div class=\"columns columns-6\">\n\t\t\t<p><span class=\"wpcf7-form-control-wrap\" data-name=\"text-836\"><input size=\"40\" maxlength=\"400\" class=\"wpcf7-form-control wpcf7-text wpcf7-validates-as-required\" aria-required=\"true\" aria-invalid=\"false\" placeholder=\"Votre nom\" value=\"\" type=\"text\" name=\"text-836\" \/><\/span><br \/>\n<span class=\"wpcf7-form-control-wrap\" data-name=\"email-395\"><input size=\"40\" maxlength=\"400\" class=\"wpcf7-form-control wpcf7-email wpcf7-validates-as-required wpcf7-text wpcf7-validates-as-email\" aria-required=\"true\" aria-invalid=\"false\" placeholder=\"Votre e-mail\" value=\"\" type=\"email\" name=\"email-395\" \/><\/span><br \/>\n<span class=\"wpcf7-form-control-wrap\" data-name=\"menu-752\"><select class=\"wpcf7-form-control wpcf7-select\" aria-invalid=\"false\" name=\"menu-752\"><option value=\"Votre projet\">Votre projet<\/option><option value=\"Relocation\">Relocation<\/option><option value=\"Recherche d\u2019\u00e9coles\">Recherche d\u2019\u00e9coles<\/option><option value=\"Recherche de locaux commerciaux\">Recherche de locaux commerciaux<\/option><option value=\"Achat Appartement\/Maison\">Achat Appartement\/Maison<\/option><\/select><\/span>\n\t\t\t<\/p>\n\t\t<\/div>\n\t\t<div class=\"columns columns-6\">\n\t\t\t<p><span class=\"wpcf7-form-control-wrap\" data-name=\"text-837\"><input size=\"40\" maxlength=\"400\" class=\"wpcf7-form-control wpcf7-text\" aria-invalid=\"false\" placeholder=\"Sujet\" value=\"\" type=\"text\" name=\"text-837\" \/><\/span><br \/>\n<span class=\"wpcf7-form-control-wrap\" data-name=\"textarea-901\"><textarea cols=\"40\" rows=\"10\" maxlength=\"2000\" class=\"wpcf7-form-control wpcf7-textarea\" aria-invalid=\"false\" placeholder=\"Message\" name=\"textarea-901\"><\/textarea><\/span>\n\t\t\t<\/p>\n\t\t<\/div>\n\t<\/div>\n\t<div class=\"row\">\n\t\t<div class=\"columns columns-6\">\n\t\t\t<p>&nbsp;\n\t\t\t<\/p>\n\t\t<\/div>\n\t\t<div class=\"columns columns-6\">\n\t\t\t<p><input class=\"wpcf7-form-control wpcf7-submit has-spinner\" type=\"submit\" value=\"Envoyer\" \/>\n\t\t\t<\/p>\n\t\t<\/div>\n\t<\/div>\n<\/div><p style=\"display: none !important;\" class=\"akismet-fields-container\" data-prefix=\"_wpcf7_ak_\"><label>&#916;<textarea name=\"_wpcf7_ak_hp_textarea\" cols=\"45\" rows=\"8\" maxlength=\"100\"><\/textarea><\/label><input type=\"hidden\" id=\"ak_js_1\" name=\"_wpcf7_ak_js\" value=\"86\"\/><script>document.getElementById( \"ak_js_1\" ).setAttribute( \"value\", ( new Date() ).getTime() );<\/script><\/p><div class=\"wpcf7-response-output\" aria-hidden=\"true\"><\/div>\n<\/form>\n<\/div>\n[vc_empty_space height=\u00a0\u00bb50px\u00a0\u00bb][\/vc_column][\/vc_row]<\/p>\n<\/div>","protected":false},"excerpt":{"rendered":"<p>[vc_row][vc_column width=\u00a0\u00bb1\/3&Prime;][vc_column_text] Confiez-nous votre projet Remplissez le formulaire de contact ou envoyez-nous un simple e-mail \u00e0 info@welcomehome-london.com Contact direct par t\u00e9l\u00e9phone ou What&rsquo;s App Contact UK : +44 7 982 642 994 Contact FR : +33 7 67 74 91 19 Londres 58 Cholmley Gardens NW6 1AJ LONDON E-mail: info@welcomehome-london.com Mon &#8211; Sat: 9:00 Am [&hellip;]<\/p>\n","protected":false},"author":4,"featured_media":0,"parent":0,"menu_order":0,"comment_status":"closed","ping_status":"closed","template":"","meta":{"_acf_changed":false,"footnotes":""},"class_list":["post-1885","page","type-page","status-publish","hentry","no-post-thumbnail"],"acf":[],"yoast_head":"<!-- This site is optimized with the Yoast SEO plugin v26.6 - https:\/\/yoast.com\/wordpress\/plugins\/seo\/ -->\n<title>Contact- Recherche immobili\u00e8re \u00e0 Londres \u2013 Welcome Home London<\/title>\n<meta name=\"description\" content=\"Recherche immobili\u00e8re \u00e0 Londres. Prenez contact avec notre \u00e9quipe sp\u00e9cialis\u00e9e dans la chasse immobili\u00e8re et la relocation pour expatri\u00e9s \u00e0 Londres,\" \/>\n<meta name=\"robots\" content=\"index, follow, max-snippet:-1, max-image-preview:large, max-video-preview:-1\" \/>\n<link rel=\"canonical\" href=\"https:\/\/welcomehome-london.com\/fr\/contact\/\" \/>\n<meta property=\"og:locale\" content=\"fr_FR\" \/>\n<meta property=\"og:type\" content=\"article\" \/>\n<meta property=\"og:title\" content=\"Contact- Recherche immobili\u00e8re \u00e0 Londres \u2013 Welcome Home London\" \/>\n<meta property=\"og:description\" content=\"Recherche immobili\u00e8re \u00e0 Londres. Prenez contact avec notre \u00e9quipe sp\u00e9cialis\u00e9e dans la chasse immobili\u00e8re et la relocation pour expatri\u00e9s \u00e0 Londres,\" \/>\n<meta property=\"og:url\" content=\"https:\/\/welcomehome-london.com\/fr\/contact\/\" \/>\n<meta property=\"og:site_name\" content=\"Welcome Home London\" \/>\n<meta property=\"article:modified_time\" content=\"2020-05-30T17:27:59+00:00\" \/>\n<meta name=\"twitter:card\" content=\"summary_large_image\" \/>\n<meta name=\"twitter:label1\" content=\"Dur\u00e9e de lecture estim\u00e9e\" \/>\n\t<meta name=\"twitter:data1\" content=\"1 minute\" \/>\n<script type=\"application\/ld+json\" class=\"yoast-schema-graph\">{\"@context\":\"https:\/\/schema.org\",\"@graph\":[{\"@type\":\"WebPage\",\"@id\":\"https:\/\/welcomehome-london.com\/fr\/contact\/\",\"url\":\"https:\/\/welcomehome-london.com\/fr\/contact\/\",\"name\":\"Contact- Recherche immobili\u00e8re \u00e0 Londres \u2013 Welcome Home London\",\"isPartOf\":{\"@id\":\"https:\/\/welcomehome-london.com\/#website\"},\"datePublished\":\"2015-12-16T03:20:38+00:00\",\"dateModified\":\"2020-05-30T17:27:59+00:00\",\"description\":\"Recherche immobili\u00e8re \u00e0 Londres. Prenez contact avec notre \u00e9quipe sp\u00e9cialis\u00e9e dans la chasse immobili\u00e8re et la relocation pour expatri\u00e9s \u00e0 Londres,\",\"breadcrumb\":{\"@id\":\"https:\/\/welcomehome-london.com\/fr\/contact\/#breadcrumb\"},\"inLanguage\":\"fr-FR\",\"potentialAction\":[{\"@type\":\"ReadAction\",\"target\":[\"https:\/\/welcomehome-london.com\/fr\/contact\/\"]}]},{\"@type\":\"BreadcrumbList\",\"@id\":\"https:\/\/welcomehome-london.com\/fr\/contact\/#breadcrumb\",\"itemListElement\":[{\"@type\":\"ListItem\",\"position\":1,\"name\":\"Home\",\"item\":\"https:\/\/welcomehome-london.com\/fr\/\"},{\"@type\":\"ListItem\",\"position\":2,\"name\":\"Contact\"}]},{\"@type\":\"WebSite\",\"@id\":\"https:\/\/welcomehome-london.com\/#website\",\"url\":\"https:\/\/welcomehome-london.com\/\",\"name\":\"Welcome Home London\",\"description\":\"Estate Agent\",\"publisher\":{\"@id\":\"https:\/\/welcomehome-london.com\/#organization\"},\"potentialAction\":[{\"@type\":\"SearchAction\",\"target\":{\"@type\":\"EntryPoint\",\"urlTemplate\":\"https:\/\/welcomehome-london.com\/?s={search_term_string}\"},\"query-input\":{\"@type\":\"PropertyValueSpecification\",\"valueRequired\":true,\"valueName\":\"search_term_string\"}}],\"inLanguage\":\"fr-FR\"},{\"@type\":\"Organization\",\"@id\":\"https:\/\/welcomehome-london.com\/#organization\",\"name\":\"Welcome Home London\",\"url\":\"https:\/\/welcomehome-london.com\/\",\"logo\":{\"@type\":\"ImageObject\",\"inLanguage\":\"fr-FR\",\"@id\":\"https:\/\/welcomehome-london.com\/#\/schema\/logo\/image\/\",\"url\":\"https:\/\/welcomehome-london.com\/wp-content\/uploads\/2020\/05\/logo3.png\",\"contentUrl\":\"https:\/\/welcomehome-london.com\/wp-content\/uploads\/2020\/05\/logo3.png\",\"width\":330,\"height\":94,\"caption\":\"Welcome Home London\"},\"image\":{\"@id\":\"https:\/\/welcomehome-london.com\/#\/schema\/logo\/image\/\"}}]}<\/script>\n<!-- \/ Yoast SEO plugin. -->","yoast_head_json":{"title":"Contact- Recherche immobili\u00e8re \u00e0 Londres \u2013 Welcome Home London","description":"Recherche immobili\u00e8re \u00e0 Londres. Prenez contact avec notre \u00e9quipe sp\u00e9cialis\u00e9e dans la chasse immobili\u00e8re et la relocation pour expatri\u00e9s \u00e0 Londres,","robots":{"index":"index","follow":"follow","max-snippet":"max-snippet:-1","max-image-preview":"max-image-preview:large","max-video-preview":"max-video-preview:-1"},"canonical":"https:\/\/welcomehome-london.com\/fr\/contact\/","og_locale":"fr_FR","og_type":"article","og_title":"Contact- Recherche immobili\u00e8re \u00e0 Londres \u2013 Welcome Home London","og_description":"Recherche immobili\u00e8re \u00e0 Londres. Prenez contact avec notre \u00e9quipe sp\u00e9cialis\u00e9e dans la chasse immobili\u00e8re et la relocation pour expatri\u00e9s \u00e0 Londres,","og_url":"https:\/\/welcomehome-london.com\/fr\/contact\/","og_site_name":"Welcome Home London","article_modified_time":"2020-05-30T17:27:59+00:00","twitter_card":"summary_large_image","twitter_misc":{"Dur\u00e9e de lecture estim\u00e9e":"1 minute"},"schema":{"@context":"https:\/\/schema.org","@graph":[{"@type":"WebPage","@id":"https:\/\/welcomehome-london.com\/fr\/contact\/","url":"https:\/\/welcomehome-london.com\/fr\/contact\/","name":"Contact- Recherche immobili\u00e8re \u00e0 Londres \u2013 Welcome Home London","isPartOf":{"@id":"https:\/\/welcomehome-london.com\/#website"},"datePublished":"2015-12-16T03:20:38+00:00","dateModified":"2020-05-30T17:27:59+00:00","description":"Recherche immobili\u00e8re \u00e0 Londres. Prenez contact avec notre \u00e9quipe sp\u00e9cialis\u00e9e dans la chasse immobili\u00e8re et la relocation pour expatri\u00e9s \u00e0 Londres,","breadcrumb":{"@id":"https:\/\/welcomehome-london.com\/fr\/contact\/#breadcrumb"},"inLanguage":"fr-FR","potentialAction":[{"@type":"ReadAction","target":["https:\/\/welcomehome-london.com\/fr\/contact\/"]}]},{"@type":"BreadcrumbList","@id":"https:\/\/welcomehome-london.com\/fr\/contact\/#breadcrumb","itemListElement":[{"@type":"ListItem","position":1,"name":"Home","item":"https:\/\/welcomehome-london.com\/fr\/"},{"@type":"ListItem","position":2,"name":"Contact"}]},{"@type":"WebSite","@id":"https:\/\/welcomehome-london.com\/#website","url":"https:\/\/welcomehome-london.com\/","name":"Welcome Home London","description":"Estate Agent","publisher":{"@id":"https:\/\/welcomehome-london.com\/#organization"},"potentialAction":[{"@type":"SearchAction","target":{"@type":"EntryPoint","urlTemplate":"https:\/\/welcomehome-london.com\/?s={search_term_string}"},"query-input":{"@type":"PropertyValueSpecification","valueRequired":true,"valueName":"search_term_string"}}],"inLanguage":"fr-FR"},{"@type":"Organization","@id":"https:\/\/welcomehome-london.com\/#organization","name":"Welcome Home London","url":"https:\/\/welcomehome-london.com\/","logo":{"@type":"ImageObject","inLanguage":"fr-FR","@id":"https:\/\/welcomehome-london.com\/#\/schema\/logo\/image\/","url":"https:\/\/welcomehome-london.com\/wp-content\/uploads\/2020\/05\/logo3.png","contentUrl":"https:\/\/welcomehome-london.com\/wp-content\/uploads\/2020\/05\/logo3.png","width":330,"height":94,"caption":"Welcome Home London"},"image":{"@id":"https:\/\/welcomehome-london.com\/#\/schema\/logo\/image\/"}}]}},"_links":{"self":[{"href":"https:\/\/welcomehome-london.com\/fr\/wp-json\/wp\/v2\/pages\/1885","targetHints":{"allow":["GET"]}}],"collection":[{"href":"https:\/\/welcomehome-london.com\/fr\/wp-json\/wp\/v2\/pages"}],"about":[{"href":"https:\/\/welcomehome-london.com\/fr\/wp-json\/wp\/v2\/types\/page"}],"author":[{"embeddable":true,"href":"https:\/\/welcomehome-london.com\/fr\/wp-json\/wp\/v2\/users\/4"}],"replies":[{"embeddable":true,"href":"https:\/\/welcomehome-london.com\/fr\/wp-json\/wp\/v2\/comments?post=1885"}],"version-history":[{"count":13,"href":"https:\/\/welcomehome-london.com\/fr\/wp-json\/wp\/v2\/pages\/1885\/revisions"}],"predecessor-version":[{"id":6429,"href":"https:\/\/welcomehome-london.com\/fr\/wp-json\/wp\/v2\/pages\/1885\/revisions\/6429"}],"wp:attachment":[{"href":"https:\/\/welcomehome-london.com\/fr\/wp-json\/wp\/v2\/media?parent=1885"}],"curies":[{"name":"wp","href":"https:\/\/api.w.org\/{rel}","templated":true}]}}