{"id":1875,"date":"2016-04-29T21:59:12","date_gmt":"2016-04-29T20:59:12","guid":{"rendered":"http:\/\/welcomehome-london.com\/investment-guide\/anticipate-all-costs\/?lang=fr"},"modified":"2025-10-28T10:56:05","modified_gmt":"2025-10-28T09:56:05","slug":"anticipate-all-costs","status":"publish","type":"page","link":"https:\/\/welcomehome-london.com\/fr\/investment-guide\/anticipate-all-costs\/","title":{"rendered":"FRAIS ADMINISTRATIFS ACHAT IMMOBILIER"},"content":{"rendered":"<div class=\"wpb-content-wrapper\"><p>[vc_row][vc_column][vc_column_text css=\u00a0\u00bb\u00a0\u00bb]<\/p>\n<h4 style=\"margin-top: 0px;\">Frais administratifs \u00e0 pr\u00e9voir lors d&rsquo;un achat immobilier \u00e0 Londres<\/h4>\n<p>Investir dans l\u2019immobilier est souvent consid\u00e9r\u00e9 comme l\u2019un des actes les plus stressants de la vie d\u2019une personne. Alors lorsqu&rsquo;il s\u2019agit d\u2019acheter \u00e0 Londres, sur l\u2019un des march\u00e9s les plus compliqu\u00e9s et les plus chers d\u2019Europe, cela peut virer au cauchemar. Pr\u00e9parez votre projet en anticipant les frais administratifs.<\/p>\n<h4><img loading=\"lazy\" decoding=\"async\" class=\"alignnone wp-image-6314 size-large\" src=\"http:\/\/welcomehome-london.com\/wp-content\/uploads\/2020\/05\/grafton_square_clapham_welcome_home_london-1-e1591275948762-1024x422.jpg\" alt=\"frais administratifs achat immobilier \u00e0 Londres\" width=\"1024\" height=\"422\" srcset=\"https:\/\/welcomehome-london.com\/wp-content\/uploads\/2020\/05\/grafton_square_clapham_welcome_home_london-1-e1591275948762-1024x422.jpg 1024w, https:\/\/welcomehome-london.com\/wp-content\/uploads\/2020\/05\/grafton_square_clapham_welcome_home_london-1-e1591275948762-300x124.jpg 300w, https:\/\/welcomehome-london.com\/wp-content\/uploads\/2020\/05\/grafton_square_clapham_welcome_home_london-1-e1591275948762-768x317.jpg 768w, https:\/\/welcomehome-london.com\/wp-content\/uploads\/2020\/05\/grafton_square_clapham_welcome_home_london-1-e1591275948762-555x229.jpg 555w, https:\/\/welcomehome-london.com\/wp-content\/uploads\/2020\/05\/grafton_square_clapham_welcome_home_london-1-e1591275948762-1110x458.jpg 1110w, https:\/\/welcomehome-london.com\/wp-content\/uploads\/2020\/05\/grafton_square_clapham_welcome_home_london-1-e1591275948762.jpg 1140w\" sizes=\"auto, (max-width: 1024px) 100vw, 1024px\" \/><\/h4>\n<h4>Stamp Duty<\/h4>\n<p>Elle constitue la plus grosse part des frais administratifs \u00e0 engager lors d\u2019un achat immobilier \u00e0 Londres. C\u2019est un peu l\u2019\u00e9quivalent des frais de notaire fran\u00e7ais. La modification r\u00e9cente des paliers (Avril 2025) a rendu la Stamp Duty plus ch\u00e8re notamment pour les budgets moyens (seuil de First Time Buyer discount abaiss\u00e9 de \u00a3625,000 \u00e0 \u00a3500,000, rajout d&rsquo;un seuil tax\u00e9 entre \u00a3125,000 et \u00a3250,000). Attention: si <strong>vous poss\u00e9dez d\u00e9j\u00e0 un bien immobilier ailleurs dans le monde<\/strong> ou si vous achetez en <strong>Buy To Let<\/strong>, <strong>une surtaxe de 5% du prix du bien<\/strong> s&rsquo;applique obligatoirement, sauf dans le cas du remplacement de votre r\u00e9sidence principale. Par ailleurs, une <strong>surtaxe de 2% sur le prix du bien<\/strong> s&rsquo;applique pour les acheteurs <strong>non r\u00e9sident<\/strong>s (&lt;183 jours de pr\u00e9sence au UK sur les 365 jours qui pr\u00e9c\u00e8dent l&rsquo;achat).<\/p>\n<table>\n<thead>\n<tr>\n<td>\n<table width=\"437\">\n<tbody>\n<tr>\n<td width=\"366\"><strong>Prix d\u2019acquisition de la propri\u00e9t\u00e9<\/strong><\/td>\n<td width=\"71\"><strong>Taux de\u00a0 SDLT<\/strong><\/td>\n<\/tr>\n<tr>\n<td width=\"366\">Jusqu&rsquo;\u00e0 \u00a3125,000<\/td>\n<td width=\"71\">0%<\/td>\n<\/tr>\n<tr>\n<td width=\"366\">Entre \u00a3125,000 et \u00a3250,000<\/td>\n<td width=\"71\">2%<\/td>\n<\/tr>\n<tr>\n<td width=\"366\">Entre \u00a3250,000 et \u00a3925,000<\/td>\n<td width=\"71\">5%<\/td>\n<\/tr>\n<tr>\n<td width=\"366\">Sur les \u00a3575,000 suivants (part comprise entre \u00a3925,001 to \u00a31.5 million)<\/td>\n<td width=\"71\">10%<\/td>\n<\/tr>\n<tr>\n<td width=\"366\">Sur le montant restant (part sup\u00e9rieure \u00e0 \u00a31.5 million)<\/td>\n<td width=\"71\">12%<\/td>\n<\/tr>\n<\/tbody>\n<\/table>\n<\/td>\n<\/tr>\n<\/thead>\n<\/table>\n<p>Pour les primo-acc\u00e9dants (First time buyers), un taux sp\u00e9cifique s&rsquo;applique A CONDITION que le montant de l&rsquo;achat soit &lt; \u00a3500,000. Pas de taxation jusqu&rsquo;\u00e0 \u00a3300,000, puis 5% sur la partie &gt; \u00a3300,000.<\/p>\n<p><em><strong>Quelques cas d&rsquo;achat de r\u00e9sidence principale \u00e0 Londres :<\/strong><\/em><\/p>\n<p>Achat d\u2019un appartement en Share of Freehold \u00e0 \u00a3499,000, Primo Acc\u00e9dants. Pas de Stamp Duty sur la tranche &lt;\u00a3300,000 et 5% sur la tranche comprise entre \u00a3300,001 et \u00a3499,000 (car le prix d&rsquo;achat &lt;\u00a3500,000) :\u00a0 Stamp Duty = \u00a39,949.95 (1,99% du prix d&rsquo;achat)<\/p>\n<p>Achat d\u2019un appartement en Share of Freehold \u00e0 \u00a3550,000, Primo Acc\u00e9dants. Les taux First Time Buyer ne s&rsquo;appliquent pas car le montant de l&rsquo;achat est &gt; \u00a3500,000. Pas de Stamp Duty sur la tranche &lt;\u00a3125,000, 2% sur la tranche entre \u00a3125,000 et \u00a3250,000 et 5% sur la tranche comprise entre \u00a3250,001 et \u00a3550,000 (car le prix d&rsquo;achat &gt;\u00a3500,000) :\u00a0 Stamp Duty = \u00a317,500 (3,18% du prix d&rsquo;achat)<\/p>\n<p>Achat d\u2019une maison terraced en Freehold \u00e0 \u00a31,725,000 : \u00a3120,750 de Stamp Duty (7% du prix d&rsquo;achat)<\/p>\n<h4>Land Registration<\/h4>\n<p>C\u2019est le co\u00fbt d\u2019enregistrement de votre propri\u00e9t\u00e9 aupr\u00e8s des autorit\u00e9s comp\u00e9tentes. Il varie en fonction de la valeur du bien.<strong> Pr\u00e9voir entre \u00a3200 et \u00a3500.<\/strong><\/p>\n<h4>Frais de solicitor<\/h4>\n<p>Le recours \u00e0 un Solicitor est incontournable pour conclure un achat immobilier au Royaume-Uni. C\u2019est lui qui prend en charge le suivi administratif de l\u2019achat, en relation avec le Solicitor du vendeur. De sa r\u00e9activit\u00e9 et de son professionnalisme d\u00e9pendront directement la r\u00e9ussite et le d\u00e9lai n\u00e9cessaire pour concr\u00e9tiser votre achat<strong>. <\/strong><strong>Pr\u00e9voir entre \u00a32,000 et \u00a34,500<\/strong>\u00a0pour le Solicitor, en fonction de la complexit\u00e9 du dossier.<\/p>\n<p><em>Welcome Home London travaille avec quelques professionnels r\u00e9put\u00e9s pour leur s\u00e9rieux et leurs tarifs comp\u00e9titifs \u00e0 qui nous vous adresserons<\/em><\/p>\n<h4><img loading=\"lazy\" decoding=\"async\" class=\"alignnone wp-image-6517 size-large\" src=\"http:\/\/welcomehome-london.com\/wp-content\/uploads\/2020\/06\/building_survey_property_purchase_welcome_home_london-scaled-e1591276924767-1024x438.jpg\" alt=\"frais administratifs de survey pour achat immobilier \u00e0 londres\" width=\"1024\" height=\"438\" srcset=\"https:\/\/welcomehome-london.com\/wp-content\/uploads\/2020\/06\/building_survey_property_purchase_welcome_home_london-scaled-e1591276924767-1024x438.jpg 1024w, https:\/\/welcomehome-london.com\/wp-content\/uploads\/2020\/06\/building_survey_property_purchase_welcome_home_london-scaled-e1591276924767-300x128.jpg 300w, https:\/\/welcomehome-london.com\/wp-content\/uploads\/2020\/06\/building_survey_property_purchase_welcome_home_london-scaled-e1591276924767-768x328.jpg 768w, https:\/\/welcomehome-london.com\/wp-content\/uploads\/2020\/06\/building_survey_property_purchase_welcome_home_london-scaled-e1591276924767-1536x656.jpg 1536w, https:\/\/welcomehome-london.com\/wp-content\/uploads\/2020\/06\/building_survey_property_purchase_welcome_home_london-scaled-e1591276924767-2048x875.jpg 2048w, https:\/\/welcomehome-london.com\/wp-content\/uploads\/2020\/06\/building_survey_property_purchase_welcome_home_london-scaled-e1591276924767-555x237.jpg 555w, https:\/\/welcomehome-london.com\/wp-content\/uploads\/2020\/06\/building_survey_property_purchase_welcome_home_london-scaled-e1591276924767-1110x474.jpg 1110w\" sizes=\"auto, (max-width: 1024px) 100vw, 1024px\" \/><\/h4>\n<h4>Frais de survey<\/h4>\n<p>Lorsque vous achetez, il est recommand\u00e9 de faire effectuer une \u00e9tude apr\u00e8s que l\u2019offre ait \u00e9t\u00e9 accept\u00e9e afin de v\u00e9rifier la qualit\u00e9 du bien, la pr\u00e9sence ou non de risques sanitaires majeurs, malfa\u00e7ons, etc\u2026 Le co\u00fbt est tr\u00e8s variable en fonction de la pr\u00e9cision voulue.<\/p>\n<p>La Condition Report est une \u00e9tude simple. Elle donne un aper\u00e7u de l\u2019\u00e9tat de la maison et r\u00e9v\u00e8le les probl\u00e8mes majeurs sans rentrer dans les d\u00e9tails. Elle est plut\u00f4t adapt\u00e9e pour des biens r\u00e9cents. <strong>Pr\u00e9voir environ \u00a3500.<\/strong><\/p>\n<p>Le HomeBuyer\u2019s Report est plus complet, il va par exemple mettre en lumi\u00e8re les probl\u00e8mes d\u2019humidit\u00e9, d\u00e9tecter les r\u00e9parations n\u00e9cessaires et la non-conformit\u00e9 des installations ou des b\u00e2timents. Mais l\u2019expert ne d\u00e9placera pas les meubles et ne soul\u00e8vera pas les tapis, seuls les probl\u00e8mes apparents seront d\u00e9tect\u00e9s. Pour une propri\u00e9t\u00e9 de +\u00a3500,000, <strong>compter environ \u00a31,200<\/strong>\u00a0pour 2 \u00e0 4 heures d\u2019inspection.<\/p>\n<p>La Building Survey est la plus compl\u00e8te, elle d\u00e9taille les d\u00e9fauts, liste et chiffre toutes les r\u00e9parations n\u00e9cessaires. Particuli\u00e8rement recommand\u00e9e pour les propri\u00e9t\u00e9s les plus anciennes ou en mauvais \u00e9tat. <strong>Compter au moins \u00a31,600<\/strong> pour une journ\u00e9e compl\u00e8te d\u2019inspection. Le co\u00fbt des travaux \u00e0 effectuer pourra \u00e9ventuellement \u00eatre n\u00e9goci\u00e9 en d\u00e9duction du prix d\u2019achat initialement propos\u00e9.<\/p>\n<p>A noter\u00a0: l\u2019\u00e9tude exig\u00e9e par la Banque en cas de pr\u00eat n\u2019a rien \u00e0 voir avec une Full Survey. Vous aurez \u00e0 vous acquitter du paiement d\u2019une \u00e9tude qui permettra \u00e0 la Banque de v\u00e9rifier la valeur du bien qu\u2019elle finance, mais celle-ci ne soulignera pas les travaux \u00e0 pr\u00e9voir. Comptez environ <strong>\u00a3300<\/strong> pour l\u2019\u00e9tude destin\u00e9e \u00e0 la Banque.<\/p>\n<h4>Mortgage broker<\/h4>\n<p>A moins de travailler dans le secteur, le recours \u00e0 un Mortgage Broker est le meilleur moyen de profiter pleinement des taux attractifs du moment. Leurs frais sont tr\u00e8s variables, <strong>de \u00a3500 \u00e0 \u00a31,500<\/strong>.<\/p>\n<p>De l\u2019apport dont vous disposez d\u00e9pendra directement le taux de cr\u00e9dit que vous obtiendrez. Pr\u00e9voir 25% d\u2019apport (20% minimum) pour obtenir des conditions de cr\u00e9dit int\u00e9ressantes. Si vous le souhaitez, nous vous mettons en relation avec notre partenaire privil\u00e9gi\u00e9 qui accompagnera votre achat de A \u00e0 Z. Pensez \u00e0 vous cr\u00e9er un credit history au Royaume Uni afin d\u2019obtenir des conditions de pr\u00eat optimales. Pour vous cr\u00e9er rapidement un credit history, prenez une carte de cr\u00e9dit et pr\u00e9voyez des\u00a0 pr\u00e9l\u00e8vements r\u00e9guliers, m\u00eame minimes (club de gym, abonnement divers). Le recours \u00e0 un broker est plus important que jamais \u00e0 l&rsquo;heure o\u00f9 les taux directeurs s&rsquo;envolent.<\/p>\n<h4>Appuyez-vous sur des experts<\/h4>\n<p>Investir en UK signifie \u00e9galement accomplir une s\u00e9rie de d\u00e9marches administratives afin de vous prot\u00e9ger vous et votre famille. Ces frais administratifs compl\u00e9mentaires sont facultatifs mais importants pour investir en toute s\u00e9curit\u00e9. Notre r<a href=\"http:\/\/welcomehome-london.com\/fr\/nos-partenaires\/\">\u00e9seau de partenaires<\/a> expert vous accompagne sur les aspects l\u00e9gaux.<\/p>\n<h4>Testament local<\/h4>\n<p>Afin de pr\u00e9voir toute \u00e9ventualit\u00e9, il est recommand\u00e9 de signer un testament sous loi anglaise.<\/p>\n<p><strong><em>Si vous le souhaitez, nous vous recommanderons aupr\u00e8s de notre partenaire.<\/em><\/strong><\/p>\n<h4>Assurance<\/h4>\n<p>Une fois la propri\u00e9t\u00e9 trouv\u00e9e, nous pouvons vous conseiller aupr\u00e8s de notre r\u00e9seau de brokers en assurance qualifi\u00e9s afin de trouver l\u2019offre adapt\u00e9e \u00e0 votre situation et la plus comp\u00e9titive possible.<\/p>\n<h4>Transfert de devises<\/h4>\n<p>Vous aurez peut-\u00eatre besoin de rapatrier des devises vers le Royaume-Uni pour concr\u00e9tiser votre projet immobilier. Nous pouvons \u00e0 votre demande vous sugg\u00e9rer un prestataire pratiquant des taux de change plus comp\u00e9titifs que la plupart des Banques.<\/p>\n<h4><img loading=\"lazy\" decoding=\"async\" class=\"alignnone wp-image-2643 size-full\" src=\"http:\/\/welcomehome-london.com\/wp-content\/uploads\/2015\/12\/m5-e1591277237391.jpg\" alt=\"architecte int\u00e9rieur achat immobilier \u00e0 londres\" width=\"400\" height=\"189\" srcset=\"https:\/\/welcomehome-london.com\/wp-content\/uploads\/2015\/12\/m5-e1591277237391.jpg 400w, https:\/\/welcomehome-london.com\/wp-content\/uploads\/2015\/12\/m5-e1591277237391-300x142.jpg 300w\" sizes=\"auto, (max-width: 400px) 100vw, 400px\" \/><\/h4>\n<h4>Architecte\/Mortgage Survey\/Travaux de r\u00e9novation et de d\u00e9coration<\/h4>\n<p>Vous aurez besoin de recourir \u00e0 un sp\u00e9cialiste pour l\u2019\u00e9tude (Survey) obligatoire sur le bien s\u00e9lectionn\u00e9. Par ailleurs, nous pouvons aussi vous recommander nos partenaires privil\u00e9gi\u00e9s pour les projets n\u00e9cessitant un architecte et des travaux de r\u00e9novation importants.[\/vc_column_text][vc_empty_space height=\u00a0\u00bb50px\u00a0\u00bb][\/vc_column][\/vc_row]<\/p>\n<\/div>","protected":false},"excerpt":{"rendered":"<p>[vc_row][vc_column][vc_column_text css=\u00a0\u00bb\u00a0\u00bb] Frais administratifs \u00e0 pr\u00e9voir lors d&rsquo;un achat immobilier \u00e0 Londres Investir dans l\u2019immobilier est souvent consid\u00e9r\u00e9 comme l\u2019un des actes les plus stressants de la vie d\u2019une personne. Alors lorsqu&rsquo;il s\u2019agit d\u2019acheter \u00e0 Londres, sur l\u2019un des march\u00e9s les plus compliqu\u00e9s et les plus chers d\u2019Europe, cela peut virer au cauchemar. Pr\u00e9parez votre [&hellip;]<\/p>\n","protected":false},"author":4,"featured_media":0,"parent":1869,"menu_order":0,"comment_status":"closed","ping_status":"closed","template":"","meta":{"_acf_changed":false,"footnotes":""},"class_list":["post-1875","page","type-page","status-publish","hentry","no-post-thumbnail"],"acf":[],"yoast_head":"<!-- This site is optimized with the Yoast SEO plugin v26.6 - https:\/\/yoast.com\/wordpress\/plugins\/seo\/ -->\n<title>Frais administratifs - Achat Immobilier \u00e0 Londres - Welcome Home London<\/title>\n<meta name=\"description\" content=\"Stamp duty, land registration, solicitor, surveyor, broker, retrouvez la liste des frais administratifs \u00e0 pr\u00e9voir pour votre achat immobilier \u00e0 Londres\" \/>\n<meta name=\"robots\" content=\"index, follow, max-snippet:-1, max-image-preview:large, max-video-preview:-1\" \/>\n<link rel=\"canonical\" href=\"https:\/\/welcomehome-london.com\/fr\/investment-guide\/anticipate-all-costs\/\" \/>\n<meta property=\"og:locale\" content=\"fr_FR\" \/>\n<meta property=\"og:type\" content=\"article\" \/>\n<meta property=\"og:title\" content=\"Frais administratifs - Achat Immobilier \u00e0 Londres - Welcome Home London\" \/>\n<meta property=\"og:description\" content=\"Stamp duty, land registration, solicitor, surveyor, broker, retrouvez la liste des frais administratifs \u00e0 pr\u00e9voir pour votre achat immobilier \u00e0 Londres\" \/>\n<meta property=\"og:url\" content=\"https:\/\/welcomehome-london.com\/fr\/investment-guide\/anticipate-all-costs\/\" \/>\n<meta property=\"og:site_name\" content=\"Welcome Home London\" \/>\n<meta property=\"article:modified_time\" content=\"2025-10-28T09:56:05+00:00\" \/>\n<meta property=\"og:image\" content=\"https:\/\/welcomehome-london.com\/wp-content\/uploads\/2020\/05\/grafton_square_clapham_welcome_home_london-1-e1591275948762.jpg\" \/>\n\t<meta property=\"og:image:width\" content=\"1140\" \/>\n\t<meta property=\"og:image:height\" content=\"470\" \/>\n\t<meta property=\"og:image:type\" content=\"image\/jpeg\" \/>\n<meta name=\"twitter:card\" content=\"summary_large_image\" \/>\n<meta name=\"twitter:label1\" content=\"Dur\u00e9e de lecture estim\u00e9e\" \/>\n\t<meta name=\"twitter:data1\" content=\"6 minutes\" \/>\n<script type=\"application\/ld+json\" class=\"yoast-schema-graph\">{\"@context\":\"https:\/\/schema.org\",\"@graph\":[{\"@type\":\"WebPage\",\"@id\":\"https:\/\/welcomehome-london.com\/fr\/investment-guide\/anticipate-all-costs\/\",\"url\":\"https:\/\/welcomehome-london.com\/fr\/investment-guide\/anticipate-all-costs\/\",\"name\":\"Frais administratifs - Achat Immobilier \u00e0 Londres - Welcome Home London\",\"isPartOf\":{\"@id\":\"https:\/\/welcomehome-london.com\/#website\"},\"primaryImageOfPage\":{\"@id\":\"https:\/\/welcomehome-london.com\/fr\/investment-guide\/anticipate-all-costs\/#primaryimage\"},\"image\":{\"@id\":\"https:\/\/welcomehome-london.com\/fr\/investment-guide\/anticipate-all-costs\/#primaryimage\"},\"thumbnailUrl\":\"http:\/\/welcomehome-london.com\/wp-content\/uploads\/2020\/05\/grafton_square_clapham_welcome_home_london-1-e1591275948762-1024x422.jpg\",\"datePublished\":\"2016-04-29T20:59:12+00:00\",\"dateModified\":\"2025-10-28T09:56:05+00:00\",\"description\":\"Stamp duty, land registration, solicitor, surveyor, broker, retrouvez la liste des frais administratifs \u00e0 pr\u00e9voir pour votre achat immobilier \u00e0 Londres\",\"breadcrumb\":{\"@id\":\"https:\/\/welcomehome-london.com\/fr\/investment-guide\/anticipate-all-costs\/#breadcrumb\"},\"inLanguage\":\"fr-FR\",\"potentialAction\":[{\"@type\":\"ReadAction\",\"target\":[\"https:\/\/welcomehome-london.com\/fr\/investment-guide\/anticipate-all-costs\/\"]}]},{\"@type\":\"ImageObject\",\"inLanguage\":\"fr-FR\",\"@id\":\"https:\/\/welcomehome-london.com\/fr\/investment-guide\/anticipate-all-costs\/#primaryimage\",\"url\":\"http:\/\/welcomehome-london.com\/wp-content\/uploads\/2020\/05\/grafton_square_clapham_welcome_home_london-1-e1591275948762-1024x422.jpg\",\"contentUrl\":\"http:\/\/welcomehome-london.com\/wp-content\/uploads\/2020\/05\/grafton_square_clapham_welcome_home_london-1-e1591275948762-1024x422.jpg\"},{\"@type\":\"BreadcrumbList\",\"@id\":\"https:\/\/welcomehome-london.com\/fr\/investment-guide\/anticipate-all-costs\/#breadcrumb\",\"itemListElement\":[{\"@type\":\"ListItem\",\"position\":1,\"name\":\"Home\",\"item\":\"https:\/\/welcomehome-london.com\/fr\/\"},{\"@type\":\"ListItem\",\"position\":2,\"name\":\"GUIDE ACHAT IMMOBILIER\",\"item\":\"https:\/\/welcomehome-london.com\/fr\/investment-guide\/\"},{\"@type\":\"ListItem\",\"position\":3,\"name\":\"FRAIS ADMINISTRATIFS ACHAT IMMOBILIER\"}]},{\"@type\":\"WebSite\",\"@id\":\"https:\/\/welcomehome-london.com\/#website\",\"url\":\"https:\/\/welcomehome-london.com\/\",\"name\":\"Welcome Home London\",\"description\":\"Estate Agent\",\"publisher\":{\"@id\":\"https:\/\/welcomehome-london.com\/#organization\"},\"potentialAction\":[{\"@type\":\"SearchAction\",\"target\":{\"@type\":\"EntryPoint\",\"urlTemplate\":\"https:\/\/welcomehome-london.com\/?s={search_term_string}\"},\"query-input\":{\"@type\":\"PropertyValueSpecification\",\"valueRequired\":true,\"valueName\":\"search_term_string\"}}],\"inLanguage\":\"fr-FR\"},{\"@type\":\"Organization\",\"@id\":\"https:\/\/welcomehome-london.com\/#organization\",\"name\":\"Welcome Home London\",\"url\":\"https:\/\/welcomehome-london.com\/\",\"logo\":{\"@type\":\"ImageObject\",\"inLanguage\":\"fr-FR\",\"@id\":\"https:\/\/welcomehome-london.com\/#\/schema\/logo\/image\/\",\"url\":\"https:\/\/welcomehome-london.com\/wp-content\/uploads\/2020\/05\/logo3.png\",\"contentUrl\":\"https:\/\/welcomehome-london.com\/wp-content\/uploads\/2020\/05\/logo3.png\",\"width\":330,\"height\":94,\"caption\":\"Welcome Home London\"},\"image\":{\"@id\":\"https:\/\/welcomehome-london.com\/#\/schema\/logo\/image\/\"}}]}<\/script>\n<!-- \/ Yoast SEO plugin. -->","yoast_head_json":{"title":"Frais administratifs - Achat Immobilier \u00e0 Londres - Welcome Home London","description":"Stamp duty, land registration, solicitor, surveyor, broker, retrouvez la liste des frais administratifs \u00e0 pr\u00e9voir pour votre achat immobilier \u00e0 Londres","robots":{"index":"index","follow":"follow","max-snippet":"max-snippet:-1","max-image-preview":"max-image-preview:large","max-video-preview":"max-video-preview:-1"},"canonical":"https:\/\/welcomehome-london.com\/fr\/investment-guide\/anticipate-all-costs\/","og_locale":"fr_FR","og_type":"article","og_title":"Frais administratifs - Achat Immobilier \u00e0 Londres - Welcome Home London","og_description":"Stamp duty, land registration, solicitor, surveyor, broker, retrouvez la liste des frais administratifs \u00e0 pr\u00e9voir pour votre achat immobilier \u00e0 Londres","og_url":"https:\/\/welcomehome-london.com\/fr\/investment-guide\/anticipate-all-costs\/","og_site_name":"Welcome Home London","article_modified_time":"2025-10-28T09:56:05+00:00","og_image":[{"width":1140,"height":470,"url":"https:\/\/welcomehome-london.com\/wp-content\/uploads\/2020\/05\/grafton_square_clapham_welcome_home_london-1-e1591275948762.jpg","type":"image\/jpeg"}],"twitter_card":"summary_large_image","twitter_misc":{"Dur\u00e9e de lecture estim\u00e9e":"6 minutes"},"schema":{"@context":"https:\/\/schema.org","@graph":[{"@type":"WebPage","@id":"https:\/\/welcomehome-london.com\/fr\/investment-guide\/anticipate-all-costs\/","url":"https:\/\/welcomehome-london.com\/fr\/investment-guide\/anticipate-all-costs\/","name":"Frais administratifs - Achat Immobilier \u00e0 Londres - Welcome Home London","isPartOf":{"@id":"https:\/\/welcomehome-london.com\/#website"},"primaryImageOfPage":{"@id":"https:\/\/welcomehome-london.com\/fr\/investment-guide\/anticipate-all-costs\/#primaryimage"},"image":{"@id":"https:\/\/welcomehome-london.com\/fr\/investment-guide\/anticipate-all-costs\/#primaryimage"},"thumbnailUrl":"http:\/\/welcomehome-london.com\/wp-content\/uploads\/2020\/05\/grafton_square_clapham_welcome_home_london-1-e1591275948762-1024x422.jpg","datePublished":"2016-04-29T20:59:12+00:00","dateModified":"2025-10-28T09:56:05+00:00","description":"Stamp duty, land registration, solicitor, surveyor, broker, retrouvez la liste des frais administratifs \u00e0 pr\u00e9voir pour votre achat immobilier \u00e0 Londres","breadcrumb":{"@id":"https:\/\/welcomehome-london.com\/fr\/investment-guide\/anticipate-all-costs\/#breadcrumb"},"inLanguage":"fr-FR","potentialAction":[{"@type":"ReadAction","target":["https:\/\/welcomehome-london.com\/fr\/investment-guide\/anticipate-all-costs\/"]}]},{"@type":"ImageObject","inLanguage":"fr-FR","@id":"https:\/\/welcomehome-london.com\/fr\/investment-guide\/anticipate-all-costs\/#primaryimage","url":"http:\/\/welcomehome-london.com\/wp-content\/uploads\/2020\/05\/grafton_square_clapham_welcome_home_london-1-e1591275948762-1024x422.jpg","contentUrl":"http:\/\/welcomehome-london.com\/wp-content\/uploads\/2020\/05\/grafton_square_clapham_welcome_home_london-1-e1591275948762-1024x422.jpg"},{"@type":"BreadcrumbList","@id":"https:\/\/welcomehome-london.com\/fr\/investment-guide\/anticipate-all-costs\/#breadcrumb","itemListElement":[{"@type":"ListItem","position":1,"name":"Home","item":"https:\/\/welcomehome-london.com\/fr\/"},{"@type":"ListItem","position":2,"name":"GUIDE ACHAT IMMOBILIER","item":"https:\/\/welcomehome-london.com\/fr\/investment-guide\/"},{"@type":"ListItem","position":3,"name":"FRAIS ADMINISTRATIFS ACHAT IMMOBILIER"}]},{"@type":"WebSite","@id":"https:\/\/welcomehome-london.com\/#website","url":"https:\/\/welcomehome-london.com\/","name":"Welcome Home London","description":"Estate Agent","publisher":{"@id":"https:\/\/welcomehome-london.com\/#organization"},"potentialAction":[{"@type":"SearchAction","target":{"@type":"EntryPoint","urlTemplate":"https:\/\/welcomehome-london.com\/?s={search_term_string}"},"query-input":{"@type":"PropertyValueSpecification","valueRequired":true,"valueName":"search_term_string"}}],"inLanguage":"fr-FR"},{"@type":"Organization","@id":"https:\/\/welcomehome-london.com\/#organization","name":"Welcome Home London","url":"https:\/\/welcomehome-london.com\/","logo":{"@type":"ImageObject","inLanguage":"fr-FR","@id":"https:\/\/welcomehome-london.com\/#\/schema\/logo\/image\/","url":"https:\/\/welcomehome-london.com\/wp-content\/uploads\/2020\/05\/logo3.png","contentUrl":"https:\/\/welcomehome-london.com\/wp-content\/uploads\/2020\/05\/logo3.png","width":330,"height":94,"caption":"Welcome Home London"},"image":{"@id":"https:\/\/welcomehome-london.com\/#\/schema\/logo\/image\/"}}]}},"_links":{"self":[{"href":"https:\/\/welcomehome-london.com\/fr\/wp-json\/wp\/v2\/pages\/1875","targetHints":{"allow":["GET"]}}],"collection":[{"href":"https:\/\/welcomehome-london.com\/fr\/wp-json\/wp\/v2\/pages"}],"about":[{"href":"https:\/\/welcomehome-london.com\/fr\/wp-json\/wp\/v2\/types\/page"}],"author":[{"embeddable":true,"href":"https:\/\/welcomehome-london.com\/fr\/wp-json\/wp\/v2\/users\/4"}],"replies":[{"embeddable":true,"href":"https:\/\/welcomehome-london.com\/fr\/wp-json\/wp\/v2\/comments?post=1875"}],"version-history":[{"count":24,"href":"https:\/\/welcomehome-london.com\/fr\/wp-json\/wp\/v2\/pages\/1875\/revisions"}],"predecessor-version":[{"id":7720,"href":"https:\/\/welcomehome-london.com\/fr\/wp-json\/wp\/v2\/pages\/1875\/revisions\/7720"}],"up":[{"embeddable":true,"href":"https:\/\/welcomehome-london.com\/fr\/wp-json\/wp\/v2\/pages\/1869"}],"wp:attachment":[{"href":"https:\/\/welcomehome-london.com\/fr\/wp-json\/wp\/v2\/media?parent=1875"}],"curies":[{"name":"wp","href":"https:\/\/api.w.org\/{rel}","templated":true}]}}