{"id":1869,"date":"2016-03-24T17:05:08","date_gmt":"2016-03-24T16:05:08","guid":{"rendered":"http:\/\/welcomehome-london.com\/investment-guide\/?lang=fr"},"modified":"2020-11-14T21:22:02","modified_gmt":"2020-11-14T20:22:02","slug":"investment-guide","status":"publish","type":"page","link":"https:\/\/welcomehome-london.com\/fr\/investment-guide\/","title":{"rendered":"GUIDE ACHAT IMMOBILIER"},"content":{"rendered":"<div class=\"wpb-content-wrapper\"><p>[vc_row][vc_column width=\u00a0\u00bb1\/2&Prime;][vc_column_text]<\/p>\n<h4 style=\"margin-top: 0px;\">ACHAT IMMOBILIER RESIDENTIEL A LONDRES<\/h4>\n<h4>Le crit\u00e8re \u00e9coles<\/h4>\n<p>Si vous \u00eates concern\u00e9s par la probl\u00e9matique de la scolarisation de vos enfants \u00e0 Londres, choisissez un bien situ\u00e9 \u00e0 proximit\u00e9 de l\u2019\u00e9cole ou offrant un commute facile pour votre achat immobilier r\u00e9sidentiel.<\/p>\n<p>Concernant l\u2019\u00e9cole anglaise, l&rsquo;un des meilleurs moyens de garantir sur le moyen\/long terme la valeur de son achat immobilier est d\u2019\u00eatre situ\u00e9 dans le catchment area d\u2019une \u00e9cole attractive. Que vous souhaitiez revendre votre maison ou votre appartement ou simplement le louer, la possibilit\u00e9 pour les nouveaux occupants d&rsquo;obtenir une place dans une \u00e9cole publique Outstanding gr\u00e2ce \u00e0 la localisation du bien a une valeur inestimable.<\/p>\n<p>Concernant les \u00e9coles bilingues ou internationales, si vous visez une client\u00e8le d\u2019expatri\u00e9s pour une location future ou la revente, pensez pour votre achat immobilier r\u00e9sidentiel \u00e0 explorer les quartiers de <a href=\"http:\/\/welcomehome-london.com\/fr\/borough-fr\/vivre-a-st-johns-wood\/\">St John\u2019s Wood<\/a> pour The American School in London, de <a href=\"http:\/\/welcomehome-london.com\/fr\/borough-fr\/vivre-a-west-hampstead\/\">West Hampstead<\/a> pour l\u2019acc\u00e8s direct \u00e0 la fois au <a href=\"http:\/\/welcomehome-london.com\/fr\/school\/bilingual-schools\/last-posts-about-schools\/college-francais-bilingue-de-londres-cfbl-a-kentish-town\/\">CFBL<\/a> \u00e0 Kentish Town et au <a href=\"http:\/\/welcomehome-london.com\/fr\/school-fr\/bilingual-schools-fr\/last-posts-about-schools-fr\/lycee-international-de-londres-winston-churchill-wembley\/\">Lyc\u00e9e International de Londres<\/a> \u00e0 Wembley, de Chiswick pour l\u2019International School of London proposant l\u2019IB, de <a href=\"http:\/\/welcomehome-london.com\/fr\/borough-fr\/stanmore\/\">Stanmore<\/a> et <a href=\"http:\/\/welcomehome-london.com\/fr\/borough-fr\/move-to-harrow-on-the-hill\/\">Harrow on the Hill<\/a>, plus excentr\u00e9s mais plus abordables et desservant facilement le <a href=\"http:\/\/welcomehome-london.com\/fr\/school-fr\/bilingual-schools-fr\/last-posts-about-schools-fr\/lycee-international-de-londres-winston-churchill-wembley\/\">Lyc\u00e9e International de Londres<\/a> \u00e0 Wembley.[\/vc_column_text][vc_column_text]<\/p>\n<h4>Les transports<\/h4>\n<p>La desserte en transport est primordiale pour un achat immobilier \u00e0 Londres. Acheter \u00e0 moins de 5-10 minutes de marche d\u2019un n\u0153ud de communication, c\u2019est faire un placement s\u00fbr. Pensez \u00e0 v\u00e9rifier la fiabilit\u00e9 et le confort offert par ce transport, en le testant par exemple \u00e0 diff\u00e9rents horaires : fr\u00e9quence, engorgement, service de nuit\u2026<\/p>\n<p>La Northern Line est fiable et rapide, mais elle est bond\u00e9e durant les Peak hours. Les Jubilee Line, Victoria Line, Central Line, Northern Line et Picadilly Line proposent un service non stop les nuits des vendredi et samedi. Bon \u00e0 savoir si on a des jeunes \u00e0 la maison o\u00f9 si on vise des locataires \u00e9tudiants ou Young professionals. La Elisabeth Line reliera <a href=\"http:\/\/welcomehome-london.com\/fr\/borough-fr\/vivre-a-ealing\/\">Ealing<\/a> \u00e0 Central London en 15 mns lors de son ouverture. V\u00e9rifiez le temps de trajet moyen en porte \u00e0 porte pour atteindre les principales zones d\u2019emploi ou les hubs: la City, Covent Garden, Heathrow, St Pancras&#8230; La plupart des Londoniens pr\u00e9voient un \u00abcommute\u00bb de 40 minutes maximum.<\/p>\n<h4>Soyez visionnaire<\/h4>\n<p>Le processus de gentrification d\u2019un quartier suit un parcours bien \u00e9tabli. Les artistes am\u00e9nagent dans des quartiers populaires et bon march\u00e9, que leur pr\u00e9sence dans ces zones rend \u00abcools\u00bb ou branch\u00e9s et qu&rsquo;ils transforment en lieu attractif. Les \u00e9tudiants arrivent, puis les jeunes professionnels, suivis des jeunes familles. Le processus de gentrification s\u2019ach\u00e8ve lorsque Starbucks, Gail&rsquo;s et Mark &amp; Spencer ont install\u00e9 leur enseigne. Investissez avant eux !<\/p>\n<h4>V\u00e9rifiez la concurrence sur le march\u00e9<\/h4>\n<p>Evitez les quartiers en pleine r\u00e9habilitation dans lesquels de nombreux programmes neufs sont en construction. Un afflux important de biens disponibles contribue \u00e0 la stagnation voire \u00e0 la baisse des prix. Privil\u00e9giez les zones r\u00e9sidentielles occup\u00e9es par des maisons ou immeubles anciens, les prix se maintiendront mieux dans le temps. Un achat immobilier \u00e0 Londres n\u00e9cessite d&rsquo;\u00eatre guid\u00e9 par un expert local. N&rsquo;h\u00e9sitez pas \u00e0 <a href=\"http:\/\/welcomehome-london.com\/fr\/services\/invest-in-london\/\">faire appel \u00e0 nos conseils<\/a>.[\/vc_column_text][\/vc_column][vc_column width=\u00a0\u00bb1\/2&Prime;][vc_single_image image=\u00a0\u00bb3638&Prime; img_size=\u00a0\u00bbfull\u00a0\u00bb onclick=\u00a0\u00bblink_image\u00a0\u00bb][vc_empty_space height=\u00a0\u00bb30px\u00a0\u00bb][vc_single_image image=\u00a0\u00bb3624&Prime; img_size=\u00a0\u00bbfull\u00a0\u00bb][vc_empty_space height=\u00a0\u00bb30px\u00a0\u00bb][vc_single_image image=\u00a0\u00bb3612&Prime; img_size=\u00a0\u00bbfull\u00a0\u00bb][vc_empty_space height=\u00a0\u00bb30px\u00a0\u00bb][vc_single_image image=\u00a0\u00bb3640&Prime; img_size=\u00a0\u00bbfull\u00a0\u00bb][vc_empty_space height=\u00a0\u00bb30px\u00a0\u00bb][vc_single_image image=\u00a0\u00bb3614&Prime; img_size=\u00a0\u00bbfull\u00a0\u00bb][vc_empty_space height=\u00a0\u00bb30px\u00a0\u00bb][vc_single_image image=\u00a0\u00bb3801&Prime; img_size=\u00a0\u00bbfull\u00a0\u00bb][vc_empty_space height=\u00a0\u00bb30px\u00a0\u00bb][vc_single_image image=\u00a0\u00bb3803&Prime; img_size=\u00a0\u00bbfull\u00a0\u00bb][vc_empty_space height=\u00a0\u00bb30px\u00a0\u00bb][vc_single_image image=\u00a0\u00bb5902&Prime; img_size=\u00a0\u00bbfull\u00a0\u00bb][\/vc_column][\/vc_row][vc_row][vc_column width=\u00a0\u00bb1\/2&Prime;][\/vc_column][\/vc_row]<\/p>\n<\/div>","protected":false},"excerpt":{"rendered":"<p>[vc_row][vc_column width=\u00a0\u00bb1\/2&Prime;][vc_column_text] ACHAT IMMOBILIER RESIDENTIEL A LONDRES Le crit\u00e8re \u00e9coles Si vous \u00eates concern\u00e9s par la probl\u00e9matique de la scolarisation de vos enfants \u00e0 Londres, choisissez un bien situ\u00e9 \u00e0 proximit\u00e9 de l\u2019\u00e9cole ou offrant un commute facile pour votre achat immobilier r\u00e9sidentiel. Concernant l\u2019\u00e9cole anglaise, l&rsquo;un des meilleurs moyens de garantir sur le moyen\/long [&hellip;]<\/p>\n","protected":false},"author":4,"featured_media":0,"parent":0,"menu_order":0,"comment_status":"closed","ping_status":"closed","template":"","meta":{"_acf_changed":false,"footnotes":""},"class_list":["post-1869","page","type-page","status-publish","hentry","no-post-thumbnail"],"acf":[],"yoast_head":"<!-- This site is optimized with the Yoast SEO plugin v26.6 - https:\/\/yoast.com\/wordpress\/plugins\/seo\/ -->\n<title>Achat Immobilier \u00e0 Londres - Guide londonien - Welcome Home London<\/title>\n<meta name=\"description\" content=\"Guide achat immobilier \u00e0 Londres Vous voulez acheter une maison ou un appartement \u00e0 Londres? Quartiers, d\u00e9marches, fiscalit\u00e9, suivez le guide\" \/>\n<meta name=\"robots\" content=\"index, follow, max-snippet:-1, max-image-preview:large, max-video-preview:-1\" \/>\n<link rel=\"canonical\" href=\"https:\/\/welcomehome-london.com\/fr\/investment-guide\/\" \/>\n<meta property=\"og:locale\" content=\"fr_FR\" \/>\n<meta property=\"og:type\" content=\"article\" \/>\n<meta property=\"og:title\" content=\"Achat Immobilier \u00e0 Londres - Guide londonien - Welcome Home London\" \/>\n<meta property=\"og:description\" content=\"Guide achat immobilier \u00e0 Londres Vous voulez acheter une maison ou un appartement \u00e0 Londres? Quartiers, d\u00e9marches, fiscalit\u00e9, suivez le guide\" \/>\n<meta property=\"og:url\" content=\"https:\/\/welcomehome-london.com\/fr\/investment-guide\/\" \/>\n<meta property=\"og:site_name\" content=\"Welcome Home London\" \/>\n<meta property=\"article:modified_time\" content=\"2020-11-14T20:22:02+00:00\" \/>\n<meta name=\"twitter:card\" content=\"summary_large_image\" \/>\n<meta name=\"twitter:label1\" content=\"Dur\u00e9e de lecture estim\u00e9e\" \/>\n\t<meta name=\"twitter:data1\" content=\"3 minutes\" \/>\n<script type=\"application\/ld+json\" class=\"yoast-schema-graph\">{\"@context\":\"https:\/\/schema.org\",\"@graph\":[{\"@type\":\"WebPage\",\"@id\":\"https:\/\/welcomehome-london.com\/fr\/investment-guide\/\",\"url\":\"https:\/\/welcomehome-london.com\/fr\/investment-guide\/\",\"name\":\"Achat Immobilier \u00e0 Londres - Guide londonien - Welcome Home London\",\"isPartOf\":{\"@id\":\"https:\/\/welcomehome-london.com\/#website\"},\"datePublished\":\"2016-03-24T16:05:08+00:00\",\"dateModified\":\"2020-11-14T20:22:02+00:00\",\"description\":\"Guide achat immobilier \u00e0 Londres Vous voulez acheter une maison ou un appartement \u00e0 Londres? Quartiers, d\u00e9marches, fiscalit\u00e9, suivez le guide\",\"breadcrumb\":{\"@id\":\"https:\/\/welcomehome-london.com\/fr\/investment-guide\/#breadcrumb\"},\"inLanguage\":\"fr-FR\",\"potentialAction\":[{\"@type\":\"ReadAction\",\"target\":[\"https:\/\/welcomehome-london.com\/fr\/investment-guide\/\"]}]},{\"@type\":\"BreadcrumbList\",\"@id\":\"https:\/\/welcomehome-london.com\/fr\/investment-guide\/#breadcrumb\",\"itemListElement\":[{\"@type\":\"ListItem\",\"position\":1,\"name\":\"Home\",\"item\":\"https:\/\/welcomehome-london.com\/fr\/\"},{\"@type\":\"ListItem\",\"position\":2,\"name\":\"GUIDE ACHAT IMMOBILIER\"}]},{\"@type\":\"WebSite\",\"@id\":\"https:\/\/welcomehome-london.com\/#website\",\"url\":\"https:\/\/welcomehome-london.com\/\",\"name\":\"Welcome Home London\",\"description\":\"Estate Agent\",\"publisher\":{\"@id\":\"https:\/\/welcomehome-london.com\/#organization\"},\"potentialAction\":[{\"@type\":\"SearchAction\",\"target\":{\"@type\":\"EntryPoint\",\"urlTemplate\":\"https:\/\/welcomehome-london.com\/?s={search_term_string}\"},\"query-input\":{\"@type\":\"PropertyValueSpecification\",\"valueRequired\":true,\"valueName\":\"search_term_string\"}}],\"inLanguage\":\"fr-FR\"},{\"@type\":\"Organization\",\"@id\":\"https:\/\/welcomehome-london.com\/#organization\",\"name\":\"Welcome Home London\",\"url\":\"https:\/\/welcomehome-london.com\/\",\"logo\":{\"@type\":\"ImageObject\",\"inLanguage\":\"fr-FR\",\"@id\":\"https:\/\/welcomehome-london.com\/#\/schema\/logo\/image\/\",\"url\":\"https:\/\/welcomehome-london.com\/wp-content\/uploads\/2020\/05\/logo3.png\",\"contentUrl\":\"https:\/\/welcomehome-london.com\/wp-content\/uploads\/2020\/05\/logo3.png\",\"width\":330,\"height\":94,\"caption\":\"Welcome Home London\"},\"image\":{\"@id\":\"https:\/\/welcomehome-london.com\/#\/schema\/logo\/image\/\"}}]}<\/script>\n<!-- \/ Yoast SEO plugin. -->","yoast_head_json":{"title":"Achat Immobilier \u00e0 Londres - Guide londonien - Welcome Home London","description":"Guide achat immobilier \u00e0 Londres Vous voulez acheter une maison ou un appartement \u00e0 Londres? Quartiers, d\u00e9marches, fiscalit\u00e9, suivez le guide","robots":{"index":"index","follow":"follow","max-snippet":"max-snippet:-1","max-image-preview":"max-image-preview:large","max-video-preview":"max-video-preview:-1"},"canonical":"https:\/\/welcomehome-london.com\/fr\/investment-guide\/","og_locale":"fr_FR","og_type":"article","og_title":"Achat Immobilier \u00e0 Londres - Guide londonien - Welcome Home London","og_description":"Guide achat immobilier \u00e0 Londres Vous voulez acheter une maison ou un appartement \u00e0 Londres? Quartiers, d\u00e9marches, fiscalit\u00e9, suivez le guide","og_url":"https:\/\/welcomehome-london.com\/fr\/investment-guide\/","og_site_name":"Welcome Home London","article_modified_time":"2020-11-14T20:22:02+00:00","twitter_card":"summary_large_image","twitter_misc":{"Dur\u00e9e de lecture estim\u00e9e":"3 minutes"},"schema":{"@context":"https:\/\/schema.org","@graph":[{"@type":"WebPage","@id":"https:\/\/welcomehome-london.com\/fr\/investment-guide\/","url":"https:\/\/welcomehome-london.com\/fr\/investment-guide\/","name":"Achat Immobilier \u00e0 Londres - Guide londonien - Welcome Home London","isPartOf":{"@id":"https:\/\/welcomehome-london.com\/#website"},"datePublished":"2016-03-24T16:05:08+00:00","dateModified":"2020-11-14T20:22:02+00:00","description":"Guide achat immobilier \u00e0 Londres Vous voulez acheter une maison ou un appartement \u00e0 Londres? Quartiers, d\u00e9marches, fiscalit\u00e9, suivez le guide","breadcrumb":{"@id":"https:\/\/welcomehome-london.com\/fr\/investment-guide\/#breadcrumb"},"inLanguage":"fr-FR","potentialAction":[{"@type":"ReadAction","target":["https:\/\/welcomehome-london.com\/fr\/investment-guide\/"]}]},{"@type":"BreadcrumbList","@id":"https:\/\/welcomehome-london.com\/fr\/investment-guide\/#breadcrumb","itemListElement":[{"@type":"ListItem","position":1,"name":"Home","item":"https:\/\/welcomehome-london.com\/fr\/"},{"@type":"ListItem","position":2,"name":"GUIDE ACHAT IMMOBILIER"}]},{"@type":"WebSite","@id":"https:\/\/welcomehome-london.com\/#website","url":"https:\/\/welcomehome-london.com\/","name":"Welcome Home London","description":"Estate Agent","publisher":{"@id":"https:\/\/welcomehome-london.com\/#organization"},"potentialAction":[{"@type":"SearchAction","target":{"@type":"EntryPoint","urlTemplate":"https:\/\/welcomehome-london.com\/?s={search_term_string}"},"query-input":{"@type":"PropertyValueSpecification","valueRequired":true,"valueName":"search_term_string"}}],"inLanguage":"fr-FR"},{"@type":"Organization","@id":"https:\/\/welcomehome-london.com\/#organization","name":"Welcome Home London","url":"https:\/\/welcomehome-london.com\/","logo":{"@type":"ImageObject","inLanguage":"fr-FR","@id":"https:\/\/welcomehome-london.com\/#\/schema\/logo\/image\/","url":"https:\/\/welcomehome-london.com\/wp-content\/uploads\/2020\/05\/logo3.png","contentUrl":"https:\/\/welcomehome-london.com\/wp-content\/uploads\/2020\/05\/logo3.png","width":330,"height":94,"caption":"Welcome Home London"},"image":{"@id":"https:\/\/welcomehome-london.com\/#\/schema\/logo\/image\/"}}]}},"_links":{"self":[{"href":"https:\/\/welcomehome-london.com\/fr\/wp-json\/wp\/v2\/pages\/1869","targetHints":{"allow":["GET"]}}],"collection":[{"href":"https:\/\/welcomehome-london.com\/fr\/wp-json\/wp\/v2\/pages"}],"about":[{"href":"https:\/\/welcomehome-london.com\/fr\/wp-json\/wp\/v2\/types\/page"}],"author":[{"embeddable":true,"href":"https:\/\/welcomehome-london.com\/fr\/wp-json\/wp\/v2\/users\/4"}],"replies":[{"embeddable":true,"href":"https:\/\/welcomehome-london.com\/fr\/wp-json\/wp\/v2\/comments?post=1869"}],"version-history":[{"count":19,"href":"https:\/\/welcomehome-london.com\/fr\/wp-json\/wp\/v2\/pages\/1869\/revisions"}],"predecessor-version":[{"id":6950,"href":"https:\/\/welcomehome-london.com\/fr\/wp-json\/wp\/v2\/pages\/1869\/revisions\/6950"}],"wp:attachment":[{"href":"https:\/\/welcomehome-london.com\/fr\/wp-json\/wp\/v2\/media?parent=1869"}],"curies":[{"name":"wp","href":"https:\/\/api.w.org\/{rel}","templated":true}]}}