{"id":1865,"date":"2016-04-29T21:19:41","date_gmt":"2016-04-29T20:19:41","guid":{"rendered":"http:\/\/welcomehome-london.com\/relocation-guide\/relocate-with-a-pet\/?lang=fr"},"modified":"2020-06-02T16:44:50","modified_gmt":"2020-06-02T15:44:50","slug":"relocate-with-a-pet","status":"publish","type":"page","link":"https:\/\/welcomehome-london.com\/fr\/relocation-guide\/relocate-with-a-pet\/","title":{"rendered":"DEMENAGER AVEC CHIEN OU CHAT"},"content":{"rendered":"<div class=\"wpb-content-wrapper\"><p>[vc_row][vc_column][vc_column_text]<\/p>\n<h4 style=\"margin-top: 0px;\"><span id=\"relocate\">TOUT CE QU\u2019IL FAUT SAVOIR POUR \u2026 DEMENAGER AVEC CHIEN OU CHAT<\/span><\/h4>\n<p>Les formalit\u00e9s administratives pour d\u00e9m\u00e9nager avec chien ou chat \u00e0 Londres s&rsquo;\u00e9taient consid\u00e9rablement all\u00e9g\u00e9es depuis janvier 2012. Il suffisait de s\u2019assurer que votre chien ou chat \u00e9tait \u00e0 jour de ses vaccinations et il pouvait passer sans encombre le Channel dans votre voiture. Attention ! Les nouvelles r\u00e8gles post Brexit ne sont pas encore connues, pensez \u00e0 nous consulter avant d&rsquo;entreprendre le voyage. Quoiqu&rsquo;il arrive, sans voiture, l\u2019organisation du transport de votre compagnon jusqu\u2019\u00e0 Londres peut se r\u00e9v\u00e9ler compliqu\u00e9. En effet, les compagnies de ferries n\u2019acceptent pas le transport d\u2019animaux pour les passagers pi\u00e9tons. L\u2019Eurostar les refuse \u00e9galement, ainsi que les principales compagnies a\u00e9riennes r\u00e9guli\u00e8res desservant Londres. Les compagnies de transport agr\u00e9\u00e9es par les compagnies a\u00e9riennes et d\u00e9tenant le monopole pratiquent des tarifs prohibitifs (plus de \u00a31,500 pour un aller simple).<\/p>\n<p><strong><em>Welcome Home London a test\u00e9 avec ses partenaires des solutions alternatives abordables pour d\u00e9m\u00e9nager \u00e0 Londres avec chien ou chat. <a href=\"http:\/\/welcomehome-london.com\/fr\/contact\/\">Contactez-nous<\/a> pour voyager avec votre animal pr\u00e9f\u00e9r\u00e9 vers Londres.<\/em><em>\u00a0<\/em><\/strong><\/p>\n<h4><img loading=\"lazy\" decoding=\"async\" class=\"alignnone wp-image-2854 size-medium\" src=\"http:\/\/welcomehome-london.com\/wp-content\/uploads\/2016\/04\/GUIDE-PRATIQUE-INSTALLATION-A-LONDRES-RUBRIQUE-RELOCATION-AVEC-UN-ANIMAL-DOMESTIQUE-2-300x220.jpg\" alt=\"d\u00e9m\u00e9nager \u00e0 Londres avec chien ou chat\" width=\"300\" height=\"220\" srcset=\"https:\/\/welcomehome-london.com\/wp-content\/uploads\/2016\/04\/GUIDE-PRATIQUE-INSTALLATION-A-LONDRES-RUBRIQUE-RELOCATION-AVEC-UN-ANIMAL-DOMESTIQUE-2-300x220.jpg 300w, https:\/\/welcomehome-london.com\/wp-content\/uploads\/2016\/04\/GUIDE-PRATIQUE-INSTALLATION-A-LONDRES-RUBRIQUE-RELOCATION-AVEC-UN-ANIMAL-DOMESTIQUE-2-555x407.jpg 555w, https:\/\/welcomehome-london.com\/wp-content\/uploads\/2016\/04\/GUIDE-PRATIQUE-INSTALLATION-A-LONDRES-RUBRIQUE-RELOCATION-AVEC-UN-ANIMAL-DOMESTIQUE-2.jpg 689w\" sizes=\"auto, (max-width: 300px) 100vw, 300px\" \/><\/h4>\n<h4>Location<\/h4>\n<p>Certains propri\u00e9taires refusent la location de leur bien \u00e0 un locataire poss\u00e9dant un chien ou un chat. Si vous en avez un, il faudra toujours penser \u00e0 le sp\u00e9cifier dans le contrat. Il vous en co\u00fbtera une prestation de nettoyage professionnel sp\u00e9cialis\u00e9e dans les animaux lorsque vous quitterez les lieux.[\/vc_column_text][\/vc_column][\/vc_row]<\/p>\n<\/div>","protected":false},"excerpt":{"rendered":"<p>[vc_row][vc_column][vc_column_text] TOUT CE QU\u2019IL FAUT SAVOIR POUR \u2026 DEMENAGER AVEC CHIEN OU CHAT Les formalit\u00e9s administratives pour d\u00e9m\u00e9nager avec chien ou chat \u00e0 Londres s&rsquo;\u00e9taient consid\u00e9rablement all\u00e9g\u00e9es depuis janvier 2012. Il suffisait de s\u2019assurer que votre chien ou chat \u00e9tait \u00e0 jour de ses vaccinations et il pouvait passer sans encombre le Channel dans votre [&hellip;]<\/p>\n","protected":false},"author":4,"featured_media":0,"parent":1847,"menu_order":0,"comment_status":"closed","ping_status":"closed","template":"","meta":{"_acf_changed":false,"footnotes":""},"class_list":["post-1865","page","type-page","status-publish","hentry","no-post-thumbnail"],"acf":[],"yoast_head":"<!-- This site is optimized with the Yoast SEO plugin v26.6 - https:\/\/yoast.com\/wordpress\/plugins\/seo\/ -->\n<title>D\u00e9m\u00e9nager avec chien ou chat -Location Londres-Welcome Home London<\/title>\n<meta name=\"description\" content=\"D\u00e9m\u00e9nager avec chien ou chat \u00e0 Londres sans voiture ? Louer un appartement \u00e0 Londres avec chien ou chat? D\u00e9couvrez nos conseils ...\" \/>\n<meta name=\"robots\" content=\"index, follow, max-snippet:-1, max-image-preview:large, max-video-preview:-1\" \/>\n<link rel=\"canonical\" href=\"https:\/\/welcomehome-london.com\/fr\/relocation-guide\/relocate-with-a-pet\/\" \/>\n<meta property=\"og:locale\" content=\"fr_FR\" \/>\n<meta property=\"og:type\" content=\"article\" \/>\n<meta property=\"og:title\" content=\"D\u00e9m\u00e9nager avec chien ou chat -Location Londres-Welcome Home London\" \/>\n<meta property=\"og:description\" content=\"D\u00e9m\u00e9nager avec chien ou chat \u00e0 Londres sans voiture ? Louer un appartement \u00e0 Londres avec chien ou chat? D\u00e9couvrez nos conseils ...\" \/>\n<meta property=\"og:url\" content=\"https:\/\/welcomehome-london.com\/fr\/relocation-guide\/relocate-with-a-pet\/\" \/>\n<meta property=\"og:site_name\" content=\"Welcome Home London\" \/>\n<meta property=\"article:modified_time\" content=\"2020-06-02T15:44:50+00:00\" \/>\n<meta property=\"og:image\" content=\"http:\/\/welcomehome-london.com\/wp-content\/uploads\/2016\/04\/GUIDE-PRATIQUE-INSTALLATION-A-LONDRES-RUBRIQUE-RELOCATION-AVEC-UN-ANIMAL-DOMESTIQUE-2-300x220.jpg\" \/>\n<meta name=\"twitter:card\" content=\"summary_large_image\" \/>\n<meta name=\"twitter:label1\" content=\"Dur\u00e9e de lecture estim\u00e9e\" \/>\n\t<meta name=\"twitter:data1\" content=\"1 minute\" \/>\n<script type=\"application\/ld+json\" class=\"yoast-schema-graph\">{\"@context\":\"https:\/\/schema.org\",\"@graph\":[{\"@type\":\"WebPage\",\"@id\":\"https:\/\/welcomehome-london.com\/fr\/relocation-guide\/relocate-with-a-pet\/\",\"url\":\"https:\/\/welcomehome-london.com\/fr\/relocation-guide\/relocate-with-a-pet\/\",\"name\":\"D\u00e9m\u00e9nager avec chien ou chat -Location Londres-Welcome Home London\",\"isPartOf\":{\"@id\":\"https:\/\/welcomehome-london.com\/#website\"},\"primaryImageOfPage\":{\"@id\":\"https:\/\/welcomehome-london.com\/fr\/relocation-guide\/relocate-with-a-pet\/#primaryimage\"},\"image\":{\"@id\":\"https:\/\/welcomehome-london.com\/fr\/relocation-guide\/relocate-with-a-pet\/#primaryimage\"},\"thumbnailUrl\":\"http:\/\/welcomehome-london.com\/wp-content\/uploads\/2016\/04\/GUIDE-PRATIQUE-INSTALLATION-A-LONDRES-RUBRIQUE-RELOCATION-AVEC-UN-ANIMAL-DOMESTIQUE-2-300x220.jpg\",\"datePublished\":\"2016-04-29T20:19:41+00:00\",\"dateModified\":\"2020-06-02T15:44:50+00:00\",\"description\":\"D\u00e9m\u00e9nager avec chien ou chat \u00e0 Londres sans voiture ? Louer un appartement \u00e0 Londres avec chien ou chat? D\u00e9couvrez nos conseils ...\",\"breadcrumb\":{\"@id\":\"https:\/\/welcomehome-london.com\/fr\/relocation-guide\/relocate-with-a-pet\/#breadcrumb\"},\"inLanguage\":\"fr-FR\",\"potentialAction\":[{\"@type\":\"ReadAction\",\"target\":[\"https:\/\/welcomehome-london.com\/fr\/relocation-guide\/relocate-with-a-pet\/\"]}]},{\"@type\":\"ImageObject\",\"inLanguage\":\"fr-FR\",\"@id\":\"https:\/\/welcomehome-london.com\/fr\/relocation-guide\/relocate-with-a-pet\/#primaryimage\",\"url\":\"http:\/\/welcomehome-london.com\/wp-content\/uploads\/2016\/04\/GUIDE-PRATIQUE-INSTALLATION-A-LONDRES-RUBRIQUE-RELOCATION-AVEC-UN-ANIMAL-DOMESTIQUE-2-300x220.jpg\",\"contentUrl\":\"http:\/\/welcomehome-london.com\/wp-content\/uploads\/2016\/04\/GUIDE-PRATIQUE-INSTALLATION-A-LONDRES-RUBRIQUE-RELOCATION-AVEC-UN-ANIMAL-DOMESTIQUE-2-300x220.jpg\"},{\"@type\":\"BreadcrumbList\",\"@id\":\"https:\/\/welcomehome-london.com\/fr\/relocation-guide\/relocate-with-a-pet\/#breadcrumb\",\"itemListElement\":[{\"@type\":\"ListItem\",\"position\":1,\"name\":\"Home\",\"item\":\"https:\/\/welcomehome-london.com\/fr\/\"},{\"@type\":\"ListItem\",\"position\":2,\"name\":\"GUIDE LOCATION LONDRES\",\"item\":\"https:\/\/welcomehome-london.com\/fr\/relocation-guide\/\"},{\"@type\":\"ListItem\",\"position\":3,\"name\":\"DEMENAGER AVEC CHIEN OU CHAT\"}]},{\"@type\":\"WebSite\",\"@id\":\"https:\/\/welcomehome-london.com\/#website\",\"url\":\"https:\/\/welcomehome-london.com\/\",\"name\":\"Welcome Home London\",\"description\":\"Estate Agent\",\"publisher\":{\"@id\":\"https:\/\/welcomehome-london.com\/#organization\"},\"potentialAction\":[{\"@type\":\"SearchAction\",\"target\":{\"@type\":\"EntryPoint\",\"urlTemplate\":\"https:\/\/welcomehome-london.com\/?s={search_term_string}\"},\"query-input\":{\"@type\":\"PropertyValueSpecification\",\"valueRequired\":true,\"valueName\":\"search_term_string\"}}],\"inLanguage\":\"fr-FR\"},{\"@type\":\"Organization\",\"@id\":\"https:\/\/welcomehome-london.com\/#organization\",\"name\":\"Welcome Home London\",\"url\":\"https:\/\/welcomehome-london.com\/\",\"logo\":{\"@type\":\"ImageObject\",\"inLanguage\":\"fr-FR\",\"@id\":\"https:\/\/welcomehome-london.com\/#\/schema\/logo\/image\/\",\"url\":\"https:\/\/welcomehome-london.com\/wp-content\/uploads\/2020\/05\/logo3.png\",\"contentUrl\":\"https:\/\/welcomehome-london.com\/wp-content\/uploads\/2020\/05\/logo3.png\",\"width\":330,\"height\":94,\"caption\":\"Welcome Home London\"},\"image\":{\"@id\":\"https:\/\/welcomehome-london.com\/#\/schema\/logo\/image\/\"}}]}<\/script>\n<!-- \/ Yoast SEO plugin. -->","yoast_head_json":{"title":"D\u00e9m\u00e9nager avec chien ou chat -Location Londres-Welcome Home London","description":"D\u00e9m\u00e9nager avec chien ou chat \u00e0 Londres sans voiture ? Louer un appartement \u00e0 Londres avec chien ou chat? D\u00e9couvrez nos conseils ...","robots":{"index":"index","follow":"follow","max-snippet":"max-snippet:-1","max-image-preview":"max-image-preview:large","max-video-preview":"max-video-preview:-1"},"canonical":"https:\/\/welcomehome-london.com\/fr\/relocation-guide\/relocate-with-a-pet\/","og_locale":"fr_FR","og_type":"article","og_title":"D\u00e9m\u00e9nager avec chien ou chat -Location Londres-Welcome Home London","og_description":"D\u00e9m\u00e9nager avec chien ou chat \u00e0 Londres sans voiture ? Louer un appartement \u00e0 Londres avec chien ou chat? D\u00e9couvrez nos conseils ...","og_url":"https:\/\/welcomehome-london.com\/fr\/relocation-guide\/relocate-with-a-pet\/","og_site_name":"Welcome Home London","article_modified_time":"2020-06-02T15:44:50+00:00","og_image":[{"url":"http:\/\/welcomehome-london.com\/wp-content\/uploads\/2016\/04\/GUIDE-PRATIQUE-INSTALLATION-A-LONDRES-RUBRIQUE-RELOCATION-AVEC-UN-ANIMAL-DOMESTIQUE-2-300x220.jpg","type":"","width":"","height":""}],"twitter_card":"summary_large_image","twitter_misc":{"Dur\u00e9e de lecture estim\u00e9e":"1 minute"},"schema":{"@context":"https:\/\/schema.org","@graph":[{"@type":"WebPage","@id":"https:\/\/welcomehome-london.com\/fr\/relocation-guide\/relocate-with-a-pet\/","url":"https:\/\/welcomehome-london.com\/fr\/relocation-guide\/relocate-with-a-pet\/","name":"D\u00e9m\u00e9nager avec chien ou chat -Location Londres-Welcome Home London","isPartOf":{"@id":"https:\/\/welcomehome-london.com\/#website"},"primaryImageOfPage":{"@id":"https:\/\/welcomehome-london.com\/fr\/relocation-guide\/relocate-with-a-pet\/#primaryimage"},"image":{"@id":"https:\/\/welcomehome-london.com\/fr\/relocation-guide\/relocate-with-a-pet\/#primaryimage"},"thumbnailUrl":"http:\/\/welcomehome-london.com\/wp-content\/uploads\/2016\/04\/GUIDE-PRATIQUE-INSTALLATION-A-LONDRES-RUBRIQUE-RELOCATION-AVEC-UN-ANIMAL-DOMESTIQUE-2-300x220.jpg","datePublished":"2016-04-29T20:19:41+00:00","dateModified":"2020-06-02T15:44:50+00:00","description":"D\u00e9m\u00e9nager avec chien ou chat \u00e0 Londres sans voiture ? Louer un appartement \u00e0 Londres avec chien ou chat? D\u00e9couvrez nos conseils ...","breadcrumb":{"@id":"https:\/\/welcomehome-london.com\/fr\/relocation-guide\/relocate-with-a-pet\/#breadcrumb"},"inLanguage":"fr-FR","potentialAction":[{"@type":"ReadAction","target":["https:\/\/welcomehome-london.com\/fr\/relocation-guide\/relocate-with-a-pet\/"]}]},{"@type":"ImageObject","inLanguage":"fr-FR","@id":"https:\/\/welcomehome-london.com\/fr\/relocation-guide\/relocate-with-a-pet\/#primaryimage","url":"http:\/\/welcomehome-london.com\/wp-content\/uploads\/2016\/04\/GUIDE-PRATIQUE-INSTALLATION-A-LONDRES-RUBRIQUE-RELOCATION-AVEC-UN-ANIMAL-DOMESTIQUE-2-300x220.jpg","contentUrl":"http:\/\/welcomehome-london.com\/wp-content\/uploads\/2016\/04\/GUIDE-PRATIQUE-INSTALLATION-A-LONDRES-RUBRIQUE-RELOCATION-AVEC-UN-ANIMAL-DOMESTIQUE-2-300x220.jpg"},{"@type":"BreadcrumbList","@id":"https:\/\/welcomehome-london.com\/fr\/relocation-guide\/relocate-with-a-pet\/#breadcrumb","itemListElement":[{"@type":"ListItem","position":1,"name":"Home","item":"https:\/\/welcomehome-london.com\/fr\/"},{"@type":"ListItem","position":2,"name":"GUIDE LOCATION LONDRES","item":"https:\/\/welcomehome-london.com\/fr\/relocation-guide\/"},{"@type":"ListItem","position":3,"name":"DEMENAGER AVEC CHIEN OU CHAT"}]},{"@type":"WebSite","@id":"https:\/\/welcomehome-london.com\/#website","url":"https:\/\/welcomehome-london.com\/","name":"Welcome Home London","description":"Estate Agent","publisher":{"@id":"https:\/\/welcomehome-london.com\/#organization"},"potentialAction":[{"@type":"SearchAction","target":{"@type":"EntryPoint","urlTemplate":"https:\/\/welcomehome-london.com\/?s={search_term_string}"},"query-input":{"@type":"PropertyValueSpecification","valueRequired":true,"valueName":"search_term_string"}}],"inLanguage":"fr-FR"},{"@type":"Organization","@id":"https:\/\/welcomehome-london.com\/#organization","name":"Welcome Home London","url":"https:\/\/welcomehome-london.com\/","logo":{"@type":"ImageObject","inLanguage":"fr-FR","@id":"https:\/\/welcomehome-london.com\/#\/schema\/logo\/image\/","url":"https:\/\/welcomehome-london.com\/wp-content\/uploads\/2020\/05\/logo3.png","contentUrl":"https:\/\/welcomehome-london.com\/wp-content\/uploads\/2020\/05\/logo3.png","width":330,"height":94,"caption":"Welcome Home London"},"image":{"@id":"https:\/\/welcomehome-london.com\/#\/schema\/logo\/image\/"}}]}},"_links":{"self":[{"href":"https:\/\/welcomehome-london.com\/fr\/wp-json\/wp\/v2\/pages\/1865","targetHints":{"allow":["GET"]}}],"collection":[{"href":"https:\/\/welcomehome-london.com\/fr\/wp-json\/wp\/v2\/pages"}],"about":[{"href":"https:\/\/welcomehome-london.com\/fr\/wp-json\/wp\/v2\/types\/page"}],"author":[{"embeddable":true,"href":"https:\/\/welcomehome-london.com\/fr\/wp-json\/wp\/v2\/users\/4"}],"replies":[{"embeddable":true,"href":"https:\/\/welcomehome-london.com\/fr\/wp-json\/wp\/v2\/comments?post=1865"}],"version-history":[{"count":7,"href":"https:\/\/welcomehome-london.com\/fr\/wp-json\/wp\/v2\/pages\/1865\/revisions"}],"predecessor-version":[{"id":6482,"href":"https:\/\/welcomehome-london.com\/fr\/wp-json\/wp\/v2\/pages\/1865\/revisions\/6482"}],"up":[{"embeddable":true,"href":"https:\/\/welcomehome-london.com\/fr\/wp-json\/wp\/v2\/pages\/1847"}],"wp:attachment":[{"href":"https:\/\/welcomehome-london.com\/fr\/wp-json\/wp\/v2\/media?parent=1865"}],"curies":[{"name":"wp","href":"https:\/\/api.w.org\/{rel}","templated":true}]}}