{"id":1859,"date":"2016-04-29T21:18:54","date_gmt":"2016-04-29T20:18:54","guid":{"rendered":"http:\/\/welcomehome-london.com\/relocation-guide\/settling-in-london\/?lang=fr"},"modified":"2020-06-04T18:45:00","modified_gmt":"2020-06-04T17:45:00","slug":"settling-in-london","status":"publish","type":"page","link":"https:\/\/welcomehome-london.com\/fr\/relocation-guide\/settling-in-london\/","title":{"rendered":"FORMALITES D&rsquo;INSTALLATION"},"content":{"rendered":"<div class=\"wpb-content-wrapper\"><p>[vc_row][vc_column][vc_column_text]<\/p>\n<h4 style=\"margin-top: 0px;\">TOUT CE QU\u2019IL FAUT SAVOIR SUR \u2026 LES FORMALITES D&rsquo;INSTALLATION<\/h4>\n<h4>Banque<\/h4>\n<p>Si vous le pouvez, anticipez l\u2019ouverture d\u2019un compte bancaire au Royaume-Uni. D\u2019une part, cela peut se r\u00e9v\u00e9ler beaucoup plus long que vous ne pouviez l\u2019imaginer. D\u2019autre part, votre compte anglais vous sera rapidement utile pour effectuer les formalit\u00e9s d&rsquo;installation.<\/p>\n<p>Les principaux \u00e9tablissements sont Lloyds TSB, NatWest, Barclays et HSBC. Si possible, transf\u00e9rez vos comptes fran\u00e7ais chez eux et demandez-leur de prendre en charge l\u2019ouverture du compte anglais li\u00e9. Vous aurez besoin des documents suivants\u00a0:[\/vc_column_text][vc_empty_space height=\u00a0\u00bb10px\u00a0\u00bb]<ul class=\"iconlist iconlist \"><li ><i class=\"fa fa-check-circle\"><\/i> Passeport ou permis de conduire<br \/><\/li><li ><i class=\"fa fa-check-circle\"><\/i> Attestation de domicile (facture de gaz, \u00e9lectricit\u00e9\u2026) OU bail sign\u00e9 si vous n\u2019avez pas encore emm\u00e9nag\u00e9<br \/><\/li><li ><i class=\"fa fa-check-circle\"><\/i> Lettre de r\u00e9f\u00e9rence de votre banque nationale (facilit\u00e9 si vous avez ouvert un compte dans une branche fran\u00e7aise de votre banque anglaise)<br \/><\/li><li ><i class=\"fa fa-check-circle\"><\/i> Lettre de votre employeur justifiant de votre contrat de travail au Royaume-Uni<br \/><\/li><\/ul>[vc_column_text]<img loading=\"lazy\" decoding=\"async\" class=\"alignnone wp-image-1674 size-large\" src=\"http:\/\/welcomehome-london.com\/wp-content\/uploads\/2016\/04\/Tower-of-London-Panoramique-1024x356.jpg\" alt=\"formalit\u00e9s d'installation \u00e0 Londres - guide location Londres\" width=\"1024\" height=\"356\" srcset=\"https:\/\/welcomehome-london.com\/wp-content\/uploads\/2016\/04\/Tower-of-London-Panoramique-1024x356.jpg 1024w, https:\/\/welcomehome-london.com\/wp-content\/uploads\/2016\/04\/Tower-of-London-Panoramique-300x104.jpg 300w, https:\/\/welcomehome-london.com\/wp-content\/uploads\/2016\/04\/Tower-of-London-Panoramique-768x267.jpg 768w, https:\/\/welcomehome-london.com\/wp-content\/uploads\/2016\/04\/Tower-of-London-Panoramique-555x193.jpg 555w, https:\/\/welcomehome-london.com\/wp-content\/uploads\/2016\/04\/Tower-of-London-Panoramique-1110x386.jpg 1110w, https:\/\/welcomehome-london.com\/wp-content\/uploads\/2016\/04\/Tower-of-London-Panoramique.jpg 1400w\" sizes=\"auto, (max-width: 1024px) 100vw, 1024px\" \/><\/p>\n<h4>Council Tax<\/h4>\n<p>C\u2019est un imp\u00f4t local qui finance les services publics de chaque Borough de Londres (\u00e9coles, police, voiries, ordures m\u00e9nag\u00e8res, biblioth\u00e8ques, etc\u2026). Le montant de la Council Tax est calcul\u00e9 sur la base de deux adultes habitant la propri\u00e9t\u00e9. Si un seul adulte est d\u00e9clar\u00e9 r\u00e9sident, la Council Tax est diminu\u00e9e de 25%. Certains contrats de location int\u00e8grent le montant de la Council Tax dans le loyer. Dans les autres cas, il faut s\u2019enregistrer aupr\u00e8s de son Borough. Le paiement de la Council Tax est mensualis\u00e9 sur une p\u00e9riode de 10 mois.<\/p>\n<p><strong><em>Le plus Welcome Home London : nous g\u00e9rons pour vous l&rsquo;enregistrement \u00e0 la Council Tax dans notre <a href=\"http:\/\/welcomehome-london.com\/fr\/services\/settling-in-package\/\">Pack Installation<\/a> et sa r\u00e9siliation dans notre <a href=\"http:\/\/welcomehome-london.com\/fr\/services\/school-search-in-london-2\/\">Pack D\u00e9part<\/a>.<\/em><\/strong><\/p>\n<h4>L\u2019assurance habitation<\/h4>\n<p>En UK, la souscription d\u2019une assurance habitation pour le locataire n\u2019est pas obligatoire. Nous vous conseillons de prot\u00e9ger vos biens avec une Home Contents Insurance. Le montant de celle-ci d\u00e9pend de la valeur de vos biens d\u00e9clar\u00e9s (attention \u00e0 \u00eatre parfaitement exhaustif et pr\u00e9cis) et du code postal de votre location. Attention \u00e0 v\u00e9rifier les conditions en petits caract\u00e8res, notamment pour ce qui est des modalit\u00e9s de protection de la maison (fermeture des portes et des fen\u00eatres, etc&#8230;)<\/p>\n<p><strong><em>Le plus Welcome Home London\u00a0: nous pouvons vous recommander aupr\u00e8s de notre prestataire Broker qui vous conseillera sur les meilleures offres adapt\u00e9es \u00e0 votre situation.<\/em><\/strong><\/p>\n<h4>TV License<\/h4>\n<p>Elle est obligatoire d\u00e8s lors que vous poss\u00e9dez un t\u00e9l\u00e9viseur \u00e0 votre domicile.<\/p>\n<p><strong><em>Le plus Welcome Home London : nous g\u00e9rons pour vous l&rsquo;enregistrement \u00e0 la TV License dans notre <a href=\"http:\/\/welcomehome-london.com\/fr\/services\/settling-in-package\/\">Pack Installation<\/a> et sa r\u00e9siliation dans notre <a href=\"http:\/\/welcomehome-london.com\/fr\/services\/school-search-in-london-2\/\">Pack D\u00e9part.<\/a><\/em><\/strong><\/p>\n<h4>Le permis de conduire<\/h4>\n<p>Pour les ressortissants europ\u00e9ens titulaires d\u2019un permis de conduire national sans limite de validit\u00e9, il n\u2019est pas n\u00e9cessaire de l\u2019\u00e9changer pour un permis anglais avant d\u2019avoir atteint l\u2019\u00e2ge limite de 70 ans. L\u2019assurance est obligatoire pour tout conducteur et il est recommand\u00e9 d\u2019opter pour une assurance tous risques.<\/p>\n<h4>Resident Permit<\/h4>\n<p>Si vous ne poss\u00e9dez pas de parking ou de baie privative devant votre maison, vous devrez vous acquitter d\u2019un Resident Permit qui vous permettra de vous garer devant chez vous et dans les rues environnantes pour une dur\u00e9e de 3, 6 ou 12 mois. Il s&rsquo;obtient en ligne. Un permis temporaire valable 2 semaines est d\u00e9livr\u00e9 dans l\u2019attente du permis d\u00e9finitif.<\/p>\n<p><strong><em>Le plus Welcome Home London : nous g\u00e9rons pour vous la demande de Resident Permit aupr\u00e8s de votre Borough dans notre <a href=\"http:\/\/welcomehome-london.com\/fr\/services\/settling-in-package\/\">Pack Installation<\/a> et sa r\u00e9siliation dans notre <a href=\"http:\/\/welcomehome-london.com\/fr\/services\/school-search-in-london-2\/\">Pack D\u00e9part.<\/a><\/em><\/strong><\/p>\n<p><img loading=\"lazy\" decoding=\"async\" class=\"alignnone wp-image-1671 size-medium\" src=\"http:\/\/welcomehome-london.com\/wp-content\/uploads\/2016\/04\/IMG_1958-300x224.jpg\" alt=\"Mews \u00e0 South Kensinton\" width=\"300\" height=\"224\" srcset=\"https:\/\/welcomehome-london.com\/wp-content\/uploads\/2016\/04\/IMG_1958-300x224.jpg 300w, https:\/\/welcomehome-london.com\/wp-content\/uploads\/2016\/04\/IMG_1958-768x574.jpg 768w, https:\/\/welcomehome-london.com\/wp-content\/uploads\/2016\/04\/IMG_1958-1024x765.jpg 1024w, https:\/\/welcomehome-london.com\/wp-content\/uploads\/2016\/04\/IMG_1958-555x415.jpg 555w, https:\/\/welcomehome-london.com\/wp-content\/uploads\/2016\/04\/IMG_1958-1110x830.jpg 1110w, https:\/\/welcomehome-london.com\/wp-content\/uploads\/2016\/04\/IMG_1958.jpg 1600w\" sizes=\"auto, (max-width: 300px) 100vw, 300px\" \/><\/p>\n<p><strong>D\u00e8s votre arriv\u00e9e, vous aurez \u00e0 mettre en place les contrats suivants\u00a0:<br \/>\n<\/strong>&#8211; -Gaz et Electricit\u00e9<br \/>\n&#8211; Eau<br \/>\n&#8211; T\u00e9l\u00e9phone fixe et mobile<br \/>\n&#8211; T\u00e9l\u00e9vision et Internet<\/p>\n<p><strong><em>Welcome Home London prend en charge vos formalit\u00e9s d\u2019installation avec le <a href=\"http:\/\/welcomehome-london.com\/fr\/services\/settling-in-package\/\">Pack Installation<\/a>.<\/em><\/strong>[\/vc_column_text][\/vc_column][\/vc_row]<\/p>\n<\/div>","protected":false},"excerpt":{"rendered":"<p>[vc_row][vc_column][vc_column_text] TOUT CE QU\u2019IL FAUT SAVOIR SUR \u2026 LES FORMALITES D&rsquo;INSTALLATION Banque Si vous le pouvez, anticipez l\u2019ouverture d\u2019un compte bancaire au Royaume-Uni. D\u2019une part, cela peut se r\u00e9v\u00e9ler beaucoup plus long que vous ne pouviez l\u2019imaginer. D\u2019autre part, votre compte anglais vous sera rapidement utile pour effectuer les formalit\u00e9s d&rsquo;installation. Les principaux \u00e9tablissements sont [&hellip;]<\/p>\n","protected":false},"author":4,"featured_media":0,"parent":1847,"menu_order":0,"comment_status":"closed","ping_status":"closed","template":"","meta":{"_acf_changed":false,"footnotes":""},"class_list":["post-1859","page","type-page","status-publish","hentry","no-post-thumbnail"],"acf":[],"yoast_head":"<!-- This site is optimized with the Yoast SEO plugin v26.6 - https:\/\/yoast.com\/wordpress\/plugins\/seo\/ -->\n<title>Formalit\u00e9s d\u2019installation -Guide Location Londres - Welcome Home London<\/title>\n<meta name=\"description\" content=\"Formalit\u00e9s d&#039;installation : ouvrir un compte bancaire \u00e0 Londres, Council Tax, resident permit et TV licence \u00e0 Londres, suivez le guide.\" \/>\n<meta name=\"robots\" content=\"index, follow, max-snippet:-1, max-image-preview:large, max-video-preview:-1\" \/>\n<link rel=\"canonical\" href=\"https:\/\/welcomehome-london.com\/fr\/relocation-guide\/settling-in-london\/\" \/>\n<meta property=\"og:locale\" content=\"fr_FR\" \/>\n<meta property=\"og:type\" content=\"article\" \/>\n<meta property=\"og:title\" content=\"Formalit\u00e9s d\u2019installation -Guide Location Londres - Welcome Home London\" \/>\n<meta property=\"og:description\" content=\"Formalit\u00e9s d&#039;installation : ouvrir un compte bancaire \u00e0 Londres, Council Tax, resident permit et TV licence \u00e0 Londres, suivez le guide.\" \/>\n<meta property=\"og:url\" content=\"https:\/\/welcomehome-london.com\/fr\/relocation-guide\/settling-in-london\/\" \/>\n<meta property=\"og:site_name\" content=\"Welcome Home London\" \/>\n<meta property=\"article:modified_time\" content=\"2020-06-04T17:45:00+00:00\" \/>\n<meta property=\"og:image\" content=\"http:\/\/welcomehome-london.com\/wp-content\/uploads\/2016\/04\/Tower-of-London-Panoramique-1024x356.jpg\" \/>\n<meta name=\"twitter:card\" content=\"summary_large_image\" \/>\n<meta name=\"twitter:label1\" content=\"Dur\u00e9e de lecture estim\u00e9e\" \/>\n\t<meta name=\"twitter:data1\" content=\"4 minutes\" \/>\n<script type=\"application\/ld+json\" class=\"yoast-schema-graph\">{\"@context\":\"https:\/\/schema.org\",\"@graph\":[{\"@type\":\"WebPage\",\"@id\":\"https:\/\/welcomehome-london.com\/fr\/relocation-guide\/settling-in-london\/\",\"url\":\"https:\/\/welcomehome-london.com\/fr\/relocation-guide\/settling-in-london\/\",\"name\":\"Formalit\u00e9s d\u2019installation -Guide Location Londres - Welcome Home London\",\"isPartOf\":{\"@id\":\"https:\/\/welcomehome-london.com\/#website\"},\"primaryImageOfPage\":{\"@id\":\"https:\/\/welcomehome-london.com\/fr\/relocation-guide\/settling-in-london\/#primaryimage\"},\"image\":{\"@id\":\"https:\/\/welcomehome-london.com\/fr\/relocation-guide\/settling-in-london\/#primaryimage\"},\"thumbnailUrl\":\"http:\/\/welcomehome-london.com\/wp-content\/uploads\/2016\/04\/Tower-of-London-Panoramique-1024x356.jpg\",\"datePublished\":\"2016-04-29T20:18:54+00:00\",\"dateModified\":\"2020-06-04T17:45:00+00:00\",\"description\":\"Formalit\u00e9s d'installation : ouvrir un compte bancaire \u00e0 Londres, Council Tax, resident permit et TV licence \u00e0 Londres, suivez le guide.\",\"breadcrumb\":{\"@id\":\"https:\/\/welcomehome-london.com\/fr\/relocation-guide\/settling-in-london\/#breadcrumb\"},\"inLanguage\":\"fr-FR\",\"potentialAction\":[{\"@type\":\"ReadAction\",\"target\":[\"https:\/\/welcomehome-london.com\/fr\/relocation-guide\/settling-in-london\/\"]}]},{\"@type\":\"ImageObject\",\"inLanguage\":\"fr-FR\",\"@id\":\"https:\/\/welcomehome-london.com\/fr\/relocation-guide\/settling-in-london\/#primaryimage\",\"url\":\"http:\/\/welcomehome-london.com\/wp-content\/uploads\/2016\/04\/Tower-of-London-Panoramique-1024x356.jpg\",\"contentUrl\":\"http:\/\/welcomehome-london.com\/wp-content\/uploads\/2016\/04\/Tower-of-London-Panoramique-1024x356.jpg\"},{\"@type\":\"BreadcrumbList\",\"@id\":\"https:\/\/welcomehome-london.com\/fr\/relocation-guide\/settling-in-london\/#breadcrumb\",\"itemListElement\":[{\"@type\":\"ListItem\",\"position\":1,\"name\":\"Home\",\"item\":\"https:\/\/welcomehome-london.com\/fr\/\"},{\"@type\":\"ListItem\",\"position\":2,\"name\":\"GUIDE LOCATION LONDRES\",\"item\":\"https:\/\/welcomehome-london.com\/fr\/relocation-guide\/\"},{\"@type\":\"ListItem\",\"position\":3,\"name\":\"FORMALITES D&rsquo;INSTALLATION\"}]},{\"@type\":\"WebSite\",\"@id\":\"https:\/\/welcomehome-london.com\/#website\",\"url\":\"https:\/\/welcomehome-london.com\/\",\"name\":\"Welcome Home London\",\"description\":\"Estate Agent\",\"publisher\":{\"@id\":\"https:\/\/welcomehome-london.com\/#organization\"},\"potentialAction\":[{\"@type\":\"SearchAction\",\"target\":{\"@type\":\"EntryPoint\",\"urlTemplate\":\"https:\/\/welcomehome-london.com\/?s={search_term_string}\"},\"query-input\":{\"@type\":\"PropertyValueSpecification\",\"valueRequired\":true,\"valueName\":\"search_term_string\"}}],\"inLanguage\":\"fr-FR\"},{\"@type\":\"Organization\",\"@id\":\"https:\/\/welcomehome-london.com\/#organization\",\"name\":\"Welcome Home London\",\"url\":\"https:\/\/welcomehome-london.com\/\",\"logo\":{\"@type\":\"ImageObject\",\"inLanguage\":\"fr-FR\",\"@id\":\"https:\/\/welcomehome-london.com\/#\/schema\/logo\/image\/\",\"url\":\"https:\/\/welcomehome-london.com\/wp-content\/uploads\/2020\/05\/logo3.png\",\"contentUrl\":\"https:\/\/welcomehome-london.com\/wp-content\/uploads\/2020\/05\/logo3.png\",\"width\":330,\"height\":94,\"caption\":\"Welcome Home London\"},\"image\":{\"@id\":\"https:\/\/welcomehome-london.com\/#\/schema\/logo\/image\/\"}}]}<\/script>\n<!-- \/ Yoast SEO plugin. -->","yoast_head_json":{"title":"Formalit\u00e9s d\u2019installation -Guide Location Londres - Welcome Home London","description":"Formalit\u00e9s d'installation : ouvrir un compte bancaire \u00e0 Londres, Council Tax, resident permit et TV licence \u00e0 Londres, suivez le guide.","robots":{"index":"index","follow":"follow","max-snippet":"max-snippet:-1","max-image-preview":"max-image-preview:large","max-video-preview":"max-video-preview:-1"},"canonical":"https:\/\/welcomehome-london.com\/fr\/relocation-guide\/settling-in-london\/","og_locale":"fr_FR","og_type":"article","og_title":"Formalit\u00e9s d\u2019installation -Guide Location Londres - Welcome Home London","og_description":"Formalit\u00e9s d'installation : ouvrir un compte bancaire \u00e0 Londres, Council Tax, resident permit et TV licence \u00e0 Londres, suivez le guide.","og_url":"https:\/\/welcomehome-london.com\/fr\/relocation-guide\/settling-in-london\/","og_site_name":"Welcome Home London","article_modified_time":"2020-06-04T17:45:00+00:00","og_image":[{"url":"http:\/\/welcomehome-london.com\/wp-content\/uploads\/2016\/04\/Tower-of-London-Panoramique-1024x356.jpg","type":"","width":"","height":""}],"twitter_card":"summary_large_image","twitter_misc":{"Dur\u00e9e de lecture estim\u00e9e":"4 minutes"},"schema":{"@context":"https:\/\/schema.org","@graph":[{"@type":"WebPage","@id":"https:\/\/welcomehome-london.com\/fr\/relocation-guide\/settling-in-london\/","url":"https:\/\/welcomehome-london.com\/fr\/relocation-guide\/settling-in-london\/","name":"Formalit\u00e9s d\u2019installation -Guide Location Londres - Welcome Home London","isPartOf":{"@id":"https:\/\/welcomehome-london.com\/#website"},"primaryImageOfPage":{"@id":"https:\/\/welcomehome-london.com\/fr\/relocation-guide\/settling-in-london\/#primaryimage"},"image":{"@id":"https:\/\/welcomehome-london.com\/fr\/relocation-guide\/settling-in-london\/#primaryimage"},"thumbnailUrl":"http:\/\/welcomehome-london.com\/wp-content\/uploads\/2016\/04\/Tower-of-London-Panoramique-1024x356.jpg","datePublished":"2016-04-29T20:18:54+00:00","dateModified":"2020-06-04T17:45:00+00:00","description":"Formalit\u00e9s d'installation : ouvrir un compte bancaire \u00e0 Londres, Council Tax, resident permit et TV licence \u00e0 Londres, suivez le guide.","breadcrumb":{"@id":"https:\/\/welcomehome-london.com\/fr\/relocation-guide\/settling-in-london\/#breadcrumb"},"inLanguage":"fr-FR","potentialAction":[{"@type":"ReadAction","target":["https:\/\/welcomehome-london.com\/fr\/relocation-guide\/settling-in-london\/"]}]},{"@type":"ImageObject","inLanguage":"fr-FR","@id":"https:\/\/welcomehome-london.com\/fr\/relocation-guide\/settling-in-london\/#primaryimage","url":"http:\/\/welcomehome-london.com\/wp-content\/uploads\/2016\/04\/Tower-of-London-Panoramique-1024x356.jpg","contentUrl":"http:\/\/welcomehome-london.com\/wp-content\/uploads\/2016\/04\/Tower-of-London-Panoramique-1024x356.jpg"},{"@type":"BreadcrumbList","@id":"https:\/\/welcomehome-london.com\/fr\/relocation-guide\/settling-in-london\/#breadcrumb","itemListElement":[{"@type":"ListItem","position":1,"name":"Home","item":"https:\/\/welcomehome-london.com\/fr\/"},{"@type":"ListItem","position":2,"name":"GUIDE LOCATION LONDRES","item":"https:\/\/welcomehome-london.com\/fr\/relocation-guide\/"},{"@type":"ListItem","position":3,"name":"FORMALITES D&rsquo;INSTALLATION"}]},{"@type":"WebSite","@id":"https:\/\/welcomehome-london.com\/#website","url":"https:\/\/welcomehome-london.com\/","name":"Welcome Home London","description":"Estate Agent","publisher":{"@id":"https:\/\/welcomehome-london.com\/#organization"},"potentialAction":[{"@type":"SearchAction","target":{"@type":"EntryPoint","urlTemplate":"https:\/\/welcomehome-london.com\/?s={search_term_string}"},"query-input":{"@type":"PropertyValueSpecification","valueRequired":true,"valueName":"search_term_string"}}],"inLanguage":"fr-FR"},{"@type":"Organization","@id":"https:\/\/welcomehome-london.com\/#organization","name":"Welcome Home London","url":"https:\/\/welcomehome-london.com\/","logo":{"@type":"ImageObject","inLanguage":"fr-FR","@id":"https:\/\/welcomehome-london.com\/#\/schema\/logo\/image\/","url":"https:\/\/welcomehome-london.com\/wp-content\/uploads\/2020\/05\/logo3.png","contentUrl":"https:\/\/welcomehome-london.com\/wp-content\/uploads\/2020\/05\/logo3.png","width":330,"height":94,"caption":"Welcome Home London"},"image":{"@id":"https:\/\/welcomehome-london.com\/#\/schema\/logo\/image\/"}}]}},"_links":{"self":[{"href":"https:\/\/welcomehome-london.com\/fr\/wp-json\/wp\/v2\/pages\/1859","targetHints":{"allow":["GET"]}}],"collection":[{"href":"https:\/\/welcomehome-london.com\/fr\/wp-json\/wp\/v2\/pages"}],"about":[{"href":"https:\/\/welcomehome-london.com\/fr\/wp-json\/wp\/v2\/types\/page"}],"author":[{"embeddable":true,"href":"https:\/\/welcomehome-london.com\/fr\/wp-json\/wp\/v2\/users\/4"}],"replies":[{"embeddable":true,"href":"https:\/\/welcomehome-london.com\/fr\/wp-json\/wp\/v2\/comments?post=1859"}],"version-history":[{"count":15,"href":"https:\/\/welcomehome-london.com\/fr\/wp-json\/wp\/v2\/pages\/1859\/revisions"}],"predecessor-version":[{"id":6558,"href":"https:\/\/welcomehome-london.com\/fr\/wp-json\/wp\/v2\/pages\/1859\/revisions\/6558"}],"up":[{"embeddable":true,"href":"https:\/\/welcomehome-london.com\/fr\/wp-json\/wp\/v2\/pages\/1847"}],"wp:attachment":[{"href":"https:\/\/welcomehome-london.com\/fr\/wp-json\/wp\/v2\/media?parent=1859"}],"curies":[{"name":"wp","href":"https:\/\/api.w.org\/{rel}","templated":true}]}}