{"id":1853,"date":"2016-04-29T21:16:49","date_gmt":"2016-04-29T20:16:49","guid":{"rendered":"http:\/\/welcomehome-london.com\/relocation-guide\/tips-to-know\/?lang=fr"},"modified":"2020-06-05T08:29:14","modified_gmt":"2020-06-05T07:29:14","slug":"tips-to-know","status":"publish","type":"page","link":"https:\/\/welcomehome-london.com\/fr\/relocation-guide\/tips-to-know\/","title":{"rendered":"LE SAVIEZ-VOUS\u00a0?"},"content":{"rendered":"<div class=\"wpb-content-wrapper\"><p>[vc_row][vc_column][vc_row_inner][vc_column_inner][vc_column_text]<img loading=\"lazy\" decoding=\"async\" class=\"margin-top:0px; alignnone\" src=\"http:\/\/welcomehome-london.com\/wp-content\/uploads\/2020\/05\/kitchen_welcome_home_london-1024x394.jpg\" alt=\"bon \u00e0 savoir guide location Londres\" width=\"1024\" height=\"394\" \/><\/p>\n<h4><\/h4>\n<h4><\/h4>\n<h4>Comment calculer son loyer mensuel?<\/h4>\n<p>Les loyers londoniens sont souvent exprim\u00e9s en semaine, mais payables au mois. Le saviez-vous ? Il suffit de multiplier le loyer hebdomadaire par 52 et de le diviser par 12 pour obtenir le loyer mensuel<em>.<\/em><\/p>\n<h4>Parquet ou moquette?<\/h4>\n<p>La plupart des propri\u00e9t\u00e9s londoniennes sont \u00e9quip\u00e9es de moquettes (plus ou moins \u00e9paisses mais fort salissantes)<em>. <\/em><em><strong>Si l\u2019absence de moquette est un crit\u00e8re primordial pour vous (allergies, animaux domestiques..), n\u2019oubliez pas de le pr\u00e9ciser dans le cahier des charges.<\/strong><\/em><\/p>\n<h4>Question de taille<\/h4>\n<p>Le m\u00e9trage de la superficie des biens \u00e0 louer n\u2019est pas r\u00e9glement\u00e9. Les plans (floorplan) fournis par les agences indiquent des superficies de pi\u00e8ces approximatives, souvent sur\u00e9valu\u00e9es par rapport \u00e0 des standards type loi Carrez. Basez-vous plut\u00f4t sur le nombre de chambres (bedrooms). A noter : les single bedrooms londoniennes peuvent \u00eatre inf\u00e9rieures \u00e0 7m2\u2026 <strong><em>Welcome Home London <a href=\"http:\/\/welcomehome-london.com\/fr\/notre-difference\/\">pr\u00e9-visite<\/a> toutes les propri\u00e9t\u00e9s s\u00e9lectionn\u00e9es pour vous. Vous ne serez ni surpris ni d\u00e9\u00e7u lors de votre visite.<\/em><\/strong><\/p>\n<h4>Electro-m\u00e9nager<\/h4>\n<p>Le saviez-vous ? Meubl\u00e9es (furnished) ou vides (unfurnished), les locations \u00e0 Londres int\u00e8grent syst\u00e9matiquement une cuisine \u00e9quip\u00e9e. Dans les appartements ou maisons familiales (3 chambres et +), vous trouverez au moins un r\u00e9frig\u00e9rateur\/cong\u00e9lateur, un (souvent deux !) fours, une table de cuisson, un lave-linge et un lave-vaisselle, et parfois un s\u00e8che-linge, une cave \u00e0 vin, etc\u2026 <strong><em>Ne pr\u00e9voyez donc pas ces \u00e9quipements dans votre d\u00e9m\u00e9nagement.<\/em><\/strong><\/p>\n<p><img loading=\"lazy\" decoding=\"async\" class=\"alignnone wp-image-814\" src=\"http:\/\/welcomehome-london.com\/wp-content\/uploads\/2016\/03\/NOS-PRESTATIONS-RUBRIQUE-INVESTIR-DANS-LIMMOBILIER-A-LONDRES-3.jpg\" alt=\"NOS PRESTATIONS RUBRIQUE INVESTIR DANS L'IMMOBILIER A LONDRES 3\" width=\"385\" height=\"239\" srcset=\"https:\/\/welcomehome-london.com\/wp-content\/uploads\/2016\/03\/NOS-PRESTATIONS-RUBRIQUE-INVESTIR-DANS-LIMMOBILIER-A-LONDRES-3.jpg 720w, https:\/\/welcomehome-london.com\/wp-content\/uploads\/2016\/03\/NOS-PRESTATIONS-RUBRIQUE-INVESTIR-DANS-LIMMOBILIER-A-LONDRES-3-300x186.jpg 300w, https:\/\/welcomehome-london.com\/wp-content\/uploads\/2016\/03\/NOS-PRESTATIONS-RUBRIQUE-INVESTIR-DANS-LIMMOBILIER-A-LONDRES-3-555x345.jpg 555w\" sizes=\"auto, (max-width: 385px) 100vw, 385px\" \/><\/p>\n<h4>R\u00e9siliation de contrat<\/h4>\n<p>Pour un pr\u00e9avis de 1 mois (1 month notice), il faut envoyer un courrier recommand\u00e9 \u00e0 votre propri\u00e9taire afin qu\u2019il le r\u00e9ceptionne avant la date anniversaire d\u2019entr\u00e9e dans les lieux. Si le contrat de location a d\u00e9but\u00e9 le 4 d\u2019un mois, le courrier de r\u00e9siliation devra arriver avant le 4 du mois qui pr\u00e9c\u00e8de votre d\u00e9part (donc si vous souhaitez partir le 4 janvier, il faudra que le courrier soit r\u00e9ceptionn\u00e9 avant le 4 d\u00e9cembre pour un pr\u00e9avis d\u2019un mois, avant le 4 novembre pour un pr\u00e9avis de deux mois, etc\u2026)[\/vc_column_text][\/vc_column_inner][\/vc_row_inner][\/vc_column][\/vc_row]<\/p>\n<\/div>","protected":false},"excerpt":{"rendered":"<p>[vc_row][vc_column][vc_row_inner][vc_column_inner][vc_column_text] Comment calculer son loyer mensuel? Les loyers londoniens sont souvent exprim\u00e9s en semaine, mais payables au mois. Le saviez-vous ? Il suffit de multiplier le loyer hebdomadaire par 52 et de le diviser par 12 pour obtenir le loyer mensuel. Parquet ou moquette? La plupart des propri\u00e9t\u00e9s londoniennes sont \u00e9quip\u00e9es de moquettes (plus ou [&hellip;]<\/p>\n","protected":false},"author":4,"featured_media":0,"parent":1847,"menu_order":0,"comment_status":"closed","ping_status":"closed","template":"","meta":{"_acf_changed":false,"footnotes":""},"class_list":["post-1853","page","type-page","status-publish","hentry","no-post-thumbnail"],"acf":[],"yoast_head":"<!-- This site is optimized with the Yoast SEO plugin v26.6 - https:\/\/yoast.com\/wordpress\/plugins\/seo\/ -->\n<title>Le saviez-vous - Guide Location \u00e0 Londres - Welcome Home London<\/title>\n<meta name=\"description\" content=\"Le saviez-vous ? Comment calculer son loyer mensuel \u00e0 Londres, moquettes, \u00e9lectro-m\u00e9nager, r\u00e9silier son contrat de location, retrouvez nos conseils.\" \/>\n<meta name=\"robots\" content=\"index, follow, max-snippet:-1, max-image-preview:large, max-video-preview:-1\" \/>\n<link rel=\"canonical\" href=\"https:\/\/welcomehome-london.com\/fr\/relocation-guide\/tips-to-know\/\" \/>\n<meta property=\"og:locale\" content=\"fr_FR\" \/>\n<meta property=\"og:type\" content=\"article\" \/>\n<meta property=\"og:title\" content=\"Le saviez-vous - Guide Location \u00e0 Londres - Welcome Home London\" \/>\n<meta property=\"og:description\" content=\"Le saviez-vous ? Comment calculer son loyer mensuel \u00e0 Londres, moquettes, \u00e9lectro-m\u00e9nager, r\u00e9silier son contrat de location, retrouvez nos conseils.\" \/>\n<meta property=\"og:url\" content=\"https:\/\/welcomehome-london.com\/fr\/relocation-guide\/tips-to-know\/\" \/>\n<meta property=\"og:site_name\" content=\"Welcome Home London\" \/>\n<meta property=\"article:modified_time\" content=\"2020-06-05T07:29:14+00:00\" \/>\n<meta property=\"og:image\" content=\"http:\/\/welcomehome-london.com\/wp-content\/uploads\/2020\/05\/kitchen_welcome_home_london-1024x394.jpg\" \/>\n<meta name=\"twitter:card\" content=\"summary_large_image\" \/>\n<meta name=\"twitter:label1\" content=\"Dur\u00e9e de lecture estim\u00e9e\" \/>\n\t<meta name=\"twitter:data1\" content=\"2 minutes\" \/>\n<script type=\"application\/ld+json\" class=\"yoast-schema-graph\">{\"@context\":\"https:\/\/schema.org\",\"@graph\":[{\"@type\":\"WebPage\",\"@id\":\"https:\/\/welcomehome-london.com\/fr\/relocation-guide\/tips-to-know\/\",\"url\":\"https:\/\/welcomehome-london.com\/fr\/relocation-guide\/tips-to-know\/\",\"name\":\"Le saviez-vous - Guide Location \u00e0 Londres - Welcome Home London\",\"isPartOf\":{\"@id\":\"https:\/\/welcomehome-london.com\/#website\"},\"primaryImageOfPage\":{\"@id\":\"https:\/\/welcomehome-london.com\/fr\/relocation-guide\/tips-to-know\/#primaryimage\"},\"image\":{\"@id\":\"https:\/\/welcomehome-london.com\/fr\/relocation-guide\/tips-to-know\/#primaryimage\"},\"thumbnailUrl\":\"http:\/\/welcomehome-london.com\/wp-content\/uploads\/2020\/05\/kitchen_welcome_home_london-1024x394.jpg\",\"datePublished\":\"2016-04-29T20:16:49+00:00\",\"dateModified\":\"2020-06-05T07:29:14+00:00\",\"description\":\"Le saviez-vous ? Comment calculer son loyer mensuel \u00e0 Londres, moquettes, \u00e9lectro-m\u00e9nager, r\u00e9silier son contrat de location, retrouvez nos conseils.\",\"breadcrumb\":{\"@id\":\"https:\/\/welcomehome-london.com\/fr\/relocation-guide\/tips-to-know\/#breadcrumb\"},\"inLanguage\":\"fr-FR\",\"potentialAction\":[{\"@type\":\"ReadAction\",\"target\":[\"https:\/\/welcomehome-london.com\/fr\/relocation-guide\/tips-to-know\/\"]}]},{\"@type\":\"ImageObject\",\"inLanguage\":\"fr-FR\",\"@id\":\"https:\/\/welcomehome-london.com\/fr\/relocation-guide\/tips-to-know\/#primaryimage\",\"url\":\"http:\/\/welcomehome-london.com\/wp-content\/uploads\/2020\/05\/kitchen_welcome_home_london-1024x394.jpg\",\"contentUrl\":\"http:\/\/welcomehome-london.com\/wp-content\/uploads\/2020\/05\/kitchen_welcome_home_london-1024x394.jpg\"},{\"@type\":\"BreadcrumbList\",\"@id\":\"https:\/\/welcomehome-london.com\/fr\/relocation-guide\/tips-to-know\/#breadcrumb\",\"itemListElement\":[{\"@type\":\"ListItem\",\"position\":1,\"name\":\"Home\",\"item\":\"https:\/\/welcomehome-london.com\/fr\/\"},{\"@type\":\"ListItem\",\"position\":2,\"name\":\"GUIDE LOCATION LONDRES\",\"item\":\"https:\/\/welcomehome-london.com\/fr\/relocation-guide\/\"},{\"@type\":\"ListItem\",\"position\":3,\"name\":\"LE SAVIEZ-VOUS\u00a0?\"}]},{\"@type\":\"WebSite\",\"@id\":\"https:\/\/welcomehome-london.com\/#website\",\"url\":\"https:\/\/welcomehome-london.com\/\",\"name\":\"Welcome Home London\",\"description\":\"Estate Agent\",\"publisher\":{\"@id\":\"https:\/\/welcomehome-london.com\/#organization\"},\"potentialAction\":[{\"@type\":\"SearchAction\",\"target\":{\"@type\":\"EntryPoint\",\"urlTemplate\":\"https:\/\/welcomehome-london.com\/?s={search_term_string}\"},\"query-input\":{\"@type\":\"PropertyValueSpecification\",\"valueRequired\":true,\"valueName\":\"search_term_string\"}}],\"inLanguage\":\"fr-FR\"},{\"@type\":\"Organization\",\"@id\":\"https:\/\/welcomehome-london.com\/#organization\",\"name\":\"Welcome Home London\",\"url\":\"https:\/\/welcomehome-london.com\/\",\"logo\":{\"@type\":\"ImageObject\",\"inLanguage\":\"fr-FR\",\"@id\":\"https:\/\/welcomehome-london.com\/#\/schema\/logo\/image\/\",\"url\":\"https:\/\/welcomehome-london.com\/wp-content\/uploads\/2020\/05\/logo3.png\",\"contentUrl\":\"https:\/\/welcomehome-london.com\/wp-content\/uploads\/2020\/05\/logo3.png\",\"width\":330,\"height\":94,\"caption\":\"Welcome Home London\"},\"image\":{\"@id\":\"https:\/\/welcomehome-london.com\/#\/schema\/logo\/image\/\"}}]}<\/script>\n<!-- \/ Yoast SEO plugin. -->","yoast_head_json":{"title":"Le saviez-vous - Guide Location \u00e0 Londres - Welcome Home London","description":"Le saviez-vous ? Comment calculer son loyer mensuel \u00e0 Londres, moquettes, \u00e9lectro-m\u00e9nager, r\u00e9silier son contrat de location, retrouvez nos conseils.","robots":{"index":"index","follow":"follow","max-snippet":"max-snippet:-1","max-image-preview":"max-image-preview:large","max-video-preview":"max-video-preview:-1"},"canonical":"https:\/\/welcomehome-london.com\/fr\/relocation-guide\/tips-to-know\/","og_locale":"fr_FR","og_type":"article","og_title":"Le saviez-vous - Guide Location \u00e0 Londres - Welcome Home London","og_description":"Le saviez-vous ? Comment calculer son loyer mensuel \u00e0 Londres, moquettes, \u00e9lectro-m\u00e9nager, r\u00e9silier son contrat de location, retrouvez nos conseils.","og_url":"https:\/\/welcomehome-london.com\/fr\/relocation-guide\/tips-to-know\/","og_site_name":"Welcome Home London","article_modified_time":"2020-06-05T07:29:14+00:00","og_image":[{"url":"http:\/\/welcomehome-london.com\/wp-content\/uploads\/2020\/05\/kitchen_welcome_home_london-1024x394.jpg","type":"","width":"","height":""}],"twitter_card":"summary_large_image","twitter_misc":{"Dur\u00e9e de lecture estim\u00e9e":"2 minutes"},"schema":{"@context":"https:\/\/schema.org","@graph":[{"@type":"WebPage","@id":"https:\/\/welcomehome-london.com\/fr\/relocation-guide\/tips-to-know\/","url":"https:\/\/welcomehome-london.com\/fr\/relocation-guide\/tips-to-know\/","name":"Le saviez-vous - Guide Location \u00e0 Londres - Welcome Home London","isPartOf":{"@id":"https:\/\/welcomehome-london.com\/#website"},"primaryImageOfPage":{"@id":"https:\/\/welcomehome-london.com\/fr\/relocation-guide\/tips-to-know\/#primaryimage"},"image":{"@id":"https:\/\/welcomehome-london.com\/fr\/relocation-guide\/tips-to-know\/#primaryimage"},"thumbnailUrl":"http:\/\/welcomehome-london.com\/wp-content\/uploads\/2020\/05\/kitchen_welcome_home_london-1024x394.jpg","datePublished":"2016-04-29T20:16:49+00:00","dateModified":"2020-06-05T07:29:14+00:00","description":"Le saviez-vous ? Comment calculer son loyer mensuel \u00e0 Londres, moquettes, \u00e9lectro-m\u00e9nager, r\u00e9silier son contrat de location, retrouvez nos conseils.","breadcrumb":{"@id":"https:\/\/welcomehome-london.com\/fr\/relocation-guide\/tips-to-know\/#breadcrumb"},"inLanguage":"fr-FR","potentialAction":[{"@type":"ReadAction","target":["https:\/\/welcomehome-london.com\/fr\/relocation-guide\/tips-to-know\/"]}]},{"@type":"ImageObject","inLanguage":"fr-FR","@id":"https:\/\/welcomehome-london.com\/fr\/relocation-guide\/tips-to-know\/#primaryimage","url":"http:\/\/welcomehome-london.com\/wp-content\/uploads\/2020\/05\/kitchen_welcome_home_london-1024x394.jpg","contentUrl":"http:\/\/welcomehome-london.com\/wp-content\/uploads\/2020\/05\/kitchen_welcome_home_london-1024x394.jpg"},{"@type":"BreadcrumbList","@id":"https:\/\/welcomehome-london.com\/fr\/relocation-guide\/tips-to-know\/#breadcrumb","itemListElement":[{"@type":"ListItem","position":1,"name":"Home","item":"https:\/\/welcomehome-london.com\/fr\/"},{"@type":"ListItem","position":2,"name":"GUIDE LOCATION LONDRES","item":"https:\/\/welcomehome-london.com\/fr\/relocation-guide\/"},{"@type":"ListItem","position":3,"name":"LE SAVIEZ-VOUS\u00a0?"}]},{"@type":"WebSite","@id":"https:\/\/welcomehome-london.com\/#website","url":"https:\/\/welcomehome-london.com\/","name":"Welcome Home London","description":"Estate Agent","publisher":{"@id":"https:\/\/welcomehome-london.com\/#organization"},"potentialAction":[{"@type":"SearchAction","target":{"@type":"EntryPoint","urlTemplate":"https:\/\/welcomehome-london.com\/?s={search_term_string}"},"query-input":{"@type":"PropertyValueSpecification","valueRequired":true,"valueName":"search_term_string"}}],"inLanguage":"fr-FR"},{"@type":"Organization","@id":"https:\/\/welcomehome-london.com\/#organization","name":"Welcome Home London","url":"https:\/\/welcomehome-london.com\/","logo":{"@type":"ImageObject","inLanguage":"fr-FR","@id":"https:\/\/welcomehome-london.com\/#\/schema\/logo\/image\/","url":"https:\/\/welcomehome-london.com\/wp-content\/uploads\/2020\/05\/logo3.png","contentUrl":"https:\/\/welcomehome-london.com\/wp-content\/uploads\/2020\/05\/logo3.png","width":330,"height":94,"caption":"Welcome Home London"},"image":{"@id":"https:\/\/welcomehome-london.com\/#\/schema\/logo\/image\/"}}]}},"_links":{"self":[{"href":"https:\/\/welcomehome-london.com\/fr\/wp-json\/wp\/v2\/pages\/1853","targetHints":{"allow":["GET"]}}],"collection":[{"href":"https:\/\/welcomehome-london.com\/fr\/wp-json\/wp\/v2\/pages"}],"about":[{"href":"https:\/\/welcomehome-london.com\/fr\/wp-json\/wp\/v2\/types\/page"}],"author":[{"embeddable":true,"href":"https:\/\/welcomehome-london.com\/fr\/wp-json\/wp\/v2\/users\/4"}],"replies":[{"embeddable":true,"href":"https:\/\/welcomehome-london.com\/fr\/wp-json\/wp\/v2\/comments?post=1853"}],"version-history":[{"count":17,"href":"https:\/\/welcomehome-london.com\/fr\/wp-json\/wp\/v2\/pages\/1853\/revisions"}],"predecessor-version":[{"id":6580,"href":"https:\/\/welcomehome-london.com\/fr\/wp-json\/wp\/v2\/pages\/1853\/revisions\/6580"}],"up":[{"embeddable":true,"href":"https:\/\/welcomehome-london.com\/fr\/wp-json\/wp\/v2\/pages\/1847"}],"wp:attachment":[{"href":"https:\/\/welcomehome-london.com\/fr\/wp-json\/wp\/v2\/media?parent=1853"}],"curies":[{"name":"wp","href":"https:\/\/api.w.org\/{rel}","templated":true}]}}