{"id":1801,"date":"2016-03-14T19:11:42","date_gmt":"2016-03-14T18:11:42","guid":{"rendered":"http:\/\/welcomehome-london.com\/select-your-school\/?lang=fr"},"modified":"2020-05-25T09:23:09","modified_gmt":"2020-05-25T08:23:09","slug":"select-your-school","status":"publish","type":"page","link":"https:\/\/welcomehome-london.com\/fr\/select-your-school\/","title":{"rendered":"GUIDE DES ECOLES A LONDRES"},"content":{"rendered":"<div class=\"wpb-content-wrapper\"><p>[vc_row full_width=\u00a0\u00bbstretch_row\u00a0\u00bb css=\u00a0\u00bb.vc_custom_1451206441087{margin-top: -50px !important;padding-top: 50px !important;padding-bottom: 20px !important;background-color: #f2f2f2 !important;}\u00a0\u00bb][vc_column][vc_column_text]<\/p>\n<h3 style=\"margin-top: 0px; text-align: center;\"><span style=\"color: #993366;\">Guide des \u00e9coles \u00e0 Londres<\/span><\/h3>\n<p style=\"font-family: Karla; color: #777;\">L\u2019offre \u00e9ducative \u00e0 Londres est abondante, internationale &#8230; et parfois tr\u00e8s co\u00fbteuse. Vous pouvez choisir pour vos enfants une \u00e9cole anglaise publique non s\u00e9lective (<a href=\"http:\/\/welcomehome-london.com\/fr\/school-fr\/local-state-schools\/\">State School<\/a>) ou s\u00e9lective (Grammar School),\u00a0 priv\u00e9e (<a href=\"http:\/\/welcomehome-london.com\/fr\/school-fr\/british-independent-schools\/\">Independant School<\/a>), une <a href=\"http:\/\/welcomehome-london.com\/fr\/school-fr\/bilingual-schools\/\">\u00e9cole priv\u00e9e bilingue<\/a> (fran\u00e7aise, allemande, espagnole, italienne, am\u00e9ricaine\u2026) proposant un Curriculum national (Baccalaur\u00e9at Fran\u00e7ais par exemple) ou une \u00e9cole internationale\u00a0 proposant le <a href=\"http:\/\/welcomehome-london.com\/fr\/school-fr\/ib-schools\/\">programme IB<\/a> (International Baccalaureat), seul dipl\u00f4me \u00e0 \u00eatre reconnu au niveau international. Notre Guide des \u00e9coles \u00e0 Londres pr\u00e9sente les diff\u00e9rentes options de scolarit\u00e9 qui s&rsquo;offrent \u00e0 vos enfants \u00e0 Londres et liste les principales \u00e9coles bilingues ou internationales de la capitale britannique.<\/p>\n<p style=\"font-family: Karla; color: #777;\">Nous pouvons vous guider pour faire votre choix puis postuler pour vos enfants dans une \u00e9cole anglaise, bilingue ou IB en fonction de votre quartier de pr\u00e9dilection et de la personnalit\u00e9 de vos enfants. A l&rsquo;inverse, nous pouvons aussi vous pr\u00e9senter les <a href=\"http:\/\/welcomehome-london.com\/fr\/select-your-borough\/\">meilleurs quartiers r\u00e9sidentiels<\/a> \u00e0 Londres et s\u00e9lectionner avec vous les plus pertinents (ambiance, temps de transport) en fonction de l&rsquo;\u00e9cole que vous avez d\u00e9j\u00e0\u00a0 choisie pour vos enfants. <span style=\"font-size: 16px; line-height: 1.5;\">\u00a0<\/span><\/p>\n<p>[\/vc_column_text][vc_empty_space]\n\t<div class=\"blog-shortcode  blog-grid blog-three-columns has-post-content post-thumbnail-cover\">\n\t\t\n\t\t<div class=\"blog-entries\">\n\t\t\t<div class=\"entries-wrapper\">\n\t\t\t\t\t\t\t\t\n\t\t\t\t<article class=\"post-1806 post type-post status-publish format-standard has-post-thumbnail hentry category-school-fr category-bilingual-schools-fr tag-bilingual-schools tag-bilingual-schools-fr\">\n\t\t\t\t\t<div class=\"entry-wrapper\">\n\t\t\t\t\t\t\t\t\t\t\t\t\t\n\t\t\t\t\t\t\t\t\t\t\t\t\t\t\t\n\t\t\t\t\t\t\t\t<div class=\"entry-cover\">\n\t\t\t\t\t\t\t\t\t<a href=\"https:\/\/welcomehome-london.com\/fr\/school-fr\/bilingual-schools-fr\/bilingual-schools\/\">\n\t\t\t\t\t\t\t\t\t\t<img loading=\"lazy\" decoding=\"async\" width=\"555\" height=\"415\" src=\"https:\/\/welcomehome-london.com\/wp-content\/uploads\/2016\/05\/OU-VIVRE-A-LONDRES-RUBRIQUE-CHOISIR-SON-ECOLE-ARTICLE-CFBL-2-555x415.jpg\" class=\"attachment-portfolio-medium-crop size-portfolio-medium-crop wp-post-image\" alt=\"bilingual school in london CFBL\" \/>\t\t\t\t\t\t\t\t\t<\/a>\n\t\t\t\t\t\t\t\t<\/div>\n\n\t\t\t\t\t\t\t\n\t\t\t\t\t\t\n\t\t\t\t\t\t<div class=\"entry-header\">\n\t\t\t\t\t\t\t<h2 class=\"entry-title\">\n\t\t\t\t\t\t\t\t<a href=\"https:\/\/welcomehome-london.com\/fr\/school-fr\/bilingual-schools-fr\/bilingual-schools\/\">ECOLES BILINGUES  A LONDRES<\/a>\n\t\t\t\t\t\t\t<\/h2>\n\n\t\t\t\t\t\t\t<div class=\"post-meta\">\n\t\t\t\t\t\t\t\t<time class=\"entry-time\" itemprop=\"datePublished\" datetime=\"2016-04-28 11:03:29\">\n\t\t\t\t\t\t\t\t\t28 avril 2016\t\t\t\t\t\t\t\t<\/time>\n\t\t\t\t\t\t\t<\/div>\n\t\t\t\t\t\t<\/div>\n\n\t\t\t\t\t\t\t\t\t\t\t\t\t\n\t\t\t\t\t\t\t<div class=\"entry-content\">\n\n\t\t\t\t\t\t\t\tVous trouverez ci-dessous une liste non- exhaustive des principales Ecoles bilingues \u00e0 Londres (fran\u00e7aises, allemandes, espagnoles...\n\t\t\t\t\t\t\t\t\t\t\t\t\t\t\t\t\t<div class=\"read-more\">\n\t\t\t\t\t\t\t\t\t\t<a href=\"https:\/\/welcomehome-london.com\/fr\/school-fr\/bilingual-schools-fr\/bilingual-schools\/\">\n\t\t\t\t\t\t\t\t\t\t\tEn savoir plus\t\t\t\t\t\t\t\t\t\t<\/a>\n\t\t\t\t\t\t\t\t\t<\/div>\n\t\t\t\t\t\t\t\t\n\t\t\t\t\t\t\t<\/div>\n\n\t\t\t\t\t\t\t\t\t\t\t<\/div>\n\t\t\t\t<\/article>\n\n\t\t\t\t\t\t\t\t\n\t\t\t\t<article class=\"post-1813 post type-post status-publish format-standard has-post-thumbnail hentry category-school-fr category-ib-schools-fr category-news-fr tag-ib-schools tag-ib-schools-fr\">\n\t\t\t\t\t<div class=\"entry-wrapper\">\n\t\t\t\t\t\t\t\t\t\t\t\t\t\n\t\t\t\t\t\t\t\t\t\t\t\t\t\t\t\n\t\t\t\t\t\t\t\t<div class=\"entry-cover\">\n\t\t\t\t\t\t\t\t\t<a href=\"https:\/\/welcomehome-london.com\/fr\/school-fr\/ib-schools\/\">\n\t\t\t\t\t\t\t\t\t\t<img loading=\"lazy\" decoding=\"async\" width=\"555\" height=\"415\" src=\"https:\/\/welcomehome-london.com\/wp-content\/uploads\/2016\/03\/OU-VIVRE-A-LONDRES-RUBRIQUE-CHOISIR-SON-ECOLE-IB-SCHOOL-555x415.jpg\" class=\"attachment-portfolio-medium-crop size-portfolio-medium-crop wp-post-image\" alt=\"\" \/>\t\t\t\t\t\t\t\t\t<\/a>\n\t\t\t\t\t\t\t\t<\/div>\n\n\t\t\t\t\t\t\t\n\t\t\t\t\t\t\n\t\t\t\t\t\t<div class=\"entry-header\">\n\t\t\t\t\t\t\t<h2 class=\"entry-title\">\n\t\t\t\t\t\t\t\t<a href=\"https:\/\/welcomehome-london.com\/fr\/school-fr\/ib-schools\/\">ECOLES IB A LONDRES (International Baccalaureat)<\/a>\n\t\t\t\t\t\t\t<\/h2>\n\n\t\t\t\t\t\t\t<div class=\"post-meta\">\n\t\t\t\t\t\t\t\t<time class=\"entry-time\" itemprop=\"datePublished\" datetime=\"2016-04-27 11:01:13\">\n\t\t\t\t\t\t\t\t\t27 avril 2016\t\t\t\t\t\t\t\t<\/time>\n\t\t\t\t\t\t\t<\/div>\n\t\t\t\t\t\t<\/div>\n\n\t\t\t\t\t\t\t\t\t\t\t\t\t\n\t\t\t\t\t\t\t<div class=\"entry-content\">\n\n\t\t\t\t\t\t\t\tCr\u00e9\u00e9 en 1968, le syst\u00e8me IB (International Baccalaureat) est une fondation qui propose 4 programmes \u00e9ducatifs internationaux visan...\n\t\t\t\t\t\t\t\t\t\t\t\t\t\t\t\t\t<div class=\"read-more\">\n\t\t\t\t\t\t\t\t\t\t<a href=\"https:\/\/welcomehome-london.com\/fr\/school-fr\/ib-schools\/\">\n\t\t\t\t\t\t\t\t\t\t\tEn savoir plus\t\t\t\t\t\t\t\t\t\t<\/a>\n\t\t\t\t\t\t\t\t\t<\/div>\n\t\t\t\t\t\t\t\t\n\t\t\t\t\t\t\t<\/div>\n\n\t\t\t\t\t\t\t\t\t\t\t<\/div>\n\t\t\t\t<\/article>\n\n\t\t\t\t\t\t\t\t\n\t\t\t\t<article class=\"post-1818 post type-post status-publish format-standard has-post-thumbnail hentry category-school-fr category-local-state-schools-fr tag-british-school-fr\">\n\t\t\t\t\t<div class=\"entry-wrapper\">\n\t\t\t\t\t\t\t\t\t\t\t\t\t\n\t\t\t\t\t\t\t\t\t\t\t\t\t\t\t\n\t\t\t\t\t\t\t\t<div class=\"entry-cover\">\n\t\t\t\t\t\t\t\t\t<a href=\"https:\/\/welcomehome-london.com\/fr\/school-fr\/local-state-schools\/\">\n\t\t\t\t\t\t\t\t\t\t<img loading=\"lazy\" decoding=\"async\" width=\"555\" height=\"415\" src=\"https:\/\/welcomehome-london.com\/wp-content\/uploads\/2016\/04\/Select-your-school-Local-State-Schools-555x415.jpg\" class=\"attachment-portfolio-medium-crop size-portfolio-medium-crop wp-post-image\" alt=\"\" srcset=\"https:\/\/welcomehome-london.com\/wp-content\/uploads\/2016\/04\/Select-your-school-Local-State-Schools-555x415.jpg 555w, https:\/\/welcomehome-london.com\/wp-content\/uploads\/2016\/04\/Select-your-school-Local-State-Schools-300x224.jpg 300w, https:\/\/welcomehome-london.com\/wp-content\/uploads\/2016\/04\/Select-your-school-Local-State-Schools-768x574.jpg 768w, https:\/\/welcomehome-london.com\/wp-content\/uploads\/2016\/04\/Select-your-school-Local-State-Schools-1024x765.jpg 1024w, https:\/\/welcomehome-london.com\/wp-content\/uploads\/2016\/04\/Select-your-school-Local-State-Schools-1110x830.jpg 1110w, https:\/\/welcomehome-london.com\/wp-content\/uploads\/2016\/04\/Select-your-school-Local-State-Schools.jpg 1600w\" sizes=\"auto, (max-width: 555px) 100vw, 555px\" \/>\t\t\t\t\t\t\t\t\t<\/a>\n\t\t\t\t\t\t\t\t<\/div>\n\n\t\t\t\t\t\t\t\n\t\t\t\t\t\t\n\t\t\t\t\t\t<div class=\"entry-header\">\n\t\t\t\t\t\t\t<h2 class=\"entry-title\">\n\t\t\t\t\t\t\t\t<a href=\"https:\/\/welcomehome-london.com\/fr\/school-fr\/local-state-schools\/\">ECOLES PUBLIQUES A LONDRES<\/a>\n\t\t\t\t\t\t\t<\/h2>\n\n\t\t\t\t\t\t\t<div class=\"post-meta\">\n\t\t\t\t\t\t\t\t<time class=\"entry-time\" itemprop=\"datePublished\" datetime=\"2016-04-26 11:04:48\">\n\t\t\t\t\t\t\t\t\t26 avril 2016\t\t\t\t\t\t\t\t<\/time>\n\t\t\t\t\t\t\t<\/div>\n\t\t\t\t\t\t<\/div>\n\n\t\t\t\t\t\t\t\t\t\t\t\t\t\n\t\t\t\t\t\t\t<div class=\"entry-content\">\n\n\t\t\t\t\t\t\t\tLes \u00e9coles publiques \u00e0 Londres sont des \u00e9tablissements gratuits financ\u00e9s par l\u2019Etat, le Council ou une autorit\u00e9 religieuse (Church...\n\t\t\t\t\t\t\t\t\t\t\t\t\t\t\t\t\t<div class=\"read-more\">\n\t\t\t\t\t\t\t\t\t\t<a href=\"https:\/\/welcomehome-london.com\/fr\/school-fr\/local-state-schools\/\">\n\t\t\t\t\t\t\t\t\t\t\tEn savoir plus\t\t\t\t\t\t\t\t\t\t<\/a>\n\t\t\t\t\t\t\t\t\t<\/div>\n\t\t\t\t\t\t\t\t\n\t\t\t\t\t\t\t<\/div>\n\n\t\t\t\t\t\t\t\t\t\t\t<\/div>\n\t\t\t\t<\/article>\n\n\t\t\t\t\t\t\t\t\n\t\t\t\t<article class=\"post-1823 post type-post status-publish format-standard has-post-thumbnail hentry category-school-fr category-british-independant-schools-fr\">\n\t\t\t\t\t<div class=\"entry-wrapper\">\n\t\t\t\t\t\t\t\t\t\t\t\t\t\n\t\t\t\t\t\t\t\t\t\t\t\t\t\t\t\n\t\t\t\t\t\t\t\t<div class=\"entry-cover\">\n\t\t\t\t\t\t\t\t\t<a href=\"https:\/\/welcomehome-london.com\/fr\/school-fr\/british-independent-schools\/\">\n\t\t\t\t\t\t\t\t\t\t<img loading=\"lazy\" decoding=\"async\" width=\"555\" height=\"415\" src=\"https:\/\/welcomehome-london.com\/wp-content\/uploads\/2016\/03\/OU-VIVRE-A-LONDRES-RUBRIQUE-CHOISIR-SON-ECOLE-SYSTEME-PRIVE-ANGLAIS-1-555x415.jpg\" class=\"attachment-portfolio-medium-crop size-portfolio-medium-crop wp-post-image\" alt=\"\" srcset=\"https:\/\/welcomehome-london.com\/wp-content\/uploads\/2016\/03\/OU-VIVRE-A-LONDRES-RUBRIQUE-CHOISIR-SON-ECOLE-SYSTEME-PRIVE-ANGLAIS-1-555x415.jpg 555w, https:\/\/welcomehome-london.com\/wp-content\/uploads\/2016\/03\/OU-VIVRE-A-LONDRES-RUBRIQUE-CHOISIR-SON-ECOLE-SYSTEME-PRIVE-ANGLAIS-1-300x225.jpg 300w, https:\/\/welcomehome-london.com\/wp-content\/uploads\/2016\/03\/OU-VIVRE-A-LONDRES-RUBRIQUE-CHOISIR-SON-ECOLE-SYSTEME-PRIVE-ANGLAIS-1-768x576.jpg 768w, https:\/\/welcomehome-london.com\/wp-content\/uploads\/2016\/03\/OU-VIVRE-A-LONDRES-RUBRIQUE-CHOISIR-SON-ECOLE-SYSTEME-PRIVE-ANGLAIS-1-1024x768.jpg 1024w, https:\/\/welcomehome-london.com\/wp-content\/uploads\/2016\/03\/OU-VIVRE-A-LONDRES-RUBRIQUE-CHOISIR-SON-ECOLE-SYSTEME-PRIVE-ANGLAIS-1-1110x830.jpg 1110w, https:\/\/welcomehome-london.com\/wp-content\/uploads\/2016\/03\/OU-VIVRE-A-LONDRES-RUBRIQUE-CHOISIR-SON-ECOLE-SYSTEME-PRIVE-ANGLAIS-1.jpg 1600w\" sizes=\"auto, (max-width: 555px) 100vw, 555px\" \/>\t\t\t\t\t\t\t\t\t<\/a>\n\t\t\t\t\t\t\t\t<\/div>\n\n\t\t\t\t\t\t\t\n\t\t\t\t\t\t\n\t\t\t\t\t\t<div class=\"entry-header\">\n\t\t\t\t\t\t\t<h2 class=\"entry-title\">\n\t\t\t\t\t\t\t\t<a href=\"https:\/\/welcomehome-london.com\/fr\/school-fr\/british-independent-schools\/\">ECOLES PRIVEES ANGLAISES A LONDRES<\/a>\n\t\t\t\t\t\t\t<\/h2>\n\n\t\t\t\t\t\t\t<div class=\"post-meta\">\n\t\t\t\t\t\t\t\t<time class=\"entry-time\" itemprop=\"datePublished\" datetime=\"2016-03-09 11:05:05\">\n\t\t\t\t\t\t\t\t\t9 mars 2016\t\t\t\t\t\t\t\t<\/time>\n\t\t\t\t\t\t\t<\/div>\n\t\t\t\t\t\t<\/div>\n\n\t\t\t\t\t\t\t\t\t\t\t\t\t\n\t\t\t\t\t\t\t<div class=\"entry-content\">\n\n\t\t\t\t\t\t\t\tLes \u00e9coles priv\u00e9es anglaises \u00e0 Londres sont parfois tr\u00e8s prestigieuses et toujours tr\u00e8s co\u00fbteuses. La plupart des Britanniques ais...\n\t\t\t\t\t\t\t\t\t\t\t\t\t\t\t\t\t<div class=\"read-more\">\n\t\t\t\t\t\t\t\t\t\t<a href=\"https:\/\/welcomehome-london.com\/fr\/school-fr\/british-independent-schools\/\">\n\t\t\t\t\t\t\t\t\t\t\tEn savoir plus\t\t\t\t\t\t\t\t\t\t<\/a>\n\t\t\t\t\t\t\t\t\t<\/div>\n\t\t\t\t\t\t\t\t\n\t\t\t\t\t\t\t<\/div>\n\n\t\t\t\t\t\t\t\t\t\t\t<\/div>\n\t\t\t\t<\/article>\n\n\t\t\t\t\t\t\t\t\n\t\t\t\t<article class=\"post-1826 post type-post status-publish format-standard has-post-thumbnail hentry category-other-independant-schools-fr category-school-fr tag-independent-schools-fr\">\n\t\t\t\t\t<div class=\"entry-wrapper\">\n\t\t\t\t\t\t\t\t\t\t\t\t\t\n\t\t\t\t\t\t\t\t\t\t\t\t\t\t\t\n\t\t\t\t\t\t\t\t<div class=\"entry-cover\">\n\t\t\t\t\t\t\t\t\t<a href=\"https:\/\/welcomehome-london.com\/fr\/school-fr\/other-independent-schools\/\">\n\t\t\t\t\t\t\t\t\t\t<img loading=\"lazy\" decoding=\"async\" width=\"555\" height=\"415\" src=\"https:\/\/welcomehome-london.com\/wp-content\/uploads\/2016\/03\/OU-VIVRE-A-LONDRES-RUBRIQUE-CHOISIR-SON-ECOLE-HILL-HOUSE-INTERNATIONAL-SCHOOL-2-555x415.jpg\" class=\"attachment-portfolio-medium-crop size-portfolio-medium-crop wp-post-image\" alt=\"\" \/>\t\t\t\t\t\t\t\t\t<\/a>\n\t\t\t\t\t\t\t\t<\/div>\n\n\t\t\t\t\t\t\t\n\t\t\t\t\t\t\n\t\t\t\t\t\t<div class=\"entry-header\">\n\t\t\t\t\t\t\t<h2 class=\"entry-title\">\n\t\t\t\t\t\t\t\t<a href=\"https:\/\/welcomehome-london.com\/fr\/school-fr\/other-independent-schools\/\">ECOLES INTERNATIONALES ANGLOPHONES A LONDRES<\/a>\n\t\t\t\t\t\t\t<\/h2>\n\n\t\t\t\t\t\t\t<div class=\"post-meta\">\n\t\t\t\t\t\t\t\t<time class=\"entry-time\" itemprop=\"datePublished\" datetime=\"2016-03-09 11:04:09\">\n\t\t\t\t\t\t\t\t\t9 mars 2016\t\t\t\t\t\t\t\t<\/time>\n\t\t\t\t\t\t\t<\/div>\n\t\t\t\t\t\t<\/div>\n\n\t\t\t\t\t\t\t\t\t\t\t\t\t\n\t\t\t\t\t\t\t<div class=\"entry-content\">\n\n\t\t\t\t\t\t\t\tD\u00e9couvrez ci-dessous une s\u00e9lection d'autres \u00e9coles internationales anglophones \u00e0 Londres\nHILL HOUSE INTERNATIONAL JUNIOR SCHOOL\nAv...\n\t\t\t\t\t\t\t\t\t\t\t\t\t\t\t\t\t<div class=\"read-more\">\n\t\t\t\t\t\t\t\t\t\t<a href=\"https:\/\/welcomehome-london.com\/fr\/school-fr\/other-independent-schools\/\">\n\t\t\t\t\t\t\t\t\t\t\tEn savoir plus\t\t\t\t\t\t\t\t\t\t<\/a>\n\t\t\t\t\t\t\t\t\t<\/div>\n\t\t\t\t\t\t\t\t\n\t\t\t\t\t\t\t<\/div>\n\n\t\t\t\t\t\t\t\t\t\t\t<\/div>\n\t\t\t\t<\/article>\n\n\t\t\t\t\t\t\t\t\t\t\t<\/div>\n\t\t<\/div>\n\t<\/div>\n\n[\/vc_column][\/vc_row]<\/p>\n<\/div>","protected":false},"excerpt":{"rendered":"<p>[vc_row full_width=\u00a0\u00bbstretch_row\u00a0\u00bb css=\u00a0\u00bb.vc_custom_1451206441087{margin-top: -50px !important;padding-top: 50px !important;padding-bottom: 20px !important;background-color: #f2f2f2 !important;}\u00a0\u00bb][vc_column][vc_column_text] Guide des \u00e9coles \u00e0 Londres L\u2019offre \u00e9ducative \u00e0 Londres est abondante, internationale &#8230; et parfois tr\u00e8s co\u00fbteuse. Vous pouvez choisir pour vos enfants une \u00e9cole anglaise publique non s\u00e9lective (State School) ou s\u00e9lective (Grammar School),\u00a0 priv\u00e9e (Independant School), une \u00e9cole priv\u00e9e bilingue (fran\u00e7aise, allemande, [&hellip;]<\/p>\n","protected":false},"author":4,"featured_media":0,"parent":0,"menu_order":0,"comment_status":"closed","ping_status":"closed","template":"","meta":{"_acf_changed":false,"footnotes":""},"class_list":["post-1801","page","type-page","status-publish","hentry"],"acf":[],"yoast_head":"<!-- This site is optimized with the Yoast SEO plugin v26.6 - https:\/\/yoast.com\/wordpress\/plugins\/seo\/ -->\n<title>Guide des \u00e9coles \u00e0 Londres - Choisir son \u00e9cole - Welcome Home London<\/title>\n<meta name=\"description\" content=\"Ecole publique ou priv\u00e9e? Syst\u00e8me IB ou programme fran\u00e7ais? D\u00e9couvrez notre guide des \u00e9coles \u00e0 Londres pour choisir l&#039;\u00e9cole de vos enfants \u00e0 Londres.\" \/>\n<meta name=\"robots\" content=\"index, follow, max-snippet:-1, max-image-preview:large, max-video-preview:-1\" \/>\n<link rel=\"canonical\" href=\"https:\/\/welcomehome-london.com\/fr\/select-your-school\/\" \/>\n<meta property=\"og:locale\" content=\"fr_FR\" \/>\n<meta property=\"og:type\" content=\"article\" \/>\n<meta property=\"og:title\" content=\"Guide des \u00e9coles \u00e0 Londres - Choisir son \u00e9cole - Welcome Home London\" \/>\n<meta property=\"og:description\" content=\"Ecole publique ou priv\u00e9e? Syst\u00e8me IB ou programme fran\u00e7ais? D\u00e9couvrez notre guide des \u00e9coles \u00e0 Londres pour choisir l&#039;\u00e9cole de vos enfants \u00e0 Londres.\" \/>\n<meta property=\"og:url\" content=\"https:\/\/welcomehome-london.com\/fr\/select-your-school\/\" \/>\n<meta property=\"og:site_name\" content=\"Welcome Home London\" \/>\n<meta property=\"article:modified_time\" content=\"2020-05-25T08:23:09+00:00\" \/>\n<meta name=\"twitter:card\" content=\"summary_large_image\" \/>\n<meta name=\"twitter:label1\" content=\"Dur\u00e9e de lecture estim\u00e9e\" \/>\n\t<meta name=\"twitter:data1\" content=\"1 minute\" \/>\n<script type=\"application\/ld+json\" class=\"yoast-schema-graph\">{\"@context\":\"https:\/\/schema.org\",\"@graph\":[{\"@type\":\"WebPage\",\"@id\":\"https:\/\/welcomehome-london.com\/fr\/select-your-school\/\",\"url\":\"https:\/\/welcomehome-london.com\/fr\/select-your-school\/\",\"name\":\"Guide des \u00e9coles \u00e0 Londres - Choisir son \u00e9cole - Welcome Home London\",\"isPartOf\":{\"@id\":\"https:\/\/welcomehome-london.com\/#website\"},\"datePublished\":\"2016-03-14T18:11:42+00:00\",\"dateModified\":\"2020-05-25T08:23:09+00:00\",\"description\":\"Ecole publique ou priv\u00e9e? Syst\u00e8me IB ou programme fran\u00e7ais? D\u00e9couvrez notre guide des \u00e9coles \u00e0 Londres pour choisir l'\u00e9cole de vos enfants \u00e0 Londres.\",\"breadcrumb\":{\"@id\":\"https:\/\/welcomehome-london.com\/fr\/select-your-school\/#breadcrumb\"},\"inLanguage\":\"fr-FR\",\"potentialAction\":[{\"@type\":\"ReadAction\",\"target\":[\"https:\/\/welcomehome-london.com\/fr\/select-your-school\/\"]}]},{\"@type\":\"BreadcrumbList\",\"@id\":\"https:\/\/welcomehome-london.com\/fr\/select-your-school\/#breadcrumb\",\"itemListElement\":[{\"@type\":\"ListItem\",\"position\":1,\"name\":\"Home\",\"item\":\"https:\/\/welcomehome-london.com\/fr\/\"},{\"@type\":\"ListItem\",\"position\":2,\"name\":\"GUIDE DES ECOLES A LONDRES\"}]},{\"@type\":\"WebSite\",\"@id\":\"https:\/\/welcomehome-london.com\/#website\",\"url\":\"https:\/\/welcomehome-london.com\/\",\"name\":\"Welcome Home London\",\"description\":\"Estate Agent\",\"publisher\":{\"@id\":\"https:\/\/welcomehome-london.com\/#organization\"},\"potentialAction\":[{\"@type\":\"SearchAction\",\"target\":{\"@type\":\"EntryPoint\",\"urlTemplate\":\"https:\/\/welcomehome-london.com\/?s={search_term_string}\"},\"query-input\":{\"@type\":\"PropertyValueSpecification\",\"valueRequired\":true,\"valueName\":\"search_term_string\"}}],\"inLanguage\":\"fr-FR\"},{\"@type\":\"Organization\",\"@id\":\"https:\/\/welcomehome-london.com\/#organization\",\"name\":\"Welcome Home London\",\"url\":\"https:\/\/welcomehome-london.com\/\",\"logo\":{\"@type\":\"ImageObject\",\"inLanguage\":\"fr-FR\",\"@id\":\"https:\/\/welcomehome-london.com\/#\/schema\/logo\/image\/\",\"url\":\"https:\/\/welcomehome-london.com\/wp-content\/uploads\/2020\/05\/logo3.png\",\"contentUrl\":\"https:\/\/welcomehome-london.com\/wp-content\/uploads\/2020\/05\/logo3.png\",\"width\":330,\"height\":94,\"caption\":\"Welcome Home London\"},\"image\":{\"@id\":\"https:\/\/welcomehome-london.com\/#\/schema\/logo\/image\/\"}}]}<\/script>\n<!-- \/ Yoast SEO plugin. -->","yoast_head_json":{"title":"Guide des \u00e9coles \u00e0 Londres - Choisir son \u00e9cole - Welcome Home London","description":"Ecole publique ou priv\u00e9e? Syst\u00e8me IB ou programme fran\u00e7ais? D\u00e9couvrez notre guide des \u00e9coles \u00e0 Londres pour choisir l'\u00e9cole de vos enfants \u00e0 Londres.","robots":{"index":"index","follow":"follow","max-snippet":"max-snippet:-1","max-image-preview":"max-image-preview:large","max-video-preview":"max-video-preview:-1"},"canonical":"https:\/\/welcomehome-london.com\/fr\/select-your-school\/","og_locale":"fr_FR","og_type":"article","og_title":"Guide des \u00e9coles \u00e0 Londres - Choisir son \u00e9cole - Welcome Home London","og_description":"Ecole publique ou priv\u00e9e? Syst\u00e8me IB ou programme fran\u00e7ais? D\u00e9couvrez notre guide des \u00e9coles \u00e0 Londres pour choisir l'\u00e9cole de vos enfants \u00e0 Londres.","og_url":"https:\/\/welcomehome-london.com\/fr\/select-your-school\/","og_site_name":"Welcome Home London","article_modified_time":"2020-05-25T08:23:09+00:00","twitter_card":"summary_large_image","twitter_misc":{"Dur\u00e9e de lecture estim\u00e9e":"1 minute"},"schema":{"@context":"https:\/\/schema.org","@graph":[{"@type":"WebPage","@id":"https:\/\/welcomehome-london.com\/fr\/select-your-school\/","url":"https:\/\/welcomehome-london.com\/fr\/select-your-school\/","name":"Guide des \u00e9coles \u00e0 Londres - Choisir son \u00e9cole - Welcome Home London","isPartOf":{"@id":"https:\/\/welcomehome-london.com\/#website"},"datePublished":"2016-03-14T18:11:42+00:00","dateModified":"2020-05-25T08:23:09+00:00","description":"Ecole publique ou priv\u00e9e? Syst\u00e8me IB ou programme fran\u00e7ais? D\u00e9couvrez notre guide des \u00e9coles \u00e0 Londres pour choisir l'\u00e9cole de vos enfants \u00e0 Londres.","breadcrumb":{"@id":"https:\/\/welcomehome-london.com\/fr\/select-your-school\/#breadcrumb"},"inLanguage":"fr-FR","potentialAction":[{"@type":"ReadAction","target":["https:\/\/welcomehome-london.com\/fr\/select-your-school\/"]}]},{"@type":"BreadcrumbList","@id":"https:\/\/welcomehome-london.com\/fr\/select-your-school\/#breadcrumb","itemListElement":[{"@type":"ListItem","position":1,"name":"Home","item":"https:\/\/welcomehome-london.com\/fr\/"},{"@type":"ListItem","position":2,"name":"GUIDE DES ECOLES A LONDRES"}]},{"@type":"WebSite","@id":"https:\/\/welcomehome-london.com\/#website","url":"https:\/\/welcomehome-london.com\/","name":"Welcome Home London","description":"Estate Agent","publisher":{"@id":"https:\/\/welcomehome-london.com\/#organization"},"potentialAction":[{"@type":"SearchAction","target":{"@type":"EntryPoint","urlTemplate":"https:\/\/welcomehome-london.com\/?s={search_term_string}"},"query-input":{"@type":"PropertyValueSpecification","valueRequired":true,"valueName":"search_term_string"}}],"inLanguage":"fr-FR"},{"@type":"Organization","@id":"https:\/\/welcomehome-london.com\/#organization","name":"Welcome Home London","url":"https:\/\/welcomehome-london.com\/","logo":{"@type":"ImageObject","inLanguage":"fr-FR","@id":"https:\/\/welcomehome-london.com\/#\/schema\/logo\/image\/","url":"https:\/\/welcomehome-london.com\/wp-content\/uploads\/2020\/05\/logo3.png","contentUrl":"https:\/\/welcomehome-london.com\/wp-content\/uploads\/2020\/05\/logo3.png","width":330,"height":94,"caption":"Welcome Home London"},"image":{"@id":"https:\/\/welcomehome-london.com\/#\/schema\/logo\/image\/"}}]}},"_links":{"self":[{"href":"https:\/\/welcomehome-london.com\/fr\/wp-json\/wp\/v2\/pages\/1801","targetHints":{"allow":["GET"]}}],"collection":[{"href":"https:\/\/welcomehome-london.com\/fr\/wp-json\/wp\/v2\/pages"}],"about":[{"href":"https:\/\/welcomehome-london.com\/fr\/wp-json\/wp\/v2\/types\/page"}],"author":[{"embeddable":true,"href":"https:\/\/welcomehome-london.com\/fr\/wp-json\/wp\/v2\/users\/4"}],"replies":[{"embeddable":true,"href":"https:\/\/welcomehome-london.com\/fr\/wp-json\/wp\/v2\/comments?post=1801"}],"version-history":[{"count":8,"href":"https:\/\/welcomehome-london.com\/fr\/wp-json\/wp\/v2\/pages\/1801\/revisions"}],"predecessor-version":[{"id":6046,"href":"https:\/\/welcomehome-london.com\/fr\/wp-json\/wp\/v2\/pages\/1801\/revisions\/6046"}],"wp:attachment":[{"href":"https:\/\/welcomehome-london.com\/fr\/wp-json\/wp\/v2\/media?parent=1801"}],"curies":[{"name":"wp","href":"https:\/\/api.w.org\/{rel}","templated":true}]}}