{"id":1773,"date":"2016-03-14T18:50:12","date_gmt":"2016-03-14T17:50:12","guid":{"rendered":"http:\/\/welcomehome-london.com\/where-to-live-in-london\/?lang=fr"},"modified":"2020-06-04T20:39:06","modified_gmt":"2020-06-04T19:39:06","slug":"where-to-live-in-london","status":"publish","type":"page","link":"https:\/\/welcomehome-london.com\/fr\/where-to-live-in-london\/","title":{"rendered":"OU VIVRE A LONDRES?"},"content":{"rendered":"<div class=\"wpb-content-wrapper\"><p>[vc_row full_width=\u00a0\u00bbstretch_row\u00a0\u00bb css=\u00a0\u00bb.vc_custom_1451227901321{margin-top: -50px !important;padding-top: 50px !important;padding-bottom: 50px !important;background-color: #f2f2f2 !important;}\u00a0\u00bb][vc_column width=\u00a0\u00bb1\/3&Prime;]\n<!-- BEGIN .imagebox -->\n<div class=\"imagebox  \">\n\t<div class=\"box-wrapper\">\n\t\t\t\t\t\n\t\t\t<div class=\"box-image\">\n\t\t\t\t<div class=\"box-header\">\n\t\t\t\t\t<h3 class=\"box-title\">\n\t\t\t\t\t\t<a href=\"http:\/\/welcomehome-london.com\/fr\/select-your-own-style\" target=\"_self\">\n\t\t\t\t\t\t\tCHOISIR SON STYLE\t\t\t\t\t\t<\/a>\t\n\t\t\t\t\t<\/h3>\n\n\t\t\t\t\t\t\t\t\t<\/div>\n\n\t\t\t\t<img loading=\"lazy\" decoding=\"async\" width=\"1280\" height=\"853\" src=\"https:\/\/welcomehome-london.com\/wp-content\/uploads\/2016\/03\/OU-VIVRE-A-LONDRES-RUBRIQUE-CHOISIR-SON-QUARTIER-ARTICLE-NOTTING-HILL-FACADES-COLOREES.jpg\" class=\"attachment-full\" alt=\"o\u00f9 vivre \u00e0 londres les diff\u00e9rents styles\" title=\"OU VIVRE A LONDRES RUBRIQUE CHOISIR SON QUARTIER ARTICLE NOTTING HILL FACADES COLOREES\" srcset=\"https:\/\/welcomehome-london.com\/wp-content\/uploads\/2016\/03\/OU-VIVRE-A-LONDRES-RUBRIQUE-CHOISIR-SON-QUARTIER-ARTICLE-NOTTING-HILL-FACADES-COLOREES.jpg 1280w, https:\/\/welcomehome-london.com\/wp-content\/uploads\/2016\/03\/OU-VIVRE-A-LONDRES-RUBRIQUE-CHOISIR-SON-QUARTIER-ARTICLE-NOTTING-HILL-FACADES-COLOREES-300x200.jpg 300w, https:\/\/welcomehome-london.com\/wp-content\/uploads\/2016\/03\/OU-VIVRE-A-LONDRES-RUBRIQUE-CHOISIR-SON-QUARTIER-ARTICLE-NOTTING-HILL-FACADES-COLOREES-768x512.jpg 768w, https:\/\/welcomehome-london.com\/wp-content\/uploads\/2016\/03\/OU-VIVRE-A-LONDRES-RUBRIQUE-CHOISIR-SON-QUARTIER-ARTICLE-NOTTING-HILL-FACADES-COLOREES-1024x682.jpg 1024w, https:\/\/welcomehome-london.com\/wp-content\/uploads\/2016\/03\/OU-VIVRE-A-LONDRES-RUBRIQUE-CHOISIR-SON-QUARTIER-ARTICLE-NOTTING-HILL-FACADES-COLOREES-555x370.jpg 555w, https:\/\/welcomehome-london.com\/wp-content\/uploads\/2016\/03\/OU-VIVRE-A-LONDRES-RUBRIQUE-CHOISIR-SON-QUARTIER-ARTICLE-NOTTING-HILL-FACADES-COLOREES-1110x740.jpg 1110w\" sizes=\"auto, (max-width: 1280px) 100vw, 1280px\" \/>\t\t\t<\/div>\n\n\t\t\n\t\t<div class=\"box-content\">\n\t\t\t\t\t\t\t<div class=\"box-desc\">\n\t\t\t\t\tDes immeubles modernes aux terraced houses victoriennes, des mansions houses aux cottages et aux mews, les styles d\u2019habitat londoniens sont vari\u00e9s et pleins de surprise. D\u00e9couvrez la richesse architecturale de la ville et choisissez votre style id\u00e9al.\t\t\t\t<\/div>\n\t\t\t\t\t\t\n\t\t\t\t\t\t\t\n\t\t\t\t<div class=\"box-button\">\n\t\t\t\t\t<a href=\"http:\/\/welcomehome-london.com\/fr\/select-your-own-style\" target=\"_self\">\n\t\t\t\t\t\tEn savoir plus\t\t\t\t\t<\/a>\n\t\t\t\t<\/div>\n\n\t\t\t\t\t<\/div>\n\t<\/div>\n<\/div>\n<!-- End .imagebox -->\n[vc_empty_space height=\u00a0\u00bb30px\u00a0\u00bb][\/vc_column][vc_column width=\u00a0\u00bb1\/3&Prime;]\n<!-- BEGIN .imagebox -->\n<div class=\"imagebox  \">\n\t<div class=\"box-wrapper\">\n\t\t\t\t\t\n\t\t\t<div class=\"box-image\">\n\t\t\t\t<div class=\"box-header\">\n\t\t\t\t\t<h3 class=\"box-title\">\n\t\t\t\t\t\t<a href=\"http:\/\/welcomehome-london.com\/fr\/select-your-borough\" target=\"_self\">\n\t\t\t\t\t\t\tCHOISIR SON QUARTIER\t\t\t\t\t\t<\/a>\t\n\t\t\t\t\t<\/h3>\n\n\t\t\t\t\t\t\t\t\t<\/div>\n\n\t\t\t\t<img loading=\"lazy\" decoding=\"async\" width=\"640\" height=\"436\" src=\"https:\/\/welcomehome-london.com\/wp-content\/uploads\/2016\/03\/OU-VIVRE-A-LONDRES-RUBRIQUE-CHOISIR-SON-QUARTIER-ARTICLE-WILLESDEN-GREEN-DOLLIS-HILL-GLADSTONE-PARK.jpg\" class=\"attachment-full\" alt=\"o\u00f9 vivre \u00e0 londres choisir son quartier\" title=\"OU VIVRE A LONDRES RUBRIQUE CHOISIR SON QUARTIER ARTICLE WILLESDEN GREEN DOLLIS HILL GLADSTONE PARK\" srcset=\"https:\/\/welcomehome-london.com\/wp-content\/uploads\/2016\/03\/OU-VIVRE-A-LONDRES-RUBRIQUE-CHOISIR-SON-QUARTIER-ARTICLE-WILLESDEN-GREEN-DOLLIS-HILL-GLADSTONE-PARK.jpg 640w, https:\/\/welcomehome-london.com\/wp-content\/uploads\/2016\/03\/OU-VIVRE-A-LONDRES-RUBRIQUE-CHOISIR-SON-QUARTIER-ARTICLE-WILLESDEN-GREEN-DOLLIS-HILL-GLADSTONE-PARK-300x204.jpg 300w, https:\/\/welcomehome-london.com\/wp-content\/uploads\/2016\/03\/OU-VIVRE-A-LONDRES-RUBRIQUE-CHOISIR-SON-QUARTIER-ARTICLE-WILLESDEN-GREEN-DOLLIS-HILL-GLADSTONE-PARK-555x378.jpg 555w\" sizes=\"auto, (max-width: 640px) 100vw, 640px\" \/>\t\t\t<\/div>\n\n\t\t\n\t\t<div class=\"box-content\">\n\t\t\t\t\t\t\t<div class=\"box-desc\">\n\t\t\t\t\tLondres est un ensemble de villages. Que vous optiez pour l&rsquo;agitation de Soho, l\u2019esprit familial de Fulham ou Clapham, le charme de Notting Hill ou l\u2019ambiance r\u00e9sidentielle des quartiers Nord, \u00e0 vous de choisir o\u00f9 vivre \u00e0 Londres et de d\u00e9finir votre style de vie londonien. \t\t\t\t<\/div>\n\t\t\t\t\t\t\n\t\t\t\t\t\t\t\n\t\t\t\t<div class=\"box-button\">\n\t\t\t\t\t<a href=\"http:\/\/welcomehome-london.com\/fr\/select-your-borough\" target=\"_self\">\n\t\t\t\t\t\tEn savoir plus\t\t\t\t\t<\/a>\n\t\t\t\t<\/div>\n\n\t\t\t\t\t<\/div>\n\t<\/div>\n<\/div>\n<!-- End .imagebox -->\n[vc_empty_space height=\u00a0\u00bb30px\u00a0\u00bb][\/vc_column][vc_column width=\u00a0\u00bb1\/3&Prime;]\n<!-- BEGIN .imagebox -->\n<div class=\"imagebox  \">\n\t<div class=\"box-wrapper\">\n\t\t\t\t\t\n\t\t\t<div class=\"box-image\">\n\t\t\t\t<div class=\"box-header\">\n\t\t\t\t\t<h3 class=\"box-title\">\n\t\t\t\t\t\t<a href=\"http:\/\/welcomehome-london.com\/fr\/photo-gallery\/\" target=\"_self\">\n\t\t\t\t\t\t\tGALERIE PHOTOS\t\t\t\t\t\t<\/a>\t\n\t\t\t\t\t<\/h3>\n\n\t\t\t\t\t\t\t\t\t<\/div>\n\n\t\t\t\t<img loading=\"lazy\" decoding=\"async\" width=\"1024\" height=\"667\" src=\"https:\/\/welcomehome-london.com\/wp-content\/uploads\/2020\/04\/3_beds_penthouse_west_hampstead_welcome_home_-london.jpg\" class=\"attachment-full\" alt=\"\" title=\"3_beds_penthouse_west_hampstead_welcome_home_ london\" srcset=\"https:\/\/welcomehome-london.com\/wp-content\/uploads\/2020\/04\/3_beds_penthouse_west_hampstead_welcome_home_-london.jpg 1024w, https:\/\/welcomehome-london.com\/wp-content\/uploads\/2020\/04\/3_beds_penthouse_west_hampstead_welcome_home_-london-300x195.jpg 300w, https:\/\/welcomehome-london.com\/wp-content\/uploads\/2020\/04\/3_beds_penthouse_west_hampstead_welcome_home_-london-768x500.jpg 768w, https:\/\/welcomehome-london.com\/wp-content\/uploads\/2020\/04\/3_beds_penthouse_west_hampstead_welcome_home_-london-555x362.jpg 555w\" sizes=\"auto, (max-width: 1024px) 100vw, 1024px\" \/>\t\t\t<\/div>\n\n\t\t\n\t\t<div class=\"box-content\">\n\t\t\t\t\t\t\t<div class=\"box-desc\">\n\t\t\t\t\tD\u00e9couvrez en images une s\u00e9lection de biens n\u00e9goci\u00e9s pour nos clients en location. Une fa\u00e7on de rep\u00e9rer votre style et de projeter votre futur r\u00e9sidence londonienne. \t\t\t\t<\/div>\n\t\t\t\t\t\t\n\t\t\t\t\t\t\t\n\t\t\t\t<div class=\"box-button\">\n\t\t\t\t\t<a href=\"http:\/\/welcomehome-london.com\/fr\/photo-gallery\/\" target=\"_self\">\n\t\t\t\t\t\tEn savoir plus\t\t\t\t\t<\/a>\n\t\t\t\t<\/div>\n\n\t\t\t\t\t<\/div>\n\t<\/div>\n<\/div>\n<!-- End .imagebox -->\n[vc_empty_space height=\u00a0\u00bb30px\u00a0\u00bb][\/vc_column][\/vc_row][vc_row full_width=\u00a0\u00bbstretch_row\u00a0\u00bb css=\u00a0\u00bb.vc_custom_1451227901321{margin-top: -50px !important;padding-top: 50px !important;padding-bottom: 50px !important;background-color: #f2f2f2 !important;}\u00a0\u00bb][vc_column width=\u00a0\u00bb1\/3&Prime;]\n<!-- BEGIN .imagebox -->\n<div class=\"imagebox  \">\n\t<div class=\"box-wrapper\">\n\t\t\t\t\t\n\t\t\t<div class=\"box-image\">\n\t\t\t\t<div class=\"box-header\">\n\t\t\t\t\t<h3 class=\"box-title\">\n\t\t\t\t\t\t<a href=\"http:\/\/welcomehome-london.com\/fr\/maisons-a-louer-a-londres\/\" target=\"_self\">\n\t\t\t\t\t\t\tNOS BIENS DISPONIBLES\t\t\t\t\t\t<\/a>\t\n\t\t\t\t\t<\/h3>\n\n\t\t\t\t\t\t\t\t\t<\/div>\n\n\t\t\t\t<img loading=\"lazy\" decoding=\"async\" width=\"1024\" height=\"683\" src=\"https:\/\/welcomehome-london.com\/wp-content\/uploads\/2020\/04\/5_hawley_mews_reception_2_welcome_home_london.jpg\" class=\"attachment-full\" alt=\"\" title=\"5_hawley_mews_reception_2_welcome_home_london\" srcset=\"https:\/\/welcomehome-london.com\/wp-content\/uploads\/2020\/04\/5_hawley_mews_reception_2_welcome_home_london.jpg 1024w, https:\/\/welcomehome-london.com\/wp-content\/uploads\/2020\/04\/5_hawley_mews_reception_2_welcome_home_london-300x200.jpg 300w, https:\/\/welcomehome-london.com\/wp-content\/uploads\/2020\/04\/5_hawley_mews_reception_2_welcome_home_london-768x512.jpg 768w, https:\/\/welcomehome-london.com\/wp-content\/uploads\/2020\/04\/5_hawley_mews_reception_2_welcome_home_london-555x370.jpg 555w\" sizes=\"auto, (max-width: 1024px) 100vw, 1024px\" \/>\t\t\t<\/div>\n\n\t\t\n\t\t<div class=\"box-content\">\n\t\t\t\t\t\t\t<div class=\"box-desc\">\n\t\t\t\t\tD\u00e9couvrez des biens \u00e0 louer en direct propri\u00e9taires, disponibles imm\u00e9diatement\t\t\t\t<\/div>\n\t\t\t\t\t\t\n\t\t\t\t\t\t\t\n\t\t\t\t<div class=\"box-button\">\n\t\t\t\t\t<a href=\"http:\/\/welcomehome-london.com\/fr\/maisons-a-louer-a-londres\/\" target=\"_self\">\n\t\t\t\t\t\tEn savoir plus\t\t\t\t\t<\/a>\n\t\t\t\t<\/div>\n\n\t\t\t\t\t<\/div>\n\t<\/div>\n<\/div>\n<!-- End .imagebox -->\n[vc_empty_space height=\u00a0\u00bb30px\u00a0\u00bb][\/vc_column][vc_column width=\u00a0\u00bb1\/3&Prime;][\/vc_column][vc_column width=\u00a0\u00bb1\/3&Prime;][\/vc_column][\/vc_row]<\/p>\n<\/div>","protected":false},"excerpt":{"rendered":"<p>[vc_row full_width=\u00a0\u00bbstretch_row\u00a0\u00bb css=\u00a0\u00bb.vc_custom_1451227901321{margin-top: -50px !important;padding-top: 50px !important;padding-bottom: 50px !important;background-color: #f2f2f2 !important;}\u00a0\u00bb][vc_column width=\u00a0\u00bb1\/3&Prime;][vc_empty_space height=\u00a0\u00bb30px\u00a0\u00bb][\/vc_column][vc_column width=\u00a0\u00bb1\/3&Prime;][vc_empty_space height=\u00a0\u00bb30px\u00a0\u00bb][\/vc_column][vc_column width=\u00a0\u00bb1\/3&Prime;][vc_empty_space height=\u00a0\u00bb30px\u00a0\u00bb][\/vc_column][\/vc_row][vc_row full_width=\u00a0\u00bbstretch_row\u00a0\u00bb css=\u00a0\u00bb.vc_custom_1451227901321{margin-top: -50px !important;padding-top: 50px !important;padding-bottom: 50px !important;background-color: #f2f2f2 !important;}\u00a0\u00bb][vc_column width=\u00a0\u00bb1\/3&Prime;][vc_empty_space height=\u00a0\u00bb30px\u00a0\u00bb][\/vc_column][vc_column width=\u00a0\u00bb1\/3&Prime;][\/vc_column][vc_column width=\u00a0\u00bb1\/3&Prime;][\/vc_column][\/vc_row]<\/p>\n","protected":false},"author":4,"featured_media":0,"parent":0,"menu_order":0,"comment_status":"closed","ping_status":"closed","template":"","meta":{"_acf_changed":false,"footnotes":""},"class_list":["post-1773","page","type-page","status-publish","hentry","no-post-thumbnail"],"acf":[],"yoast_head":"<!-- This site is optimized with the Yoast SEO plugin v27.6 - https:\/\/yoast.com\/product\/yoast-seo-wordpress\/ -->\n<title>O\u00f9 vivre \u00e0 Londres - Guide quartiers et style - Welcome Home London<\/title>\n<meta name=\"description\" content=\"Vous cherchez o\u00f9 vivre \u00e0 Londres? Les meilleurs quartiers, les types de maisons et la galerie des biens trouv\u00e9s pour nos clients, suivez le guide\" \/>\n<meta name=\"robots\" content=\"index, follow, max-snippet:-1, max-image-preview:large, max-video-preview:-1\" \/>\n<link rel=\"canonical\" href=\"https:\/\/welcomehome-london.com\/fr\/where-to-live-in-london\/\" \/>\n<meta property=\"og:locale\" content=\"fr_FR\" \/>\n<meta property=\"og:type\" content=\"article\" \/>\n<meta property=\"og:title\" content=\"O\u00f9 vivre \u00e0 Londres - Guide quartiers et style - Welcome Home London\" \/>\n<meta property=\"og:description\" content=\"Vous cherchez o\u00f9 vivre \u00e0 Londres? Les meilleurs quartiers, les types de maisons et la galerie des biens trouv\u00e9s pour nos clients, suivez le guide\" \/>\n<meta property=\"og:url\" content=\"https:\/\/welcomehome-london.com\/fr\/where-to-live-in-london\/\" \/>\n<meta property=\"og:site_name\" content=\"Welcome Home London\" \/>\n<meta property=\"article:modified_time\" content=\"2020-06-04T19:39:06+00:00\" \/>\n<meta name=\"twitter:card\" content=\"summary_large_image\" \/>\n<meta name=\"twitter:label1\" content=\"Dur\u00e9e de lecture estim\u00e9e\" \/>\n\t<meta name=\"twitter:data1\" content=\"2 minutes\" \/>\n<script type=\"application\/ld+json\" class=\"yoast-schema-graph\">{\"@context\":\"https:\\\/\\\/schema.org\",\"@graph\":[{\"@type\":\"WebPage\",\"@id\":\"https:\\\/\\\/welcomehome-london.com\\\/fr\\\/where-to-live-in-london\\\/\",\"url\":\"https:\\\/\\\/welcomehome-london.com\\\/fr\\\/where-to-live-in-london\\\/\",\"name\":\"O\u00f9 vivre \u00e0 Londres - Guide quartiers et style - Welcome Home London\",\"isPartOf\":{\"@id\":\"https:\\\/\\\/welcomehome-london.com\\\/#website\"},\"datePublished\":\"2016-03-14T17:50:12+00:00\",\"dateModified\":\"2020-06-04T19:39:06+00:00\",\"description\":\"Vous cherchez o\u00f9 vivre \u00e0 Londres? Les meilleurs quartiers, les types de maisons et la galerie des biens trouv\u00e9s pour nos clients, suivez le guide\",\"breadcrumb\":{\"@id\":\"https:\\\/\\\/welcomehome-london.com\\\/fr\\\/where-to-live-in-london\\\/#breadcrumb\"},\"inLanguage\":\"fr-FR\",\"potentialAction\":[{\"@type\":\"ReadAction\",\"target\":[\"https:\\\/\\\/welcomehome-london.com\\\/fr\\\/where-to-live-in-london\\\/\"]}]},{\"@type\":\"BreadcrumbList\",\"@id\":\"https:\\\/\\\/welcomehome-london.com\\\/fr\\\/where-to-live-in-london\\\/#breadcrumb\",\"itemListElement\":[{\"@type\":\"ListItem\",\"position\":1,\"name\":\"Home\",\"item\":\"https:\\\/\\\/welcomehome-london.com\\\/fr\\\/\"},{\"@type\":\"ListItem\",\"position\":2,\"name\":\"OU VIVRE A LONDRES?\"}]},{\"@type\":\"WebSite\",\"@id\":\"https:\\\/\\\/welcomehome-london.com\\\/#website\",\"url\":\"https:\\\/\\\/welcomehome-london.com\\\/\",\"name\":\"Welcome Home London\",\"description\":\"Estate Agent\",\"publisher\":{\"@id\":\"https:\\\/\\\/welcomehome-london.com\\\/#organization\"},\"potentialAction\":[{\"@type\":\"SearchAction\",\"target\":{\"@type\":\"EntryPoint\",\"urlTemplate\":\"https:\\\/\\\/welcomehome-london.com\\\/?s={search_term_string}\"},\"query-input\":{\"@type\":\"PropertyValueSpecification\",\"valueRequired\":true,\"valueName\":\"search_term_string\"}}],\"inLanguage\":\"fr-FR\"},{\"@type\":\"Organization\",\"@id\":\"https:\\\/\\\/welcomehome-london.com\\\/#organization\",\"name\":\"Welcome Home London\",\"url\":\"https:\\\/\\\/welcomehome-london.com\\\/\",\"logo\":{\"@type\":\"ImageObject\",\"inLanguage\":\"fr-FR\",\"@id\":\"https:\\\/\\\/welcomehome-london.com\\\/#\\\/schema\\\/logo\\\/image\\\/\",\"url\":\"https:\\\/\\\/welcomehome-london.com\\\/wp-content\\\/uploads\\\/2020\\\/05\\\/logo3.png\",\"contentUrl\":\"https:\\\/\\\/welcomehome-london.com\\\/wp-content\\\/uploads\\\/2020\\\/05\\\/logo3.png\",\"width\":330,\"height\":94,\"caption\":\"Welcome Home London\"},\"image\":{\"@id\":\"https:\\\/\\\/welcomehome-london.com\\\/#\\\/schema\\\/logo\\\/image\\\/\"}}]}<\/script>\n<!-- \/ Yoast SEO plugin. -->","yoast_head_json":{"title":"O\u00f9 vivre \u00e0 Londres - Guide quartiers et style - Welcome Home London","description":"Vous cherchez o\u00f9 vivre \u00e0 Londres? Les meilleurs quartiers, les types de maisons et la galerie des biens trouv\u00e9s pour nos clients, suivez le guide","robots":{"index":"index","follow":"follow","max-snippet":"max-snippet:-1","max-image-preview":"max-image-preview:large","max-video-preview":"max-video-preview:-1"},"canonical":"https:\/\/welcomehome-london.com\/fr\/where-to-live-in-london\/","og_locale":"fr_FR","og_type":"article","og_title":"O\u00f9 vivre \u00e0 Londres - Guide quartiers et style - Welcome Home London","og_description":"Vous cherchez o\u00f9 vivre \u00e0 Londres? Les meilleurs quartiers, les types de maisons et la galerie des biens trouv\u00e9s pour nos clients, suivez le guide","og_url":"https:\/\/welcomehome-london.com\/fr\/where-to-live-in-london\/","og_site_name":"Welcome Home London","article_modified_time":"2020-06-04T19:39:06+00:00","twitter_card":"summary_large_image","twitter_misc":{"Dur\u00e9e de lecture estim\u00e9e":"2 minutes"},"schema":{"@context":"https:\/\/schema.org","@graph":[{"@type":"WebPage","@id":"https:\/\/welcomehome-london.com\/fr\/where-to-live-in-london\/","url":"https:\/\/welcomehome-london.com\/fr\/where-to-live-in-london\/","name":"O\u00f9 vivre \u00e0 Londres - Guide quartiers et style - Welcome Home London","isPartOf":{"@id":"https:\/\/welcomehome-london.com\/#website"},"datePublished":"2016-03-14T17:50:12+00:00","dateModified":"2020-06-04T19:39:06+00:00","description":"Vous cherchez o\u00f9 vivre \u00e0 Londres? Les meilleurs quartiers, les types de maisons et la galerie des biens trouv\u00e9s pour nos clients, suivez le guide","breadcrumb":{"@id":"https:\/\/welcomehome-london.com\/fr\/where-to-live-in-london\/#breadcrumb"},"inLanguage":"fr-FR","potentialAction":[{"@type":"ReadAction","target":["https:\/\/welcomehome-london.com\/fr\/where-to-live-in-london\/"]}]},{"@type":"BreadcrumbList","@id":"https:\/\/welcomehome-london.com\/fr\/where-to-live-in-london\/#breadcrumb","itemListElement":[{"@type":"ListItem","position":1,"name":"Home","item":"https:\/\/welcomehome-london.com\/fr\/"},{"@type":"ListItem","position":2,"name":"OU VIVRE A LONDRES?"}]},{"@type":"WebSite","@id":"https:\/\/welcomehome-london.com\/#website","url":"https:\/\/welcomehome-london.com\/","name":"Welcome Home London","description":"Estate Agent","publisher":{"@id":"https:\/\/welcomehome-london.com\/#organization"},"potentialAction":[{"@type":"SearchAction","target":{"@type":"EntryPoint","urlTemplate":"https:\/\/welcomehome-london.com\/?s={search_term_string}"},"query-input":{"@type":"PropertyValueSpecification","valueRequired":true,"valueName":"search_term_string"}}],"inLanguage":"fr-FR"},{"@type":"Organization","@id":"https:\/\/welcomehome-london.com\/#organization","name":"Welcome Home London","url":"https:\/\/welcomehome-london.com\/","logo":{"@type":"ImageObject","inLanguage":"fr-FR","@id":"https:\/\/welcomehome-london.com\/#\/schema\/logo\/image\/","url":"https:\/\/welcomehome-london.com\/wp-content\/uploads\/2020\/05\/logo3.png","contentUrl":"https:\/\/welcomehome-london.com\/wp-content\/uploads\/2020\/05\/logo3.png","width":330,"height":94,"caption":"Welcome Home London"},"image":{"@id":"https:\/\/welcomehome-london.com\/#\/schema\/logo\/image\/"}}]}},"_links":{"self":[{"href":"https:\/\/welcomehome-london.com\/fr\/wp-json\/wp\/v2\/pages\/1773","targetHints":{"allow":["GET"]}}],"collection":[{"href":"https:\/\/welcomehome-london.com\/fr\/wp-json\/wp\/v2\/pages"}],"about":[{"href":"https:\/\/welcomehome-london.com\/fr\/wp-json\/wp\/v2\/types\/page"}],"author":[{"embeddable":true,"href":"https:\/\/welcomehome-london.com\/fr\/wp-json\/wp\/v2\/users\/4"}],"replies":[{"embeddable":true,"href":"https:\/\/welcomehome-london.com\/fr\/wp-json\/wp\/v2\/comments?post=1773"}],"version-history":[{"count":22,"href":"https:\/\/welcomehome-london.com\/fr\/wp-json\/wp\/v2\/pages\/1773\/revisions"}],"predecessor-version":[{"id":6578,"href":"https:\/\/welcomehome-london.com\/fr\/wp-json\/wp\/v2\/pages\/1773\/revisions\/6578"}],"wp:attachment":[{"href":"https:\/\/welcomehome-london.com\/fr\/wp-json\/wp\/v2\/media?parent=1773"}],"curies":[{"name":"wp","href":"https:\/\/api.w.org\/{rel}","templated":true}]}}