{"id":1768,"date":"2015-12-27T04:00:30","date_gmt":"2015-12-27T04:00:30","guid":{"rendered":"http:\/\/welcomehome-london.com\/faq-2\/?lang=fr"},"modified":"2020-06-05T15:11:56","modified_gmt":"2020-06-05T14:11:56","slug":"faq-2","status":"publish","type":"page","link":"https:\/\/welcomehome-london.com\/fr\/faq-2\/","title":{"rendered":"FAQ"},"content":{"rendered":"<div class=\"wpb-content-wrapper\"><p>[vc_row][vc_column][vc_column_text]<\/p>\n<h4 style=\"margin-top: 0px;\"><span style=\"color: #993366;\">FAQ &#8211; Questions fr\u00e9quentes<\/span><\/h4>\n<p style=\"margin-top: 0px;\"><span style=\"color: #000000;\">Lisez ci-dessous quelques r\u00e9ponses aux questions que vous vous posez avant d&rsquo;entamer votre recherche de logement \u00e0 Londres. Si vous ne trouvez pas de r\u00e9ponse dans nos FAQ, n&rsquo;h\u00e9sitez pas \u00e0 nous <a href=\"http:\/\/welcomehome-london.com\/fr\/contact\/\">contacter<\/a> pour des conseils gratuits avant votre installation.<\/span><\/p>\n<p><img loading=\"lazy\" decoding=\"async\" class=\"alignnone wp-image-3786 size-large\" src=\"http:\/\/welcomehome-london.com\/wp-content\/uploads\/2020\/04\/tower_bridge_welcome_home_london-e1591294304470-1024x457.jpg\" alt=\"FAQ recherche de logement \u00e0 Londres\" width=\"1024\" height=\"457\" srcset=\"https:\/\/welcomehome-london.com\/wp-content\/uploads\/2020\/04\/tower_bridge_welcome_home_london-e1591294304470-1024x457.jpg 1024w, https:\/\/welcomehome-london.com\/wp-content\/uploads\/2020\/04\/tower_bridge_welcome_home_london-e1591294304470-300x134.jpg 300w, https:\/\/welcomehome-london.com\/wp-content\/uploads\/2020\/04\/tower_bridge_welcome_home_london-e1591294304470-768x343.jpg 768w, https:\/\/welcomehome-london.com\/wp-content\/uploads\/2020\/04\/tower_bridge_welcome_home_london-e1591294304470-555x248.jpg 555w, https:\/\/welcomehome-london.com\/wp-content\/uploads\/2020\/04\/tower_bridge_welcome_home_london-e1591294304470.jpg 1032w\" sizes=\"auto, (max-width: 1024px) 100vw, 1024px\" \/>[\/vc_column_text][vc_empty_space height=\u00a0\u00bb50px\u00a0\u00bb][\/vc_column][\/vc_row][vc_row][vc_column][vc_tta_accordion][vc_tta_section title=\u00a0\u00bbC\u2019est la premi\u00e8re fois que je vais louer un appartement \u00e0 l\u2019\u00e9tranger. Comment faire pour comprendre les termes du bail?\u00a0\u00bb tab_id=\u00a0\u00bb1451222720878-48642839-b0ff\u00a0\u00bb][vc_column_text]Notre prestation de recherche de location int\u00e8gre la relecture et la n\u00e9gociation des conditions du bail pour votre compte. Nous sommes \u00e9galement pr\u00e9sents \u00e0 vos c\u00f4t\u00e9s pour l\u2019\u00e9tat des lieux d\u2019entr\u00e9e et vous accompagnons pendant les 4 semaines qui suivent votre installation.[\/vc_column_text][\/vc_tta_section][vc_tta_section title=\u00a0\u00bbQuel est le meilleur moment pour commencer ma recherche de location \u00e0 Londres?\u00a0\u00bb tab_id=\u00a0\u00bb1451222721045-e46f78b5-ffc2&Prime;][vc_column_text]La plupart des agences de relocation conseillent de d\u00e9marrer la recherche 15 jours avant votre arriv\u00e9e \u00e0 Londres. Bien que nous sachions g\u00e9rer les plannings serr\u00e9s, nous vous conseillons de vous y prendre au moins 6-8 semaines en amont. Cela nous laisse le temps n\u00e9cessaire pour comprendre vos besoins et vous conseiller la ou les solutions les plus adapt\u00e9es (quartier, \u00e9cole,\u2026) en fonction de votre mode de vie, de vos attentes et de vos contraintes. Notre d\u00e9fi, c\u2019est d\u2019identifier le bien qui vous correspond parfaitement, pas de vous proposer la premi\u00e8re location vacante du moment. [\/vc_column_text][\/vc_tta_section][vc_tta_section title=\u00a0\u00bbJe suis encore \u00e0 Paris mais j\u2019ai commenc\u00e9 ma recherche depuis plusieurs mois en pla\u00e7ant des alertes sur les sites sp\u00e9cialis\u00e9s : quelle est votre valeur ajout\u00e9e ?\u00a0\u00bb tab_id=\u00a0\u00bb1451223421986-629c39a0-c5ff\u00a0\u00bb][vc_column_text]Tous les biens n\u2019apparaissent pas sur Internet. Par ailleurs, Londres est un march\u00e9 immobilier tr\u00e8s sp\u00e9cifique, dans lequel les rues les plus charmantes c\u00f4toient des zones \u00e0 \u00e9viter. En outre, les photos Internet ne refl\u00e8tent pas toujours la r\u00e9alit\u00e9 des biens. C\u2019est pourquoi nous <a href=\"http:\/\/welcomehome-london.com\/fr\/notre-difference\/\">pr\u00e9-visitons 100% des biens rep\u00e9r\u00e9s<\/a>. Contrairement aux autres agences de relocation, nous ne vous pr\u00e9sentons que des propri\u00e9t\u00e9s que nous avons s\u00e9lectionn\u00e9es suite \u00e0 une visite. L\u2019assurance pour vous de gagner du temps et d\u2019\u00e9viter les d\u00e9ceptions lors de votre journ\u00e9e de s\u00e9lection.[\/vc_column_text][\/vc_tta_section][vc_tta_section title=\u00a0\u00bbJe d\u00e9m\u00e9nage \u00e0 Londres, mais n\u2019ai aucune id\u00e9e du quartier dans lequel chercher ? Est-ce que vous pourrez quand m\u00eame prendre en charge ma recherche immobili\u00e8re?\u00a0\u00bb tab_id=\u00a0\u00bb1451223439599-dc393930-bf9b\u00a0\u00bb][vc_column_text]Nous commen\u00e7ons tous nos dossiers par un entretien d\u00e9taill\u00e9 permettant de vous connaitre et de d\u00e9finir vos besoins. En fonction de votre mode de vie, de la composition de votre famille, de votre budget, de vos contraintes g\u00e9ographiques, nous vous conseillons <a href=\"http:\/\/welcomehome-london.com\/fr\/select-your-borough\/\">2 \u00e0 4 quartiers<\/a> qui vous correspondent. Nous incluons une <a href=\"http:\/\/welcomehome-london.com\/fr\/services\/recherche-ecoles-a-londres\/\">recherche d\u2019\u00e9coles<\/a> dans chaque quartier si cela est n\u00e9cessaire. Lors de vos journ\u00e9es de visites, vous pourrez d\u00e9couvrir et s\u00e9lectionner celui des quartiers qui vous plait le plus parmi les diff\u00e9rentes options propos\u00e9es.[\/vc_column_text][\/vc_tta_section][vc_tta_section title=\u00a0\u00bbJ\u2019ai vu des propositions d\u2019agents de relocation qui proposent un service gratuit pour la recherche de location ? D\u2019o\u00f9 vient la diff\u00e9rence?\u00a0\u00bb tab_id=\u00a0\u00bb1451223464232-ead01aa3-c63d\u00a0\u00bb][vc_column_text]Nous ne proposons que du sur-mesure parfaitement adapt\u00e9 \u00e0 vos besoins. Nous visitons <strong>toutes<\/strong> les propri\u00e9t\u00e9s avant de les s\u00e9lectionner et de vous les proposer, afin de vous faire r\u00e9ellement gagner du temps et \u00e9viter la frustration de visites inutiles. Par ailleurs, nous ne percevons aucune<a href=\"http:\/\/welcomehome-london.com\/fr\/notre-difference\/\"> commission<\/a> des agences immobili\u00e8res, nous ne nous r\u00e9mun\u00e9rons qu\u2019aupr\u00e8s de nos clients. Cette ind\u00e9pendance nous permet d\u2019acc\u00e9der \u00e0 100% du march\u00e9 et de n\u00e9gocier dans votre seul int\u00e9r\u00eat. Les services de relocation r\u00e9mun\u00e9r\u00e9s \u00e0 la commission aupr\u00e8s des agences immobili\u00e8res n\u2019ont pas acc\u00e8s \u00e0 la totalit\u00e9 du march\u00e9, ils ne peuvent notamment pas proposer les meilleurs biens, ceux pour lesquels les agences ne partagent pas leur commission. Ils se contentent de vous fournir une liste de biens disponibles, sans les pr\u00e9-visiter et v\u00e9rifier leur \u00e9tat. Vous perdez alors votre temps \u00e0 visiter des logements inadapt\u00e9s pour vous et votre famille.[\/vc_column_text][\/vc_tta_section][vc_tta_section title=\u00a0\u00bbJe souhaite investir en Buy To Let \u00e0 Londres mais je vis \u00e0 Hong Kong. Comment g\u00e9rer le projet \u00e0 distance?\u00a0\u00bb tab_id=\u00a0\u00bb1591351325911-dbcbdef6-4fd7&Prime;][vc_column_text]Notre \u00e9quipe Achat prend en charge la gestion de l&rsquo;ensemble de votre projet \u00e0 distance. Nous \u00e9tablissons via Skype votre cahier des charges pr\u00e9cis, nous d\u00e9finissons les quartiers et les types de biens \u00e0 cibler en fonction de vos objectifs. Nous cherchons sur place et vous recevez via notre application exclusive les photos, vid\u00e9os et CR d\u00e9taill\u00e9s de visites. Nous vous mettons en contact avec nos partenaires brokers et coordonnons la relation avec eux. Ils vous proposeront les meilleures offres de pr\u00eat du march\u00e9 et vous conseillerons, en fonction de votre situation, sur la structure \u00e0 privil\u00e9gier fiscalement (achat en tant que particulier ou cr\u00e9ation d&rsquo;une soci\u00e9t\u00e9). Une fois le bien trouv\u00e9, nous g\u00e9rons la n\u00e9gociation et la partie administrative avec le broker, le Solicitor, le Surveyor si n\u00e9cessaire. Nous prenons \u00e9galement en charge la supervision des travaux, la d\u00e9coration et l&rsquo;ameublement de votre appartement \u00e0 louer ainsi que la recherche de locataires. Sans m\u00eame avoir \u00e0 vous d\u00e9placer, l&rsquo;ensemble de votre projet est pris en main et g\u00e9r\u00e9 localement par un interlocuteur unique.[\/vc_column_text][\/vc_tta_section][vc_tta_section title=\u00a0\u00bbJe recherche des locaux commerciaux pour lancer une p\u00e2tisserie fran\u00e7aise \u00e0 Londres mais ne connait pas la ville. Comment allez-vous m&rsquo;aider?\u00a0\u00bb tab_id=\u00a0\u00bb1591364859756-924dcb49-67ae\u00a0\u00bb][vc_column_text]Vous pourrez vous appuyer sur notre connaissance terrain de la ville. En fonction de la cible de client\u00e8le que vous visez, et des vos contraintes techniques et budg\u00e9taires, nous vous recommandons les quartiers dans lesquels cibler vos recherches. Notre r\u00e9seau de professionnels de l&rsquo;immobilier commercial \u00e0 Londres nous permet de vous proposer des biens off market, encore occup\u00e9s par leurs pr\u00e9c\u00e9dents locataires. Nouveau lease ou assignment (reprise d&rsquo;un bail existant), il est important de se faire accompagner par un professionnel pour d\u00e9nicher le local qui correspondra \u00e0 vos attentes. Nous vous suivons jusqu&rsquo;\u00e0 l&rsquo;ouverture de votre boutique, en mettant \u00e0 votre disposition nos partenaires s\u00e9lectionn\u00e9s architecte, ing\u00e9nieur civil, entreprises de travaux, d\u00e9corateurs.[\/vc_column_text][\/vc_tta_section][vc_tta_section title=\u00a0\u00bbJe suis d\u00e9j\u00e0 install\u00e9e \u00e0 Londres en location et recherche dans mon quartier une maison \u00e0 acheter. Quelle est votre offre de service pour quelqu&rsquo;un qui vit sur place?\u00a0\u00bb tab_id=\u00a0\u00bb1591365843366-0010eec2-3d56&Prime;][vc_column_text]De la m\u00eame fa\u00e7on que pour les personnes en relocation qui ne sont pas encore arriv\u00e9s \u00e0 Londres, nous recherchons \u00e9galement pour des familles expatri\u00e9es d\u00e9j\u00e0 install\u00e9es. Certains ne sont pas satisfaits du logement dans lesquels on les a plac\u00e9 \u00e0 leur arriv\u00e9e. D&rsquo;autres souhaitent franchir le pas de l&rsquo;achat immobilier \u00e0 Londres. Tous n&rsquo;ont pas forc\u00e9ment les contacts ou le temps n\u00e9cessaire pour mener \u00e0 bien leur recherche immobili\u00e8re. Notre valeur ajout\u00e9e, c&rsquo;est notre pr\u00e9sence permanente sur le terrain. Nous recherchons en location et en achat dans tous les quartiers de Londres, et travaillons sans distinction avec tous les professionnels de l&rsquo;immobilier. Nous avons souvent connaissance de la disponibilit\u00e9 des biens avant m\u00eame qu&rsquo;ils arrivent sur le march\u00e9. D\u00e8s que nous avons pr\u00e9visit\u00e9 un bien r\u00e9pondant \u00e0 vos crit\u00e8res, nous pouvons vous alerter pour organiser une visite pour vous et vous \u00e9viter de perdre du temps dans votre recherche.[\/vc_column_text][\/vc_tta_section][\/vc_tta_accordion][vc_empty_space height=\u00a0\u00bb50px\u00a0\u00bb]\n<div class=\"wpcf7 no-js\" id=\"wpcf7-f1711-o1\" lang=\"en-US\" dir=\"ltr\" data-wpcf7-id=\"1711\">\n<div class=\"screen-reader-response\"><p role=\"status\" aria-live=\"polite\" aria-atomic=\"true\"><\/p> <ul><\/ul><\/div>\n<form action=\"\/fr\/wp-json\/wp\/v2\/pages\/1768#wpcf7-f1711-o1\" method=\"post\" class=\"wpcf7-form init\" aria-label=\"Contact form\" novalidate=\"novalidate\" data-status=\"init\">\n<fieldset class=\"hidden-fields-container\"><input type=\"hidden\" name=\"_wpcf7\" value=\"1711\" \/><input type=\"hidden\" name=\"_wpcf7_version\" value=\"6.1.4\" \/><input type=\"hidden\" name=\"_wpcf7_locale\" value=\"en_US\" \/><input type=\"hidden\" name=\"_wpcf7_unit_tag\" value=\"wpcf7-f1711-o1\" \/><input type=\"hidden\" name=\"_wpcf7_container_post\" value=\"0\" \/><input type=\"hidden\" name=\"_wpcf7_posted_data_hash\" value=\"\" \/><input type=\"hidden\" name=\"_wpcf7_recaptcha_response\" value=\"\" \/>\n<\/fieldset>\n<div class=\"quick-form\">\n\t<h4>Formulaire de contact\n\t<\/h4>\n\t<p>PARLEZ-NOUS DE VOTRE PROJET.\n\t<\/p>\n\t<div class=\"row\">\n\t\t<div class=\"columns columns-6\">\n\t\t\t<p><span class=\"wpcf7-form-control-wrap\" data-name=\"text-836\"><input size=\"40\" maxlength=\"400\" class=\"wpcf7-form-control wpcf7-text wpcf7-validates-as-required\" aria-required=\"true\" aria-invalid=\"false\" placeholder=\"Votre nom\" value=\"\" type=\"text\" name=\"text-836\" \/><\/span><br \/>\n<span class=\"wpcf7-form-control-wrap\" data-name=\"email-395\"><input size=\"40\" maxlength=\"400\" class=\"wpcf7-form-control wpcf7-email wpcf7-validates-as-required wpcf7-text wpcf7-validates-as-email\" aria-required=\"true\" aria-invalid=\"false\" placeholder=\"Votre e-mail\" value=\"\" type=\"email\" name=\"email-395\" \/><\/span><br \/>\n<span class=\"wpcf7-form-control-wrap\" data-name=\"menu-752\"><select class=\"wpcf7-form-control wpcf7-select\" aria-invalid=\"false\" name=\"menu-752\"><option value=\"Votre projet\">Votre projet<\/option><option value=\"Relocation\">Relocation<\/option><option value=\"Recherche d\u2019\u00e9coles\">Recherche d\u2019\u00e9coles<\/option><option value=\"Recherche de locaux commerciaux\">Recherche de locaux commerciaux<\/option><option value=\"Achat Appartement\/Maison\">Achat Appartement\/Maison<\/option><\/select><\/span>\n\t\t\t<\/p>\n\t\t<\/div>\n\t\t<div class=\"columns columns-6\">\n\t\t\t<p><span class=\"wpcf7-form-control-wrap\" data-name=\"text-837\"><input size=\"40\" maxlength=\"400\" class=\"wpcf7-form-control wpcf7-text\" aria-invalid=\"false\" placeholder=\"Sujet\" value=\"\" type=\"text\" name=\"text-837\" \/><\/span><br \/>\n<span class=\"wpcf7-form-control-wrap\" data-name=\"textarea-901\"><textarea cols=\"40\" rows=\"10\" maxlength=\"2000\" class=\"wpcf7-form-control wpcf7-textarea\" aria-invalid=\"false\" placeholder=\"Message\" name=\"textarea-901\"><\/textarea><\/span>\n\t\t\t<\/p>\n\t\t<\/div>\n\t<\/div>\n\t<div class=\"row\">\n\t\t<div class=\"columns columns-6\">\n\t\t\t<p>&nbsp;\n\t\t\t<\/p>\n\t\t<\/div>\n\t\t<div class=\"columns columns-6\">\n\t\t\t<p><input class=\"wpcf7-form-control wpcf7-submit has-spinner\" type=\"submit\" value=\"Envoyer\" \/>\n\t\t\t<\/p>\n\t\t<\/div>\n\t<\/div>\n<\/div><p style=\"display: none !important;\" class=\"akismet-fields-container\" data-prefix=\"_wpcf7_ak_\"><label>&#916;<textarea name=\"_wpcf7_ak_hp_textarea\" cols=\"45\" rows=\"8\" maxlength=\"100\"><\/textarea><\/label><input type=\"hidden\" id=\"ak_js_1\" name=\"_wpcf7_ak_js\" value=\"63\"\/><script>document.getElementById( \"ak_js_1\" ).setAttribute( \"value\", ( new Date() ).getTime() );<\/script><\/p><div class=\"wpcf7-response-output\" aria-hidden=\"true\"><\/div>\n<\/form>\n<\/div>\n[vc_empty_space height=\u00a0\u00bb50px\u00a0\u00bb][\/vc_column][\/vc_row]<\/p>\n<\/div>","protected":false},"excerpt":{"rendered":"<p>[vc_row][vc_column][vc_column_text] FAQ &#8211; Questions fr\u00e9quentes Lisez ci-dessous quelques r\u00e9ponses aux questions que vous vous posez avant d&rsquo;entamer votre recherche de logement \u00e0 Londres. Si vous ne trouvez pas de r\u00e9ponse dans nos FAQ, n&rsquo;h\u00e9sitez pas \u00e0 nous contacter pour des conseils gratuits avant votre installation. [\/vc_column_text][vc_empty_space height=\u00a0\u00bb50px\u00a0\u00bb][\/vc_column][\/vc_row][vc_row][vc_column][vc_tta_accordion][vc_tta_section title=\u00a0\u00bbC\u2019est la premi\u00e8re fois que je vais louer [&hellip;]<\/p>\n","protected":false},"author":4,"featured_media":0,"parent":0,"menu_order":0,"comment_status":"closed","ping_status":"closed","template":"","meta":{"_acf_changed":false,"footnotes":""},"class_list":["post-1768","page","type-page","status-publish","hentry","no-post-thumbnail"],"acf":[],"yoast_head":"<!-- This site is optimized with the Yoast SEO plugin v26.6 - https:\/\/yoast.com\/wordpress\/plugins\/seo\/ -->\n<title>FAQ - Recherche de logement \u00e0 Londres - Welcome Home London<\/title>\n<meta name=\"description\" content=\"Quand commencer sa recherche logement \u00e0 Londres? Comment choisir son agence de relocation?N\u00e9gocier son bail \u00e0 Londres? Retrouvez nos FAQ\" \/>\n<meta name=\"robots\" content=\"index, follow, max-snippet:-1, max-image-preview:large, max-video-preview:-1\" \/>\n<link rel=\"canonical\" href=\"https:\/\/welcomehome-london.com\/fr\/faq-2\/\" \/>\n<meta property=\"og:locale\" content=\"fr_FR\" \/>\n<meta property=\"og:type\" content=\"article\" \/>\n<meta property=\"og:title\" content=\"FAQ - Recherche de logement \u00e0 Londres - Welcome Home London\" \/>\n<meta property=\"og:description\" content=\"Quand commencer sa recherche logement \u00e0 Londres? Comment choisir son agence de relocation?N\u00e9gocier son bail \u00e0 Londres? Retrouvez nos FAQ\" \/>\n<meta property=\"og:url\" content=\"https:\/\/welcomehome-london.com\/fr\/faq-2\/\" \/>\n<meta property=\"og:site_name\" content=\"Welcome Home London\" \/>\n<meta property=\"article:modified_time\" content=\"2020-06-05T14:11:56+00:00\" \/>\n<meta property=\"og:image\" content=\"http:\/\/welcomehome-london.com\/wp-content\/uploads\/2020\/04\/tower_bridge_welcome_home_london-e1591294304470-1024x457.jpg\" \/>\n<meta name=\"twitter:card\" content=\"summary_large_image\" \/>\n<meta name=\"twitter:label1\" content=\"Dur\u00e9e de lecture estim\u00e9e\" \/>\n\t<meta name=\"twitter:data1\" content=\"7 minutes\" \/>\n<script type=\"application\/ld+json\" class=\"yoast-schema-graph\">{\"@context\":\"https:\/\/schema.org\",\"@graph\":[{\"@type\":\"WebPage\",\"@id\":\"https:\/\/welcomehome-london.com\/fr\/faq-2\/\",\"url\":\"https:\/\/welcomehome-london.com\/fr\/faq-2\/\",\"name\":\"FAQ - Recherche de logement \u00e0 Londres - Welcome Home London\",\"isPartOf\":{\"@id\":\"https:\/\/welcomehome-london.com\/#website\"},\"primaryImageOfPage\":{\"@id\":\"https:\/\/welcomehome-london.com\/fr\/faq-2\/#primaryimage\"},\"image\":{\"@id\":\"https:\/\/welcomehome-london.com\/fr\/faq-2\/#primaryimage\"},\"thumbnailUrl\":\"http:\/\/welcomehome-london.com\/wp-content\/uploads\/2020\/04\/tower_bridge_welcome_home_london-e1591294304470-1024x457.jpg\",\"datePublished\":\"2015-12-27T04:00:30+00:00\",\"dateModified\":\"2020-06-05T14:11:56+00:00\",\"description\":\"Quand commencer sa recherche logement \u00e0 Londres? Comment choisir son agence de relocation?N\u00e9gocier son bail \u00e0 Londres? Retrouvez nos FAQ\",\"breadcrumb\":{\"@id\":\"https:\/\/welcomehome-london.com\/fr\/faq-2\/#breadcrumb\"},\"inLanguage\":\"fr-FR\",\"potentialAction\":[{\"@type\":\"ReadAction\",\"target\":[\"https:\/\/welcomehome-london.com\/fr\/faq-2\/\"]}]},{\"@type\":\"ImageObject\",\"inLanguage\":\"fr-FR\",\"@id\":\"https:\/\/welcomehome-london.com\/fr\/faq-2\/#primaryimage\",\"url\":\"http:\/\/welcomehome-london.com\/wp-content\/uploads\/2020\/04\/tower_bridge_welcome_home_london-e1591294304470-1024x457.jpg\",\"contentUrl\":\"http:\/\/welcomehome-london.com\/wp-content\/uploads\/2020\/04\/tower_bridge_welcome_home_london-e1591294304470-1024x457.jpg\"},{\"@type\":\"BreadcrumbList\",\"@id\":\"https:\/\/welcomehome-london.com\/fr\/faq-2\/#breadcrumb\",\"itemListElement\":[{\"@type\":\"ListItem\",\"position\":1,\"name\":\"Home\",\"item\":\"https:\/\/welcomehome-london.com\/fr\/\"},{\"@type\":\"ListItem\",\"position\":2,\"name\":\"FAQ\"}]},{\"@type\":\"WebSite\",\"@id\":\"https:\/\/welcomehome-london.com\/#website\",\"url\":\"https:\/\/welcomehome-london.com\/\",\"name\":\"Welcome Home London\",\"description\":\"Estate Agent\",\"publisher\":{\"@id\":\"https:\/\/welcomehome-london.com\/#organization\"},\"potentialAction\":[{\"@type\":\"SearchAction\",\"target\":{\"@type\":\"EntryPoint\",\"urlTemplate\":\"https:\/\/welcomehome-london.com\/?s={search_term_string}\"},\"query-input\":{\"@type\":\"PropertyValueSpecification\",\"valueRequired\":true,\"valueName\":\"search_term_string\"}}],\"inLanguage\":\"fr-FR\"},{\"@type\":\"Organization\",\"@id\":\"https:\/\/welcomehome-london.com\/#organization\",\"name\":\"Welcome Home London\",\"url\":\"https:\/\/welcomehome-london.com\/\",\"logo\":{\"@type\":\"ImageObject\",\"inLanguage\":\"fr-FR\",\"@id\":\"https:\/\/welcomehome-london.com\/#\/schema\/logo\/image\/\",\"url\":\"https:\/\/welcomehome-london.com\/wp-content\/uploads\/2020\/05\/logo3.png\",\"contentUrl\":\"https:\/\/welcomehome-london.com\/wp-content\/uploads\/2020\/05\/logo3.png\",\"width\":330,\"height\":94,\"caption\":\"Welcome Home London\"},\"image\":{\"@id\":\"https:\/\/welcomehome-london.com\/#\/schema\/logo\/image\/\"}}]}<\/script>\n<!-- \/ Yoast SEO plugin. -->","yoast_head_json":{"title":"FAQ - Recherche de logement \u00e0 Londres - Welcome Home London","description":"Quand commencer sa recherche logement \u00e0 Londres? Comment choisir son agence de relocation?N\u00e9gocier son bail \u00e0 Londres? Retrouvez nos FAQ","robots":{"index":"index","follow":"follow","max-snippet":"max-snippet:-1","max-image-preview":"max-image-preview:large","max-video-preview":"max-video-preview:-1"},"canonical":"https:\/\/welcomehome-london.com\/fr\/faq-2\/","og_locale":"fr_FR","og_type":"article","og_title":"FAQ - Recherche de logement \u00e0 Londres - Welcome Home London","og_description":"Quand commencer sa recherche logement \u00e0 Londres? Comment choisir son agence de relocation?N\u00e9gocier son bail \u00e0 Londres? Retrouvez nos FAQ","og_url":"https:\/\/welcomehome-london.com\/fr\/faq-2\/","og_site_name":"Welcome Home London","article_modified_time":"2020-06-05T14:11:56+00:00","og_image":[{"url":"http:\/\/welcomehome-london.com\/wp-content\/uploads\/2020\/04\/tower_bridge_welcome_home_london-e1591294304470-1024x457.jpg","type":"","width":"","height":""}],"twitter_card":"summary_large_image","twitter_misc":{"Dur\u00e9e de lecture estim\u00e9e":"7 minutes"},"schema":{"@context":"https:\/\/schema.org","@graph":[{"@type":"WebPage","@id":"https:\/\/welcomehome-london.com\/fr\/faq-2\/","url":"https:\/\/welcomehome-london.com\/fr\/faq-2\/","name":"FAQ - Recherche de logement \u00e0 Londres - Welcome Home London","isPartOf":{"@id":"https:\/\/welcomehome-london.com\/#website"},"primaryImageOfPage":{"@id":"https:\/\/welcomehome-london.com\/fr\/faq-2\/#primaryimage"},"image":{"@id":"https:\/\/welcomehome-london.com\/fr\/faq-2\/#primaryimage"},"thumbnailUrl":"http:\/\/welcomehome-london.com\/wp-content\/uploads\/2020\/04\/tower_bridge_welcome_home_london-e1591294304470-1024x457.jpg","datePublished":"2015-12-27T04:00:30+00:00","dateModified":"2020-06-05T14:11:56+00:00","description":"Quand commencer sa recherche logement \u00e0 Londres? Comment choisir son agence de relocation?N\u00e9gocier son bail \u00e0 Londres? Retrouvez nos FAQ","breadcrumb":{"@id":"https:\/\/welcomehome-london.com\/fr\/faq-2\/#breadcrumb"},"inLanguage":"fr-FR","potentialAction":[{"@type":"ReadAction","target":["https:\/\/welcomehome-london.com\/fr\/faq-2\/"]}]},{"@type":"ImageObject","inLanguage":"fr-FR","@id":"https:\/\/welcomehome-london.com\/fr\/faq-2\/#primaryimage","url":"http:\/\/welcomehome-london.com\/wp-content\/uploads\/2020\/04\/tower_bridge_welcome_home_london-e1591294304470-1024x457.jpg","contentUrl":"http:\/\/welcomehome-london.com\/wp-content\/uploads\/2020\/04\/tower_bridge_welcome_home_london-e1591294304470-1024x457.jpg"},{"@type":"BreadcrumbList","@id":"https:\/\/welcomehome-london.com\/fr\/faq-2\/#breadcrumb","itemListElement":[{"@type":"ListItem","position":1,"name":"Home","item":"https:\/\/welcomehome-london.com\/fr\/"},{"@type":"ListItem","position":2,"name":"FAQ"}]},{"@type":"WebSite","@id":"https:\/\/welcomehome-london.com\/#website","url":"https:\/\/welcomehome-london.com\/","name":"Welcome Home London","description":"Estate Agent","publisher":{"@id":"https:\/\/welcomehome-london.com\/#organization"},"potentialAction":[{"@type":"SearchAction","target":{"@type":"EntryPoint","urlTemplate":"https:\/\/welcomehome-london.com\/?s={search_term_string}"},"query-input":{"@type":"PropertyValueSpecification","valueRequired":true,"valueName":"search_term_string"}}],"inLanguage":"fr-FR"},{"@type":"Organization","@id":"https:\/\/welcomehome-london.com\/#organization","name":"Welcome Home London","url":"https:\/\/welcomehome-london.com\/","logo":{"@type":"ImageObject","inLanguage":"fr-FR","@id":"https:\/\/welcomehome-london.com\/#\/schema\/logo\/image\/","url":"https:\/\/welcomehome-london.com\/wp-content\/uploads\/2020\/05\/logo3.png","contentUrl":"https:\/\/welcomehome-london.com\/wp-content\/uploads\/2020\/05\/logo3.png","width":330,"height":94,"caption":"Welcome Home London"},"image":{"@id":"https:\/\/welcomehome-london.com\/#\/schema\/logo\/image\/"}}]}},"_links":{"self":[{"href":"https:\/\/welcomehome-london.com\/fr\/wp-json\/wp\/v2\/pages\/1768","targetHints":{"allow":["GET"]}}],"collection":[{"href":"https:\/\/welcomehome-london.com\/fr\/wp-json\/wp\/v2\/pages"}],"about":[{"href":"https:\/\/welcomehome-london.com\/fr\/wp-json\/wp\/v2\/types\/page"}],"author":[{"embeddable":true,"href":"https:\/\/welcomehome-london.com\/fr\/wp-json\/wp\/v2\/users\/4"}],"replies":[{"embeddable":true,"href":"https:\/\/welcomehome-london.com\/fr\/wp-json\/wp\/v2\/comments?post=1768"}],"version-history":[{"count":13,"href":"https:\/\/welcomehome-london.com\/fr\/wp-json\/wp\/v2\/pages\/1768\/revisions"}],"predecessor-version":[{"id":6585,"href":"https:\/\/welcomehome-london.com\/fr\/wp-json\/wp\/v2\/pages\/1768\/revisions\/6585"}],"wp:attachment":[{"href":"https:\/\/welcomehome-london.com\/fr\/wp-json\/wp\/v2\/media?parent=1768"}],"curies":[{"name":"wp","href":"https:\/\/api.w.org\/{rel}","templated":true}]}}