{"id":1746,"date":"2015-12-23T12:54:38","date_gmt":"2015-12-23T12:54:38","guid":{"rendered":"http:\/\/welcomehome-london.com\/services\/invest-in-london\/?lang=fr"},"modified":"2025-09-12T15:33:35","modified_gmt":"2025-09-12T14:33:35","slug":"invest-in-london","status":"publish","type":"page","link":"https:\/\/welcomehome-london.com\/fr\/services\/invest-in-london\/","title":{"rendered":"ACHAT IMMOBILIER A LONDRES"},"content":{"rendered":"<div class=\"wpb-content-wrapper\"><p>[vc_row][vc_column width=\u00a0\u00bb1\/2&Prime;][vc_column_text]<\/p>\n<h4 style=\"margin-top: 0;\">Nos services Achat Immobilier \u00e0 Londres<\/h4>\n<p><strong>Appartement familial<\/strong>\u00a0ou <strong>investissement <\/strong>locatif en<strong> buy to let<\/strong>, Welcome Home London propose un <strong>service sur mesure <\/strong>pour votre achat immobilier \u00e0 Londres. <a href=\"http:\/\/welcomehome-london.com\/fr\/select-your-borough\/\">Meilleurs quartiers<\/a>, <a href=\"http:\/\/welcomehome-london.com\/fr\/investment-guide\/\">conseils<\/a> sur les type de biens \u00e0 privil\u00e9gier en fonction de vos objectifs, partenaires financiers et l\u00e9gaux, vous pouvez vous appuyer sur notre expertise pour votre achat d&rsquo;appartement ou maison \u00e0 Londres.<\/p>\n<p><strong><a href=\"http:\/\/welcomehome-london.com\/fr\/pricing-table\/\">Tarifs Prestation Achat Immobilier<\/a><\/strong>[\/vc_column_text][vc_empty_space height=\u00a0\u00bb10px\u00a0\u00bb][vc_column_text]Notre prestation de recherche immobili\u00e8re en 6 \u00e9tapes pour garantir votre satisfaction.[\/vc_column_text][vc_empty_space height=\u00a0\u00bb20px\u00a0\u00bb]<ul class=\"iconlist iconlist \"><li ><i class=\"fa fa-check-circle\"><\/i> <span style=\"font-size: 120%;\">La rencontre<\/span><br \/>\nLors de ce premier entretien, nous faisons le tour de vos objectifs court et moyen terme, de vos projets et pr\u00e9f\u00e9rences. Si vous n\u2019avez pas encore de proposition de pr\u00eat, <b>nous vous mettons en relation avec nos partenaires brokers, conseils en patrimoine, fiscalistes et solicitors exp\u00e9riment\u00e9s qui \u00e9laboreront votre montage financier<\/b>. Ensemble, nous \u00e9tablissons un cahier des charges pr\u00e9cis et validons la faisabilit\u00e9 de votre projet.<\/li><li ><i class=\"fa fa-check-circle\"><\/i> <span style=\"font-size: 120%;\">Le ciblage<\/span><br \/>\nSur la base de ce cahier des charges, nous s\u00e9lectionnons et vous <b>proposons 2 \u00e0 4 quartiers cible<\/b>. Vous signez ensuite le mandat de recherche immobili\u00e8re.<\/li><li ><i class=\"fa fa-check-circle\"><\/i> <span style=\"font-size: 120%;\">La prospection<\/span><br \/>\nSur le terrain, aupr\u00e8s de notre r\u00e9seau, nous d\u00e9nichons les biens correspondant \u00e0 votre recherche. <b>Nous pr\u00e9-visitons chacun de ces biens, vous recevez sur notre application d\u00e9di\u00e9e la vid\u00e9o de la visite et du quartier accompagn\u00e9e d\u2019un CR d\u00e9taill\u00e9. Vous ne retenez que vos biens pr\u00e9f\u00e9r\u00e9s<\/b>.<\/li><li ><i class=\"fa fa-check-circle\"><\/i> <span style=\"font-size: 120%;\">Les visites de s\u00e9lection<\/span><br \/>\n<b>Nous organisons la contre-visite des biens retenus et vous accompagnons. Si n\u00e9cessaire, ces visites sont regroup\u00e9es sur une seule journ\u00e9e, samedi inclus<\/b>.<\/li><li ><i class=\"fa fa-check-circle\"><\/i> <span style=\"font-size: 120%;\">La n\u00e9gociation<\/span><br \/>\nLorsque vous avez s\u00e9lectionn\u00e9 un bien, nous pr\u00e9sentons votre offre et <b>n\u00e9gocions pour vous. Nos honoraires sont index\u00e9s sur la baisse de prix obtenue pour vous<\/b>.<\/li><li ><i class=\"fa fa-check-circle\"><\/i> <span style=\"font-size: 120%;\">Les formalit\u00e9s administratives et l\u2019achat<\/span><br \/>\n<b>Solicitors, surveyors, brokers, nos partenaires experts vous accompagnent d&rsquo;un bout \u00e0 l&rsquo;autre du process. Nous supervisons l\u2019achat jusqu\u2019\u00e0 la signature (completion)<\/b>.<\/li><\/ul>[\/vc_column][vc_column width=\u00a0\u00bb1\/2&Prime;][vc_single_image image=\u00a0\u00bb7282&Prime; img_size=\u00a0\u00bbfull\u00a0\u00bb onclick=\u00a0\u00bblink_image\u00a0\u00bb css=\u00a0\u00bb\u00a0\u00bb][vc_empty_space height=\u00a0\u00bb30px\u00a0\u00bb][vc_single_image image=\u00a0\u00bb3636&Prime; img_size=\u00a0\u00bbfull\u00a0\u00bb onclick=\u00a0\u00bblink_image\u00a0\u00bb][vc_empty_space height=\u00a0\u00bb30px\u00a0\u00bb][vc_single_image image=\u00a0\u00bb3624&Prime; img_size=\u00a0\u00bbfull\u00a0\u00bb onclick=\u00a0\u00bblink_image\u00a0\u00bb][vc_empty_space height=\u00a0\u00bb30px\u00a0\u00bb][vc_single_image image=\u00a0\u00bb3638&Prime; img_size=\u00a0\u00bbfull\u00a0\u00bb onclick=\u00a0\u00bblink_image\u00a0\u00bb][vc_empty_space height=\u00a0\u00bb30px\u00a0\u00bb][vc_single_image image=\u00a0\u00bb3612&Prime; img_size=\u00a0\u00bbfull\u00a0\u00bb onclick=\u00a0\u00bblink_image\u00a0\u00bb][\/vc_column][\/vc_row][vc_row][vc_column][vc_empty_space height=\u00a0\u00bb40px\u00a0\u00bb][vc_row_inner][vc_column_inner width=\u00a0\u00bb1\/2&Prime;][\/vc_column_inner][\/vc_row_inner][vc_empty_space height=\u00a0\u00bb50px\u00a0\u00bb][\/vc_column][\/vc_row]<\/p>\n<\/div>","protected":false},"excerpt":{"rendered":"<p>[vc_row][vc_column width=\u00a0\u00bb1\/2&Prime;][vc_column_text] Nos services Achat Immobilier \u00e0 Londres Appartement familial\u00a0ou investissement locatif en buy to let, Welcome Home London propose un service sur mesure pour votre achat immobilier \u00e0 Londres. Meilleurs quartiers, conseils sur les type de biens \u00e0 privil\u00e9gier en fonction de vos objectifs, partenaires financiers et l\u00e9gaux, vous pouvez vous appuyer sur notre [&hellip;]<\/p>\n","protected":false},"author":4,"featured_media":0,"parent":1714,"menu_order":0,"comment_status":"closed","ping_status":"closed","template":"","meta":{"_acf_changed":false,"footnotes":""},"class_list":["post-1746","page","type-page","status-publish","hentry","no-post-thumbnail"],"acf":[],"yoast_head":"<!-- This site is optimized with the Yoast SEO plugin v26.6 - https:\/\/yoast.com\/wordpress\/plugins\/seo\/ -->\n<title>Achat immobilier \u00e0 Londres - Welcome Home London<\/title>\n<meta name=\"description\" content=\"Achat de maison ou d\u2019appartement r\u00e9sidentiel \u00e0 Londres, investissement locatif en Buy to Let, nous g\u00e9rons votre achat immobilier \u00e0 Londres de A \u00e0 Z\" \/>\n<meta name=\"robots\" content=\"index, follow, max-snippet:-1, max-image-preview:large, max-video-preview:-1\" \/>\n<link rel=\"canonical\" href=\"https:\/\/welcomehome-london.com\/fr\/services\/invest-in-london\/\" \/>\n<meta property=\"og:locale\" content=\"fr_FR\" \/>\n<meta property=\"og:type\" content=\"article\" \/>\n<meta property=\"og:title\" content=\"Achat immobilier \u00e0 Londres - Welcome Home London\" \/>\n<meta property=\"og:description\" content=\"Achat de maison ou d\u2019appartement r\u00e9sidentiel \u00e0 Londres, investissement locatif en Buy to Let, nous g\u00e9rons votre achat immobilier \u00e0 Londres de A \u00e0 Z\" \/>\n<meta property=\"og:url\" content=\"https:\/\/welcomehome-london.com\/fr\/services\/invest-in-london\/\" \/>\n<meta property=\"og:site_name\" content=\"Welcome Home London\" \/>\n<meta property=\"article:modified_time\" content=\"2025-09-12T14:33:35+00:00\" \/>\n<meta name=\"twitter:card\" content=\"summary_large_image\" \/>\n<meta name=\"twitter:label1\" content=\"Dur\u00e9e de lecture estim\u00e9e\" \/>\n\t<meta name=\"twitter:data1\" content=\"3 minutes\" \/>\n<script type=\"application\/ld+json\" class=\"yoast-schema-graph\">{\"@context\":\"https:\/\/schema.org\",\"@graph\":[{\"@type\":\"WebPage\",\"@id\":\"https:\/\/welcomehome-london.com\/fr\/services\/invest-in-london\/\",\"url\":\"https:\/\/welcomehome-london.com\/fr\/services\/invest-in-london\/\",\"name\":\"Achat immobilier \u00e0 Londres - Welcome Home London\",\"isPartOf\":{\"@id\":\"https:\/\/welcomehome-london.com\/#website\"},\"datePublished\":\"2015-12-23T12:54:38+00:00\",\"dateModified\":\"2025-09-12T14:33:35+00:00\",\"description\":\"Achat de maison ou d\u2019appartement r\u00e9sidentiel \u00e0 Londres, investissement locatif en Buy to Let, nous g\u00e9rons votre achat immobilier \u00e0 Londres de A \u00e0 Z\",\"breadcrumb\":{\"@id\":\"https:\/\/welcomehome-london.com\/fr\/services\/invest-in-london\/#breadcrumb\"},\"inLanguage\":\"fr-FR\",\"potentialAction\":[{\"@type\":\"ReadAction\",\"target\":[\"https:\/\/welcomehome-london.com\/fr\/services\/invest-in-london\/\"]}]},{\"@type\":\"BreadcrumbList\",\"@id\":\"https:\/\/welcomehome-london.com\/fr\/services\/invest-in-london\/#breadcrumb\",\"itemListElement\":[{\"@type\":\"ListItem\",\"position\":1,\"name\":\"Home\",\"item\":\"https:\/\/welcomehome-london.com\/fr\/\"},{\"@type\":\"ListItem\",\"position\":2,\"name\":\"RELOCATION ET ACHAT IMMOBILIER\",\"item\":\"https:\/\/welcomehome-london.com\/fr\/services\/\"},{\"@type\":\"ListItem\",\"position\":3,\"name\":\"ACHAT IMMOBILIER A LONDRES\"}]},{\"@type\":\"WebSite\",\"@id\":\"https:\/\/welcomehome-london.com\/#website\",\"url\":\"https:\/\/welcomehome-london.com\/\",\"name\":\"Welcome Home London\",\"description\":\"Estate Agent\",\"publisher\":{\"@id\":\"https:\/\/welcomehome-london.com\/#organization\"},\"potentialAction\":[{\"@type\":\"SearchAction\",\"target\":{\"@type\":\"EntryPoint\",\"urlTemplate\":\"https:\/\/welcomehome-london.com\/?s={search_term_string}\"},\"query-input\":{\"@type\":\"PropertyValueSpecification\",\"valueRequired\":true,\"valueName\":\"search_term_string\"}}],\"inLanguage\":\"fr-FR\"},{\"@type\":\"Organization\",\"@id\":\"https:\/\/welcomehome-london.com\/#organization\",\"name\":\"Welcome Home London\",\"url\":\"https:\/\/welcomehome-london.com\/\",\"logo\":{\"@type\":\"ImageObject\",\"inLanguage\":\"fr-FR\",\"@id\":\"https:\/\/welcomehome-london.com\/#\/schema\/logo\/image\/\",\"url\":\"https:\/\/welcomehome-london.com\/wp-content\/uploads\/2020\/05\/logo3.png\",\"contentUrl\":\"https:\/\/welcomehome-london.com\/wp-content\/uploads\/2020\/05\/logo3.png\",\"width\":330,\"height\":94,\"caption\":\"Welcome Home London\"},\"image\":{\"@id\":\"https:\/\/welcomehome-london.com\/#\/schema\/logo\/image\/\"}}]}<\/script>\n<!-- \/ Yoast SEO plugin. -->","yoast_head_json":{"title":"Achat immobilier \u00e0 Londres - Welcome Home London","description":"Achat de maison ou d\u2019appartement r\u00e9sidentiel \u00e0 Londres, investissement locatif en Buy to Let, nous g\u00e9rons votre achat immobilier \u00e0 Londres de A \u00e0 Z","robots":{"index":"index","follow":"follow","max-snippet":"max-snippet:-1","max-image-preview":"max-image-preview:large","max-video-preview":"max-video-preview:-1"},"canonical":"https:\/\/welcomehome-london.com\/fr\/services\/invest-in-london\/","og_locale":"fr_FR","og_type":"article","og_title":"Achat immobilier \u00e0 Londres - Welcome Home London","og_description":"Achat de maison ou d\u2019appartement r\u00e9sidentiel \u00e0 Londres, investissement locatif en Buy to Let, nous g\u00e9rons votre achat immobilier \u00e0 Londres de A \u00e0 Z","og_url":"https:\/\/welcomehome-london.com\/fr\/services\/invest-in-london\/","og_site_name":"Welcome Home London","article_modified_time":"2025-09-12T14:33:35+00:00","twitter_card":"summary_large_image","twitter_misc":{"Dur\u00e9e de lecture estim\u00e9e":"3 minutes"},"schema":{"@context":"https:\/\/schema.org","@graph":[{"@type":"WebPage","@id":"https:\/\/welcomehome-london.com\/fr\/services\/invest-in-london\/","url":"https:\/\/welcomehome-london.com\/fr\/services\/invest-in-london\/","name":"Achat immobilier \u00e0 Londres - Welcome Home London","isPartOf":{"@id":"https:\/\/welcomehome-london.com\/#website"},"datePublished":"2015-12-23T12:54:38+00:00","dateModified":"2025-09-12T14:33:35+00:00","description":"Achat de maison ou d\u2019appartement r\u00e9sidentiel \u00e0 Londres, investissement locatif en Buy to Let, nous g\u00e9rons votre achat immobilier \u00e0 Londres de A \u00e0 Z","breadcrumb":{"@id":"https:\/\/welcomehome-london.com\/fr\/services\/invest-in-london\/#breadcrumb"},"inLanguage":"fr-FR","potentialAction":[{"@type":"ReadAction","target":["https:\/\/welcomehome-london.com\/fr\/services\/invest-in-london\/"]}]},{"@type":"BreadcrumbList","@id":"https:\/\/welcomehome-london.com\/fr\/services\/invest-in-london\/#breadcrumb","itemListElement":[{"@type":"ListItem","position":1,"name":"Home","item":"https:\/\/welcomehome-london.com\/fr\/"},{"@type":"ListItem","position":2,"name":"RELOCATION ET ACHAT IMMOBILIER","item":"https:\/\/welcomehome-london.com\/fr\/services\/"},{"@type":"ListItem","position":3,"name":"ACHAT IMMOBILIER A LONDRES"}]},{"@type":"WebSite","@id":"https:\/\/welcomehome-london.com\/#website","url":"https:\/\/welcomehome-london.com\/","name":"Welcome Home London","description":"Estate Agent","publisher":{"@id":"https:\/\/welcomehome-london.com\/#organization"},"potentialAction":[{"@type":"SearchAction","target":{"@type":"EntryPoint","urlTemplate":"https:\/\/welcomehome-london.com\/?s={search_term_string}"},"query-input":{"@type":"PropertyValueSpecification","valueRequired":true,"valueName":"search_term_string"}}],"inLanguage":"fr-FR"},{"@type":"Organization","@id":"https:\/\/welcomehome-london.com\/#organization","name":"Welcome Home London","url":"https:\/\/welcomehome-london.com\/","logo":{"@type":"ImageObject","inLanguage":"fr-FR","@id":"https:\/\/welcomehome-london.com\/#\/schema\/logo\/image\/","url":"https:\/\/welcomehome-london.com\/wp-content\/uploads\/2020\/05\/logo3.png","contentUrl":"https:\/\/welcomehome-london.com\/wp-content\/uploads\/2020\/05\/logo3.png","width":330,"height":94,"caption":"Welcome Home London"},"image":{"@id":"https:\/\/welcomehome-london.com\/#\/schema\/logo\/image\/"}}]}},"_links":{"self":[{"href":"https:\/\/welcomehome-london.com\/fr\/wp-json\/wp\/v2\/pages\/1746","targetHints":{"allow":["GET"]}}],"collection":[{"href":"https:\/\/welcomehome-london.com\/fr\/wp-json\/wp\/v2\/pages"}],"about":[{"href":"https:\/\/welcomehome-london.com\/fr\/wp-json\/wp\/v2\/types\/page"}],"author":[{"embeddable":true,"href":"https:\/\/welcomehome-london.com\/fr\/wp-json\/wp\/v2\/users\/4"}],"replies":[{"embeddable":true,"href":"https:\/\/welcomehome-london.com\/fr\/wp-json\/wp\/v2\/comments?post=1746"}],"version-history":[{"count":23,"href":"https:\/\/welcomehome-london.com\/fr\/wp-json\/wp\/v2\/pages\/1746\/revisions"}],"predecessor-version":[{"id":7701,"href":"https:\/\/welcomehome-london.com\/fr\/wp-json\/wp\/v2\/pages\/1746\/revisions\/7701"}],"up":[{"embeddable":true,"href":"https:\/\/welcomehome-london.com\/fr\/wp-json\/wp\/v2\/pages\/1714"}],"wp:attachment":[{"href":"https:\/\/welcomehome-london.com\/fr\/wp-json\/wp\/v2\/media?parent=1746"}],"curies":[{"name":"wp","href":"https:\/\/api.w.org\/{rel}","templated":true}]}}