{"id":1739,"date":"2015-12-23T16:30:22","date_gmt":"2015-12-23T16:30:22","guid":{"rendered":"http:\/\/welcomehome-london.com\/services\/commercial-premises-search\/?lang=fr"},"modified":"2020-06-04T18:27:04","modified_gmt":"2020-06-04T17:27:04","slug":"recherche-locaux-commerciaux","status":"publish","type":"page","link":"https:\/\/welcomehome-london.com\/fr\/services\/recherche-locaux-commerciaux\/","title":{"rendered":"RECHERCHE DE LOCAUX COMMERCIAUX"},"content":{"rendered":"<div class=\"wpb-content-wrapper\"><p>[vc_row][vc_column width=\u00a0\u00bb1\/2&Prime;][vc_column_text]<\/p>\n<h4 style=\"margin-top: 0;\">Service Recherche de Locaux Commerciaux<\/h4>\n<p>Vous d\u00e9marrez votre business \u00e0 Londres? Vous d\u00e9veloppez votre activit\u00e9 en ouvrant une <strong>nouvelle boutique<\/strong>? Nous prenons en charge votre recherche de locaux commerciaux. <strong>Notre expertise nous permet de cibler le quartier et n\u00e9gocier le local commercial adapt\u00e9<\/strong> \u00e0 votre image et \u00e0 votre client\u00e8le.<\/p>\n<p>Nous recherchons aussi bien des <strong>boutiques<\/strong>, des <strong>bureaux<\/strong>, des <strong>locaux d&rsquo;\u00e9coles<\/strong> que des <strong>restaurants <\/strong>\u00e0 Londres.<\/p>\n<p><strong><a href=\"http:\/\/welcomehome-london.com\/fr\/contact\/\">Tarifs Recherche de locaux commerciaux, contactez-nous<\/a><\/strong>[\/vc_column_text][vc_empty_space height=\u00a0\u00bb10px\u00a0\u00bb][vc_column_text]<\/p>\n<h4>Notre diff\u00e9rence<\/h4>\n<p>[\/vc_column_text][vc_empty_space height=\u00a0\u00bb10px\u00a0\u00bb]<ul class=\"iconlist iconlist \"><li ><i class=\"fa fa-check-circle\"><\/i> <span style=\"font-size: 120%;\">Un interlocuteur unique<\/span><br \/>\nLors d&rsquo;un premier entretien en face \u00e0 face ou par t\u00e9l\u00e9phone, votre consultant d\u00e9di\u00e9 fait le tour de vos besoins, des contraintes li\u00e9es \u00e0 votre business, de votre cible de client\u00e8le, du niveau d\u2019activit\u00e9 attendu. Il valide la faisabilit\u00e9 de votre projet et propose 2 \u00e0 4 quartiers cible.<\/li><li ><i class=\"fa fa-check-circle\"><\/i> <span style=\"font-size: 120%;\">Pr\u00e9-visites film\u00e9es syst\u00e9matiques<\/span><br \/>\nSur le terrain, aupr\u00e8s de notre r\u00e9seau, nous d\u00e9nichons les biens correspondant \u00e0 votre recherche. Nous <b>pr\u00e9visitons et filmons<\/b> tous les locaux avant de vous les pr\u00e9senter. Vous effectuez une <b>premi\u00e8re s\u00e9lection sur la base de ces vid\u00e9os<\/b>. C&rsquo;est un <b>pr\u00e9cieux gain de temps<\/b>, surtout si vous n&rsquo;\u00eates pas \u00e0 Londres.<\/li><li ><i class=\"fa fa-check-circle\"><\/i> <span style=\"font-size: 120%;\">Une app d\u00e9di\u00e9e<\/span><br \/>\nNous mettons \u00e0 votre disposition notre app d\u00e9di\u00e9e pour un <b>acc\u00e8s imm\u00e9diat aux vid\u00e9os et CR de visite<\/b> pour chaque option visit\u00e9e. Cet outil exclusif facilite nos \u00e9changes pendant la recherche et la n\u00e9gociation de votre local commercial.<\/li><li ><i class=\"fa fa-check-circle\"><\/i> <span style=\"font-size: 120%;\">Notre r\u00e9seau de partenaires<\/span><br \/>\nLors de votre venue \u00e0 Londres, nous vous accompagnons pour visiter les biens retenus sur une oue deux journ\u00e9es. Nous <b>n\u00e9gocions pour vous le loyer et les conditions du bail<\/b> (dur\u00e9e, deposit, travaux, mois gratuits). Vous b\u00e9n\u00e9ficiez de notre <b>r\u00e9seau de partenaires<\/b> (solicitors, comptables, fiscalistes, travaux&#8230;)<\/li><\/ul><ul class=\"iconlist iconlist \"><\/ul>[\/vc_column][vc_column width=\u00a0\u00bb1\/2&Prime;][vc_single_image image=\u00a0\u00bb2706&Prime; img_size=\u00a0\u00bb700&#215;495&Prime; onclick=\u00a0\u00bblink_image\u00a0\u00bb][vc_empty_space height=\u00a0\u00bb30px\u00a0\u00bb][vc_single_image image=\u00a0\u00bb3347&Prime; img_size=\u00a0\u00bbfull\u00a0\u00bb][vc_empty_space height=\u00a0\u00bb30px\u00a0\u00bb][vc_single_image image=\u00a0\u00bb2704&Prime; img_size=\u00a0\u00bb700&#215;495&Prime;][vc_empty_space height=\u00a0\u00bb30px\u00a0\u00bb][vc_single_image image=\u00a0\u00bb3239&Prime; img_size=\u00a0\u00bbfull\u00a0\u00bb][\/vc_column][\/vc_row][vc_row][vc_column][vc_column_text]<\/p>\n<h4>Vous recherchez une boutique, un bureau, un commerce \u00e0 Londres?<\/h4>\n<p><strong><a href=\"http:\/\/welcomehome-london.com\/fr\/contact\/\">Contactez-nous pour un devis personnalis\u00e9<\/a><\/strong>[\/vc_column_text][\/vc_column][\/vc_row]<\/p>\n<\/div>","protected":false},"excerpt":{"rendered":"<p>[vc_row][vc_column width=\u00a0\u00bb1\/2&Prime;][vc_column_text] Service Recherche de Locaux Commerciaux Vous d\u00e9marrez votre business \u00e0 Londres? Vous d\u00e9veloppez votre activit\u00e9 en ouvrant une nouvelle boutique? Nous prenons en charge votre recherche de locaux commerciaux. Notre expertise nous permet de cibler le quartier et n\u00e9gocier le local commercial adapt\u00e9 \u00e0 votre image et \u00e0 votre client\u00e8le. Nous recherchons aussi [&hellip;]<\/p>\n","protected":false},"author":4,"featured_media":0,"parent":1714,"menu_order":0,"comment_status":"closed","ping_status":"closed","template":"","meta":{"_acf_changed":false,"footnotes":""},"class_list":["post-1739","page","type-page","status-publish","hentry","no-post-thumbnail"],"acf":[],"yoast_head":"<!-- This site is optimized with the Yoast SEO plugin v26.6 - https:\/\/yoast.com\/wordpress\/plugins\/seo\/ -->\n<title>Recherche locaux commerciaux - WELCOME HOME LONDON<\/title>\n<meta name=\"description\" content=\"Recherche de locaux commerciaux, boutique, bureau \u00e0 Londres? Faites confiance \u00e0 notre expertise pour trouver le local et le quartier adapt\u00e9s \u00e0 vos besoins.\" \/>\n<meta name=\"robots\" content=\"index, follow, max-snippet:-1, max-image-preview:large, max-video-preview:-1\" \/>\n<link rel=\"canonical\" href=\"https:\/\/welcomehome-london.com\/fr\/services\/recherche-locaux-commerciaux\/\" \/>\n<meta property=\"og:locale\" content=\"fr_FR\" \/>\n<meta property=\"og:type\" content=\"article\" \/>\n<meta property=\"og:title\" content=\"Recherche locaux commerciaux - WELCOME HOME LONDON\" \/>\n<meta property=\"og:description\" content=\"Recherche de locaux commerciaux, boutique, bureau \u00e0 Londres? Faites confiance \u00e0 notre expertise pour trouver le local et le quartier adapt\u00e9s \u00e0 vos besoins.\" \/>\n<meta property=\"og:url\" content=\"https:\/\/welcomehome-london.com\/fr\/services\/recherche-locaux-commerciaux\/\" \/>\n<meta property=\"og:site_name\" content=\"Welcome Home London\" \/>\n<meta property=\"article:modified_time\" content=\"2020-06-04T17:27:04+00:00\" \/>\n<meta name=\"twitter:card\" content=\"summary_large_image\" \/>\n<meta name=\"twitter:label1\" content=\"Dur\u00e9e de lecture estim\u00e9e\" \/>\n\t<meta name=\"twitter:data1\" content=\"2 minutes\" \/>\n<script type=\"application\/ld+json\" class=\"yoast-schema-graph\">{\"@context\":\"https:\/\/schema.org\",\"@graph\":[{\"@type\":\"WebPage\",\"@id\":\"https:\/\/welcomehome-london.com\/fr\/services\/recherche-locaux-commerciaux\/\",\"url\":\"https:\/\/welcomehome-london.com\/fr\/services\/recherche-locaux-commerciaux\/\",\"name\":\"Recherche locaux commerciaux - WELCOME HOME LONDON\",\"isPartOf\":{\"@id\":\"https:\/\/welcomehome-london.com\/#website\"},\"datePublished\":\"2015-12-23T16:30:22+00:00\",\"dateModified\":\"2020-06-04T17:27:04+00:00\",\"description\":\"Recherche de locaux commerciaux, boutique, bureau \u00e0 Londres? Faites confiance \u00e0 notre expertise pour trouver le local et le quartier adapt\u00e9s \u00e0 vos besoins.\",\"breadcrumb\":{\"@id\":\"https:\/\/welcomehome-london.com\/fr\/services\/recherche-locaux-commerciaux\/#breadcrumb\"},\"inLanguage\":\"fr-FR\",\"potentialAction\":[{\"@type\":\"ReadAction\",\"target\":[\"https:\/\/welcomehome-london.com\/fr\/services\/recherche-locaux-commerciaux\/\"]}]},{\"@type\":\"BreadcrumbList\",\"@id\":\"https:\/\/welcomehome-london.com\/fr\/services\/recherche-locaux-commerciaux\/#breadcrumb\",\"itemListElement\":[{\"@type\":\"ListItem\",\"position\":1,\"name\":\"Home\",\"item\":\"https:\/\/welcomehome-london.com\/fr\/\"},{\"@type\":\"ListItem\",\"position\":2,\"name\":\"RELOCATION ET ACHAT IMMOBILIER\",\"item\":\"https:\/\/welcomehome-london.com\/fr\/services\/\"},{\"@type\":\"ListItem\",\"position\":3,\"name\":\"RECHERCHE DE LOCAUX COMMERCIAUX\"}]},{\"@type\":\"WebSite\",\"@id\":\"https:\/\/welcomehome-london.com\/#website\",\"url\":\"https:\/\/welcomehome-london.com\/\",\"name\":\"Welcome Home London\",\"description\":\"Estate Agent\",\"publisher\":{\"@id\":\"https:\/\/welcomehome-london.com\/#organization\"},\"potentialAction\":[{\"@type\":\"SearchAction\",\"target\":{\"@type\":\"EntryPoint\",\"urlTemplate\":\"https:\/\/welcomehome-london.com\/?s={search_term_string}\"},\"query-input\":{\"@type\":\"PropertyValueSpecification\",\"valueRequired\":true,\"valueName\":\"search_term_string\"}}],\"inLanguage\":\"fr-FR\"},{\"@type\":\"Organization\",\"@id\":\"https:\/\/welcomehome-london.com\/#organization\",\"name\":\"Welcome Home London\",\"url\":\"https:\/\/welcomehome-london.com\/\",\"logo\":{\"@type\":\"ImageObject\",\"inLanguage\":\"fr-FR\",\"@id\":\"https:\/\/welcomehome-london.com\/#\/schema\/logo\/image\/\",\"url\":\"https:\/\/welcomehome-london.com\/wp-content\/uploads\/2020\/05\/logo3.png\",\"contentUrl\":\"https:\/\/welcomehome-london.com\/wp-content\/uploads\/2020\/05\/logo3.png\",\"width\":330,\"height\":94,\"caption\":\"Welcome Home London\"},\"image\":{\"@id\":\"https:\/\/welcomehome-london.com\/#\/schema\/logo\/image\/\"}}]}<\/script>\n<!-- \/ Yoast SEO plugin. -->","yoast_head_json":{"title":"Recherche locaux commerciaux - WELCOME HOME LONDON","description":"Recherche de locaux commerciaux, boutique, bureau \u00e0 Londres? Faites confiance \u00e0 notre expertise pour trouver le local et le quartier adapt\u00e9s \u00e0 vos besoins.","robots":{"index":"index","follow":"follow","max-snippet":"max-snippet:-1","max-image-preview":"max-image-preview:large","max-video-preview":"max-video-preview:-1"},"canonical":"https:\/\/welcomehome-london.com\/fr\/services\/recherche-locaux-commerciaux\/","og_locale":"fr_FR","og_type":"article","og_title":"Recherche locaux commerciaux - WELCOME HOME LONDON","og_description":"Recherche de locaux commerciaux, boutique, bureau \u00e0 Londres? Faites confiance \u00e0 notre expertise pour trouver le local et le quartier adapt\u00e9s \u00e0 vos besoins.","og_url":"https:\/\/welcomehome-london.com\/fr\/services\/recherche-locaux-commerciaux\/","og_site_name":"Welcome Home London","article_modified_time":"2020-06-04T17:27:04+00:00","twitter_card":"summary_large_image","twitter_misc":{"Dur\u00e9e de lecture estim\u00e9e":"2 minutes"},"schema":{"@context":"https:\/\/schema.org","@graph":[{"@type":"WebPage","@id":"https:\/\/welcomehome-london.com\/fr\/services\/recherche-locaux-commerciaux\/","url":"https:\/\/welcomehome-london.com\/fr\/services\/recherche-locaux-commerciaux\/","name":"Recherche locaux commerciaux - WELCOME HOME LONDON","isPartOf":{"@id":"https:\/\/welcomehome-london.com\/#website"},"datePublished":"2015-12-23T16:30:22+00:00","dateModified":"2020-06-04T17:27:04+00:00","description":"Recherche de locaux commerciaux, boutique, bureau \u00e0 Londres? Faites confiance \u00e0 notre expertise pour trouver le local et le quartier adapt\u00e9s \u00e0 vos besoins.","breadcrumb":{"@id":"https:\/\/welcomehome-london.com\/fr\/services\/recherche-locaux-commerciaux\/#breadcrumb"},"inLanguage":"fr-FR","potentialAction":[{"@type":"ReadAction","target":["https:\/\/welcomehome-london.com\/fr\/services\/recherche-locaux-commerciaux\/"]}]},{"@type":"BreadcrumbList","@id":"https:\/\/welcomehome-london.com\/fr\/services\/recherche-locaux-commerciaux\/#breadcrumb","itemListElement":[{"@type":"ListItem","position":1,"name":"Home","item":"https:\/\/welcomehome-london.com\/fr\/"},{"@type":"ListItem","position":2,"name":"RELOCATION ET ACHAT IMMOBILIER","item":"https:\/\/welcomehome-london.com\/fr\/services\/"},{"@type":"ListItem","position":3,"name":"RECHERCHE DE LOCAUX COMMERCIAUX"}]},{"@type":"WebSite","@id":"https:\/\/welcomehome-london.com\/#website","url":"https:\/\/welcomehome-london.com\/","name":"Welcome Home London","description":"Estate Agent","publisher":{"@id":"https:\/\/welcomehome-london.com\/#organization"},"potentialAction":[{"@type":"SearchAction","target":{"@type":"EntryPoint","urlTemplate":"https:\/\/welcomehome-london.com\/?s={search_term_string}"},"query-input":{"@type":"PropertyValueSpecification","valueRequired":true,"valueName":"search_term_string"}}],"inLanguage":"fr-FR"},{"@type":"Organization","@id":"https:\/\/welcomehome-london.com\/#organization","name":"Welcome Home London","url":"https:\/\/welcomehome-london.com\/","logo":{"@type":"ImageObject","inLanguage":"fr-FR","@id":"https:\/\/welcomehome-london.com\/#\/schema\/logo\/image\/","url":"https:\/\/welcomehome-london.com\/wp-content\/uploads\/2020\/05\/logo3.png","contentUrl":"https:\/\/welcomehome-london.com\/wp-content\/uploads\/2020\/05\/logo3.png","width":330,"height":94,"caption":"Welcome Home London"},"image":{"@id":"https:\/\/welcomehome-london.com\/#\/schema\/logo\/image\/"}}]}},"_links":{"self":[{"href":"https:\/\/welcomehome-london.com\/fr\/wp-json\/wp\/v2\/pages\/1739","targetHints":{"allow":["GET"]}}],"collection":[{"href":"https:\/\/welcomehome-london.com\/fr\/wp-json\/wp\/v2\/pages"}],"about":[{"href":"https:\/\/welcomehome-london.com\/fr\/wp-json\/wp\/v2\/types\/page"}],"author":[{"embeddable":true,"href":"https:\/\/welcomehome-london.com\/fr\/wp-json\/wp\/v2\/users\/4"}],"replies":[{"embeddable":true,"href":"https:\/\/welcomehome-london.com\/fr\/wp-json\/wp\/v2\/comments?post=1739"}],"version-history":[{"count":34,"href":"https:\/\/welcomehome-london.com\/fr\/wp-json\/wp\/v2\/pages\/1739\/revisions"}],"predecessor-version":[{"id":5725,"href":"https:\/\/welcomehome-london.com\/fr\/wp-json\/wp\/v2\/pages\/1739\/revisions\/5725"}],"up":[{"embeddable":true,"href":"https:\/\/welcomehome-london.com\/fr\/wp-json\/wp\/v2\/pages\/1714"}],"wp:attachment":[{"href":"https:\/\/welcomehome-london.com\/fr\/wp-json\/wp\/v2\/media?parent=1739"}],"curies":[{"name":"wp","href":"https:\/\/api.w.org\/{rel}","templated":true}]}}