{"id":1734,"date":"2015-12-23T16:34:25","date_gmt":"2015-12-23T16:34:25","guid":{"rendered":"http:\/\/welcomehome-london.com\/services\/settling-in-package\/?lang=fr"},"modified":"2025-09-12T14:35:46","modified_gmt":"2025-09-12T13:35:46","slug":"pack-installation-a-londres","status":"publish","type":"page","link":"https:\/\/welcomehome-london.com\/fr\/services\/pack-installation-a-londres\/","title":{"rendered":"PACK INSTALLATION A LONDRES"},"content":{"rendered":"<div class=\"wpb-content-wrapper\"><p>[vc_row][vc_column width=\u00a0\u00bb1\/2&Prime;][vc_single_image image=\u00a0\u00bb2910&Prime; img_size=\u00a0\u00bbfull\u00a0\u00bb onclick=\u00a0\u00bblink_image\u00a0\u00bb][vc_empty_space height=\u00a0\u00bb30px\u00a0\u00bb][vc_single_image image=\u00a0\u00bb2865&Prime; img_size=\u00a0\u00bbfull\u00a0\u00bb onclick=\u00a0\u00bblink_image\u00a0\u00bb][vc_empty_space height=\u00a0\u00bb30px\u00a0\u00bb][vc_single_image image=\u00a0\u00bb3432&Prime; img_size=\u00a0\u00bbfull\u00a0\u00bb onclick=\u00a0\u00bblink_image\u00a0\u00bb][vc_empty_space height=\u00a0\u00bb30px\u00a0\u00bb][vc_single_image image=\u00a0\u00bb3285&Prime; img_size=\u00a0\u00bbfull\u00a0\u00bb onclick=\u00a0\u00bblink_image\u00a0\u00bb][\/vc_column][vc_column width=\u00a0\u00bb1\/2&Prime;][vc_column_text]<\/p>\n<h4 style=\"margin-top: 0;\">Service Pack Installation \u00e0 Londres<\/h4>\n<p>D\u00e9marrez votre vie londonienne en toute s\u00e9r\u00e9nit\u00e9, all\u00e9gez les contraintes li\u00e9es \u00e0 l\u2019installation, soyez connect\u00e9 \u00e0 Internet d\u00e8s le jour de votre arriv\u00e9e gr\u00e2ce \u00e0 notre Pack Installation \u00e0 Londres. Eau, gaz, \u00e9lectricit\u00e9, Council tax, Resident Permit et surtout le choix et l&rsquo;installation de l&rsquo;indispensable connexion Internet, nous nous occupons de tout lors de votre emm\u00e9nagement.<\/p>\n<p><strong><a href=\"http:\/\/welcomehome-london.com\/fr\/pricing-table\/\">Tarifs Pack Installation, cliquez ici<\/a><\/strong>[\/vc_column_text][vc_empty_space height=\u00a0\u00bb10px\u00a0\u00bb][vc_empty_space height=\u00a0\u00bb10px\u00a0\u00bb][vc_column_text css=\u00a0\u00bb\u00a0\u00bb]<\/p>\n<h4 style=\"margin-top: 0;\">Installez-vous \u00e0 Londres l\u2019esprit tranquille<\/h4>\n<p>Nous effectuons en votre nom les formalit\u00e9s d\u2019ouverture de contrats et vous proposons les meilleures offres du moment pour :<\/p>\n<ul>\n<li>Energie (Gaz et Electricit\u00e9)<\/li>\n<li>Eau<\/li>\n<li>T\u00e9l\u00e9phonie Fixe et mobile<\/li>\n<li>Internet<\/li>\n<\/ul>\n<p>All\u00e9gez-vous des contraintes administratives :<br \/>\nNous mettons en place pour vous :<\/p>\n<ul>\n<li>la TV License<\/li>\n<li>la Council Tax<\/li>\n<li>le Resident Permit<\/li>\n<\/ul>\n<p>Nous sommes pr\u00e9sents pour toute question et vous accompagnons en cas de difficult\u00e9 du lundi au samedi pendant les 4 semaines qui suivent votre installation \u00e0 Londres.<\/p>\n<p>Vous b\u00e9n\u00e9ficiez des offres de nos partenaires recommand\u00e9s pour vos<\/p>\n<ul>\n<li>Transfert de devises<\/li>\n<li>D\u00e9m\u00e9nagement<\/li>\n<li>Aide personnalis\u00e9e \u00e0 l&#8217;emm\u00e9nagement\/Declutering<\/li>\n<\/ul>\n<p>D\u00e9couvrez \u00e9galement notre <a href=\"http:\/\/welcomehome-london.com\/fr\/services\/pack-depart-londres\/\">pack D\u00e9part<\/a> pour terminer votre contrat de location et vous acquitter de toutes les formalit\u00e9s administratives pr\u00e9c\u00e9dant votre d\u00e9part de Londres.[\/vc_column_text][\/vc_column][\/vc_row]<\/p>\n<\/div>","protected":false},"excerpt":{"rendered":"<p>[vc_row][vc_column width=\u00a0\u00bb1\/2&Prime;][vc_single_image image=\u00a0\u00bb2910&Prime; img_size=\u00a0\u00bbfull\u00a0\u00bb onclick=\u00a0\u00bblink_image\u00a0\u00bb][vc_empty_space height=\u00a0\u00bb30px\u00a0\u00bb][vc_single_image image=\u00a0\u00bb2865&Prime; img_size=\u00a0\u00bbfull\u00a0\u00bb onclick=\u00a0\u00bblink_image\u00a0\u00bb][vc_empty_space height=\u00a0\u00bb30px\u00a0\u00bb][vc_single_image image=\u00a0\u00bb3432&Prime; img_size=\u00a0\u00bbfull\u00a0\u00bb onclick=\u00a0\u00bblink_image\u00a0\u00bb][vc_empty_space height=\u00a0\u00bb30px\u00a0\u00bb][vc_single_image image=\u00a0\u00bb3285&Prime; img_size=\u00a0\u00bbfull\u00a0\u00bb onclick=\u00a0\u00bblink_image\u00a0\u00bb][\/vc_column][vc_column width=\u00a0\u00bb1\/2&Prime;][vc_column_text] Service Pack Installation \u00e0 Londres D\u00e9marrez votre vie londonienne en toute s\u00e9r\u00e9nit\u00e9, all\u00e9gez les contraintes li\u00e9es \u00e0 l\u2019installation, soyez connect\u00e9 \u00e0 Internet d\u00e8s le jour de votre arriv\u00e9e gr\u00e2ce \u00e0 notre Pack Installation \u00e0 Londres. Eau, gaz, [&hellip;]<\/p>\n","protected":false},"author":4,"featured_media":0,"parent":1714,"menu_order":0,"comment_status":"closed","ping_status":"closed","template":"","meta":{"_acf_changed":false,"footnotes":""},"class_list":["post-1734","page","type-page","status-publish","hentry","no-post-thumbnail"],"acf":[],"yoast_head":"<!-- This site is optimized with the Yoast SEO plugin v26.6 - https:\/\/yoast.com\/wordpress\/plugins\/seo\/ -->\n<title>Pack Installation \u00e0 Londres - Relocation - Welcome Home London<\/title>\n<meta name=\"description\" content=\"Pack Installation \u00e0 Londres, nous g\u00e9rons avant votre arriv\u00e9e les ouvertures de gaz, \u00e9lectricit\u00e9, eau, internet, Council Tax pour une relocation zen.\" \/>\n<meta name=\"robots\" content=\"index, follow, max-snippet:-1, max-image-preview:large, max-video-preview:-1\" \/>\n<link rel=\"canonical\" href=\"https:\/\/welcomehome-london.com\/fr\/services\/pack-installation-a-londres\/\" \/>\n<meta property=\"og:locale\" content=\"fr_FR\" \/>\n<meta property=\"og:type\" content=\"article\" \/>\n<meta property=\"og:title\" content=\"Pack Installation \u00e0 Londres - Relocation - Welcome Home London\" \/>\n<meta property=\"og:description\" content=\"Pack Installation \u00e0 Londres, nous g\u00e9rons avant votre arriv\u00e9e les ouvertures de gaz, \u00e9lectricit\u00e9, eau, internet, Council Tax pour une relocation zen.\" \/>\n<meta property=\"og:url\" content=\"https:\/\/welcomehome-london.com\/fr\/services\/pack-installation-a-londres\/\" \/>\n<meta property=\"og:site_name\" content=\"Welcome Home London\" \/>\n<meta property=\"article:modified_time\" content=\"2025-09-12T13:35:46+00:00\" \/>\n<meta name=\"twitter:card\" content=\"summary_large_image\" \/>\n<meta name=\"twitter:label1\" content=\"Dur\u00e9e de lecture estim\u00e9e\" \/>\n\t<meta name=\"twitter:data1\" content=\"2 minutes\" \/>\n<script type=\"application\/ld+json\" class=\"yoast-schema-graph\">{\"@context\":\"https:\/\/schema.org\",\"@graph\":[{\"@type\":\"WebPage\",\"@id\":\"https:\/\/welcomehome-london.com\/fr\/services\/pack-installation-a-londres\/\",\"url\":\"https:\/\/welcomehome-london.com\/fr\/services\/pack-installation-a-londres\/\",\"name\":\"Pack Installation \u00e0 Londres - Relocation - Welcome Home London\",\"isPartOf\":{\"@id\":\"https:\/\/welcomehome-london.com\/#website\"},\"datePublished\":\"2015-12-23T16:34:25+00:00\",\"dateModified\":\"2025-09-12T13:35:46+00:00\",\"description\":\"Pack Installation \u00e0 Londres, nous g\u00e9rons avant votre arriv\u00e9e les ouvertures de gaz, \u00e9lectricit\u00e9, eau, internet, Council Tax pour une relocation zen.\",\"breadcrumb\":{\"@id\":\"https:\/\/welcomehome-london.com\/fr\/services\/pack-installation-a-londres\/#breadcrumb\"},\"inLanguage\":\"fr-FR\",\"potentialAction\":[{\"@type\":\"ReadAction\",\"target\":[\"https:\/\/welcomehome-london.com\/fr\/services\/pack-installation-a-londres\/\"]}]},{\"@type\":\"BreadcrumbList\",\"@id\":\"https:\/\/welcomehome-london.com\/fr\/services\/pack-installation-a-londres\/#breadcrumb\",\"itemListElement\":[{\"@type\":\"ListItem\",\"position\":1,\"name\":\"Home\",\"item\":\"https:\/\/welcomehome-london.com\/fr\/\"},{\"@type\":\"ListItem\",\"position\":2,\"name\":\"RELOCATION ET ACHAT IMMOBILIER\",\"item\":\"https:\/\/welcomehome-london.com\/fr\/services\/\"},{\"@type\":\"ListItem\",\"position\":3,\"name\":\"PACK INSTALLATION A LONDRES\"}]},{\"@type\":\"WebSite\",\"@id\":\"https:\/\/welcomehome-london.com\/#website\",\"url\":\"https:\/\/welcomehome-london.com\/\",\"name\":\"Welcome Home London\",\"description\":\"Estate Agent\",\"publisher\":{\"@id\":\"https:\/\/welcomehome-london.com\/#organization\"},\"potentialAction\":[{\"@type\":\"SearchAction\",\"target\":{\"@type\":\"EntryPoint\",\"urlTemplate\":\"https:\/\/welcomehome-london.com\/?s={search_term_string}\"},\"query-input\":{\"@type\":\"PropertyValueSpecification\",\"valueRequired\":true,\"valueName\":\"search_term_string\"}}],\"inLanguage\":\"fr-FR\"},{\"@type\":\"Organization\",\"@id\":\"https:\/\/welcomehome-london.com\/#organization\",\"name\":\"Welcome Home London\",\"url\":\"https:\/\/welcomehome-london.com\/\",\"logo\":{\"@type\":\"ImageObject\",\"inLanguage\":\"fr-FR\",\"@id\":\"https:\/\/welcomehome-london.com\/#\/schema\/logo\/image\/\",\"url\":\"https:\/\/welcomehome-london.com\/wp-content\/uploads\/2020\/05\/logo3.png\",\"contentUrl\":\"https:\/\/welcomehome-london.com\/wp-content\/uploads\/2020\/05\/logo3.png\",\"width\":330,\"height\":94,\"caption\":\"Welcome Home London\"},\"image\":{\"@id\":\"https:\/\/welcomehome-london.com\/#\/schema\/logo\/image\/\"}}]}<\/script>\n<!-- \/ Yoast SEO plugin. -->","yoast_head_json":{"title":"Pack Installation \u00e0 Londres - Relocation - Welcome Home London","description":"Pack Installation \u00e0 Londres, nous g\u00e9rons avant votre arriv\u00e9e les ouvertures de gaz, \u00e9lectricit\u00e9, eau, internet, Council Tax pour une relocation zen.","robots":{"index":"index","follow":"follow","max-snippet":"max-snippet:-1","max-image-preview":"max-image-preview:large","max-video-preview":"max-video-preview:-1"},"canonical":"https:\/\/welcomehome-london.com\/fr\/services\/pack-installation-a-londres\/","og_locale":"fr_FR","og_type":"article","og_title":"Pack Installation \u00e0 Londres - Relocation - Welcome Home London","og_description":"Pack Installation \u00e0 Londres, nous g\u00e9rons avant votre arriv\u00e9e les ouvertures de gaz, \u00e9lectricit\u00e9, eau, internet, Council Tax pour une relocation zen.","og_url":"https:\/\/welcomehome-london.com\/fr\/services\/pack-installation-a-londres\/","og_site_name":"Welcome Home London","article_modified_time":"2025-09-12T13:35:46+00:00","twitter_card":"summary_large_image","twitter_misc":{"Dur\u00e9e de lecture estim\u00e9e":"2 minutes"},"schema":{"@context":"https:\/\/schema.org","@graph":[{"@type":"WebPage","@id":"https:\/\/welcomehome-london.com\/fr\/services\/pack-installation-a-londres\/","url":"https:\/\/welcomehome-london.com\/fr\/services\/pack-installation-a-londres\/","name":"Pack Installation \u00e0 Londres - Relocation - Welcome Home London","isPartOf":{"@id":"https:\/\/welcomehome-london.com\/#website"},"datePublished":"2015-12-23T16:34:25+00:00","dateModified":"2025-09-12T13:35:46+00:00","description":"Pack Installation \u00e0 Londres, nous g\u00e9rons avant votre arriv\u00e9e les ouvertures de gaz, \u00e9lectricit\u00e9, eau, internet, Council Tax pour une relocation zen.","breadcrumb":{"@id":"https:\/\/welcomehome-london.com\/fr\/services\/pack-installation-a-londres\/#breadcrumb"},"inLanguage":"fr-FR","potentialAction":[{"@type":"ReadAction","target":["https:\/\/welcomehome-london.com\/fr\/services\/pack-installation-a-londres\/"]}]},{"@type":"BreadcrumbList","@id":"https:\/\/welcomehome-london.com\/fr\/services\/pack-installation-a-londres\/#breadcrumb","itemListElement":[{"@type":"ListItem","position":1,"name":"Home","item":"https:\/\/welcomehome-london.com\/fr\/"},{"@type":"ListItem","position":2,"name":"RELOCATION ET ACHAT IMMOBILIER","item":"https:\/\/welcomehome-london.com\/fr\/services\/"},{"@type":"ListItem","position":3,"name":"PACK INSTALLATION A LONDRES"}]},{"@type":"WebSite","@id":"https:\/\/welcomehome-london.com\/#website","url":"https:\/\/welcomehome-london.com\/","name":"Welcome Home London","description":"Estate Agent","publisher":{"@id":"https:\/\/welcomehome-london.com\/#organization"},"potentialAction":[{"@type":"SearchAction","target":{"@type":"EntryPoint","urlTemplate":"https:\/\/welcomehome-london.com\/?s={search_term_string}"},"query-input":{"@type":"PropertyValueSpecification","valueRequired":true,"valueName":"search_term_string"}}],"inLanguage":"fr-FR"},{"@type":"Organization","@id":"https:\/\/welcomehome-london.com\/#organization","name":"Welcome Home London","url":"https:\/\/welcomehome-london.com\/","logo":{"@type":"ImageObject","inLanguage":"fr-FR","@id":"https:\/\/welcomehome-london.com\/#\/schema\/logo\/image\/","url":"https:\/\/welcomehome-london.com\/wp-content\/uploads\/2020\/05\/logo3.png","contentUrl":"https:\/\/welcomehome-london.com\/wp-content\/uploads\/2020\/05\/logo3.png","width":330,"height":94,"caption":"Welcome Home London"},"image":{"@id":"https:\/\/welcomehome-london.com\/#\/schema\/logo\/image\/"}}]}},"_links":{"self":[{"href":"https:\/\/welcomehome-london.com\/fr\/wp-json\/wp\/v2\/pages\/1734","targetHints":{"allow":["GET"]}}],"collection":[{"href":"https:\/\/welcomehome-london.com\/fr\/wp-json\/wp\/v2\/pages"}],"about":[{"href":"https:\/\/welcomehome-london.com\/fr\/wp-json\/wp\/v2\/types\/page"}],"author":[{"embeddable":true,"href":"https:\/\/welcomehome-london.com\/fr\/wp-json\/wp\/v2\/users\/4"}],"replies":[{"embeddable":true,"href":"https:\/\/welcomehome-london.com\/fr\/wp-json\/wp\/v2\/comments?post=1734"}],"version-history":[{"count":30,"href":"https:\/\/welcomehome-london.com\/fr\/wp-json\/wp\/v2\/pages\/1734\/revisions"}],"predecessor-version":[{"id":7696,"href":"https:\/\/welcomehome-london.com\/fr\/wp-json\/wp\/v2\/pages\/1734\/revisions\/7696"}],"up":[{"embeddable":true,"href":"https:\/\/welcomehome-london.com\/fr\/wp-json\/wp\/v2\/pages\/1714"}],"wp:attachment":[{"href":"https:\/\/welcomehome-london.com\/fr\/wp-json\/wp\/v2\/media?parent=1734"}],"curies":[{"name":"wp","href":"https:\/\/api.w.org\/{rel}","templated":true}]}}