{"id":1728,"date":"2015-12-23T16:44:54","date_gmt":"2015-12-23T16:44:54","guid":{"rendered":"http:\/\/welcomehome-london.com\/services\/school-search-in-london\/?lang=fr"},"modified":"2020-05-13T09:55:36","modified_gmt":"2020-05-13T08:55:36","slug":"recherche-ecoles-a-londres","status":"publish","type":"page","link":"https:\/\/welcomehome-london.com\/fr\/services\/recherche-ecoles-a-londres\/","title":{"rendered":"RECHERCHE D&rsquo;ECOLES A LONDRES"},"content":{"rendered":"<div class=\"wpb-content-wrapper\"><p>[vc_row][vc_column width=\u00a0\u00bb1\/2&Prime;][vc_single_image image=\u00a0\u00bb2727&Prime; img_size=\u00a0\u00bbfull\u00a0\u00bb onclick=\u00a0\u00bblink_image\u00a0\u00bb][vc_empty_space height=\u00a0\u00bb30px\u00a0\u00bb][vc_single_image image=\u00a0\u00bb2794&Prime; img_size=\u00a0\u00bbfull\u00a0\u00bb onclick=\u00a0\u00bblink_image\u00a0\u00bb][vc_empty_space height=\u00a0\u00bb30px\u00a0\u00bb][vc_single_image image=\u00a0\u00bb3400&Prime; img_size=\u00a0\u00bbfull\u00a0\u00bb onclick=\u00a0\u00bblink_image\u00a0\u00bb][vc_empty_space height=\u00a0\u00bb30px\u00a0\u00bb][vc_single_image image=\u00a0\u00bb3415&Prime; img_size=\u00a0\u00bbfull\u00a0\u00bb onclick=\u00a0\u00bblink_image\u00a0\u00bb][vc_empty_space height=\u00a0\u00bb30px\u00a0\u00bb][vc_single_image image=\u00a0\u00bb2726&Prime; img_size=\u00a0\u00bbfull\u00a0\u00bb onclick=\u00a0\u00bblink_image\u00a0\u00bb][\/vc_column][vc_column width=\u00a0\u00bb1\/2&Prime;][vc_column_text]<\/p>\n<h4 style=\"margin-top: 0;\">Service Recherche d&rsquo;\u00e9coles<\/h4>\n<p><a href=\"http:\/\/welcomehome-london.com\/fr\/school-fr\/local-state-schools\/\"><strong>Ecoles anglaises<\/strong> <strong>publiques<\/strong><\/a>, <a href=\"http:\/\/welcomehome-london.com\/fr\/school-fr\/ib-schools\/\"><strong>programme\u00a0IB<\/strong> <\/a>ou <a href=\"http:\/\/welcomehome-london.com\/fr\/school-fr\/bilingual-schools\/\"><strong>cursus<\/strong> <strong>bilingue<\/strong><\/a>, appuyez-vous sur notre exp\u00e9rience pour votre recherche d&rsquo;\u00e9coles \u00e0 Londres. N<strong>ous s\u00e9lectionnons pour vous les \u00e9coles adapt\u00e9es<\/strong>, <strong>nous soumettons et suivons les dossiers de candidature<\/strong> <strong>de vos enfants<\/strong>.<\/p>\n<p><strong><a href=\"http:\/\/welcomehome-london.com\/fr\/pricing-table\/\">Tarifs recherche d\u2019\u00e9coles, cliquez ici<\/a><\/strong><\/p>\n<p><strong><a href=\"http:\/\/welcomehome-london.com\/fr\/select-your-school\/\">Guide des \u00e9coles \u00e0 Londres, cliquez ici<\/a><\/strong>[\/vc_column_text][vc_empty_space height=\u00a0\u00bb10px\u00a0\u00bb][vc_column_text]<\/p>\n<h4>Notre diff\u00e9rence<\/h4>\n<p>Ecoles <a href=\"http:\/\/welcomehome-london.com\/fr\/school-fr\/ib-schools\/\">internationales<\/a>, <a href=\"http:\/\/welcomehome-london.com\/fr\/school-fr\/bilingual-schools\/\">bilingues<\/a> ou <a href=\"http:\/\/welcomehome-london.com\/fr\/school-fr\/local-state-schools\/\">anglaises<\/a>, <strong>nous avons recens\u00e9 puis visit\u00e9 de nombreux \u00e9tablissements \u00e0 Londres<\/strong>. Nous pouvons vous guider pour <strong>s\u00e9lectionner l\u2019\u00e9tablissement le mieux adapt\u00e9 \u00e0 la personnalit\u00e9 de votre enfant et<\/strong> <strong>\u00e0 ses projets d&rsquo;avenir<\/strong>. Notre <strong>premier entretien par Skype<\/strong> est <strong>gratuit<\/strong> et sans engagement. Il permet de lister<strong> les diff\u00e9rentes options pour votre recherche d&rsquo;\u00e9coles \u00e0 Londres<\/strong>.<\/p>\n<h4>Les \u00e9tapes de votre recherche d\u2019\u00e9coles \u00e0 Londres.<\/h4>\n<p>[\/vc_column_text][vc_empty_space height=\u00a0\u00bb20px\u00a0\u00bb]<ul class=\"iconlist iconlist \"><li ><i class=\"fa fa-check-circle\"><\/i> <span style=\"font-size: 120%;\">La d\u00e9finition des besoins<\/span><br \/>\nLors d&rsquo;un premier entretien Skype, vous d\u00e9crivez la <b>personnalit\u00e9 de votre enfant<\/b>, son <b>parcours scolaire<\/b>, la <b>dur\u00e9e de votre s\u00e9jour \u00e0 Londres<\/b> et vos contraintes g\u00e9ographiques. Nous pr\u00e9sentons les options possibles.<\/li><li ><i class=\"fa fa-check-circle\"><\/i> <span style=\"font-size: 120%;\">Choisir la meilleure \u00e9cole <\/span><br \/>\nNous \u00e9tablissons la <b>liste des \u00e9tablissements<\/b> qui correspondent \u00e0 vos crit\u00e8res. Nous vous <b>recommandons une s\u00e9lection<\/b> en fonction de notre exp\u00e9rience et du profil de votre enfant. Si cela est n\u00e9cessaire, <b>nous visitons certaines \u00e9coles pour vous<\/b>.<\/li><li ><i class=\"fa fa-check-circle\"><\/i> <span style=\"font-size: 120%;\">Les candidatures aux \u00e9coles<\/span><br \/>\n<b>Nous effectuons<\/b> pour vous les <b>demandes d\u2019inscription<\/b> pour les \u00e9coles de votre choix (inscription en cours d\u2019ann\u00e9e ou pour l\u2019ann\u00e9e scolaire suivante). Nous suivons <b>plusieurs dossiers<\/b> en parall\u00e8le pour <b>garantir une place \u00e0 votre enfant<\/b> au moment de son arriv\u00e9e \u00e0 Londres.<\/li><li ><i class=\"fa fa-check-circle\"><\/i> <span style=\"font-size: 120%;\">Le choix d\u00e9finitif de l&rsquo;\u00e9cole<\/span><br \/>\nPour les \u00e9coles priv\u00e9es, nous vous accompagnons pour les visites regroup\u00e9es sur 1 ou 2 journ\u00e9es. Pour les \u00e9coles publiques anglaises, <b>nous suivons le dossier jusqu&rsquo;\u00e0 l&rsquo;inscription d\u00e9finitive de votre enfant<\/b>.<\/li><\/ul>[\/vc_column][\/vc_row]<\/p>\n<\/div>","protected":false},"excerpt":{"rendered":"<p>[vc_row][vc_column width=\u00a0\u00bb1\/2&Prime;][vc_single_image image=\u00a0\u00bb2727&Prime; img_size=\u00a0\u00bbfull\u00a0\u00bb onclick=\u00a0\u00bblink_image\u00a0\u00bb][vc_empty_space height=\u00a0\u00bb30px\u00a0\u00bb][vc_single_image image=\u00a0\u00bb2794&Prime; img_size=\u00a0\u00bbfull\u00a0\u00bb onclick=\u00a0\u00bblink_image\u00a0\u00bb][vc_empty_space height=\u00a0\u00bb30px\u00a0\u00bb][vc_single_image image=\u00a0\u00bb3400&Prime; img_size=\u00a0\u00bbfull\u00a0\u00bb onclick=\u00a0\u00bblink_image\u00a0\u00bb][vc_empty_space height=\u00a0\u00bb30px\u00a0\u00bb][vc_single_image image=\u00a0\u00bb3415&Prime; img_size=\u00a0\u00bbfull\u00a0\u00bb onclick=\u00a0\u00bblink_image\u00a0\u00bb][vc_empty_space height=\u00a0\u00bb30px\u00a0\u00bb][vc_single_image image=\u00a0\u00bb2726&Prime; img_size=\u00a0\u00bbfull\u00a0\u00bb onclick=\u00a0\u00bblink_image\u00a0\u00bb][\/vc_column][vc_column width=\u00a0\u00bb1\/2&Prime;][vc_column_text] Service Recherche d&rsquo;\u00e9coles Ecoles anglaises publiques, programme\u00a0IB ou cursus bilingue, appuyez-vous sur notre exp\u00e9rience pour votre recherche d&rsquo;\u00e9coles \u00e0 Londres. Nous s\u00e9lectionnons pour vous les \u00e9coles adapt\u00e9es, nous soumettons et suivons les dossiers [&hellip;]<\/p>\n","protected":false},"author":4,"featured_media":0,"parent":1714,"menu_order":0,"comment_status":"closed","ping_status":"closed","template":"","meta":{"_acf_changed":false,"footnotes":""},"class_list":["post-1728","page","type-page","status-publish","hentry","no-post-thumbnail"],"acf":[],"yoast_head":"<!-- This site is optimized with the Yoast SEO plugin v26.6 - https:\/\/yoast.com\/wordpress\/plugins\/seo\/ -->\n<title>Recherche d&#039;\u00e9coles \u00e0 Londres - Relocation - Welcome Home London<\/title>\n<meta name=\"description\" content=\"Pour votre recherche d&#039;\u00e9coles \u00e0 Londres, faites confiance \u00e0 notre exp\u00e9rience. Bilingue ou fran\u00e7aise, nous vous guidons pour trouver la meilleure \u00e9cole.\" \/>\n<meta name=\"robots\" content=\"index, follow, max-snippet:-1, max-image-preview:large, max-video-preview:-1\" \/>\n<link rel=\"canonical\" href=\"https:\/\/welcomehome-london.com\/fr\/services\/recherche-ecoles-a-londres\/\" \/>\n<meta property=\"og:locale\" content=\"fr_FR\" \/>\n<meta property=\"og:type\" content=\"article\" \/>\n<meta property=\"og:title\" content=\"Recherche d&#039;\u00e9coles \u00e0 Londres - Relocation - Welcome Home London\" \/>\n<meta property=\"og:description\" content=\"Pour votre recherche d&#039;\u00e9coles \u00e0 Londres, faites confiance \u00e0 notre exp\u00e9rience. Bilingue ou fran\u00e7aise, nous vous guidons pour trouver la meilleure \u00e9cole.\" \/>\n<meta property=\"og:url\" content=\"https:\/\/welcomehome-london.com\/fr\/services\/recherche-ecoles-a-londres\/\" \/>\n<meta property=\"og:site_name\" content=\"Welcome Home London\" \/>\n<meta property=\"article:modified_time\" content=\"2020-05-13T08:55:36+00:00\" \/>\n<meta name=\"twitter:card\" content=\"summary_large_image\" \/>\n<meta name=\"twitter:label1\" content=\"Dur\u00e9e de lecture estim\u00e9e\" \/>\n\t<meta name=\"twitter:data1\" content=\"2 minutes\" \/>\n<script type=\"application\/ld+json\" class=\"yoast-schema-graph\">{\"@context\":\"https:\/\/schema.org\",\"@graph\":[{\"@type\":\"WebPage\",\"@id\":\"https:\/\/welcomehome-london.com\/fr\/services\/recherche-ecoles-a-londres\/\",\"url\":\"https:\/\/welcomehome-london.com\/fr\/services\/recherche-ecoles-a-londres\/\",\"name\":\"Recherche d'\u00e9coles \u00e0 Londres - Relocation - Welcome Home London\",\"isPartOf\":{\"@id\":\"https:\/\/welcomehome-london.com\/#website\"},\"datePublished\":\"2015-12-23T16:44:54+00:00\",\"dateModified\":\"2020-05-13T08:55:36+00:00\",\"description\":\"Pour votre recherche d'\u00e9coles \u00e0 Londres, faites confiance \u00e0 notre exp\u00e9rience. Bilingue ou fran\u00e7aise, nous vous guidons pour trouver la meilleure \u00e9cole.\",\"breadcrumb\":{\"@id\":\"https:\/\/welcomehome-london.com\/fr\/services\/recherche-ecoles-a-londres\/#breadcrumb\"},\"inLanguage\":\"fr-FR\",\"potentialAction\":[{\"@type\":\"ReadAction\",\"target\":[\"https:\/\/welcomehome-london.com\/fr\/services\/recherche-ecoles-a-londres\/\"]}]},{\"@type\":\"BreadcrumbList\",\"@id\":\"https:\/\/welcomehome-london.com\/fr\/services\/recherche-ecoles-a-londres\/#breadcrumb\",\"itemListElement\":[{\"@type\":\"ListItem\",\"position\":1,\"name\":\"Home\",\"item\":\"https:\/\/welcomehome-london.com\/fr\/\"},{\"@type\":\"ListItem\",\"position\":2,\"name\":\"RELOCATION ET ACHAT IMMOBILIER\",\"item\":\"https:\/\/welcomehome-london.com\/fr\/services\/\"},{\"@type\":\"ListItem\",\"position\":3,\"name\":\"RECHERCHE D&rsquo;ECOLES A LONDRES\"}]},{\"@type\":\"WebSite\",\"@id\":\"https:\/\/welcomehome-london.com\/#website\",\"url\":\"https:\/\/welcomehome-london.com\/\",\"name\":\"Welcome Home London\",\"description\":\"Estate Agent\",\"publisher\":{\"@id\":\"https:\/\/welcomehome-london.com\/#organization\"},\"potentialAction\":[{\"@type\":\"SearchAction\",\"target\":{\"@type\":\"EntryPoint\",\"urlTemplate\":\"https:\/\/welcomehome-london.com\/?s={search_term_string}\"},\"query-input\":{\"@type\":\"PropertyValueSpecification\",\"valueRequired\":true,\"valueName\":\"search_term_string\"}}],\"inLanguage\":\"fr-FR\"},{\"@type\":\"Organization\",\"@id\":\"https:\/\/welcomehome-london.com\/#organization\",\"name\":\"Welcome Home London\",\"url\":\"https:\/\/welcomehome-london.com\/\",\"logo\":{\"@type\":\"ImageObject\",\"inLanguage\":\"fr-FR\",\"@id\":\"https:\/\/welcomehome-london.com\/#\/schema\/logo\/image\/\",\"url\":\"https:\/\/welcomehome-london.com\/wp-content\/uploads\/2020\/05\/logo3.png\",\"contentUrl\":\"https:\/\/welcomehome-london.com\/wp-content\/uploads\/2020\/05\/logo3.png\",\"width\":330,\"height\":94,\"caption\":\"Welcome Home London\"},\"image\":{\"@id\":\"https:\/\/welcomehome-london.com\/#\/schema\/logo\/image\/\"}}]}<\/script>\n<!-- \/ Yoast SEO plugin. -->","yoast_head_json":{"title":"Recherche d'\u00e9coles \u00e0 Londres - Relocation - Welcome Home London","description":"Pour votre recherche d'\u00e9coles \u00e0 Londres, faites confiance \u00e0 notre exp\u00e9rience. Bilingue ou fran\u00e7aise, nous vous guidons pour trouver la meilleure \u00e9cole.","robots":{"index":"index","follow":"follow","max-snippet":"max-snippet:-1","max-image-preview":"max-image-preview:large","max-video-preview":"max-video-preview:-1"},"canonical":"https:\/\/welcomehome-london.com\/fr\/services\/recherche-ecoles-a-londres\/","og_locale":"fr_FR","og_type":"article","og_title":"Recherche d'\u00e9coles \u00e0 Londres - Relocation - Welcome Home London","og_description":"Pour votre recherche d'\u00e9coles \u00e0 Londres, faites confiance \u00e0 notre exp\u00e9rience. Bilingue ou fran\u00e7aise, nous vous guidons pour trouver la meilleure \u00e9cole.","og_url":"https:\/\/welcomehome-london.com\/fr\/services\/recherche-ecoles-a-londres\/","og_site_name":"Welcome Home London","article_modified_time":"2020-05-13T08:55:36+00:00","twitter_card":"summary_large_image","twitter_misc":{"Dur\u00e9e de lecture estim\u00e9e":"2 minutes"},"schema":{"@context":"https:\/\/schema.org","@graph":[{"@type":"WebPage","@id":"https:\/\/welcomehome-london.com\/fr\/services\/recherche-ecoles-a-londres\/","url":"https:\/\/welcomehome-london.com\/fr\/services\/recherche-ecoles-a-londres\/","name":"Recherche d'\u00e9coles \u00e0 Londres - Relocation - Welcome Home London","isPartOf":{"@id":"https:\/\/welcomehome-london.com\/#website"},"datePublished":"2015-12-23T16:44:54+00:00","dateModified":"2020-05-13T08:55:36+00:00","description":"Pour votre recherche d'\u00e9coles \u00e0 Londres, faites confiance \u00e0 notre exp\u00e9rience. Bilingue ou fran\u00e7aise, nous vous guidons pour trouver la meilleure \u00e9cole.","breadcrumb":{"@id":"https:\/\/welcomehome-london.com\/fr\/services\/recherche-ecoles-a-londres\/#breadcrumb"},"inLanguage":"fr-FR","potentialAction":[{"@type":"ReadAction","target":["https:\/\/welcomehome-london.com\/fr\/services\/recherche-ecoles-a-londres\/"]}]},{"@type":"BreadcrumbList","@id":"https:\/\/welcomehome-london.com\/fr\/services\/recherche-ecoles-a-londres\/#breadcrumb","itemListElement":[{"@type":"ListItem","position":1,"name":"Home","item":"https:\/\/welcomehome-london.com\/fr\/"},{"@type":"ListItem","position":2,"name":"RELOCATION ET ACHAT IMMOBILIER","item":"https:\/\/welcomehome-london.com\/fr\/services\/"},{"@type":"ListItem","position":3,"name":"RECHERCHE D&rsquo;ECOLES A LONDRES"}]},{"@type":"WebSite","@id":"https:\/\/welcomehome-london.com\/#website","url":"https:\/\/welcomehome-london.com\/","name":"Welcome Home London","description":"Estate Agent","publisher":{"@id":"https:\/\/welcomehome-london.com\/#organization"},"potentialAction":[{"@type":"SearchAction","target":{"@type":"EntryPoint","urlTemplate":"https:\/\/welcomehome-london.com\/?s={search_term_string}"},"query-input":{"@type":"PropertyValueSpecification","valueRequired":true,"valueName":"search_term_string"}}],"inLanguage":"fr-FR"},{"@type":"Organization","@id":"https:\/\/welcomehome-london.com\/#organization","name":"Welcome Home London","url":"https:\/\/welcomehome-london.com\/","logo":{"@type":"ImageObject","inLanguage":"fr-FR","@id":"https:\/\/welcomehome-london.com\/#\/schema\/logo\/image\/","url":"https:\/\/welcomehome-london.com\/wp-content\/uploads\/2020\/05\/logo3.png","contentUrl":"https:\/\/welcomehome-london.com\/wp-content\/uploads\/2020\/05\/logo3.png","width":330,"height":94,"caption":"Welcome Home London"},"image":{"@id":"https:\/\/welcomehome-london.com\/#\/schema\/logo\/image\/"}}]}},"_links":{"self":[{"href":"https:\/\/welcomehome-london.com\/fr\/wp-json\/wp\/v2\/pages\/1728","targetHints":{"allow":["GET"]}}],"collection":[{"href":"https:\/\/welcomehome-london.com\/fr\/wp-json\/wp\/v2\/pages"}],"about":[{"href":"https:\/\/welcomehome-london.com\/fr\/wp-json\/wp\/v2\/types\/page"}],"author":[{"embeddable":true,"href":"https:\/\/welcomehome-london.com\/fr\/wp-json\/wp\/v2\/users\/4"}],"replies":[{"embeddable":true,"href":"https:\/\/welcomehome-london.com\/fr\/wp-json\/wp\/v2\/comments?post=1728"}],"version-history":[{"count":34,"href":"https:\/\/welcomehome-london.com\/fr\/wp-json\/wp\/v2\/pages\/1728\/revisions"}],"predecessor-version":[{"id":5644,"href":"https:\/\/welcomehome-london.com\/fr\/wp-json\/wp\/v2\/pages\/1728\/revisions\/5644"}],"up":[{"embeddable":true,"href":"https:\/\/welcomehome-london.com\/fr\/wp-json\/wp\/v2\/pages\/1714"}],"wp:attachment":[{"href":"https:\/\/welcomehome-london.com\/fr\/wp-json\/wp\/v2\/media?parent=1728"}],"curies":[{"name":"wp","href":"https:\/\/api.w.org\/{rel}","templated":true}]}}