{"id":1720,"date":"2015-12-23T12:55:43","date_gmt":"2015-12-23T12:55:43","guid":{"rendered":"http:\/\/welcomehome-london.com\/services\/relocation-to-london\/?lang=fr"},"modified":"2020-05-15T22:54:25","modified_gmt":"2020-05-15T21:54:25","slug":"reherche-logement-a-londres","status":"publish","type":"page","link":"https:\/\/welcomehome-london.com\/fr\/services\/reherche-logement-a-londres\/","title":{"rendered":"RECHERCHE DE LOGEMENT A LONDRES"},"content":{"rendered":"<div class=\"wpb-content-wrapper\"><p>[vc_row][vc_column width=\u00a0\u00bb1\/2&Prime;][vc_single_image image=\u00a0\u00bb3272&Prime; img_size=\u00a0\u00bbfull\u00a0\u00bb onclick=\u00a0\u00bblink_image\u00a0\u00bb][vc_empty_space height=\u00a0\u00bb30px\u00a0\u00bb][vc_single_image image=\u00a0\u00bb2866&Prime; img_size=\u00a0\u00bbfull\u00a0\u00bb onclick=\u00a0\u00bblink_image\u00a0\u00bb][vc_empty_space height=\u00a0\u00bb30px\u00a0\u00bb][vc_single_image image=\u00a0\u00bb2864&Prime; img_size=\u00a0\u00bbfull\u00a0\u00bb onclick=\u00a0\u00bblink_image\u00a0\u00bb][vc_empty_space height=\u00a0\u00bb30px\u00a0\u00bb][vc_single_image image=\u00a0\u00bb2732&Prime; img_size=\u00a0\u00bbfull\u00a0\u00bb onclick=\u00a0\u00bblink_image\u00a0\u00bb][vc_empty_space height=\u00a0\u00bb30px\u00a0\u00bb][vc_single_image image=\u00a0\u00bb2733&Prime; img_size=\u00a0\u00bbfull\u00a0\u00bb onclick=\u00a0\u00bblink_image\u00a0\u00bb][\/vc_column][vc_column width=\u00a0\u00bb1\/2&Prime;][vc_column_text]<\/p>\n<h4 style=\"margin-top: 0;\">Service recherche de logement<\/h4>\n<p><a href=\"http:\/\/welcomehome-london.com\/fr\/select-your-borough\/\"><strong>S\u00e9lection des quartiers<\/strong><\/a>, <strong>rep\u00e9rages terrain et pr\u00e9-visites syst\u00e9matiques<\/strong>, <strong>n\u00e9gociation<\/strong>, <strong>\u00e9tat des lieux<\/strong>, gagnez du temps pour votre recherche de logement \u00e0 Londres et \u00e9vitez les frustrations ! Nous g\u00e9rons l\u2019ensemble du processus de relocation. <a href=\"http:\/\/welcomehome-london.com\/fr\/services\/school-search-in-london\/\"><strong>Recherche d\u2019\u00e9coles<\/strong><\/a>, <a href=\"http:\/\/welcomehome-london.com\/fr\/services\/settling-in-package\/\"><strong>pack installation<\/strong><\/a>, vous pourrez compter sur nous pour une installation sereine et efficace.<\/p>\n<p><strong><a href=\"http:\/\/welcomehome-london.com\/fr\/pricing-table\/\">Tarifs recherche de logement, cliquez ici<\/a><\/strong><\/p>\n<p><strong><a href=\"http:\/\/welcomehome-london.com\/fr\/temoignages-clients\/\">T\u00e9moignages de nos clients, cliquez ici<\/a><\/strong>[\/vc_column_text][vc_empty_space height=\u00a0\u00bb10px\u00a0\u00bb][vc_column_text]<\/p>\n<h4>Notre diff\u00e9rence<\/h4>\n<p>Nous <strong>pr\u00e9-visitons tous les biens<\/strong> <strong>avant de les s\u00e9lectionner<\/strong>. Issue de <a href=\"http:\/\/welcomehome-london.com\/fr\/meilleure-agence-de-relocation-a-londres\/\">20 ann\u00e9es d\u2019exp\u00e9rience<\/a> de la relation client en entreprise, notre <a href=\"http:\/\/welcomehome-london.com\/fr\/our-difference\/\">m\u00e9thodologie personnalis\u00e9e<\/a> et professionnelle garantit la <a href=\"http:\/\/welcomehome-london.com\/fr\/temoignages-clients\/\">satisfaction de nos clients<\/a>.[\/vc_column_text][vc_empty_space height=\u00a0\u00bb20px\u00a0\u00bb]<ul class=\"iconlist iconlist \"><li ><i class=\"fa fa-check-circle\"><\/i> <span style=\"font-size: 120%;\">Un service personnalis\u00e9<\/span><br \/>\nLors d&rsquo;un <b>entretien Skype de 90 mns<\/b>, votre consultant d\u00e9di\u00e9 fait le tour de vos besoins, de vos contraintes, de votre mode de vie. Il \u00e9tablit un cahier des charges pr\u00e9cis qui garantit la <b>pertinence de sa s\u00e9lection<\/b>.<\/li><li ><i class=\"fa fa-check-circle\"><\/i> <span style=\"font-size: 120%;\">Le <a href=\"http:\/\/welcomehome-london.com\/fr\/select-your-borough\/\">choix du meilleur quartier<\/a><\/span><br \/>\nSur la base de ce cahier des charges, nous s\u00e9lectionnons 2 \u00e0 4 quartiers cible pour votre recherche de logement \u00e0 Londres. <b>Vous signez le mandat de recherche mais ne payez rien avant que nous ayons trouv\u00e9 le bien parfait<\/b>.<\/li><li ><i class=\"fa fa-check-circle\"><\/i> <span style=\"font-size: 120%;\">Les pr\u00e9-visites vid\u00e9o<\/span><br \/>\nSur le terrain, aupr\u00e8s de notre r\u00e9seau, nous cherchons les biens correspondants \u00e0 votre recherche. <b>Nous pr\u00e9-visitons chacun de ces biens, vous consultez sur notre application d\u00e9di\u00e9e la vid\u00e9o de la visite accompagn\u00e9e d&rsquo;un CR d\u00e9taill\u00e9. Vous ne retenez que vos biens pr\u00e9f\u00e9r\u00e9s<\/b>.<\/li><li ><i class=\"fa fa-check-circle\"><\/i> <span style=\"font-size: 120%;\">La journ\u00e9e de visites \u00e0 Londres<\/span><br \/>\nNous <b>vous accompagnons pour la journ\u00e9e de visites de vos biens pr\u00e9f\u00e9r\u00e9s, samedi inclus<\/b>.<\/li><li ><i class=\"fa fa-check-circle\"><\/i> <span style=\"font-size: 120%;\">La n\u00e9gociation<\/span><br \/>\nLorsque vous avez s\u00e9lectionn\u00e9 un bien, <b>nous n\u00e9gocions pour vous le loyer et toutes les clauses du bail<\/b> (date d\u2019entr\u00e9e, dur\u00e9e, animaux domestiques, travaux\u2026). Nous v\u00e9rifions le contrat avant signature.<\/li><li ><i class=\"fa fa-check-circle\"><\/i> <span style=\"font-size: 120%;\">L\u2019arriv\u00e9e \u00e0 Londres<\/span><br \/>\n<b>Nous vous repr\u00e9sentons pour l\u2019\u00e9tat des lieux<\/b>, nous r\u00e9cup\u00e9rons vos cl\u00e9s, vous n&rsquo;avez qu&rsquo;\u00e0 vous installer.<\/li><li ><i class=\"fa fa-check-circle\"><\/i> <span style=\"font-size: 120%;\">Le suivi post installation<\/span><br \/>\nNous assurons le suivi pendant le mois qui suit votre emm\u00e9nagement \u00e0 Londres.<\/li><\/ul>[\/vc_column][\/vc_row][vc_row][vc_column][vc_row_inner][vc_column_inner][vc_column_text]<\/p>\n<h4 style=\"margin-top: 0;\">Arriv\u00e9e sur Londres \u00e0 court terme ?<\/h4>\n<p><a href=\"http:\/\/welcomehome-london.com\/contact\/?lang=fr\">Contactez-nous<\/a> pour un premier entretien et des conseils gratuits[\/vc_column_text][\/vc_column_inner][\/vc_row_inner][vc_empty_space height=\u00a0\u00bb50px\u00a0\u00bb][\/vc_column][\/vc_row]<\/p>\n<\/div>","protected":false},"excerpt":{"rendered":"<p>[vc_row][vc_column width=\u00a0\u00bb1\/2&Prime;][vc_single_image image=\u00a0\u00bb3272&Prime; img_size=\u00a0\u00bbfull\u00a0\u00bb onclick=\u00a0\u00bblink_image\u00a0\u00bb][vc_empty_space height=\u00a0\u00bb30px\u00a0\u00bb][vc_single_image image=\u00a0\u00bb2866&Prime; img_size=\u00a0\u00bbfull\u00a0\u00bb onclick=\u00a0\u00bblink_image\u00a0\u00bb][vc_empty_space height=\u00a0\u00bb30px\u00a0\u00bb][vc_single_image image=\u00a0\u00bb2864&Prime; img_size=\u00a0\u00bbfull\u00a0\u00bb onclick=\u00a0\u00bblink_image\u00a0\u00bb][vc_empty_space height=\u00a0\u00bb30px\u00a0\u00bb][vc_single_image image=\u00a0\u00bb2732&Prime; img_size=\u00a0\u00bbfull\u00a0\u00bb onclick=\u00a0\u00bblink_image\u00a0\u00bb][vc_empty_space height=\u00a0\u00bb30px\u00a0\u00bb][vc_single_image image=\u00a0\u00bb2733&Prime; img_size=\u00a0\u00bbfull\u00a0\u00bb onclick=\u00a0\u00bblink_image\u00a0\u00bb][\/vc_column][vc_column width=\u00a0\u00bb1\/2&Prime;][vc_column_text] Service recherche de logement S\u00e9lection des quartiers, rep\u00e9rages terrain et pr\u00e9-visites syst\u00e9matiques, n\u00e9gociation, \u00e9tat des lieux, gagnez du temps pour votre recherche de logement \u00e0 Londres et \u00e9vitez les frustrations ! Nous g\u00e9rons [&hellip;]<\/p>\n","protected":false},"author":4,"featured_media":0,"parent":1714,"menu_order":0,"comment_status":"closed","ping_status":"closed","template":"","meta":{"_acf_changed":false,"footnotes":""},"class_list":["post-1720","page","type-page","status-publish","hentry","no-post-thumbnail"],"acf":[],"yoast_head":"<!-- This site is optimized with the Yoast SEO plugin v26.6 - https:\/\/yoast.com\/wordpress\/plugins\/seo\/ -->\n<title>Recherche de logement \u00e0 Londres - Relocation - Welcome Home London<\/title>\n<meta name=\"description\" content=\"Nous sommes sp\u00e9cialistes de la recherche de logement \u00e0 Londres. Notre diff\u00e9rence: un service exclusif de pr\u00e9-visites vid\u00e9o et nos recommandations clients.\" \/>\n<meta name=\"robots\" content=\"index, follow, max-snippet:-1, max-image-preview:large, max-video-preview:-1\" \/>\n<link rel=\"canonical\" href=\"https:\/\/welcomehome-london.com\/fr\/services\/reherche-logement-a-londres\/\" \/>\n<meta property=\"og:locale\" content=\"fr_FR\" \/>\n<meta property=\"og:type\" content=\"article\" \/>\n<meta property=\"og:title\" content=\"Recherche de logement \u00e0 Londres - Relocation - Welcome Home London\" \/>\n<meta property=\"og:description\" content=\"Nous sommes sp\u00e9cialistes de la recherche de logement \u00e0 Londres. Notre diff\u00e9rence: un service exclusif de pr\u00e9-visites vid\u00e9o et nos recommandations clients.\" \/>\n<meta property=\"og:url\" content=\"https:\/\/welcomehome-london.com\/fr\/services\/reherche-logement-a-londres\/\" \/>\n<meta property=\"og:site_name\" content=\"Welcome Home London\" \/>\n<meta property=\"article:modified_time\" content=\"2020-05-15T21:54:25+00:00\" \/>\n<meta name=\"twitter:card\" content=\"summary_large_image\" \/>\n<meta name=\"twitter:label1\" content=\"Dur\u00e9e de lecture estim\u00e9e\" \/>\n\t<meta name=\"twitter:data1\" content=\"3 minutes\" \/>\n<script type=\"application\/ld+json\" class=\"yoast-schema-graph\">{\"@context\":\"https:\/\/schema.org\",\"@graph\":[{\"@type\":\"WebPage\",\"@id\":\"https:\/\/welcomehome-london.com\/fr\/services\/reherche-logement-a-londres\/\",\"url\":\"https:\/\/welcomehome-london.com\/fr\/services\/reherche-logement-a-londres\/\",\"name\":\"Recherche de logement \u00e0 Londres - Relocation - Welcome Home London\",\"isPartOf\":{\"@id\":\"https:\/\/welcomehome-london.com\/#website\"},\"datePublished\":\"2015-12-23T12:55:43+00:00\",\"dateModified\":\"2020-05-15T21:54:25+00:00\",\"description\":\"Nous sommes sp\u00e9cialistes de la recherche de logement \u00e0 Londres. Notre diff\u00e9rence: un service exclusif de pr\u00e9-visites vid\u00e9o et nos recommandations clients.\",\"breadcrumb\":{\"@id\":\"https:\/\/welcomehome-london.com\/fr\/services\/reherche-logement-a-londres\/#breadcrumb\"},\"inLanguage\":\"fr-FR\",\"potentialAction\":[{\"@type\":\"ReadAction\",\"target\":[\"https:\/\/welcomehome-london.com\/fr\/services\/reherche-logement-a-londres\/\"]}]},{\"@type\":\"BreadcrumbList\",\"@id\":\"https:\/\/welcomehome-london.com\/fr\/services\/reherche-logement-a-londres\/#breadcrumb\",\"itemListElement\":[{\"@type\":\"ListItem\",\"position\":1,\"name\":\"Home\",\"item\":\"https:\/\/welcomehome-london.com\/fr\/\"},{\"@type\":\"ListItem\",\"position\":2,\"name\":\"RELOCATION ET ACHAT IMMOBILIER\",\"item\":\"https:\/\/welcomehome-london.com\/fr\/services\/\"},{\"@type\":\"ListItem\",\"position\":3,\"name\":\"RECHERCHE DE LOGEMENT A LONDRES\"}]},{\"@type\":\"WebSite\",\"@id\":\"https:\/\/welcomehome-london.com\/#website\",\"url\":\"https:\/\/welcomehome-london.com\/\",\"name\":\"Welcome Home London\",\"description\":\"Estate Agent\",\"publisher\":{\"@id\":\"https:\/\/welcomehome-london.com\/#organization\"},\"potentialAction\":[{\"@type\":\"SearchAction\",\"target\":{\"@type\":\"EntryPoint\",\"urlTemplate\":\"https:\/\/welcomehome-london.com\/?s={search_term_string}\"},\"query-input\":{\"@type\":\"PropertyValueSpecification\",\"valueRequired\":true,\"valueName\":\"search_term_string\"}}],\"inLanguage\":\"fr-FR\"},{\"@type\":\"Organization\",\"@id\":\"https:\/\/welcomehome-london.com\/#organization\",\"name\":\"Welcome Home London\",\"url\":\"https:\/\/welcomehome-london.com\/\",\"logo\":{\"@type\":\"ImageObject\",\"inLanguage\":\"fr-FR\",\"@id\":\"https:\/\/welcomehome-london.com\/#\/schema\/logo\/image\/\",\"url\":\"https:\/\/welcomehome-london.com\/wp-content\/uploads\/2020\/05\/logo3.png\",\"contentUrl\":\"https:\/\/welcomehome-london.com\/wp-content\/uploads\/2020\/05\/logo3.png\",\"width\":330,\"height\":94,\"caption\":\"Welcome Home London\"},\"image\":{\"@id\":\"https:\/\/welcomehome-london.com\/#\/schema\/logo\/image\/\"}}]}<\/script>\n<!-- \/ Yoast SEO plugin. -->","yoast_head_json":{"title":"Recherche de logement \u00e0 Londres - Relocation - Welcome Home London","description":"Nous sommes sp\u00e9cialistes de la recherche de logement \u00e0 Londres. Notre diff\u00e9rence: un service exclusif de pr\u00e9-visites vid\u00e9o et nos recommandations clients.","robots":{"index":"index","follow":"follow","max-snippet":"max-snippet:-1","max-image-preview":"max-image-preview:large","max-video-preview":"max-video-preview:-1"},"canonical":"https:\/\/welcomehome-london.com\/fr\/services\/reherche-logement-a-londres\/","og_locale":"fr_FR","og_type":"article","og_title":"Recherche de logement \u00e0 Londres - Relocation - Welcome Home London","og_description":"Nous sommes sp\u00e9cialistes de la recherche de logement \u00e0 Londres. Notre diff\u00e9rence: un service exclusif de pr\u00e9-visites vid\u00e9o et nos recommandations clients.","og_url":"https:\/\/welcomehome-london.com\/fr\/services\/reherche-logement-a-londres\/","og_site_name":"Welcome Home London","article_modified_time":"2020-05-15T21:54:25+00:00","twitter_card":"summary_large_image","twitter_misc":{"Dur\u00e9e de lecture estim\u00e9e":"3 minutes"},"schema":{"@context":"https:\/\/schema.org","@graph":[{"@type":"WebPage","@id":"https:\/\/welcomehome-london.com\/fr\/services\/reherche-logement-a-londres\/","url":"https:\/\/welcomehome-london.com\/fr\/services\/reherche-logement-a-londres\/","name":"Recherche de logement \u00e0 Londres - Relocation - Welcome Home London","isPartOf":{"@id":"https:\/\/welcomehome-london.com\/#website"},"datePublished":"2015-12-23T12:55:43+00:00","dateModified":"2020-05-15T21:54:25+00:00","description":"Nous sommes sp\u00e9cialistes de la recherche de logement \u00e0 Londres. Notre diff\u00e9rence: un service exclusif de pr\u00e9-visites vid\u00e9o et nos recommandations clients.","breadcrumb":{"@id":"https:\/\/welcomehome-london.com\/fr\/services\/reherche-logement-a-londres\/#breadcrumb"},"inLanguage":"fr-FR","potentialAction":[{"@type":"ReadAction","target":["https:\/\/welcomehome-london.com\/fr\/services\/reherche-logement-a-londres\/"]}]},{"@type":"BreadcrumbList","@id":"https:\/\/welcomehome-london.com\/fr\/services\/reherche-logement-a-londres\/#breadcrumb","itemListElement":[{"@type":"ListItem","position":1,"name":"Home","item":"https:\/\/welcomehome-london.com\/fr\/"},{"@type":"ListItem","position":2,"name":"RELOCATION ET ACHAT IMMOBILIER","item":"https:\/\/welcomehome-london.com\/fr\/services\/"},{"@type":"ListItem","position":3,"name":"RECHERCHE DE LOGEMENT A LONDRES"}]},{"@type":"WebSite","@id":"https:\/\/welcomehome-london.com\/#website","url":"https:\/\/welcomehome-london.com\/","name":"Welcome Home London","description":"Estate Agent","publisher":{"@id":"https:\/\/welcomehome-london.com\/#organization"},"potentialAction":[{"@type":"SearchAction","target":{"@type":"EntryPoint","urlTemplate":"https:\/\/welcomehome-london.com\/?s={search_term_string}"},"query-input":{"@type":"PropertyValueSpecification","valueRequired":true,"valueName":"search_term_string"}}],"inLanguage":"fr-FR"},{"@type":"Organization","@id":"https:\/\/welcomehome-london.com\/#organization","name":"Welcome Home London","url":"https:\/\/welcomehome-london.com\/","logo":{"@type":"ImageObject","inLanguage":"fr-FR","@id":"https:\/\/welcomehome-london.com\/#\/schema\/logo\/image\/","url":"https:\/\/welcomehome-london.com\/wp-content\/uploads\/2020\/05\/logo3.png","contentUrl":"https:\/\/welcomehome-london.com\/wp-content\/uploads\/2020\/05\/logo3.png","width":330,"height":94,"caption":"Welcome Home London"},"image":{"@id":"https:\/\/welcomehome-london.com\/#\/schema\/logo\/image\/"}}]}},"_links":{"self":[{"href":"https:\/\/welcomehome-london.com\/fr\/wp-json\/wp\/v2\/pages\/1720","targetHints":{"allow":["GET"]}}],"collection":[{"href":"https:\/\/welcomehome-london.com\/fr\/wp-json\/wp\/v2\/pages"}],"about":[{"href":"https:\/\/welcomehome-london.com\/fr\/wp-json\/wp\/v2\/types\/page"}],"author":[{"embeddable":true,"href":"https:\/\/welcomehome-london.com\/fr\/wp-json\/wp\/v2\/users\/4"}],"replies":[{"embeddable":true,"href":"https:\/\/welcomehome-london.com\/fr\/wp-json\/wp\/v2\/comments?post=1720"}],"version-history":[{"count":37,"href":"https:\/\/welcomehome-london.com\/fr\/wp-json\/wp\/v2\/pages\/1720\/revisions"}],"predecessor-version":[{"id":5791,"href":"https:\/\/welcomehome-london.com\/fr\/wp-json\/wp\/v2\/pages\/1720\/revisions\/5791"}],"up":[{"embeddable":true,"href":"https:\/\/welcomehome-london.com\/fr\/wp-json\/wp\/v2\/pages\/1714"}],"wp:attachment":[{"href":"https:\/\/welcomehome-london.com\/fr\/wp-json\/wp\/v2\/media?parent=1720"}],"curies":[{"name":"wp","href":"https:\/\/api.w.org\/{rel}","templated":true}]}}