{"id":1714,"date":"2015-12-16T03:21:32","date_gmt":"2015-12-16T03:21:32","guid":{"rendered":"http:\/\/welcomehome-london.com\/services\/?lang=fr"},"modified":"2020-06-04T20:33:55","modified_gmt":"2020-06-04T19:33:55","slug":"services","status":"publish","type":"page","link":"https:\/\/welcomehome-london.com\/fr\/services\/","title":{"rendered":"RELOCATION ET ACHAT IMMOBILIER"},"content":{"rendered":"<div class=\"wpb-content-wrapper\"><p>[vc_row][vc_column][vc_column_text css=\u00a0\u00bb.vc_custom_1591299227571{margin-top: 0px !important;}\u00a0\u00bb]<\/p>\n<h3 style=\"margin-top: 0px; text-align: left;\"><span style=\"color: #993366;\">Relocation et achat immobilier : nos services \u00e0 Londres<\/span><\/h3>\n<p><strong>Particuliers, nous vous proposons une gamme compl\u00e8te de services de <a href=\"http:\/\/welcomehome-london.com\/fr\/services\/relocation-a-londres\/\">Relocation<\/a> et <a href=\"http:\/\/welcomehome-london.com\/fr\/services\/invest-in-london\/\">Achat Immobilier<\/a> \u00e0 Londres.<\/strong><\/p>\n<p><strong>Grandes Entreprises, d\u00e9couvrez notre <a href=\"http:\/\/welcomehome-london.com\/fr\/services\/corporate-relocation\/\">offre Corporate<\/a> pour expatrier vos collaborateurs et leur conjoint.<\/strong><\/p>\n<p><strong>Entrepreneurs et commer\u00e7ants, appuyez-vous sur notre expertise pour votre <a href=\"http:\/\/welcomehome-london.com\/fr\/services\/commercial-premises-search\/\">recherche de boutique ou bureau<\/a> et d\u00e9marrez sereinement votre business \u00e0 Londres.<\/strong>[\/vc_column_text][vc_empty_space][\/vc_column][\/vc_row][vc_row full_width=\u00a0\u00bbstretch_row\u00a0\u00bb css=\u00a0\u00bb.vc_custom_1451227901321{margin-top: -50px !important;padding-top: 50px !important;padding-bottom: 50px !important;background-color: #f2f2f2 !important;}\u00a0\u00bb][vc_column width=\u00a0\u00bb1\/3&Prime;]\n<!-- BEGIN .imagebox -->\n<div class=\"imagebox  \">\n\t<div class=\"box-wrapper\">\n\t\t\t\t\t\n\t\t\t<div class=\"box-image\">\n\t\t\t\t<div class=\"box-header\">\n\t\t\t\t\t<h3 class=\"box-title\">\n\t\t\t\t\t\t<a href=\"http:\/\/welcomehome-london.com\/fr\/services\/relocation-to-london\/\" target=\"_self\">\n\t\t\t\t\t\t\tRELOCATION PARTICULIERS\t\t\t\t\t\t<\/a>\t\n\t\t\t\t\t<\/h3>\n\n\t\t\t\t\t\t\t\t\t<\/div>\n\n\t\t\t\t<img loading=\"lazy\" decoding=\"async\" width=\"567\" height=\"378\" src=\"https:\/\/welcomehome-london.com\/wp-content\/uploads\/2020\/05\/victorian_extension_ealing_welcome_home_london.jpg\" class=\"attachment-full\" alt=\"relocation et achat immobilier \u00e0 Londres Victorian rear extension in Ealing\" title=\"victorian_extension_ealing_welcome_home_london\" srcset=\"https:\/\/welcomehome-london.com\/wp-content\/uploads\/2020\/05\/victorian_extension_ealing_welcome_home_london.jpg 567w, https:\/\/welcomehome-london.com\/wp-content\/uploads\/2020\/05\/victorian_extension_ealing_welcome_home_london-300x200.jpg 300w, https:\/\/welcomehome-london.com\/wp-content\/uploads\/2020\/05\/victorian_extension_ealing_welcome_home_london-555x370.jpg 555w\" sizes=\"auto, (max-width: 567px) 100vw, 567px\" \/>\t\t\t<\/div>\n\n\t\t\n\t\t<div class=\"box-content\">\n\t\t\t\t\t\t\t<div class=\"box-desc\">\n\t\t\t\t\tChoix des quartiers, pr\u00e9-visites syst\u00e9matiques, n\u00e9gociation du bail, \u00e9tat des lieux, nous vous accompagnons tout au long du process de relocation.\t\t\t\t<\/div>\n\t\t\t\t\t\t\n\t\t\t\t\t\t\t\n\t\t\t\t<div class=\"box-button\">\n\t\t\t\t\t<a href=\"http:\/\/welcomehome-london.com\/fr\/services\/relocation-to-london\/\" target=\"_self\">\n\t\t\t\t\t\tEn savoir plus\t\t\t\t\t<\/a>\n\t\t\t\t<\/div>\n\n\t\t\t\t\t<\/div>\n\t<\/div>\n<\/div>\n<!-- End .imagebox -->\n[vc_empty_space height=\u00a0\u00bb30px\u00a0\u00bb]\n<!-- BEGIN .imagebox -->\n<div class=\"imagebox  \">\n\t<div class=\"box-wrapper\">\n\t\t\t\t\t\n\t\t\t<div class=\"box-image\">\n\t\t\t\t<div class=\"box-header\">\n\t\t\t\t\t<h3 class=\"box-title\">\n\t\t\t\t\t\t<a href=\"http:\/\/welcomehome-london.com\/fr\/services\/invest-in-london\/\" target=\"_self\">\n\t\t\t\t\t\t\tACHETER A LONDRES\t\t\t\t\t\t<\/a>\t\n\t\t\t\t\t<\/h3>\n\n\t\t\t\t\t\t\t\t\t<\/div>\n\n\t\t\t\t<img loading=\"lazy\" decoding=\"async\" width=\"1600\" height=\"1067\" src=\"https:\/\/welcomehome-london.com\/wp-content\/uploads\/2020\/05\/house_for_sale_ealing_4_welcome_home_london.jpg\" class=\"attachment-full\" alt=\"acc\u00e9l\u00e9rer les formalit\u00e9s administratives pour acheter une propri\u00e9t\u00e9 \u00e0 londres\" title=\"house_for_sale_ealing_4_welcome_home_london\" srcset=\"https:\/\/welcomehome-london.com\/wp-content\/uploads\/2020\/05\/house_for_sale_ealing_4_welcome_home_london.jpg 1600w, https:\/\/welcomehome-london.com\/wp-content\/uploads\/2020\/05\/house_for_sale_ealing_4_welcome_home_london-300x200.jpg 300w, https:\/\/welcomehome-london.com\/wp-content\/uploads\/2020\/05\/house_for_sale_ealing_4_welcome_home_london-1024x683.jpg 1024w, https:\/\/welcomehome-london.com\/wp-content\/uploads\/2020\/05\/house_for_sale_ealing_4_welcome_home_london-768x512.jpg 768w, https:\/\/welcomehome-london.com\/wp-content\/uploads\/2020\/05\/house_for_sale_ealing_4_welcome_home_london-1536x1024.jpg 1536w, https:\/\/welcomehome-london.com\/wp-content\/uploads\/2020\/05\/house_for_sale_ealing_4_welcome_home_london-555x370.jpg 555w, https:\/\/welcomehome-london.com\/wp-content\/uploads\/2020\/05\/house_for_sale_ealing_4_welcome_home_london-1110x740.jpg 1110w\" sizes=\"auto, (max-width: 1600px) 100vw, 1600px\" \/>\t\t\t<\/div>\n\n\t\t\n\t\t<div class=\"box-content\">\n\t\t\t\t\t\t\t<div class=\"box-desc\">\n\t\t\t\t\tInvestissement locatif ou domicile principal, notre exp\u00e9rience de Londres et de ces quartiers vous permet de d\u00e9finir le quartier et le bien adapt\u00e9 \u00e0 votre projet.\t\t\t\t<\/div>\n\t\t\t\t\t\t\n\t\t\t\t\t\t\t\n\t\t\t\t<div class=\"box-button\">\n\t\t\t\t\t<a href=\"http:\/\/welcomehome-london.com\/fr\/services\/invest-in-london\/\" target=\"_self\">\n\t\t\t\t\t\tEn savoir plus\t\t\t\t\t<\/a>\n\t\t\t\t<\/div>\n\n\t\t\t\t\t<\/div>\n\t<\/div>\n<\/div>\n<!-- End .imagebox -->\n[\/vc_column][vc_column width=\u00a0\u00bb1\/3&Prime;]\n<!-- BEGIN .imagebox -->\n<div class=\"imagebox  \">\n\t<div class=\"box-wrapper\">\n\t\t\t\t\t\n\t\t\t<div class=\"box-image\">\n\t\t\t\t<div class=\"box-header\">\n\t\t\t\t\t<h3 class=\"box-title\">\n\t\t\t\t\t\t<a href=\"http:\/\/welcomehome-london.com\/fr\/services\/corporate-relocation\/\" target=\"_self\">\n\t\t\t\t\t\t\tRELOCATION CORPORATE\t\t\t\t\t\t<\/a>\t\n\t\t\t\t\t<\/h3>\n\n\t\t\t\t\t\t\t\t\t<\/div>\n\n\t\t\t\t<img loading=\"lazy\" decoding=\"async\" width=\"1000\" height=\"667\" src=\"https:\/\/welcomehome-london.com\/wp-content\/uploads\/2020\/04\/house_to_buy_clapham_2_welcome_home_london.jpg\" class=\"attachment-full\" alt=\"relocation et achat immobilier \u00e0 Londres converted house in clapham\" title=\"house_to_buy_clapham_2_welcome_home_london\" srcset=\"https:\/\/welcomehome-london.com\/wp-content\/uploads\/2020\/04\/house_to_buy_clapham_2_welcome_home_london.jpg 1000w, https:\/\/welcomehome-london.com\/wp-content\/uploads\/2020\/04\/house_to_buy_clapham_2_welcome_home_london-300x200.jpg 300w, https:\/\/welcomehome-london.com\/wp-content\/uploads\/2020\/04\/house_to_buy_clapham_2_welcome_home_london-768x512.jpg 768w, https:\/\/welcomehome-london.com\/wp-content\/uploads\/2020\/04\/house_to_buy_clapham_2_welcome_home_london-555x370.jpg 555w\" sizes=\"auto, (max-width: 1000px) 100vw, 1000px\" \/>\t\t\t<\/div>\n\n\t\t\n\t\t<div class=\"box-content\">\n\t\t\t\t\t\t\t<div class=\"box-desc\">\n\t\t\t\t\tVous installez des collaborateurs \u00e0 Londres? D\u00e9couvrez notre offre Corporate compl\u00e8te (logement, \u00e9cole, d\u00e9m\u00e9nagement, conjoint&#8230;) pour la relocation de vos collaborateurs\t\t\t\t<\/div>\n\t\t\t\t\t\t\n\t\t\t\t\t\t\t\n\t\t\t\t<div class=\"box-button\">\n\t\t\t\t\t<a href=\"http:\/\/welcomehome-london.com\/fr\/services\/corporate-relocation\/\" target=\"_self\">\n\t\t\t\t\t\tEn savoir plus\t\t\t\t\t<\/a>\n\t\t\t\t<\/div>\n\n\t\t\t\t\t<\/div>\n\t<\/div>\n<\/div>\n<!-- End .imagebox -->\n[vc_empty_space height=\u00a0\u00bb30px\u00a0\u00bb][\/vc_column][vc_column width=\u00a0\u00bb1\/3&Prime;]\n<!-- BEGIN .imagebox -->\n<div class=\"imagebox  \">\n\t<div class=\"box-wrapper\">\n\t\t\t\t\t\n\t\t\t<div class=\"box-image\">\n\t\t\t\t<div class=\"box-header\">\n\t\t\t\t\t<h3 class=\"box-title\">\n\t\t\t\t\t\t<a href=\"http:\/\/welcomehome-london.com\/fr\/services\/commercial-premises-search\/\" target=\"_self\">\n\t\t\t\t\t\t\tRECHERCHE DE LOCAUX COMMERCIAUX A LONDRES\t\t\t\t\t\t<\/a>\t\n\t\t\t\t\t<\/h3>\n\n\t\t\t\t\t\t\t\t\t<\/div>\n\n\t\t\t\t<img decoding=\"async\" class=\"\" src=\"https:\/\/welcomehome-london.com\/wp-content\/uploads\/2016\/03\/NOS-PRESTATIONS-RUBRIQUE-RECHERCHE-DE-LOCAUX-COMMERCIAUX-A-LONDRES-5-700x495.jpg\" width=\"700\" height=\"495\" alt=\"Commercial premises London\" title=\"NOS PRESTATIONS RUBRIQUE RECHERCHE DE LOCAUX COMMERCIAUX A LONDRES 5\" loading=\"lazy\" \/>\t\t\t<\/div>\n\n\t\t\n\t\t<div class=\"box-content\">\n\t\t\t\t\t\t\t<div class=\"box-desc\">\n\t\t\t\t\tVous d\u00e9marrez votre business londonien ou accompagnez sa croissance? Nous recherchons et n\u00e9gocions pour vous des locaux commerciaux adapt\u00e9s \u00e0 votre activit\u00e9. \t\t\t\t<\/div>\n\t\t\t\t\t\t\n\t\t\t\t\t\t\t\n\t\t\t\t<div class=\"box-button\">\n\t\t\t\t\t<a href=\"http:\/\/welcomehome-london.com\/fr\/services\/commercial-premises-search\/\" target=\"_self\">\n\t\t\t\t\t\tEn savoir plus\t\t\t\t\t<\/a>\n\t\t\t\t<\/div>\n\n\t\t\t\t\t<\/div>\n\t<\/div>\n<\/div>\n<!-- End .imagebox -->\n[vc_empty_space height=\u00a0\u00bb30px\u00a0\u00bb][\/vc_column][\/vc_row][vc_row][vc_column][vc_column_text]<\/p>\n<h5>Notre <a href=\"http:\/\/welcomehome-london.com\/fr\/our-difference\/\">offre unique<\/a> de pr\u00e9-visites vid\u00e9os et notre application d\u00e9di\u00e9e font de nous la meilleure agence de relocation fran\u00e7aise \u00e0 Londres en terme de qualit\u00e9 de service et de <a href=\"http:\/\/welcomehome-london.com\/fr\/temoignages-clients\/\">recommandation clients<\/a>.<\/h5>\n<p>[\/vc_column_text][\/vc_column][\/vc_row]<\/p>\n<\/div>","protected":false},"excerpt":{"rendered":"<p>[vc_row][vc_column][vc_column_text css=\u00a0\u00bb.vc_custom_1591299227571{margin-top: 0px !important;}\u00a0\u00bb] Relocation et achat immobilier : nos services \u00e0 Londres Particuliers, nous vous proposons une gamme compl\u00e8te de services de Relocation et Achat Immobilier \u00e0 Londres. Grandes Entreprises, d\u00e9couvrez notre offre Corporate pour expatrier vos collaborateurs et leur conjoint. Entrepreneurs et commer\u00e7ants, appuyez-vous sur notre expertise pour votre recherche de boutique ou [&hellip;]<\/p>\n","protected":false},"author":4,"featured_media":0,"parent":0,"menu_order":0,"comment_status":"closed","ping_status":"closed","template":"","meta":{"_acf_changed":false,"footnotes":""},"class_list":["post-1714","page","type-page","status-publish","hentry","no-post-thumbnail"],"acf":[],"yoast_head":"<!-- This site is optimized with the Yoast SEO plugin v26.6 - https:\/\/yoast.com\/wordpress\/plugins\/seo\/ -->\n<title>Relocation et Achat Immobilier \u00e0 Londres - Welcome Home London<\/title>\n<meta name=\"description\" content=\"Nous proposons aux expatri\u00e9s particuliers ou entreprises des services de relocation et achat immobilier \u00e0 Londres sur mesure. #1 en recommandation client\" \/>\n<meta name=\"robots\" content=\"index, follow, max-snippet:-1, max-image-preview:large, max-video-preview:-1\" \/>\n<link rel=\"canonical\" href=\"https:\/\/welcomehome-london.com\/fr\/services\/\" \/>\n<meta property=\"og:locale\" content=\"fr_FR\" \/>\n<meta property=\"og:type\" content=\"article\" \/>\n<meta property=\"og:title\" content=\"Relocation et Achat Immobilier \u00e0 Londres - Welcome Home London\" \/>\n<meta property=\"og:description\" content=\"Nous proposons aux expatri\u00e9s particuliers ou entreprises des services de relocation et achat immobilier \u00e0 Londres sur mesure. #1 en recommandation client\" \/>\n<meta property=\"og:url\" content=\"https:\/\/welcomehome-london.com\/fr\/services\/\" \/>\n<meta property=\"og:site_name\" content=\"Welcome Home London\" \/>\n<meta property=\"article:modified_time\" content=\"2020-06-04T19:33:55+00:00\" \/>\n<meta name=\"twitter:card\" content=\"summary_large_image\" \/>\n<meta name=\"twitter:label1\" content=\"Dur\u00e9e de lecture estim\u00e9e\" \/>\n\t<meta name=\"twitter:data1\" content=\"2 minutes\" \/>\n<script type=\"application\/ld+json\" class=\"yoast-schema-graph\">{\"@context\":\"https:\/\/schema.org\",\"@graph\":[{\"@type\":\"WebPage\",\"@id\":\"https:\/\/welcomehome-london.com\/fr\/services\/\",\"url\":\"https:\/\/welcomehome-london.com\/fr\/services\/\",\"name\":\"Relocation et Achat Immobilier \u00e0 Londres - Welcome Home London\",\"isPartOf\":{\"@id\":\"https:\/\/welcomehome-london.com\/#website\"},\"datePublished\":\"2015-12-16T03:21:32+00:00\",\"dateModified\":\"2020-06-04T19:33:55+00:00\",\"description\":\"Nous proposons aux expatri\u00e9s particuliers ou entreprises des services de relocation et achat immobilier \u00e0 Londres sur mesure. #1 en recommandation client\",\"breadcrumb\":{\"@id\":\"https:\/\/welcomehome-london.com\/fr\/services\/#breadcrumb\"},\"inLanguage\":\"fr-FR\",\"potentialAction\":[{\"@type\":\"ReadAction\",\"target\":[\"https:\/\/welcomehome-london.com\/fr\/services\/\"]}]},{\"@type\":\"BreadcrumbList\",\"@id\":\"https:\/\/welcomehome-london.com\/fr\/services\/#breadcrumb\",\"itemListElement\":[{\"@type\":\"ListItem\",\"position\":1,\"name\":\"Home\",\"item\":\"https:\/\/welcomehome-london.com\/fr\/\"},{\"@type\":\"ListItem\",\"position\":2,\"name\":\"RELOCATION ET ACHAT IMMOBILIER\"}]},{\"@type\":\"WebSite\",\"@id\":\"https:\/\/welcomehome-london.com\/#website\",\"url\":\"https:\/\/welcomehome-london.com\/\",\"name\":\"Welcome Home London\",\"description\":\"Estate Agent\",\"publisher\":{\"@id\":\"https:\/\/welcomehome-london.com\/#organization\"},\"potentialAction\":[{\"@type\":\"SearchAction\",\"target\":{\"@type\":\"EntryPoint\",\"urlTemplate\":\"https:\/\/welcomehome-london.com\/?s={search_term_string}\"},\"query-input\":{\"@type\":\"PropertyValueSpecification\",\"valueRequired\":true,\"valueName\":\"search_term_string\"}}],\"inLanguage\":\"fr-FR\"},{\"@type\":\"Organization\",\"@id\":\"https:\/\/welcomehome-london.com\/#organization\",\"name\":\"Welcome Home London\",\"url\":\"https:\/\/welcomehome-london.com\/\",\"logo\":{\"@type\":\"ImageObject\",\"inLanguage\":\"fr-FR\",\"@id\":\"https:\/\/welcomehome-london.com\/#\/schema\/logo\/image\/\",\"url\":\"https:\/\/welcomehome-london.com\/wp-content\/uploads\/2020\/05\/logo3.png\",\"contentUrl\":\"https:\/\/welcomehome-london.com\/wp-content\/uploads\/2020\/05\/logo3.png\",\"width\":330,\"height\":94,\"caption\":\"Welcome Home London\"},\"image\":{\"@id\":\"https:\/\/welcomehome-london.com\/#\/schema\/logo\/image\/\"}}]}<\/script>\n<!-- \/ Yoast SEO plugin. -->","yoast_head_json":{"title":"Relocation et Achat Immobilier \u00e0 Londres - Welcome Home London","description":"Nous proposons aux expatri\u00e9s particuliers ou entreprises des services de relocation et achat immobilier \u00e0 Londres sur mesure. #1 en recommandation client","robots":{"index":"index","follow":"follow","max-snippet":"max-snippet:-1","max-image-preview":"max-image-preview:large","max-video-preview":"max-video-preview:-1"},"canonical":"https:\/\/welcomehome-london.com\/fr\/services\/","og_locale":"fr_FR","og_type":"article","og_title":"Relocation et Achat Immobilier \u00e0 Londres - Welcome Home London","og_description":"Nous proposons aux expatri\u00e9s particuliers ou entreprises des services de relocation et achat immobilier \u00e0 Londres sur mesure. #1 en recommandation client","og_url":"https:\/\/welcomehome-london.com\/fr\/services\/","og_site_name":"Welcome Home London","article_modified_time":"2020-06-04T19:33:55+00:00","twitter_card":"summary_large_image","twitter_misc":{"Dur\u00e9e de lecture estim\u00e9e":"2 minutes"},"schema":{"@context":"https:\/\/schema.org","@graph":[{"@type":"WebPage","@id":"https:\/\/welcomehome-london.com\/fr\/services\/","url":"https:\/\/welcomehome-london.com\/fr\/services\/","name":"Relocation et Achat Immobilier \u00e0 Londres - Welcome Home London","isPartOf":{"@id":"https:\/\/welcomehome-london.com\/#website"},"datePublished":"2015-12-16T03:21:32+00:00","dateModified":"2020-06-04T19:33:55+00:00","description":"Nous proposons aux expatri\u00e9s particuliers ou entreprises des services de relocation et achat immobilier \u00e0 Londres sur mesure. #1 en recommandation client","breadcrumb":{"@id":"https:\/\/welcomehome-london.com\/fr\/services\/#breadcrumb"},"inLanguage":"fr-FR","potentialAction":[{"@type":"ReadAction","target":["https:\/\/welcomehome-london.com\/fr\/services\/"]}]},{"@type":"BreadcrumbList","@id":"https:\/\/welcomehome-london.com\/fr\/services\/#breadcrumb","itemListElement":[{"@type":"ListItem","position":1,"name":"Home","item":"https:\/\/welcomehome-london.com\/fr\/"},{"@type":"ListItem","position":2,"name":"RELOCATION ET ACHAT IMMOBILIER"}]},{"@type":"WebSite","@id":"https:\/\/welcomehome-london.com\/#website","url":"https:\/\/welcomehome-london.com\/","name":"Welcome Home London","description":"Estate Agent","publisher":{"@id":"https:\/\/welcomehome-london.com\/#organization"},"potentialAction":[{"@type":"SearchAction","target":{"@type":"EntryPoint","urlTemplate":"https:\/\/welcomehome-london.com\/?s={search_term_string}"},"query-input":{"@type":"PropertyValueSpecification","valueRequired":true,"valueName":"search_term_string"}}],"inLanguage":"fr-FR"},{"@type":"Organization","@id":"https:\/\/welcomehome-london.com\/#organization","name":"Welcome Home London","url":"https:\/\/welcomehome-london.com\/","logo":{"@type":"ImageObject","inLanguage":"fr-FR","@id":"https:\/\/welcomehome-london.com\/#\/schema\/logo\/image\/","url":"https:\/\/welcomehome-london.com\/wp-content\/uploads\/2020\/05\/logo3.png","contentUrl":"https:\/\/welcomehome-london.com\/wp-content\/uploads\/2020\/05\/logo3.png","width":330,"height":94,"caption":"Welcome Home London"},"image":{"@id":"https:\/\/welcomehome-london.com\/#\/schema\/logo\/image\/"}}]}},"_links":{"self":[{"href":"https:\/\/welcomehome-london.com\/fr\/wp-json\/wp\/v2\/pages\/1714","targetHints":{"allow":["GET"]}}],"collection":[{"href":"https:\/\/welcomehome-london.com\/fr\/wp-json\/wp\/v2\/pages"}],"about":[{"href":"https:\/\/welcomehome-london.com\/fr\/wp-json\/wp\/v2\/types\/page"}],"author":[{"embeddable":true,"href":"https:\/\/welcomehome-london.com\/fr\/wp-json\/wp\/v2\/users\/4"}],"replies":[{"embeddable":true,"href":"https:\/\/welcomehome-london.com\/fr\/wp-json\/wp\/v2\/comments?post=1714"}],"version-history":[{"count":44,"href":"https:\/\/welcomehome-london.com\/fr\/wp-json\/wp\/v2\/pages\/1714\/revisions"}],"predecessor-version":[{"id":6576,"href":"https:\/\/welcomehome-london.com\/fr\/wp-json\/wp\/v2\/pages\/1714\/revisions\/6576"}],"wp:attachment":[{"href":"https:\/\/welcomehome-london.com\/fr\/wp-json\/wp\/v2\/media?parent=1714"}],"curies":[{"name":"wp","href":"https:\/\/api.w.org\/{rel}","templated":true}]}}